{"id":9706,"date":"2023-11-06T16:17:27","date_gmt":"2023-11-06T19:17:27","guid":{"rendered":"https:\/\/isfd21-bue.infd.edu.ar\/sitio\/?page_id=9706"},"modified":"2026-04-27T17:12:24","modified_gmt":"2026-04-27T20:12:24","slug":"inscripciones-ingresantes","status":"publish","type":"page","link":"https:\/\/isfd21-bue.infd.edu.ar\/sitio\/inscripciones-ingresantes\/","title":{"rendered":"INFORMACI\u00d3N SOBRE INSCRIPCIONES PARA INGRESANTES 2026"},"content":{"rendered":"\n<div class=\"wp-block-buttons is-layout-flex\">\n<div class=\"wp-block-button has-custom-width wp-block-button__width-25 has-custom-font-size has-large-font-size\"><a class=\"wp-block-button__link wp-element-button\" href=\"https:\/\/isfd21-bue.infd.edu.ar\/sitio\/ingles-4\/\" style=\"border-radius:12px\"><strong>INGL\u00c9S<\/strong> &#8211; <strong>CUFBA<\/strong><\/a><\/div>\n<\/div>\n\n\n\n<p><\/p>\n\n\n\n<p class=\"has-large-font-size\"><strong>INSCRIPCIONES CERRADAS PARA EL CICLO LECTIVO 2026<\/strong><\/p>\n\n\n\n<hr class=\"wp-block-separator has-alpha-channel-opacity\"\/>\n\n\n\n<hr class=\"wp-block-separator has-alpha-channel-opacity\"\/>\n\n\n\n<hr class=\"wp-block-separator has-alpha-channel-opacity\"\/>\n\n\n\n<p class=\"has-large-font-size\"><strong>COMPARTIMOS LINK DEL VIDEO TUTORIAL PARA REALIZAR LA PREINSCRIPCI\u00d3N A TRAVES DEL SIU GUARAN\u00cd:<\/strong><\/p>\n\n\n\n<figure class=\"wp-block-embed is-type-video is-provider-youtube wp-block-embed-youtube wp-embed-aspect-16-9 wp-has-aspect-ratio\"><div class=\"wp-block-embed__wrapper\">\n<iframe loading=\"lazy\" title=\"Tutorial de preinscripciones al Nivel Superior de la educaci\u00f3n bonaerense\" width=\"1200\" height=\"675\" src=\"https:\/\/www.youtube.com\/embed\/1sd8rDHb0nk?feature=oembed\" frameborder=\"0\" allow=\"accelerometer; autoplay; clipboard-write; encrypted-media; gyroscope; picture-in-picture; web-share\" referrerpolicy=\"strict-origin-when-cross-origin\" allowfullscreen><\/iframe>\n<\/div><\/figure>\n\n\n\n<p class=\"has-medium-font-size\"><strong>PREINSCRIPCI\u00d3N OBLIGATORIA A TRAV\u00c9S DEL SIU GUARAN\u00cd, SI EST\u00c1S TERMINANDO TUS ESTUDIOS SECUNDARIOS, TAMBI\u00c9N PODR\u00c1S HACER LA PREINSCRIPCI\u00d3N<\/strong>.<\/p>\n\n\n\n<p class=\"has-large-font-size\"><strong>LINK DE ACCESO A LA PREINSCRIPCI\u00d3N: <a rel=\"noreferrer noopener\" href=\"https:\/\/preinscripciones.guarani.abc.gob.ar\/\" target=\"_blank\">SIU-Preinscripci\u00f3n :: <\/a><\/strong><\/p>\n\n\n\n<p>11\/03<\/p>\n\n\n\n<figure class=\"wp-block-image size-full is-resized\"><img decoding=\"async\" loading=\"lazy\" src=\"https:\/\/isfd21-bue.infd.edu.ar\/sitio\/wp-content\/uploads\/2026\/03\/CAMBIOS-DE-PLAN-3.jpg\" alt=\"\" class=\"wp-image-14179\" width=\"675\" height=\"566\" srcset=\"https:\/\/isfd21-bue.infd.edu.ar\/sitio\/wp-content\/uploads\/2026\/03\/CAMBIOS-DE-PLAN-3.jpg 940w, https:\/\/isfd21-bue.infd.edu.ar\/sitio\/wp-content\/uploads\/2026\/03\/CAMBIOS-DE-PLAN-3-768x644.jpg 768w\" sizes=\"(max-width: 675px) 100vw, 675px\" \/><\/figure>\n\n\n\n<p>6\/3<\/p>\n\n\n\n<h1 class=\"wp-block-heading has-medium-font-size\"><strong>INSCRIPCI\u00d3N PARA INGL\u00c9S, SOLO PARA EL TURNO VESPERTINO<\/strong><\/h1>\n\n\n\n<h1 class=\"wp-block-heading has-medium-font-size\"><strong>M\u00c1S INFORMACI\u00d3N EN:<\/strong><br><a href=\"https:\/\/isfd21-bue.infd.edu.ar\/sitio\/inscripciones-ingresantes\/\"><strong>https:\/\/isfd21-bue.infd.edu.ar\/sitio\/inscripciones-ingresantes\/<\/strong><\/a><\/h1>\n\n\n\n<figure class=\"wp-block-image size-large is-resized\"><img decoding=\"async\" loading=\"lazy\" src=\"https:\/\/isfd21-bue.infd.edu.ar\/sitio\/wp-content\/uploads\/2026\/03\/2409-CHARLA-REALIZADA-POR-EL-PROFESOR-SANTIAGO-COLOMBO-SOBRE-NUESTRA-ESPECIE-Y-SU-ALIMENTACION-EN-EL-CONTEXTO-DE-LA-BIODIVERSIDAD-UNA-MIRADA-DESDE-LA-EAI-13-1900x1900.jpg\" alt=\"\" class=\"wp-image-14176\" width=\"682\" height=\"682\" srcset=\"https:\/\/isfd21-bue.infd.edu.ar\/sitio\/wp-content\/uploads\/2026\/03\/2409-CHARLA-REALIZADA-POR-EL-PROFESOR-SANTIAGO-COLOMBO-SOBRE-NUESTRA-ESPECIE-Y-SU-ALIMENTACION-EN-EL-CONTEXTO-DE-LA-BIODIVERSIDAD-UNA-MIRADA-DESDE-LA-EAI-13-1900x1900.jpg 1900w, https:\/\/isfd21-bue.infd.edu.ar\/sitio\/wp-content\/uploads\/2026\/03\/2409-CHARLA-REALIZADA-POR-EL-PROFESOR-SANTIAGO-COLOMBO-SOBRE-NUESTRA-ESPECIE-Y-SU-ALIMENTACION-EN-EL-CONTEXTO-DE-LA-BIODIVERSIDAD-UNA-MIRADA-DESDE-LA-EAI-13-1000x1000.jpg 1000w, https:\/\/isfd21-bue.infd.edu.ar\/sitio\/wp-content\/uploads\/2026\/03\/2409-CHARLA-REALIZADA-POR-EL-PROFESOR-SANTIAGO-COLOMBO-SOBRE-NUESTRA-ESPECIE-Y-SU-ALIMENTACION-EN-EL-CONTEXTO-DE-LA-BIODIVERSIDAD-UNA-MIRADA-DESDE-LA-EAI-13-500x500.jpg 500w, https:\/\/isfd21-bue.infd.edu.ar\/sitio\/wp-content\/uploads\/2026\/03\/2409-CHARLA-REALIZADA-POR-EL-PROFESOR-SANTIAGO-COLOMBO-SOBRE-NUESTRA-ESPECIE-Y-SU-ALIMENTACION-EN-EL-CONTEXTO-DE-LA-BIODIVERSIDAD-UNA-MIRADA-DESDE-LA-EAI-13-768x768.jpg 768w, https:\/\/isfd21-bue.infd.edu.ar\/sitio\/wp-content\/uploads\/2026\/03\/2409-CHARLA-REALIZADA-POR-EL-PROFESOR-SANTIAGO-COLOMBO-SOBRE-NUESTRA-ESPECIE-Y-SU-ALIMENTACION-EN-EL-CONTEXTO-DE-LA-BIODIVERSIDAD-UNA-MIRADA-DESDE-LA-EAI-13-1536x1536.jpg 1536w, https:\/\/isfd21-bue.infd.edu.ar\/sitio\/wp-content\/uploads\/2026\/03\/2409-CHARLA-REALIZADA-POR-EL-PROFESOR-SANTIAGO-COLOMBO-SOBRE-NUESTRA-ESPECIE-Y-SU-ALIMENTACION-EN-EL-CONTEXTO-DE-LA-BIODIVERSIDAD-UNA-MIRADA-DESDE-LA-EAI-13.jpg 2000w\" sizes=\"(max-width: 682px) 100vw, 682px\" \/><\/figure>\n\n\n\n<hr class=\"wp-block-separator has-alpha-channel-opacity\"\/>\n\n\n\n<p>4\/3<\/p>\n\n\n\n<div class=\"wp-block-group is-vertical is-layout-flex wp-container-2\">\n<p class=\"has-large-font-size\"><strong> TALLERES PARA INGRESANTES<\/strong> <\/p>\n\n\n\n<figure class=\"wp-block-image size-full\"><img decoding=\"async\" loading=\"lazy\" width=\"645\" height=\"849\" src=\"https:\/\/isfd21-bue.infd.edu.ar\/sitio\/wp-content\/uploads\/2026\/03\/image.png\" alt=\"\" class=\"wp-image-14110\"\/><\/figure>\n<\/div>\n\n\n\n<hr class=\"wp-block-separator has-alpha-channel-opacity\"\/>\n\n\n\n<p>13\/02\/26<\/p>\n\n\n\n<figure class=\"wp-block-image size-large\"><img decoding=\"async\" loading=\"lazy\" width=\"1343\" height=\"1900\" src=\"https:\/\/isfd21-bue.infd.edu.ar\/sitio\/wp-content\/uploads\/2026\/02\/inscripcion-1343x1900.jpg\" alt=\"\" class=\"wp-image-14051\" srcset=\"https:\/\/isfd21-bue.infd.edu.ar\/sitio\/wp-content\/uploads\/2026\/02\/inscripcion-1343x1900.jpg 1343w, https:\/\/isfd21-bue.infd.edu.ar\/sitio\/wp-content\/uploads\/2026\/02\/inscripcion-707x1000.jpg 707w, https:\/\/isfd21-bue.infd.edu.ar\/sitio\/wp-content\/uploads\/2026\/02\/inscripcion-768x1086.jpg 768w, https:\/\/isfd21-bue.infd.edu.ar\/sitio\/wp-content\/uploads\/2026\/02\/inscripcion-1086x1536.jpg 1086w, https:\/\/isfd21-bue.infd.edu.ar\/sitio\/wp-content\/uploads\/2026\/02\/inscripcion-1448x2048.jpg 1448w, https:\/\/isfd21-bue.infd.edu.ar\/sitio\/wp-content\/uploads\/2026\/02\/inscripcion.jpg 1587w\" sizes=\"(max-width: 1343px) 100vw, 1343px\" \/><\/figure>\n\n\n\n<h3 class=\"wp-block-heading\"><strong><span class=\"a_GcMg font-feature-liga-off font-feature-clig-off font-feature-calt-off text-decoration-none text-strikethrough-none\">Estimados ingresantes<\/span><\/strong><\/h3>\n\n\n\n<h5 class=\"wp-block-heading\"><span class=\"a_GcMg font-feature-liga-off font-feature-clig-off font-feature-calt-off text-decoration-none text-strikethrough-none\">Ante diversas consultas, nos parece importante hacer algunas aclaraciones:<\/span><\/h5>\n\n\n\n<h5 class=\"wp-block-heading\"><span class=\"a_GcMg font-feature-liga-off font-feature-clig-off font-feature-calt-off text-decoration-none text-strikethrough-none\">Los ingresantes finalizan su inscripci\u00f3n cuando terminan todos los pasos del mismo (inscripci\u00f3n al sistema SIU GUARANI, env\u00edo de documentaci\u00f3n por correo electr\u00f3nico y entrega de manera presencial de planilla en la instituci\u00f3n)<\/span><\/h5>\n\n\n\n<h5 class=\"wp-block-heading\"><span class=\"a_GcMg font-feature-liga-off font-feature-clig-off font-feature-calt-off text-decoration-none text-strikethrough-none\">Si un ingresante solo hizo el primero o los dos primeros pasos, es decir no terminaron su inscripci\u00f3n, otra persona que ingrese posteriormente y que complete los tres pasos ingresar\u00e1. Por eso es necesario que terminen la inscripci\u00f3n, porque cuando se completan los cupos de cada carrera, cierran las inscripciones y aunque realizaron el primero o los dos primeros pasos, perdieron la vacante.<\/span><\/h5>\n\n\n\n<h5 class=\"wp-block-heading\"><span class=\"a_GcMg font-feature-liga-off font-feature-clig-off font-feature-calt-off text-decoration-none text-strikethrough-none\">El personal administrativo estar\u00e1 recibiendo la documentaci\u00f3n de quienes la adeudan hasta el<\/span><span class=\"a_GcMg font-feature-liga-off font-feature-clig-off font-feature-calt-off text-decoration-none text-strikethrough-none\"> 20\/2.<\/span><\/h5>\n\n\n\n<h5 class=\"wp-block-heading\"><span class=\"a_GcMg font-feature-liga-off font-feature-clig-off font-feature-calt-off text-decoration-none text-strikethrough-none\">Si te inscribiste este a\u00f1o en el sistema SIU GUARAN\u00cd y enviaste la documentaci\u00f3n por correo electr\u00f3nico, publicaremos un cronograma por carrera para que vengas en la semana del <\/span><span class=\"a_GcMg font-feature-liga-off font-feature-clig-off font-feature-calt-off text-decoration-none text-strikethrough-none\">23\/2 al 27\/2<\/span><span class=\"a_GcMg font-feature-liga-off font-feature-clig-off font-feature-calt-off text-decoration-none text-strikethrough-none\"> a traer la planilla de manera presencial.<\/span><\/h5>\n\n\n\n<h5 class=\"wp-block-heading\"><span class=\"a_GcMg font-feature-liga-off font-feature-clig-off font-feature-calt-off text-decoration-none text-strikethrough-none\">Los esperamos para que concluyan sus inscripciones de manera presencial siempre que existan vacantes disponibles luego del procesamiento de las inscripciones de diciembre 2025.<\/span><\/h5>\n\n\n<div class=\"wp-block-image\">\n<figure class=\"aligncenter size-large is-resized\"><img decoding=\"async\" loading=\"lazy\" src=\"https:\/\/isfd21-bue.infd.edu.ar\/sitio\/wp-content\/uploads\/2026\/02\/2409-CHARLA-REALIZADA-POR-EL-PROFESOR-SANTIAGO-COLOMBO-SOBRE-NUESTRA-ESPECIE-Y-SU-ALIMENTACION-EN-EL-CONTEXTO-DE-LA-BIODIVERSIDAD-UNA-MIRADA-DESDE-LA-EAI-12-1900x1900.jpg\" alt=\"\" class=\"wp-image-14036\" width=\"523\" height=\"523\" srcset=\"https:\/\/isfd21-bue.infd.edu.ar\/sitio\/wp-content\/uploads\/2026\/02\/2409-CHARLA-REALIZADA-POR-EL-PROFESOR-SANTIAGO-COLOMBO-SOBRE-NUESTRA-ESPECIE-Y-SU-ALIMENTACION-EN-EL-CONTEXTO-DE-LA-BIODIVERSIDAD-UNA-MIRADA-DESDE-LA-EAI-12-1900x1900.jpg 1900w, https:\/\/isfd21-bue.infd.edu.ar\/sitio\/wp-content\/uploads\/2026\/02\/2409-CHARLA-REALIZADA-POR-EL-PROFESOR-SANTIAGO-COLOMBO-SOBRE-NUESTRA-ESPECIE-Y-SU-ALIMENTACION-EN-EL-CONTEXTO-DE-LA-BIODIVERSIDAD-UNA-MIRADA-DESDE-LA-EAI-12-1000x1000.jpg 1000w, https:\/\/isfd21-bue.infd.edu.ar\/sitio\/wp-content\/uploads\/2026\/02\/2409-CHARLA-REALIZADA-POR-EL-PROFESOR-SANTIAGO-COLOMBO-SOBRE-NUESTRA-ESPECIE-Y-SU-ALIMENTACION-EN-EL-CONTEXTO-DE-LA-BIODIVERSIDAD-UNA-MIRADA-DESDE-LA-EAI-12-500x500.jpg 500w, https:\/\/isfd21-bue.infd.edu.ar\/sitio\/wp-content\/uploads\/2026\/02\/2409-CHARLA-REALIZADA-POR-EL-PROFESOR-SANTIAGO-COLOMBO-SOBRE-NUESTRA-ESPECIE-Y-SU-ALIMENTACION-EN-EL-CONTEXTO-DE-LA-BIODIVERSIDAD-UNA-MIRADA-DESDE-LA-EAI-12-768x768.jpg 768w, https:\/\/isfd21-bue.infd.edu.ar\/sitio\/wp-content\/uploads\/2026\/02\/2409-CHARLA-REALIZADA-POR-EL-PROFESOR-SANTIAGO-COLOMBO-SOBRE-NUESTRA-ESPECIE-Y-SU-ALIMENTACION-EN-EL-CONTEXTO-DE-LA-BIODIVERSIDAD-UNA-MIRADA-DESDE-LA-EAI-12-1536x1536.jpg 1536w, https:\/\/isfd21-bue.infd.edu.ar\/sitio\/wp-content\/uploads\/2026\/02\/2409-CHARLA-REALIZADA-POR-EL-PROFESOR-SANTIAGO-COLOMBO-SOBRE-NUESTRA-ESPECIE-Y-SU-ALIMENTACION-EN-EL-CONTEXTO-DE-LA-BIODIVERSIDAD-UNA-MIRADA-DESDE-LA-EAI-12.jpg 2000w\" sizes=\"(max-width: 523px) 100vw, 523px\" \/><\/figure><\/div>\n\n<div class=\"wp-block-image\">\n<figure class=\"aligncenter size-large is-resized\"><img decoding=\"async\" loading=\"lazy\" src=\"https:\/\/isfd21-bue.infd.edu.ar\/sitio\/wp-content\/uploads\/2026\/02\/Colorful-Illustrated-English-Spring-Days-of-the-Week-Classroom-Poster-5-1343x1900.jpg\" alt=\"\" class=\"wp-image-13991\" width=\"580\" height=\"820\" srcset=\"https:\/\/isfd21-bue.infd.edu.ar\/sitio\/wp-content\/uploads\/2026\/02\/Colorful-Illustrated-English-Spring-Days-of-the-Week-Classroom-Poster-5-1343x1900.jpg 1343w, https:\/\/isfd21-bue.infd.edu.ar\/sitio\/wp-content\/uploads\/2026\/02\/Colorful-Illustrated-English-Spring-Days-of-the-Week-Classroom-Poster-5-707x1000.jpg 707w, https:\/\/isfd21-bue.infd.edu.ar\/sitio\/wp-content\/uploads\/2026\/02\/Colorful-Illustrated-English-Spring-Days-of-the-Week-Classroom-Poster-5-768x1086.jpg 768w, https:\/\/isfd21-bue.infd.edu.ar\/sitio\/wp-content\/uploads\/2026\/02\/Colorful-Illustrated-English-Spring-Days-of-the-Week-Classroom-Poster-5-1086x1536.jpg 1086w, https:\/\/isfd21-bue.infd.edu.ar\/sitio\/wp-content\/uploads\/2026\/02\/Colorful-Illustrated-English-Spring-Days-of-the-Week-Classroom-Poster-5-1448x2048.jpg 1448w, https:\/\/isfd21-bue.infd.edu.ar\/sitio\/wp-content\/uploads\/2026\/02\/Colorful-Illustrated-English-Spring-Days-of-the-Week-Classroom-Poster-5.jpg 1587w\" sizes=\"(max-width: 580px) 100vw, 580px\" \/><\/figure><\/div>\n\n\n<div class=\"wp-block-group is-vertical is-layout-flex wp-container-3\"><\/div>\n\n\n\n<hr class=\"wp-block-separator has-alpha-channel-opacity\"\/>\n\n\n\n<hr class=\"wp-block-separator has-alpha-channel-opacity\"\/>\n\n\n\n<hr class=\"wp-block-separator has-alpha-channel-opacity\"\/>\n\n\n\n<p>22\/12\/25<\/p>\n\n\n\n<div class=\"wp-block-group is-vertical is-layout-flex wp-container-5\">\n<div class=\"wp-block-group is-vertical is-layout-flex wp-container-4\">\n<p class=\"has-large-font-size\"><strong>Estimados\/as ingresantes,<\/strong><\/p>\n\n\n\n<p class=\"has-large-font-size\"><strong>Si realizaron la preinscripci\u00f3n por el sistema SIU GUARANI y no trajeron la documentaci\u00f3n original de manera presencial, pueden hacerlo seg\u00fan el turno de preferencia, el 11, 12 y 13 de febrero.<\/strong><\/p>\n\n\n\n<p class=\"has-large-font-size\"><strong>Los\/as esperamos.<\/strong><\/p>\n<\/div>\n\n\n\n<p class=\"has-large-font-size\"><strong>Nota: en febrero publicaremos la fecha de apertura de preinscripciones de algunos profesorados nuevamente.<\/strong><\/p>\n<\/div>\n\n\n\n<p>06\/11\/25<\/p>\n\n\n\n<figure class=\"wp-block-image size-full is-resized\"><img decoding=\"async\" loading=\"lazy\" src=\"https:\/\/isfd21-bue.infd.edu.ar\/sitio\/wp-content\/uploads\/2025\/12\/atencion.jpg\" alt=\"\" class=\"wp-image-13943\" width=\"540\" height=\"675\" srcset=\"https:\/\/isfd21-bue.infd.edu.ar\/sitio\/wp-content\/uploads\/2025\/12\/atencion.jpg 1080w, https:\/\/isfd21-bue.infd.edu.ar\/sitio\/wp-content\/uploads\/2025\/12\/atencion-800x1000.jpg 800w, https:\/\/isfd21-bue.infd.edu.ar\/sitio\/wp-content\/uploads\/2025\/12\/atencion-768x960.jpg 768w\" sizes=\"(max-width: 540px) 100vw, 540px\" \/><\/figure>\n\n\n\n<p><\/p>\n\n\n\n<hr class=\"wp-block-separator has-alpha-channel-opacity\"\/>\n\n\n\n<h1 class=\"wp-block-heading\"><\/h1>\n\n\n<div class=\"wp-block-image\">\n<figure class=\"aligncenter size-full\"><img decoding=\"async\" loading=\"lazy\" width=\"627\" height=\"832\" src=\"https:\/\/isfd21-bue.infd.edu.ar\/sitio\/wp-content\/uploads\/2025\/12\/596813299_2037463670386934_8341097652112316814_n.jpg\" alt=\"\" class=\"wp-image-13932\"\/><\/figure><\/div>\n\n<div class=\"wp-block-image\">\n<figure class=\"aligncenter size-full is-resized\"><img decoding=\"async\" loading=\"lazy\" src=\"https:\/\/isfd21-bue.infd.edu.ar\/sitio\/wp-content\/uploads\/2025\/12\/Imagen-de-WhatsApp-2025-12-09-a-las-09.47.57_fc4b61a3-1.jpg\" alt=\"\" class=\"wp-image-13930\" width=\"549\" height=\"777\" srcset=\"https:\/\/isfd21-bue.infd.edu.ar\/sitio\/wp-content\/uploads\/2025\/12\/Imagen-de-WhatsApp-2025-12-09-a-las-09.47.57_fc4b61a3-1.jpg 1131w, https:\/\/isfd21-bue.infd.edu.ar\/sitio\/wp-content\/uploads\/2025\/12\/Imagen-de-WhatsApp-2025-12-09-a-las-09.47.57_fc4b61a3-1-707x1000.jpg 707w, https:\/\/isfd21-bue.infd.edu.ar\/sitio\/wp-content\/uploads\/2025\/12\/Imagen-de-WhatsApp-2025-12-09-a-las-09.47.57_fc4b61a3-1-768x1086.jpg 768w, https:\/\/isfd21-bue.infd.edu.ar\/sitio\/wp-content\/uploads\/2025\/12\/Imagen-de-WhatsApp-2025-12-09-a-las-09.47.57_fc4b61a3-1-1086x1536.jpg 1086w\" sizes=\"(max-width: 549px) 100vw, 549px\" \/><\/figure><\/div>\n\n\n<p class=\"has-large-font-size\"><strong><a href=\"https:\/\/preinscripciones.guarani.abc.gob.ar\/\">Acceso al sistema<\/a><\/strong><\/p>\n\n\n<div class=\"wp-block-image\">\n<figure class=\"aligncenter size-full\"><img decoding=\"async\" loading=\"lazy\" width=\"911\" height=\"417\" src=\"https:\/\/isfd21-bue.infd.edu.ar\/sitio\/wp-content\/uploads\/2025\/11\/image.png\" alt=\"\" class=\"wp-image-13780\" srcset=\"https:\/\/isfd21-bue.infd.edu.ar\/sitio\/wp-content\/uploads\/2025\/11\/image.png 911w, https:\/\/isfd21-bue.infd.edu.ar\/sitio\/wp-content\/uploads\/2025\/11\/image-768x352.png 768w\" sizes=\"(max-width: 911px) 100vw, 911px\" \/><\/figure><\/div>\n\n\n<figure class=\"wp-block-image size-large\"><img decoding=\"async\" loading=\"lazy\" width=\"1900\" height=\"1069\" src=\"https:\/\/isfd21-bue.infd.edu.ar\/sitio\/wp-content\/uploads\/2025\/12\/Pastel-Gris-y-Rosa-Morado-Redondo-y-Amable-Reglas-del-Aula-Presentacion-de-Educacion-1900x1069.jpg\" alt=\"\" class=\"wp-image-13908\" srcset=\"https:\/\/isfd21-bue.infd.edu.ar\/sitio\/wp-content\/uploads\/2025\/12\/Pastel-Gris-y-Rosa-Morado-Redondo-y-Amable-Reglas-del-Aula-Presentacion-de-Educacion-1900x1069.jpg 1900w, https:\/\/isfd21-bue.infd.edu.ar\/sitio\/wp-content\/uploads\/2025\/12\/Pastel-Gris-y-Rosa-Morado-Redondo-y-Amable-Reglas-del-Aula-Presentacion-de-Educacion-1000x563.jpg 1000w, https:\/\/isfd21-bue.infd.edu.ar\/sitio\/wp-content\/uploads\/2025\/12\/Pastel-Gris-y-Rosa-Morado-Redondo-y-Amable-Reglas-del-Aula-Presentacion-de-Educacion-768x432.jpg 768w, https:\/\/isfd21-bue.infd.edu.ar\/sitio\/wp-content\/uploads\/2025\/12\/Pastel-Gris-y-Rosa-Morado-Redondo-y-Amable-Reglas-del-Aula-Presentacion-de-Educacion-1536x864.jpg 1536w, https:\/\/isfd21-bue.infd.edu.ar\/sitio\/wp-content\/uploads\/2025\/12\/Pastel-Gris-y-Rosa-Morado-Redondo-y-Amable-Reglas-del-Aula-Presentacion-de-Educacion.jpg 1920w\" sizes=\"(max-width: 1900px) 100vw, 1900px\" \/><\/figure>\n\n\n\n<hr class=\"wp-block-separator has-alpha-channel-opacity\"\/>\n\n\n\n<hr class=\"wp-block-separator has-alpha-channel-opacity\"\/>\n\n\n\n<div class=\"wp-block-group is-vertical is-layout-flex wp-container-6\">\n<h5 class=\"wp-block-heading\"><em><strong>El Instituto Ricardo Rojas invita a los futuros ingresantes a participar de las charlas informativas que se desarrollar\u00e1n de manera presencial en nuestra instituci\u00f3n.<\/strong><\/em><\/h5>\n\n\n\n<h5 class=\"wp-block-heading\"><em><strong>Estos encuentros tienen como objetivo brindar informaci\u00f3n relevante sobre la oferta acad\u00e9mica y responder consultas para facilitar el proceso de ingreso.<\/strong><\/em><\/h5>\n\n\n\n<h5 class=\"wp-block-heading\"><em><strong>Los esperamos para compartir un espacio de orientaci\u00f3n y acompa\u00f1amiento de cara al inicio del ciclo lectivo 2026.<\/strong><\/em><\/h5>\n<\/div>\n\n\n\n<figure class=\"wp-block-gallery has-nested-images columns-1 is-cropped wp-block-gallery-7 is-layout-flex\">\n<figure class=\"wp-block-image size-large\"><img decoding=\"async\" loading=\"lazy\" width=\"1900\" height=\"1069\" data-id=\"13941\"  src=\"https:\/\/isfd21-bue.infd.edu.ar\/sitio\/wp-content\/uploads\/2025\/12\/Pastel-Gris-y-Rosa-Morado-Redondo-y-Amable-Reglas-del-Aula-Presentacion-de-Educacion-4-1900x1069.jpg\" alt=\"\" class=\"wp-image-13941\" srcset=\"https:\/\/isfd21-bue.infd.edu.ar\/sitio\/wp-content\/uploads\/2025\/12\/Pastel-Gris-y-Rosa-Morado-Redondo-y-Amable-Reglas-del-Aula-Presentacion-de-Educacion-4-1900x1069.jpg 1900w, https:\/\/isfd21-bue.infd.edu.ar\/sitio\/wp-content\/uploads\/2025\/12\/Pastel-Gris-y-Rosa-Morado-Redondo-y-Amable-Reglas-del-Aula-Presentacion-de-Educacion-4-1000x563.jpg 1000w, https:\/\/isfd21-bue.infd.edu.ar\/sitio\/wp-content\/uploads\/2025\/12\/Pastel-Gris-y-Rosa-Morado-Redondo-y-Amable-Reglas-del-Aula-Presentacion-de-Educacion-4-768x432.jpg 768w, https:\/\/isfd21-bue.infd.edu.ar\/sitio\/wp-content\/uploads\/2025\/12\/Pastel-Gris-y-Rosa-Morado-Redondo-y-Amable-Reglas-del-Aula-Presentacion-de-Educacion-4-1536x864.jpg 1536w, https:\/\/isfd21-bue.infd.edu.ar\/sitio\/wp-content\/uploads\/2025\/12\/Pastel-Gris-y-Rosa-Morado-Redondo-y-Amable-Reglas-del-Aula-Presentacion-de-Educacion-4.jpg 1920w\" sizes=\"(max-width: 1900px) 100vw, 1900px\" \/><\/figure>\n<\/figure>\n","protected":false},"excerpt":{"rendered":"<p>INSCRIPCIONES CERRADAS PARA EL CICLO LECTIVO 2026 COMPARTIMOS LINK DEL VIDEO TUTORIAL PARA REALIZAR LA PREINSCRIPCI\u00d3N A TRAVES DEL SIU GUARAN\u00cd: PREINSCRIPCI\u00d3N OBLIGATORIA A TRAV\u00c9S DEL SIU GUARAN\u00cd, SI EST\u00c1S TERMINANDO TUS ESTUDIOS SECUNDARIOS, TAMBI\u00c9N PODR\u00c1S HACER LA PREINSCRIPCI\u00d3N. LINK DE ACCESO A LA PREINSCRIPCI\u00d3N: SIU-Preinscripci\u00f3n :: 11\/03 6\/3 INSCRIPCI\u00d3N PARA INGL\u00c9S, SOLO PARA EL &#8230; <a title=\"INFORMACI\u00d3N SOBRE INSCRIPCIONES PARA INGRESANTES 2026\" class=\"read-more\" href=\"https:\/\/isfd21-bue.infd.edu.ar\/sitio\/inscripciones-ingresantes\/\" aria-label=\"More on INFORMACI\u00d3N SOBRE INSCRIPCIONES PARA INGRESANTES 2026\">[+]<\/a><\/p>\n","protected":false},"author":9269,"featured_media":0,"parent":0,"menu_order":0,"comment_status":"closed","ping_status":"closed","template":"","meta":[],"acf":[],"_links":{"self":[{"href":"https:\/\/isfd21-bue.infd.edu.ar\/sitio\/wp-json\/wp\/v2\/pages\/9706"}],"collection":[{"href":"https:\/\/isfd21-bue.infd.edu.ar\/sitio\/wp-json\/wp\/v2\/pages"}],"about":[{"href":"https:\/\/isfd21-bue.infd.edu.ar\/sitio\/wp-json\/wp\/v2\/types\/page"}],"author":[{"embeddable":true,"href":"https:\/\/isfd21-bue.infd.edu.ar\/sitio\/wp-json\/wp\/v2\/users\/9269"}],"replies":[{"embeddable":true,"href":"https:\/\/isfd21-bue.infd.edu.ar\/sitio\/wp-json\/wp\/v2\/comments?post=9706"}],"version-history":[{"count":171,"href":"https:\/\/isfd21-bue.infd.edu.ar\/sitio\/wp-json\/wp\/v2\/pages\/9706\/revisions"}],"predecessor-version":[{"id":14637,"href":"https:\/\/isfd21-bue.infd.edu.ar\/sitio\/wp-json\/wp\/v2\/pages\/9706\/revisions\/14637"}],"wp:attachment":[{"href":"https:\/\/isfd21-bue.infd.edu.ar\/sitio\/wp-json\/wp\/v2\/media?parent=9706"}],"curies":[{"name":"wp","href":"https:\/\/api.w.org\/{rel}","templated":true}]}}