{"id":9696,"date":"2023-11-02T15:07:16","date_gmt":"2023-11-02T18:07:16","guid":{"rendered":"https:\/\/isfd21-bue.infd.edu.ar\/sitio\/?page_id=9696"},"modified":"2024-07-30T08:27:59","modified_gmt":"2024-07-30T11:27:59","slug":"horario-de-biblioteca","status":"publish","type":"page","link":"https:\/\/isfd21-bue.infd.edu.ar\/sitio\/horario-de-biblioteca\/","title":{"rendered":"<strong>Horario de Biblioteca<\/strong>"},"content":{"rendered":"\n<p><\/p>\n\n\n\n<p><strong><u>Turno Ma\u00f1ana<\/u><\/strong><strong>: Lunes a S\u00e1bado de 8 a 12.15 hs<\/strong><\/p>\n\n\n\n<p><strong><u>Turno Tarde<\/u><\/strong><strong>: Lunes a Viernes de 13 a 17.15 hs<\/strong><\/p>\n\n\n\n<p><strong><u>Turno Vespertino<\/u><\/strong><strong>: Lunes a Viernes de 17.45 a 22 hs<\/strong><\/p>\n\n\n\n<p><strong>Consultas a: <\/strong><a href=\"mailto:isfd21biblioteca@gmail.com\"><strong>isfd21biblioteca@gmail.com<\/strong><\/a><strong><\/strong><\/p>\n\n\n\n<p><\/p>\n\n\n\n<div class=\"wp-block-group is-vertical is-layout-flex wp-container-2\">\n<p><strong>Bibliotecarios<\/strong>:<\/p>\n\n\n\n<div class=\"wp-block-group is-vertical is-layout-flex wp-container-1\">\n<p>Fajfer, Gladys (<em>turno ma\u00f1ana<\/em>)<\/p>\n\n\n\n<p>Sthele, Alicia (<em>turno ma\u00f1ana<\/em>)<\/p>\n\n\n\n<p>S\u00e1nchez, Evangelina (<em>turno tarde<\/em>)<\/p>\n\n\n\n<p>Sequeira, Lorena (<em>turno vespertino<\/em>)<\/p>\n<\/div>\n<\/div>\n","protected":false},"excerpt":{"rendered":"<p>Turno Ma\u00f1ana: Lunes a S\u00e1bado de 8 a 12.15 hs Turno Tarde: Lunes a Viernes de 13 a 17.15 hs Turno Vespertino: Lunes a Viernes de 17.45 a 22 hs Consultas a: isfd21biblioteca@gmail.com Bibliotecarios: Fajfer, Gladys (turno ma\u00f1ana) Sthele, Alicia (turno ma\u00f1ana) S\u00e1nchez, Evangelina (turno tarde) Sequeira, Lorena (turno vespertino)<\/p>\n","protected":false},"author":9269,"featured_media":0,"parent":0,"menu_order":0,"comment_status":"closed","ping_status":"closed","template":"","meta":[],"acf":[],"_links":{"self":[{"href":"https:\/\/isfd21-bue.infd.edu.ar\/sitio\/wp-json\/wp\/v2\/pages\/9696"}],"collection":[{"href":"https:\/\/isfd21-bue.infd.edu.ar\/sitio\/wp-json\/wp\/v2\/pages"}],"about":[{"href":"https:\/\/isfd21-bue.infd.edu.ar\/sitio\/wp-json\/wp\/v2\/types\/page"}],"author":[{"embeddable":true,"href":"https:\/\/isfd21-bue.infd.edu.ar\/sitio\/wp-json\/wp\/v2\/users\/9269"}],"replies":[{"embeddable":true,"href":"https:\/\/isfd21-bue.infd.edu.ar\/sitio\/wp-json\/wp\/v2\/comments?post=9696"}],"version-history":[{"count":4,"href":"https:\/\/isfd21-bue.infd.edu.ar\/sitio\/wp-json\/wp\/v2\/pages\/9696\/revisions"}],"predecessor-version":[{"id":11074,"href":"https:\/\/isfd21-bue.infd.edu.ar\/sitio\/wp-json\/wp\/v2\/pages\/9696\/revisions\/11074"}],"wp:attachment":[{"href":"https:\/\/isfd21-bue.infd.edu.ar\/sitio\/wp-json\/wp\/v2\/media?parent=9696"}],"curies":[{"name":"wp","href":"https:\/\/api.w.org\/{rel}","templated":true}]}}