{"id":963,"date":"2018-08-29T16:24:11","date_gmt":"2018-08-29T19:24:11","guid":{"rendered":"https:\/\/isfd21-bue.infd.edu.ar\/sitio\/conectar-igualdad-2\/"},"modified":"2021-04-23T20:43:51","modified_gmt":"2021-04-23T23:43:51","slug":"conectar-igualdad-2","status":"publish","type":"page","link":"https:\/\/isfd21-bue.infd.edu.ar\/sitio\/conectar-igualdad-2\/","title":{"rendered":"Conectar Igualdad"},"content":{"rendered":"<p>La Plata, 6 de abril de 2020<\/p>\n<p>Ref.: Comunicaci\u00f3n para desbloqueo de netbooks Conectar Igualdad<\/p>\n<p>A los y las Inspectores Jefes Regionales de Gesti\u00f3n Estatal<\/p>\n<p>A Equipos Directivos y Docentes de Nivel Secundario<\/p>\n<p>A Equipos Directivos y Docentes de la Modalidad de Educaci\u00f3n Especial<\/p>\n<p>A Equipos Directivos y Docentes de Nivel Superior<\/p>\n<p>En el marco de la situaci\u00f3n de contingencia derivada de las medidas destinadas a limitar la propagaci\u00f3n del COVID \u2013 19, teniendo en cuenta la suspensi\u00f3n de clases presenciales, y previendo la continuidad pedag\u00f3gica con diversas propuestas de ense\u00f1anza realizadas por docentes en toda la provincia a trav\u00e9s de la educaci\u00f3n a distancia, esta Direcci\u00f3n informa que se ha decidido realizar de manera extraordinaria un nuevo proceso de desbloqueo de las netbook del Programa Conectar Igualdad entregadas a docentes y estudiantes hasta el a\u00f1o 2017.<\/p>\n<p>La no vinculaci\u00f3n de las netbooks a los servidores escolares provoca el bloqueo del dispositivo, por lo que esta Direcci\u00f3n gestion\u00f3 ante Educar la construcci\u00f3n de \u201cpaquetes de recertificaci\u00f3n\u201d que son una soluci\u00f3n a los bloqueos sin la necesidad de hacerse presente en la escuela.<\/p>\n<p>Para la solicitud de estos paquetes es necesario disponer de una serie de datos que muestra cada netbook en su pantalla bloqueada y que son espec\u00edficos de cada dispositivo.<\/p>\n<p>Para esto generamos un formulario a trav\u00e9s del cual cada docente y estudiante podr\u00e1 demandar el paquete sin necesidad de intervenci\u00f3n de terceros y\/o moverse de su casa. El env\u00edo del archivo para desbloquear la netbook y el instructivo de ejecuci\u00f3n llegar\u00e1n al correo electr\u00f3nico del\/la solicitante y quedar\u00e1 establecida una comunicaci\u00f3n para el caso en que el demandante necesite ayuda.<\/p>\n<p>Para acceder a dicho Formulario y solicitar el paquete deben ingresar al siguiente enlace: https:\/\/forms.gle\/BguPCKXJ8Tgu3kQx8<\/p>\n<p>A su vez, para aquellas netbooks recibidas a partir del a\u00f1o 2017 y que no est\u00e1n asociadas al servidor escolar sino que responden a un servidor virtualizado al que se comunican a trav\u00e9s de internet, la gesti\u00f3n del desbloqueo se mantiene a trav\u00e9s de una solicitud llamando al 0800-444-1115 (Educar).<\/p>\n<p>Atentamente.<\/p>\n<p>Iv\u00e1n Thisted<\/p>\n<p>Director<\/p>\n<p>Direcci\u00f3n de Tecnolog\u00eda Educativa<\/p>\n<p>Subsecretar\u00eda de Educaci\u00f3n<\/p>\n<p>&nbsp;<\/p>\n<p style=\"text-align: center;\"><span data-mce-mark=\"1\"><img decoding=\"async\" loading=\"lazy\" style=\"border: 0;\" title=\"\" src=\"https:\/\/isfd21-bue.infd.edu.ar\/sitio\/wp-content\/uploads\/2018\/08\/descarga-4.jpg\" width=\"300\" height=\"100\" border=\"0\" \/><\/span><\/p>\n<p><img decoding=\"async\" loading=\"lazy\" src=\"upload\/conectar1.jpg\" width=\"700\" height=\"100\" border=\"0\" \/><\/p>\n<p>Fue actualizada la fecha de vencimiento de arranques de las Netbooks de nuestro Instituto, modificada al <strong>30\/04\/2019<\/strong>. Acercate al Rojas y actualiza tu pc vos mismo!<br \/>\nSi tenes dudas a continuaci\u00f3n te explicamos como hacerlo:<\/p>\n<p>&#8211; Inicia tu Netbook.<\/p>\n<p>&#8211; Conecta tu pc a la se\u00f1al de wifi de las aulas, identificadas como AP y el n\u00famero de aula. Con\u00e9ctate a la que tenga m\u00e1s se\u00f1al.<\/p>\n<p>&#8211; Una vez que la pc se encuentre conectada aguarda unos instantes (puede demorar varios minutos) y sola te solicitar\u00e1 que la reinicies. Acepta este reinicio.<\/p>\n<p>&#8211; Al volver a encenderse la pc nuevamente con\u00e9ctate a la se\u00f1al de wifi de alguna de las AP. Y observa en la barra de tareas inferior del lado derecho y en la opci\u00f3n \u201cmostrar iconos ocultos\u201d aparece este icono (mostrado al final de la explicaci\u00f3n) el cual tiene que estar tildado de verde y debes ponerte con el mouse sobre el mismo y se abrir\u00e1 una solapa de informaci\u00f3n que te indicar\u00e1 la fecha expiraci\u00f3n y debe ser 10\/07\/2018.<\/p>\n<p>&#8211; La misma netbook puede solicitarte varias veces el procedimiento de reiniciar hasta que cambi\u00e9 definitivamente la fecha de expiraci\u00f3n<\/p>\n<p><img decoding=\"async\" loading=\"lazy\" src=\"upload\/17919004_10213170095716466_522244644_n.jpg\" width=\"350\" height=\"350\" border=\"0\" \/><\/p>\n<p>&nbsp;<\/p>\n<p>&nbsp;<\/p>\n<p><a href=\"https:\/\/isfd21-bue.infd.edu.ar\/sitio\/estudiantes\/\"><img decoding=\"async\" loading=\"lazy\" class=\"alignnone wp-image-1473\" src=\"https:\/\/isfd21-bue.infd.edu.ar\/sitio\/wp-content\/uploads\/2020\/03\/ir-a-inicio.png\" alt=\"\" width=\"129\" height=\"120\" \/><\/a><\/p>\n","protected":false},"excerpt":{"rendered":"<p>La Plata, 6 de abril de 2020 Ref.: Comunicaci\u00f3n para desbloqueo de netbooks Conectar Igualdad A los y las Inspectores Jefes Regionales de Gesti\u00f3n Estatal A Equipos Directivos y Docentes de Nivel Secundario A Equipos Directivos y Docentes de la Modalidad de Educaci\u00f3n Especial A Equipos Directivos y Docentes de Nivel Superior En el marco &#8230; <a title=\"Conectar Igualdad\" class=\"read-more\" href=\"https:\/\/isfd21-bue.infd.edu.ar\/sitio\/conectar-igualdad-2\/\" aria-label=\"More on Conectar Igualdad\">[+]<\/a><\/p>\n","protected":false},"author":9,"featured_media":0,"parent":0,"menu_order":0,"comment_status":"closed","ping_status":"closed","template":"","meta":[],"acf":[],"_links":{"self":[{"href":"https:\/\/isfd21-bue.infd.edu.ar\/sitio\/wp-json\/wp\/v2\/pages\/963"}],"collection":[{"href":"https:\/\/isfd21-bue.infd.edu.ar\/sitio\/wp-json\/wp\/v2\/pages"}],"about":[{"href":"https:\/\/isfd21-bue.infd.edu.ar\/sitio\/wp-json\/wp\/v2\/types\/page"}],"author":[{"embeddable":true,"href":"https:\/\/isfd21-bue.infd.edu.ar\/sitio\/wp-json\/wp\/v2\/users\/9"}],"replies":[{"embeddable":true,"href":"https:\/\/isfd21-bue.infd.edu.ar\/sitio\/wp-json\/wp\/v2\/comments?post=963"}],"version-history":[{"count":3,"href":"https:\/\/isfd21-bue.infd.edu.ar\/sitio\/wp-json\/wp\/v2\/pages\/963\/revisions"}],"predecessor-version":[{"id":3506,"href":"https:\/\/isfd21-bue.infd.edu.ar\/sitio\/wp-json\/wp\/v2\/pages\/963\/revisions\/3506"}],"wp:attachment":[{"href":"https:\/\/isfd21-bue.infd.edu.ar\/sitio\/wp-json\/wp\/v2\/media?parent=963"}],"curies":[{"name":"wp","href":"https:\/\/api.w.org\/{rel}","templated":true}]}}