{"id":9528,"date":"2023-10-10T14:52:46","date_gmt":"2023-10-10T17:52:46","guid":{"rendered":"https:\/\/isfd21-bue.infd.edu.ar\/sitio\/?page_id=9528"},"modified":"2026-03-04T17:19:06","modified_gmt":"2026-03-04T20:19:06","slug":"aulas-virtuales","status":"publish","type":"page","link":"https:\/\/isfd21-bue.infd.edu.ar\/sitio\/aulas-virtuales\/","title":{"rendered":"AULAS VIRTUALES (estudiantes)"},"content":{"rendered":"\n<div class=\"wp-block-group is-vertical is-layout-flex wp-container-1\">\n<p class=\"has-medium-font-size\"><strong><em>ESPACIO DEDICADO A AULAS VIRTUALES, SECCI\u00d3N ESTUDIANTES<\/em><\/strong><\/p>\n\n\n\n<p class=\"has-medium-font-size\"><em>Si sos estudiante complet\u00e1 el siguiente formulario<\/em> correspondiente a tu carrera:<\/p>\n\n\n\n<p><a href=\"https:\/\/docs.google.com\/forms\/d\/e\/1FAIpQLSfWVwoCMJIyauaz4acIP19IpWf95LVHgjPI-mJW4OFoAjOVQg\/viewform?usp=sharing\" target=\"_blank\" rel=\"noreferrer noopener\">BIOLOG\u00cdA<\/a><\/p>\n\n\n\n<p><a href=\"https:\/\/docs.google.com\/forms\/d\/e\/1FAIpQLSclviEItU7PpXS0-jEEDHKqbyd0-zN3ZZYwoQZoHvVyji67nA\/viewform?usp=sharing\" target=\"_blank\" rel=\"noreferrer noopener\">ESPECIAL<\/a><\/p>\n\n\n\n<p><a href=\"https:\/\/docs.google.com\/forms\/d\/e\/1FAIpQLSdWLWbZOLQMeBrcN-_A13iZ4cYhEquBqv-MVrAbAqsQarbE8g\/viewform?usp=sharing\" target=\"_blank\" rel=\"noreferrer noopener\">FILOSOF\u00cdA<\/a><\/p>\n\n\n\n<p><a href=\"https:\/\/docs.google.com\/forms\/d\/e\/1FAIpQLSdqIKI-YoouFE7R251nefBMVUzEISYBVi1I42zTHDrlu9NXBw\/viewform?usp=sharing\" target=\"_blank\" rel=\"noreferrer noopener\">GEOGRAF\u00cdA<\/a><\/p>\n\n\n\n<p><a href=\"https:\/\/docs.google.com\/forms\/d\/e\/1FAIpQLScaTUwpfDFUQOhwkQszl3XAlzXAIle33Cs_-MuuFmvlzOFrEA\/viewform?usp=sharing\" target=\"_blank\" rel=\"noreferrer noopener\">HISTORIA<\/a><\/p>\n\n\n\n<p><a rel=\"noreferrer noopener\" href=\"https:\/\/docs.google.com\/forms\/d\/e\/1FAIpQLSexFxuqw1JDDjPPloNILs8G6xhXWwyxYhEzoxUUXHTrLc0S6w\/viewform?usp=sharing\" target=\"_blank\">LENGUA<\/a><\/p>\n\n\n\n<p><a href=\"https:\/\/docs.google.com\/forms\/d\/e\/1FAIpQLSf9ogZsj5moQMPyLFBWjKrB381BMQbsNg9G42b4ZbG52faq0Q\/viewform?usp=sharing\" target=\"_blank\" rel=\"noreferrer noopener\">MATEM\u00c1TICA<\/a><\/p>\n\n\n\n<p><a href=\"https:\/\/docs.google.com\/forms\/d\/e\/1FAIpQLScUFMeXNgqglMHcmoAXBxqpf_-6lr2jjxpJeauF6oxr2XkLMw\/viewform?usp=sharing\" target=\"_blank\" rel=\"noreferrer noopener\">PRIMARIA<\/a><\/p>\n<\/div>\n\n\n\n<div class=\"wp-block-group is-vertical is-layout-flex wp-container-2\">\n<p class=\"has-medium-font-size\"><strong><em>\u00bfQU\u00c9 PASA SI NO PUEDO INGRESAR AL AULA VIRTUAL?<\/em><\/strong><\/p>\n\n\n\n<p>Debes completar el siguiente formulario:<\/p>\n<\/div>\n\n\n\n<ul>\n<li><a href=\"https:\/\/forms.gle\/q44TS5EPx9aa9fgx5\" target=\"_blank\" rel=\"noreferrer noopener\">https:\/\/forms.gle\/q44TS5EPx9aa9fgx5<\/a><\/li>\n<\/ul>\n\n\n\n<p>Recuerden que desde la administraci\u00f3n de las aulas virtuales, primero se los agrega a una base de datos (por carrera) y luego el docente tiene que seleccionarlos para conformar el aula.<\/p>\n\n\n\n<hr class=\"wp-block-separator has-alpha-channel-opacity\"\/>\n\n\n\n<div class=\"wp-block-group is-vertical is-layout-flex wp-container-3\">\n<p class=\"has-medium-font-size\"><strong><em>\u00bfPARA QU\u00c9 SIRVE COMPLETAR EL FORMULARIO?<\/em><\/strong><\/p>\n\n\n\n<p>La informaci\u00f3n que proporcionas es para crear tu usuario en la plataforma del INFOD y que puedas ingresar al aula virtual (son mayormente utilizadas en los profesorados de <strong>MATEM\u00c1TICA, INGL\u00c9S Y LENGUA Y LITERATURA<\/strong> ) de la materia. Es sumamente <strong>IMPORTANTE <\/strong>que prestes mucha atenci\u00f3n al momento de  responder el formulario, ya que con esos datos se crear\u00e1 tu usuario. Se te solicitar\u00e1:<\/p>\n<\/div>\n\n\n\n<div class=\"wp-block-group is-vertical is-layout-flex wp-container-4\">\n<p><em><strong>*N\u00famero de documento<\/strong><\/em><\/p>\n\n\n\n<p><strong><em>*Apellido y nombre<\/em><\/strong><\/p>\n\n\n\n<p><strong><em>*Carrera<\/em><\/strong><\/p>\n\n\n\n<p><strong><em>*Direcci\u00f3n de correo electr\u00f3nico<\/em><\/strong><\/p>\n<\/div>\n\n\n\n<div class=\"wp-block-group is-vertical is-layout-flex wp-container-5\">\n<p>El correo electr\u00f3nico que brindes, ser\u00e1 donde recibir\u00e1s la forma de ingresar (usuario y contrase\u00f1a), comunicaciones y notificaciones.<\/p>\n\n\n\n<p>Tu n\u00famero de documento ser\u00e1 tu usuario y como contrase\u00f1a: RicardoRojas_21, luego podr\u00e1s cambiar la contrase\u00f1a.<\/p>\n\n\n\n<p><\/p>\n<\/div>\n\n\n\n<div class=\"wp-block-group is-vertical is-layout-flex wp-container-6\">\n<p class=\"has-medium-font-size\"><strong><em>\u00bfC\u00d3MO SE CARGAN LOS ESTUDIANTES AL AULA?<\/em><\/strong><\/p>\n\n\n\n<p>Todos los estudiantes son cargados por carrera a una base de datos. Una vez que forman parte de la base de datos, los profesores deben sumarlos a sus aulas virtuales, seleccion\u00e1ndolos de acuerdo a la cartilla de asistencia.<\/p>\n<\/div>\n\n\n\n<hr class=\"wp-block-separator has-alpha-channel-opacity\"\/>\n\n\n\n<hr class=\"wp-block-separator has-alpha-channel-opacity\"\/>\n\n\n\n<p class=\"has-medium-font-size\"><strong><em>*Ayudas breves para resolver las acciones habituales dentro del campus.<\/em><\/strong><\/p>\n\n\n\n<ul>\n<li><a href=\"https:\/\/red.infd.edu.ar\/video-tutoriales-del-campus\/#ancla1\">C\u00f3mo ingresar al aula virtual<\/a><\/li>\n\n\n\n<li><a href=\"https:\/\/red.infd.edu.ar\/video-tutoriales-del-campus\/#ancla2\">Me olvid\u00e9 la contrase\u00f1a. \u00bfC\u00f3mo obtengo una nueva?<\/a><\/li>\n\n\n\n<li><a href=\"https:\/\/red.infd.edu.ar\/video-tutoriales-del-campus\/#ancla3\">C\u00f3mo cambiar datos de perfil<\/a><\/li>\n\n\n\n<li><a href=\"https:\/\/red.infd.edu.ar\/video-tutoriales-del-campus\/#ancla4\">C\u00f3mo participar en un foro con calificaci\u00f3n, desde de la secci\u00f3n Clases<\/a><\/li>\n\n\n\n<li><a href=\"https:\/\/red.infd.edu.ar\/video-tutoriales-del-campus\/#ancla5\">C\u00f3mo participar en un foro, desde la secci\u00f3n Foros<\/a><\/li>\n\n\n\n<li><a href=\"https:\/\/red.infd.edu.ar\/video-tutoriales-del-campus\/#ancla11\">C\u00f3mo participar en un foro grabando audio, desde la secci\u00f3n Foros<\/a><\/li>\n\n\n\n<li><a href=\"https:\/\/red.infd.edu.ar\/video-tutoriales-del-campus\/#ancla6\">C\u00f3mo enviar un mensaje desde la secci\u00f3n Contactos<\/a><\/li>\n\n\n\n<li><a href=\"https:\/\/red.infd.edu.ar\/video-tutoriales-del-campus\/#ancla7\">C\u00f3mo enviar un mensaje desde la secci\u00f3n Mensajer\u00eda<\/a><\/li>\n\n\n\n<li><a href=\"https:\/\/red.infd.edu.ar\/video-tutoriales-del-campus\/#ancla8\">C\u00f3mo entregar una actividad<\/a><\/li>\n\n\n\n<li><a href=\"https:\/\/red.infd.edu.ar\/video-tutoriales-del-campus\/#ancla9\">C\u00f3mo ver la calificaci\u00f3n de una actividad<\/a><\/li>\n\n\n\n<li><a href=\"https:\/\/red.infd.edu.ar\/video-tutoriales-del-campus\/#ancla10\">C\u00f3mo participar en una wiki<\/a><\/li>\n<\/ul>\n\n\n\n<p><\/p>\n\n\n\n<p>*<em>Edupress &#8211; Powered by Educativa \u00a9 2024.&nbsp;INFOD, Preguntas frecuentes. https:\/\/red.infd.edu.ar\/video-tutoriales-del-campus\/#ancla2<\/em><\/p>\n","protected":false},"excerpt":{"rendered":"<p>ESPACIO DEDICADO A AULAS VIRTUALES, SECCI\u00d3N ESTUDIANTES Si sos estudiante complet\u00e1 el siguiente formulario correspondiente a tu carrera: BIOLOG\u00cdA ESPECIAL FILOSOF\u00cdA GEOGRAF\u00cdA HISTORIA LENGUA MATEM\u00c1TICA PRIMARIA \u00bfQU\u00c9 PASA SI NO PUEDO INGRESAR AL AULA VIRTUAL? Debes completar el siguiente formulario: Recuerden que desde la administraci\u00f3n de las aulas virtuales, primero se los agrega a una &#8230; <a title=\"AULAS VIRTUALES (estudiantes)\" class=\"read-more\" href=\"https:\/\/isfd21-bue.infd.edu.ar\/sitio\/aulas-virtuales\/\" aria-label=\"More on AULAS VIRTUALES (estudiantes)\">[+]<\/a><\/p>\n","protected":false},"author":9269,"featured_media":0,"parent":0,"menu_order":0,"comment_status":"closed","ping_status":"closed","template":"","meta":[],"acf":[],"_links":{"self":[{"href":"https:\/\/isfd21-bue.infd.edu.ar\/sitio\/wp-json\/wp\/v2\/pages\/9528"}],"collection":[{"href":"https:\/\/isfd21-bue.infd.edu.ar\/sitio\/wp-json\/wp\/v2\/pages"}],"about":[{"href":"https:\/\/isfd21-bue.infd.edu.ar\/sitio\/wp-json\/wp\/v2\/types\/page"}],"author":[{"embeddable":true,"href":"https:\/\/isfd21-bue.infd.edu.ar\/sitio\/wp-json\/wp\/v2\/users\/9269"}],"replies":[{"embeddable":true,"href":"https:\/\/isfd21-bue.infd.edu.ar\/sitio\/wp-json\/wp\/v2\/comments?post=9528"}],"version-history":[{"count":19,"href":"https:\/\/isfd21-bue.infd.edu.ar\/sitio\/wp-json\/wp\/v2\/pages\/9528\/revisions"}],"predecessor-version":[{"id":14085,"href":"https:\/\/isfd21-bue.infd.edu.ar\/sitio\/wp-json\/wp\/v2\/pages\/9528\/revisions\/14085"}],"wp:attachment":[{"href":"https:\/\/isfd21-bue.infd.edu.ar\/sitio\/wp-json\/wp\/v2\/media?parent=9528"}],"curies":[{"name":"wp","href":"https:\/\/api.w.org\/{rel}","templated":true}]}}