{"id":7917,"date":"2022-12-15T17:00:17","date_gmt":"2022-12-15T20:00:17","guid":{"rendered":"https:\/\/isfd21-bue.infd.edu.ar\/sitio\/?page_id=7917"},"modified":"2024-11-06T14:12:36","modified_gmt":"2024-11-06T17:12:36","slug":"consulta-id","status":"publish","type":"page","link":"https:\/\/isfd21-bue.infd.edu.ar\/sitio\/consulta-id\/","title":{"rendered":"CONSULTA ID"},"content":{"rendered":"\n<p><strong><em>YA PUEDEN CONSUTAR SU N\u00daMERO DE ID EN EL SIGUIENTE ARCHIVO PDF:<\/em><\/strong><a rel=\"noreferrer noopener\" href=\"https:\/\/drive.google.com\/file\/d\/1dk4ugsBx-rfdRVKRBREcXID7TGokkmPk\/view?usp=sharing\" target=\"_blank\"> <\/a><strong><em><a href=\"https:\/\/drive.google.com\/drive\/folders\/1IkOaZT6c9xcCFHgKoJ9CEoU4K7oZ8m54?usp=sharing\" target=\"_blank\" rel=\"noreferrer noopener\">ID 2024<\/a><\/em><\/strong><\/p>\n\n\n\n<p>Encontraras archivos por carrera, ordenados por apellido, all\u00ed podr\u00e1s buscarte si no te acordas tu n\u00famero ID.<\/p>\n\n\n\n<figure class=\"wp-block-image\"><img decoding=\"async\" loading=\"lazy\" width=\"850\" height=\"760\" src=\"https:\/\/isfd21-bue.infd.edu.ar\/sitio\/wp-content\/uploads\/2022\/07\/image-4.png\" alt=\"\" class=\"wp-image-6330\" srcset=\"https:\/\/isfd21-bue.infd.edu.ar\/sitio\/wp-content\/uploads\/2022\/07\/image-4.png 850w, https:\/\/isfd21-bue.infd.edu.ar\/sitio\/wp-content\/uploads\/2022\/07\/image-4-768x687.png 768w\" sizes=\"(max-width: 850px) 100vw, 850px\" \/><\/figure>\n","protected":false},"excerpt":{"rendered":"<p>YA PUEDEN CONSUTAR SU N\u00daMERO DE ID EN EL SIGUIENTE ARCHIVO PDF: ID 2024 Encontraras archivos por carrera, ordenados por apellido, all\u00ed podr\u00e1s buscarte si no te acordas tu n\u00famero ID.<\/p>\n","protected":false},"author":4673,"featured_media":0,"parent":0,"menu_order":0,"comment_status":"closed","ping_status":"closed","template":"","meta":[],"acf":[],"_links":{"self":[{"href":"https:\/\/isfd21-bue.infd.edu.ar\/sitio\/wp-json\/wp\/v2\/pages\/7917"}],"collection":[{"href":"https:\/\/isfd21-bue.infd.edu.ar\/sitio\/wp-json\/wp\/v2\/pages"}],"about":[{"href":"https:\/\/isfd21-bue.infd.edu.ar\/sitio\/wp-json\/wp\/v2\/types\/page"}],"author":[{"embeddable":true,"href":"https:\/\/isfd21-bue.infd.edu.ar\/sitio\/wp-json\/wp\/v2\/users\/4673"}],"replies":[{"embeddable":true,"href":"https:\/\/isfd21-bue.infd.edu.ar\/sitio\/wp-json\/wp\/v2\/comments?post=7917"}],"version-history":[{"count":6,"href":"https:\/\/isfd21-bue.infd.edu.ar\/sitio\/wp-json\/wp\/v2\/pages\/7917\/revisions"}],"predecessor-version":[{"id":11761,"href":"https:\/\/isfd21-bue.infd.edu.ar\/sitio\/wp-json\/wp\/v2\/pages\/7917\/revisions\/11761"}],"wp:attachment":[{"href":"https:\/\/isfd21-bue.infd.edu.ar\/sitio\/wp-json\/wp\/v2\/media?parent=7917"}],"curies":[{"name":"wp","href":"https:\/\/api.w.org\/{rel}","templated":true}]}}