{"id":7475,"date":"2022-10-31T10:45:57","date_gmt":"2022-10-31T13:45:57","guid":{"rendered":"https:\/\/isfd21-bue.infd.edu.ar\/sitio\/?page_id=7475"},"modified":"2022-10-31T10:50:57","modified_gmt":"2022-10-31T13:50:57","slug":"cufba-2","status":"publish","type":"page","link":"https:\/\/isfd21-bue.infd.edu.ar\/sitio\/cufba-2\/","title":{"rendered":"CUFBA"},"content":{"rendered":"\n<p><strong>Ingreso al profesorado de ingles<\/strong><\/p>\n\n\n\n<p>Para poder iniciar tu trayectoria en el profesorado es necesario que cuentes con conocimientos previos del idioma ( nivel intermedio). Nosotras y nosotros ofrecemos un <strong>taller inicial <\/strong>de dos semanas de duraci\u00f3n para poder ayudarte a iniciar tu trayectoria acad\u00e9mica en la formaci\u00f3n docente y tambi\u00e9n para ofrecerte un espacio donde puedas&nbsp; reforzar tus conocimientos de ingl\u00e9s.<\/p>\n\n\n\n<p>En caso de que cuentes con conocimientos de ingl\u00e9s elementales, nosotras y nosotras contamos con un <strong>Curso de Formaci\u00f3n B\u00e1sica (CUFBA<\/strong>) en ingl\u00e9s. Este curso puede hacerse aun si estas cursando tu \u00faltimo a\u00f1o de la escuela secundaria;&nbsp; o bien si ya egresaste y te gustar\u00eda ser profesora o profesor de ingl\u00e9s. El objetivo de este curso es ofrecerte los recursos necesarios para que puedas al a\u00f1o siguiente ingresar a la carrera con los conocimientos necesarios en ingl\u00e9s. El curso se dicta en turno ma\u00f1ana y turno vespertino y tiene una carga horaria de 8 (ocho) horas semanales.<\/p>\n","protected":false},"excerpt":{"rendered":"<p>Ingreso al profesorado de ingles Para poder iniciar tu trayectoria en el profesorado es necesario que cuentes con conocimientos previos del idioma ( nivel intermedio). Nosotras y nosotros ofrecemos un taller inicial de dos semanas de duraci\u00f3n para poder ayudarte a iniciar tu trayectoria acad\u00e9mica en la formaci\u00f3n docente y tambi\u00e9n para ofrecerte un espacio &#8230; <a title=\"CUFBA\" class=\"read-more\" href=\"https:\/\/isfd21-bue.infd.edu.ar\/sitio\/cufba-2\/\" aria-label=\"More on CUFBA\">[+]<\/a><\/p>\n","protected":false},"author":4673,"featured_media":0,"parent":0,"menu_order":0,"comment_status":"closed","ping_status":"closed","template":"","meta":[],"acf":[],"_links":{"self":[{"href":"https:\/\/isfd21-bue.infd.edu.ar\/sitio\/wp-json\/wp\/v2\/pages\/7475"}],"collection":[{"href":"https:\/\/isfd21-bue.infd.edu.ar\/sitio\/wp-json\/wp\/v2\/pages"}],"about":[{"href":"https:\/\/isfd21-bue.infd.edu.ar\/sitio\/wp-json\/wp\/v2\/types\/page"}],"author":[{"embeddable":true,"href":"https:\/\/isfd21-bue.infd.edu.ar\/sitio\/wp-json\/wp\/v2\/users\/4673"}],"replies":[{"embeddable":true,"href":"https:\/\/isfd21-bue.infd.edu.ar\/sitio\/wp-json\/wp\/v2\/comments?post=7475"}],"version-history":[{"count":1,"href":"https:\/\/isfd21-bue.infd.edu.ar\/sitio\/wp-json\/wp\/v2\/pages\/7475\/revisions"}],"predecessor-version":[{"id":7476,"href":"https:\/\/isfd21-bue.infd.edu.ar\/sitio\/wp-json\/wp\/v2\/pages\/7475\/revisions\/7476"}],"wp:attachment":[{"href":"https:\/\/isfd21-bue.infd.edu.ar\/sitio\/wp-json\/wp\/v2\/media?parent=7475"}],"curies":[{"name":"wp","href":"https:\/\/api.w.org\/{rel}","templated":true}]}}