{"id":7359,"date":"2022-10-20T15:27:49","date_gmt":"2022-10-20T18:27:49","guid":{"rendered":"https:\/\/isfd21-bue.infd.edu.ar\/sitio\/?page_id=7359"},"modified":"2022-11-11T15:21:09","modified_gmt":"2022-11-11T18:21:09","slug":"turno-de-examen-diciembre-2022","status":"publish","type":"page","link":"https:\/\/isfd21-bue.infd.edu.ar\/sitio\/turno-de-examen-diciembre-2022\/","title":{"rendered":"TURNO DE EXAMEN DICIEMBRE 2022"},"content":{"rendered":"\n<p><em><strong>PUBLICAMOS LAS FECHAS DE LAS MESAS CORRESPONDIENTES AL TURNO DE EXAMENES NOVIEMBRE\/DICIEMBRE. EN ESTA OCASI\u00d3N TAMBI\u00c9N PODR\u00c1N RENDIR COMO LIBRE EN LAS MATERIAS QUE SE INSCRIBIERON EN ESA CONDICI\u00d3N.<\/strong><\/em><\/p>\n\n\n\n<p><em><strong>SE RECUERDA QUE SI BIEN HAY DOS LLAMADOS (2 FECHAS PARA RENDIR UNA MATERIA) SOLO PUEDEN INSCRIBIRSE A UN LLAMADO.<\/strong><\/em><\/p>\n\n\n\n<p><strong>A CONTINUACI\u00d3N SE DETALLAN LAS MESAS DE EXAMEN POR CARRERA<em>-SE RECUERDA QUE LAS MESAS EST\u00c1N SUJETAS A POSIBLES MODIFICACIONES-.<\/em><\/strong><\/p>\n\n\n\n<div class=\"wp-block-columns is-layout-flex wp-container-5\">\n<div class=\"wp-block-column is-layout-flow\">\n<div class=\"wp-block-file\"><a href=\"https:\/\/isfd21-bue.infd.edu.ar\/sitio\/wp-content\/uploads\/2022\/10\/MATEMATICA-PLAN-NUEVO.pdf\">MATEMATICA-PLAN-NUEVO<\/a><a href=\"https:\/\/isfd21-bue.infd.edu.ar\/sitio\/wp-content\/uploads\/2022\/10\/MATEMATICA-PLAN-NUEVO.pdf\" class=\"wp-block-file__button\" download>Descarga<\/a><\/div>\n<\/div>\n\n\n\n<div class=\"wp-block-column is-layout-flow\">\n<div class=\"wp-block-file\"><a href=\"https:\/\/isfd21-bue.infd.edu.ar\/sitio\/wp-content\/uploads\/2022\/10\/MATEMATICA_.pdf\">MATEMATICA PLAN ANTERIOR_<\/a><a href=\"https:\/\/isfd21-bue.infd.edu.ar\/sitio\/wp-content\/uploads\/2022\/10\/MATEMATICA_.pdf\" class=\"wp-block-file__button\" download>Descarga<\/a><\/div>\n<\/div>\n\n\n\n<div class=\"wp-block-column is-layout-flow\">\n<div class=\"wp-block-file\"><a href=\"https:\/\/isfd21-bue.infd.edu.ar\/sitio\/wp-content\/uploads\/2022\/10\/LENGUA-PLAN-NUEVO.pdf\">LENGUA-PLAN-NUEVO<\/a><a href=\"https:\/\/isfd21-bue.infd.edu.ar\/sitio\/wp-content\/uploads\/2022\/10\/LENGUA-PLAN-NUEVO.pdf\" class=\"wp-block-file__button\" download>Descarga<\/a><\/div>\n<\/div>\n\n\n\n<div class=\"wp-block-column is-layout-flow\">\n<div class=\"wp-block-file\"><a href=\"https:\/\/isfd21-bue.infd.edu.ar\/sitio\/wp-content\/uploads\/2022\/10\/LENGUA-PLAN-ANTERIOR.pdf\">LENGUA-PLAN-ANTERIOR<\/a><a href=\"https:\/\/isfd21-bue.infd.edu.ar\/sitio\/wp-content\/uploads\/2022\/10\/LENGUA-PLAN-ANTERIOR.pdf\" class=\"wp-block-file__button\" download>Descarga<\/a><\/div>\n<\/div>\n<\/div>\n\n\n\n<div class=\"wp-block-columns is-layout-flex wp-container-10\">\n<div class=\"wp-block-column is-layout-flow\">\n<div class=\"wp-block-file\"><a href=\"https:\/\/isfd21-bue.infd.edu.ar\/sitio\/wp-content\/uploads\/2022\/10\/INGLES-PLAN-NUEVO.pdf\">INGLES-PLAN-NUEVO<\/a><a href=\"https:\/\/isfd21-bue.infd.edu.ar\/sitio\/wp-content\/uploads\/2022\/10\/INGLES-PLAN-NUEVO.pdf\" class=\"wp-block-file__button\" download>Descarga<\/a><\/div>\n<\/div>\n\n\n\n<div class=\"wp-block-column is-layout-flow\">\n<div class=\"wp-block-file\"><a href=\"https:\/\/isfd21-bue.infd.edu.ar\/sitio\/wp-content\/uploads\/2022\/10\/INGLES-PLAN-ANTERIOR.pdf\">INGLES-PLAN-ANTERIOR<\/a><a href=\"https:\/\/isfd21-bue.infd.edu.ar\/sitio\/wp-content\/uploads\/2022\/10\/INGLES-PLAN-ANTERIOR.pdf\" class=\"wp-block-file__button\" download>Descarga<\/a><\/div>\n<\/div>\n\n\n\n<div class=\"wp-block-column is-layout-flow\">\n<div class=\"wp-block-file\"><a href=\"https:\/\/isfd21-bue.infd.edu.ar\/sitio\/wp-content\/uploads\/2022\/10\/ESPECIAL_.pdf\">ESPECIAL_<\/a><a href=\"https:\/\/isfd21-bue.infd.edu.ar\/sitio\/wp-content\/uploads\/2022\/10\/ESPECIAL_.pdf\" class=\"wp-block-file__button\" download>Descarga<\/a><\/div>\n<\/div>\n\n\n\n<div class=\"wp-block-column is-layout-flow\">\n<div class=\"wp-block-file\"><a href=\"https:\/\/isfd21-bue.infd.edu.ar\/sitio\/wp-content\/uploads\/2022\/10\/BIOLOGIA.pdf\">BIOLOGIA<\/a><a href=\"https:\/\/isfd21-bue.infd.edu.ar\/sitio\/wp-content\/uploads\/2022\/10\/BIOLOGIA.pdf\" class=\"wp-block-file__button\" download>Descarga<\/a><\/div>\n<\/div>\n<\/div>\n\n\n\n<div class=\"wp-block-columns is-layout-flex wp-container-15\">\n<div class=\"wp-block-column is-layout-flow\">\n<div class=\"wp-block-file\"><a href=\"https:\/\/isfd21-bue.infd.edu.ar\/sitio\/wp-content\/uploads\/2022\/10\/HISTORIA_-1.pdf\">HISTORIA_-1<\/a><a href=\"https:\/\/isfd21-bue.infd.edu.ar\/sitio\/wp-content\/uploads\/2022\/10\/HISTORIA_-1.pdf\" class=\"wp-block-file__button\" download>Descarga<\/a><\/div>\n<\/div>\n\n\n\n<div class=\"wp-block-column is-layout-flow\">\n<div class=\"wp-block-file\"><a href=\"https:\/\/isfd21-bue.infd.edu.ar\/sitio\/wp-content\/uploads\/2022\/10\/FILOSOFIA_.pdf\">FILOSOFIA_<\/a><a href=\"https:\/\/isfd21-bue.infd.edu.ar\/sitio\/wp-content\/uploads\/2022\/10\/FILOSOFIA_.pdf\" class=\"wp-block-file__button\" download>Descarga<\/a><\/div>\n<\/div>\n\n\n\n<div class=\"wp-block-column is-layout-flow\">\n<div class=\"wp-block-file\"><a href=\"https:\/\/isfd21-bue.infd.edu.ar\/sitio\/wp-content\/uploads\/2022\/10\/GEOGRAFIA_.pdf\">GEOGRAFIA_<\/a><a href=\"https:\/\/isfd21-bue.infd.edu.ar\/sitio\/wp-content\/uploads\/2022\/10\/GEOGRAFIA_.pdf\" class=\"wp-block-file__button\" download>Descarga<\/a><\/div>\n<\/div>\n\n\n\n<div class=\"wp-block-column is-layout-flow\">\n<div class=\"wp-block-file\"><a href=\"https:\/\/isfd21-bue.infd.edu.ar\/sitio\/wp-content\/uploads\/2022\/10\/MESAS-PRIMARIA-2022.pdf\">PRIMARIA<\/a><a href=\"https:\/\/isfd21-bue.infd.edu.ar\/sitio\/wp-content\/uploads\/2022\/10\/MESAS-PRIMARIA-2022.pdf\" class=\"wp-block-file__button\" download>Descarga<\/a><\/div>\n<\/div>\n<\/div>\n\n\n\n<div class=\"wp-block-columns is-layout-flex wp-container-17\">\n<div class=\"wp-block-column is-layout-flow\">\n<div class=\"wp-block-file\"><a href=\"https:\/\/isfd21-bue.infd.edu.ar\/sitio\/wp-content\/uploads\/2022\/10\/cufba.pdf\">CUFBA<\/a><a href=\"https:\/\/isfd21-bue.infd.edu.ar\/sitio\/wp-content\/uploads\/2022\/10\/cufba.pdf\" class=\"wp-block-file__button\" download>Descarga<\/a><\/div>\n<\/div>\n<\/div>\n\n\n\n<p><strong><em>YA PUEDEN CONSUTAR SU N\u00daMERO DE ID EN EL SIGUIENTE ARCHIVO PDF:<\/em><\/strong><\/p>\n\n\n\n<p>Presionando desde el teclado, CTRL+F, se abrir\u00e1 un peque\u00f1o buscador donde podr\u00e1n ingresar apellido y les mostrar\u00e1 las coincidencias de b\u00fasqueda<a href=\"https:\/\/isfd21-bue.infd.edu.ar\/sitio\/wp-content\/uploads\/2022\/07\/IdDeAlumnos2022.pdf\">IdDeAlumnos2022<\/a><a href=\"https:\/\/isfd21-bue.infd.edu.ar\/sitio\/wp-content\/uploads\/2022\/07\/IdDeAlumnos2022.pdf\">Descarga<\/a><\/p>\n\n\n\n<figure class=\"wp-block-image\"><img decoding=\"async\" loading=\"lazy\" width=\"850\" height=\"760\" src=\"https:\/\/isfd21-bue.infd.edu.ar\/sitio\/wp-content\/uploads\/2022\/07\/image-4.png\" alt=\"\" class=\"wp-image-6330\" srcset=\"https:\/\/isfd21-bue.infd.edu.ar\/sitio\/wp-content\/uploads\/2022\/07\/image-4.png 850w, https:\/\/isfd21-bue.infd.edu.ar\/sitio\/wp-content\/uploads\/2022\/07\/image-4-768x687.png 768w\" sizes=\"(max-width: 850px) 100vw, 850px\" \/><\/figure>\n\n\n\n<p class=\"has-medium-font-size\"><strong>PARA INSCRIBIRSE DEBER\u00c1N SEGUIR EL CRONOGRAMA QUE SE ADJUNTA A CONTINUACI\u00d3N:<\/strong><\/p>\n\n\n\n<div class=\"wp-block-image\"><figure class=\"aligncenter size-large is-resized\"><img decoding=\"async\" loading=\"lazy\" src=\"https:\/\/isfd21-bue.infd.edu.ar\/sitio\/wp-content\/uploads\/2022\/10\/WhatsApp-Image-2022-10-21-at-1.30.32-PM-1.jpeg\" alt=\"\" class=\"wp-image-7398\" width=\"480\" height=\"996\" srcset=\"https:\/\/isfd21-bue.infd.edu.ar\/sitio\/wp-content\/uploads\/2022\/10\/WhatsApp-Image-2022-10-21-at-1.30.32-PM-1.jpeg 772w, https:\/\/isfd21-bue.infd.edu.ar\/sitio\/wp-content\/uploads\/2022\/10\/WhatsApp-Image-2022-10-21-at-1.30.32-PM-1-768x1592.jpeg 768w, https:\/\/isfd21-bue.infd.edu.ar\/sitio\/wp-content\/uploads\/2022\/10\/WhatsApp-Image-2022-10-21-at-1.30.32-PM-1-741x1536.jpeg 741w\" sizes=\"(max-width: 480px) 100vw, 480px\" \/><\/figure><\/div>\n\n\n\n<p style=\"font-size:27px\"><strong>PARA VER MODIFICACIONES DE FECHAS DE MESAS DE EXAMEN, <em><a rel=\"noreferrer noopener\" href=\"https:\/\/docs.google.com\/spreadsheets\/d\/1UtJ1z1t3fr_HmWe-Z82gyAdddPdRdGDa_kpJO88_wdo\/edit?usp=sharing\" target=\"_blank\">CLIC AQU\u00cd<\/a><\/em><\/strong><\/p>\n\n\n\n<p class=\"has-text-align-center\" style=\"font-size:31px\"><strong>INDICACIONES <\/strong>Y <strong>RECOMENDACIONES <\/strong><\/p>\n\n\n\n<figure class=\"wp-block-gallery columns-2 is-cropped wp-block-gallery-18 is-layout-flex\"><ul class=\"blocks-gallery-grid\"><li class=\"blocks-gallery-item\"><figure><img decoding=\"async\" loading=\"lazy\" width=\"1069\" height=\"1900\" src=\"https:\/\/isfd21-bue.infd.edu.ar\/sitio\/wp-content\/uploads\/2022\/07\/1-1069x1900.jpg\" alt=\"\" data-id=\"6344\" data-full-url=\"https:\/\/isfd21-bue.infd.edu.ar\/sitio\/wp-content\/uploads\/2022\/07\/1.jpg\" data-link=\"https:\/\/isfd21-bue.infd.edu.ar\/sitio\/inscripciones-a-mesas\/1-9\/#main\" class=\"wp-image-6344\" srcset=\"https:\/\/isfd21-bue.infd.edu.ar\/sitio\/wp-content\/uploads\/2022\/07\/1-1069x1900.jpg 1069w, https:\/\/isfd21-bue.infd.edu.ar\/sitio\/wp-content\/uploads\/2022\/07\/1-563x1000.jpg 563w, https:\/\/isfd21-bue.infd.edu.ar\/sitio\/wp-content\/uploads\/2022\/07\/1-768x1365.jpg 768w, https:\/\/isfd21-bue.infd.edu.ar\/sitio\/wp-content\/uploads\/2022\/07\/1-864x1536.jpg 864w, https:\/\/isfd21-bue.infd.edu.ar\/sitio\/wp-content\/uploads\/2022\/07\/1.jpg 1080w\" sizes=\"(max-width: 1069px) 100vw, 1069px\" \/><\/figure><\/li><li class=\"blocks-gallery-item\"><figure><img decoding=\"async\" loading=\"lazy\" width=\"1069\" height=\"1900\" src=\"https:\/\/isfd21-bue.infd.edu.ar\/sitio\/wp-content\/uploads\/2022\/07\/2-1069x1900.jpg\" alt=\"\" data-id=\"6345\" data-full-url=\"https:\/\/isfd21-bue.infd.edu.ar\/sitio\/wp-content\/uploads\/2022\/07\/2.jpg\" data-link=\"https:\/\/isfd21-bue.infd.edu.ar\/sitio\/inscripciones-a-mesas\/2-7\/#main\" class=\"wp-image-6345\" srcset=\"https:\/\/isfd21-bue.infd.edu.ar\/sitio\/wp-content\/uploads\/2022\/07\/2-1069x1900.jpg 1069w, https:\/\/isfd21-bue.infd.edu.ar\/sitio\/wp-content\/uploads\/2022\/07\/2-563x1000.jpg 563w, https:\/\/isfd21-bue.infd.edu.ar\/sitio\/wp-content\/uploads\/2022\/07\/2-768x1365.jpg 768w, https:\/\/isfd21-bue.infd.edu.ar\/sitio\/wp-content\/uploads\/2022\/07\/2-864x1536.jpg 864w, https:\/\/isfd21-bue.infd.edu.ar\/sitio\/wp-content\/uploads\/2022\/07\/2.jpg 1080w\" sizes=\"(max-width: 1069px) 100vw, 1069px\" \/><\/figure><\/li><\/ul><\/figure>\n\n\n\n<div class=\"wp-block-image\"><figure class=\"aligncenter size-large is-resized\"><img decoding=\"async\" loading=\"lazy\" src=\"https:\/\/isfd21-bue.infd.edu.ar\/sitio\/wp-content\/uploads\/2022\/07\/292062290_1190281531771823_3345127047019354580_n.jpg\" alt=\"\" class=\"wp-image-6436\" width=\"592\" height=\"420\"\/><figcaption><em><strong>\u00bfQU\u00c9 DATOS DEBO COMPLETAR EN LA PLANILLA DE INSCRIPCI\u00d3N A EXAMENES FINALES?<\/strong><\/em><\/figcaption><\/figure><\/div>\n\n\n\n<hr class=\"wp-block-separator\"\/>\n\n\n\n<p class=\"has-vivid-cyan-blue-color has-text-color\"><strong>LLAMADOS DURANTE EL CICLO LECTIVO:<\/strong><\/p>\n\n\n\n<p class=\"has-vivid-cyan-blue-color has-text-color\"><strong>TURNO FEBRERO\/MARZO: 2 LLAMADOS<\/strong><\/p>\n\n\n\n<p class=\"has-vivid-cyan-blue-color has-text-color\"><strong>TURNO AGOSTO: 1 LLAMADO<\/strong><\/p>\n\n\n\n<p class=\"has-vivid-cyan-blue-color has-text-color\"><strong>TURNO NOVIEMBRE\/DICIEMBRE: 2 LLAMADOS.<\/strong><\/p>\n\n\n\n<hr class=\"wp-block-separator\"\/>\n\n\n\n<hr class=\"wp-block-separator\"\/>\n\n\n<p><a href=\"https:\/\/isfd21-bue.infd.edu.ar\/sitio\/turnos-de-mesas-de-examenes-anteriores\/\" target=\"_blank\" rel=\"noopener\"><strong><em>TURNOS DE EXAMENES 2020, 2021, MARZO 2022<\/em><\/strong><\/a><\/p>\n\n\n<p><\/p>\n","protected":false},"excerpt":{"rendered":"<p>PUBLICAMOS LAS FECHAS DE LAS MESAS CORRESPONDIENTES AL TURNO DE EXAMENES NOVIEMBRE\/DICIEMBRE. EN ESTA OCASI\u00d3N TAMBI\u00c9N PODR\u00c1N RENDIR COMO LIBRE EN LAS MATERIAS QUE SE INSCRIBIERON EN ESA CONDICI\u00d3N. SE RECUERDA QUE SI BIEN HAY DOS LLAMADOS (2 FECHAS PARA RENDIR UNA MATERIA) SOLO PUEDEN INSCRIBIRSE A UN LLAMADO. A CONTINUACI\u00d3N SE DETALLAN LAS MESAS &#8230; <a title=\"TURNO DE EXAMEN DICIEMBRE 2022\" class=\"read-more\" href=\"https:\/\/isfd21-bue.infd.edu.ar\/sitio\/turno-de-examen-diciembre-2022\/\" aria-label=\"More on TURNO DE EXAMEN DICIEMBRE 2022\">[+]<\/a><\/p>\n","protected":false},"author":4673,"featured_media":0,"parent":0,"menu_order":0,"comment_status":"closed","ping_status":"closed","template":"","meta":[],"acf":[],"_links":{"self":[{"href":"https:\/\/isfd21-bue.infd.edu.ar\/sitio\/wp-json\/wp\/v2\/pages\/7359"}],"collection":[{"href":"https:\/\/isfd21-bue.infd.edu.ar\/sitio\/wp-json\/wp\/v2\/pages"}],"about":[{"href":"https:\/\/isfd21-bue.infd.edu.ar\/sitio\/wp-json\/wp\/v2\/types\/page"}],"author":[{"embeddable":true,"href":"https:\/\/isfd21-bue.infd.edu.ar\/sitio\/wp-json\/wp\/v2\/users\/4673"}],"replies":[{"embeddable":true,"href":"https:\/\/isfd21-bue.infd.edu.ar\/sitio\/wp-json\/wp\/v2\/comments?post=7359"}],"version-history":[{"count":10,"href":"https:\/\/isfd21-bue.infd.edu.ar\/sitio\/wp-json\/wp\/v2\/pages\/7359\/revisions"}],"predecessor-version":[{"id":7723,"href":"https:\/\/isfd21-bue.infd.edu.ar\/sitio\/wp-json\/wp\/v2\/pages\/7359\/revisions\/7723"}],"wp:attachment":[{"href":"https:\/\/isfd21-bue.infd.edu.ar\/sitio\/wp-json\/wp\/v2\/media?parent=7359"}],"curies":[{"name":"wp","href":"https:\/\/api.w.org\/{rel}","templated":true}]}}