{"id":7327,"date":"2022-10-19T16:15:58","date_gmt":"2022-10-19T19:15:58","guid":{"rendered":"https:\/\/isfd21-bue.infd.edu.ar\/sitio\/?page_id=7327"},"modified":"2023-03-01T10:59:34","modified_gmt":"2023-03-01T13:59:34","slug":"requisitos-2023","status":"publish","type":"page","link":"https:\/\/isfd21-bue.infd.edu.ar\/sitio\/requisitos-2023\/","title":{"rendered":"ENV\u00cdO DE DOCUMENTACI\u00d3N CERRADA(ETAPA 2)"},"content":{"rendered":"\n<p class=\"has-black-color has-text-color has-background has-normal-font-size\" style=\"background-color:#d9ebf6\"><strong><em>Es importante aclarar que la documentaci\u00f3n enviada debe ser legible, en un \u00fanico documento , puede ser Word o Pdf. . Debe ser copia fiel del original por lo cual es necesario que la copia est\u00e9 completa, sin cortes. <strong><em>Recomendamos descargar la aplicaci\u00f3n Cam Scanner desde play store al celular, para escanear los documentos.<\/em><\/strong> <\/em><\/strong><\/p>\n\n\n\n<div class=\"wp-block-columns is-layout-flex wp-container-3\">\n<div class=\"wp-block-column is-layout-flow\">\n<p><strong><em>LISTADO DE REQUISITOS<\/em><\/strong><\/p>\n\n\n\n<p class=\"has-text-color\" style=\"color:#174aaf\"><strong>*<em>Documento Nacional de Identidad (DNI)<\/em><\/strong> <em>(frente y reverso)<\/em><\/p>\n\n\n\n<p class=\"has-text-color\" style=\"color:#174aaf\"><strong>*<em>T\u00edtulo secundario con sello de Consejo Escolar o constancia de t\u00edtulo en tr\u00e1mite<\/em><\/strong> <em>(frente y reverso)<\/em><\/p>\n\n\n\n<p class=\"has-text-color\" style=\"color:#174aaf\"><strong>*<\/strong><em><strong>Partida de nacimiento<\/strong><\/em><\/p>\n\n\n\n<p class=\"has-text-color\" style=\"color:#174aaf\"><strong>*<em>Aptitud psicof\u00edsica (<a rel=\"noreferrer noopener\" href=\"https:\/\/isfd21-bue.infd.edu.ar\/sitio\/wp-content\/uploads\/2021\/11\/FICHA_MEDICA.doc\" target=\"_blank\">CLIC AQU\u00cd PARA DESCARGAR<\/a>)<\/em><\/strong>. <em>Plazo tope de entrega hasta el 31\/03\/23 <\/em><\/p>\n\n\n\n<p class=\"has-text-color\" style=\"color:#174aaf\"><strong>*<\/strong><em><strong>Planilla de inscripci\u00f3n CON FOTO 4X 4 INSERTADA (<a rel=\"noreferrer noopener\" href=\"https:\/\/isfd21-bue.infd.edu.ar\/sitio\/wp-content\/uploads\/2021\/11\/FICHA-INSCRIPCION-2022-4.docx\" target=\"_blank\">CLIC AQU\u00cd PARA DESCARGAR<\/a>)<\/strong><\/em><\/p>\n\n\n\n<p class=\"has-text-color\" style=\"color:#174aaf\"><strong>*<\/strong><em><strong>Bono contribuci\u00f3n Cooperadora<\/strong><\/em> <strong><em>de 2500 pesos<\/em><\/strong> (se puede abonar al momento de la presentaci\u00f3n de la documentaci\u00f3n, en Diciembre)<\/p>\n\n\n\n<p class=\"has-text-color\" style=\"color:#234381\"><strong>*<\/strong><em><strong>ASUNTO DE MAIL: APELLIDO Y NOMBRE<\/strong><\/em><\/p>\n<\/div>\n\n\n\n<div class=\"wp-block-column is-layout-flow\">\n<p><strong><em>VIDEO TUTORIAL DE C\u00d3MO ARMAR EL ADJUNTO PARA ENVIAR LA DOCUMENTACI\u00d3N<\/em><\/strong><\/p>\n\n\n\n<figure class=\"wp-block-embed is-type-video is-provider-youtube wp-block-embed-youtube wp-embed-aspect-4-3 wp-has-aspect-ratio\"><div class=\"wp-block-embed__wrapper\">\n<iframe loading=\"lazy\" title=\"ADJUNTAR DOCUMENTACION\" width=\"1200\" height=\"900\" src=\"https:\/\/www.youtube.com\/embed\/GDpo6oIBFEA?feature=oembed\" frameborder=\"0\" allow=\"accelerometer; autoplay; clipboard-write; encrypted-media; gyroscope; picture-in-picture; web-share\" allowfullscreen><\/iframe>\n<\/div><\/figure>\n<\/div>\n<\/div>\n\n\n\n<p class=\"has-text-align-left has-contrast-color has-very-light-gray-to-cyan-bluish-gray-gradient-background has-text-color has-background has-medium-font-size\">REQUISITOS PARA CUFBA EN EL SIGUIENTE LINK: <a href=\"https:\/\/isfd21-bue.infd.edu.ar\/sitio\/cufba\/\">https:\/\/isfd21-bue.infd.edu.ar\/sitio\/cufba\/<\/a><\/p>\n\n\n\n<p class=\"has-text-color\" style=\"color:#355f71;font-size:22px\"><strong>LISTADO DE MAILS PARA ENVIAR LA DOCUMENTACI\u00d3N:<\/strong><\/p>\n\n\n\n<figure class=\"wp-block-table\"><table><tbody><tr><td><\/td><\/tr><tr><td><\/td><\/tr><tr><td><\/td><\/tr><tr><td><\/td><\/tr><tr><td><\/td><\/tr><tr><td><\/td><\/tr><tr><td><\/td><\/tr><tr><td><\/td><\/tr><tr><td><\/td><\/tr><tr><td><\/td><\/tr><\/tbody><\/table><\/figure>\n\n\n\n<hr class=\"wp-block-separator has-css-opacity\"\/>\n\n\n\n<figure class=\"wp-block-embed is-type-wp-embed is-provider-instituto-superior-de-formacion-docente-n-21-quot-dr-ricardo-rojas-quot wp-block-embed-instituto-superior-de-formacion-docente-n-21-quot-dr-ricardo-rojas-quot\"><div class=\"wp-block-embed__wrapper\">\n<blockquote class=\"wp-embedded-content\" data-secret=\"ebEaK74C5s\"><a href=\"https:\/\/isfd21-bue.infd.edu.ar\/sitio\/cufba\/\">CUFBA<\/a><\/blockquote><iframe class=\"wp-embedded-content\" sandbox=\"allow-scripts\" security=\"restricted\" style=\"position: absolute; clip: rect(1px, 1px, 1px, 1px);\" title=\"\u00abCUFBA\u00bb \u2014 INSTITUTO SUPERIOR DE FORMACI\u00d3N DOCENTE N\u00ba 21 - &quot;Dr. Ricardo Rojas&quot; -\" src=\"https:\/\/isfd21-bue.infd.edu.ar\/sitio\/cufba\/embed\/#?secret=XaB56SsT04#?secret=ebEaK74C5s\" data-secret=\"ebEaK74C5s\" width=\"600\" height=\"338\" frameborder=\"0\" marginwidth=\"0\" marginheight=\"0\" scrolling=\"no\"><\/iframe>\n<\/div><\/figure>\n\n\n\n<figure class=\"wp-block-image size-large is-resized\"><a href=\"https:\/\/isfd21-bue.infd.edu.ar\/sitio\/inscripciones-ingresantes\/\"><img decoding=\"async\" loading=\"lazy\" src=\"https:\/\/isfd21-bue.infd.edu.ar\/sitio\/wp-content\/uploads\/2020\/09\/FLECHA.png\" alt=\"\" class=\"wp-image-2516\" width=\"77\" height=\"79\"\/><\/a><\/figure>\n\n\n\n<p>*<\/p>\n","protected":false},"excerpt":{"rendered":"<p>Es importante aclarar que la documentaci\u00f3n enviada debe ser legible, en un \u00fanico documento , puede ser Word o Pdf. . Debe ser copia fiel del original por lo cual es necesario que la copia est\u00e9 completa, sin cortes. Recomendamos descargar la aplicaci\u00f3n Cam Scanner desde play store al celular, para escanear los documentos. LISTADO &#8230; <a title=\"ENV\u00cdO DE DOCUMENTACI\u00d3N CERRADA(ETAPA 2)\" class=\"read-more\" href=\"https:\/\/isfd21-bue.infd.edu.ar\/sitio\/requisitos-2023\/\" aria-label=\"More on ENV\u00cdO DE DOCUMENTACI\u00d3N CERRADA(ETAPA 2)\">[+]<\/a><\/p>\n","protected":false},"author":4673,"featured_media":0,"parent":0,"menu_order":0,"comment_status":"closed","ping_status":"closed","template":"","meta":[],"acf":[],"_links":{"self":[{"href":"https:\/\/isfd21-bue.infd.edu.ar\/sitio\/wp-json\/wp\/v2\/pages\/7327"}],"collection":[{"href":"https:\/\/isfd21-bue.infd.edu.ar\/sitio\/wp-json\/wp\/v2\/pages"}],"about":[{"href":"https:\/\/isfd21-bue.infd.edu.ar\/sitio\/wp-json\/wp\/v2\/types\/page"}],"author":[{"embeddable":true,"href":"https:\/\/isfd21-bue.infd.edu.ar\/sitio\/wp-json\/wp\/v2\/users\/4673"}],"replies":[{"embeddable":true,"href":"https:\/\/isfd21-bue.infd.edu.ar\/sitio\/wp-json\/wp\/v2\/comments?post=7327"}],"version-history":[{"count":25,"href":"https:\/\/isfd21-bue.infd.edu.ar\/sitio\/wp-json\/wp\/v2\/pages\/7327\/revisions"}],"predecessor-version":[{"id":8156,"href":"https:\/\/isfd21-bue.infd.edu.ar\/sitio\/wp-json\/wp\/v2\/pages\/7327\/revisions\/8156"}],"wp:attachment":[{"href":"https:\/\/isfd21-bue.infd.edu.ar\/sitio\/wp-json\/wp\/v2\/media?parent=7327"}],"curies":[{"name":"wp","href":"https:\/\/api.w.org\/{rel}","templated":true}]}}