{"id":5687,"date":"2022-05-20T13:46:46","date_gmt":"2022-05-20T16:46:46","guid":{"rendered":"https:\/\/isfd21-bue.infd.edu.ar\/sitio\/?page_id=5687"},"modified":"2022-05-20T13:46:47","modified_gmt":"2022-05-20T16:46:47","slug":"turnos-de-mesas-de-examenes-anteriores","status":"publish","type":"page","link":"https:\/\/isfd21-bue.infd.edu.ar\/sitio\/turnos-de-mesas-de-examenes-anteriores\/","title":{"rendered":"Turnos de mesas de ex\u00e1menes anteriores"},"content":{"rendered":"\n<ul><li><strong><em>INSCRIPCI\u00d3N A MESAS DE FEBRERO\/MARZO 2022<\/em><\/strong><\/li><li><strong><em>INSCRIPCI\u00d3N A MESAS DE DICIEMBRE 2021<\/em><\/strong><\/li><li><strong><em>INSCRIPCI\u00d3N A MESAS DE AGOSTO 2021<\/em><\/strong><\/li><li><strong><em>INSCRIPCI\u00d3N MESAS MARZO 2021 (llamado extraordinario)<\/em><\/strong><\/li><li><strong><em>INSCRIPCI\u00d3N MESAS DICIEMBRE 2020 (llamado extraordinario)<\/em><\/strong><\/li><li><strong><em>RATIFICACI\u00d3N\/RECTIFICACI\u00d3N de inscripci\u00f3n de mesas pendientes de marzo 2020<\/em><\/strong><\/li><\/ul>\n","protected":false},"excerpt":{"rendered":"<p>INSCRIPCI\u00d3N A MESAS DE FEBRERO\/MARZO 2022 INSCRIPCI\u00d3N A MESAS DE DICIEMBRE 2021 INSCRIPCI\u00d3N A MESAS DE AGOSTO 2021 INSCRIPCI\u00d3N MESAS MARZO 2021 (llamado extraordinario) INSCRIPCI\u00d3N MESAS DICIEMBRE 2020 (llamado extraordinario) RATIFICACI\u00d3N\/RECTIFICACI\u00d3N de inscripci\u00f3n de mesas pendientes de marzo 2020<\/p>\n","protected":false},"author":4673,"featured_media":0,"parent":0,"menu_order":0,"comment_status":"closed","ping_status":"closed","template":"","meta":[],"acf":[],"_links":{"self":[{"href":"https:\/\/isfd21-bue.infd.edu.ar\/sitio\/wp-json\/wp\/v2\/pages\/5687"}],"collection":[{"href":"https:\/\/isfd21-bue.infd.edu.ar\/sitio\/wp-json\/wp\/v2\/pages"}],"about":[{"href":"https:\/\/isfd21-bue.infd.edu.ar\/sitio\/wp-json\/wp\/v2\/types\/page"}],"author":[{"embeddable":true,"href":"https:\/\/isfd21-bue.infd.edu.ar\/sitio\/wp-json\/wp\/v2\/users\/4673"}],"replies":[{"embeddable":true,"href":"https:\/\/isfd21-bue.infd.edu.ar\/sitio\/wp-json\/wp\/v2\/comments?post=5687"}],"version-history":[{"count":1,"href":"https:\/\/isfd21-bue.infd.edu.ar\/sitio\/wp-json\/wp\/v2\/pages\/5687\/revisions"}],"predecessor-version":[{"id":5688,"href":"https:\/\/isfd21-bue.infd.edu.ar\/sitio\/wp-json\/wp\/v2\/pages\/5687\/revisions\/5688"}],"wp:attachment":[{"href":"https:\/\/isfd21-bue.infd.edu.ar\/sitio\/wp-json\/wp\/v2\/media?parent=5687"}],"curies":[{"name":"wp","href":"https:\/\/api.w.org\/{rel}","templated":true}]}}