{"id":5475,"date":"2022-04-20T17:01:15","date_gmt":"2022-04-20T20:01:15","guid":{"rendered":"https:\/\/isfd21-bue.infd.edu.ar\/sitio\/?page_id=5475"},"modified":"2026-03-11T16:36:40","modified_gmt":"2026-03-11T19:36:40","slug":"horarios","status":"publish","type":"page","link":"https:\/\/isfd21-bue.infd.edu.ar\/sitio\/horarios\/","title":{"rendered":"HORARIOS"},"content":{"rendered":"\n<p class=\"has-medium-font-size\"><a href=\"https:\/\/drive.google.com\/drive\/folders\/1pVMB0QpVakhEAR3NT7Ee8lfrbIqEBYAg?usp=sharing\" target=\"_blank\" rel=\"noreferrer noopener\"><strong>HORARIOS DE CARRERAS 2026<\/strong> <\/a><\/p>\n\n\n\n<p class=\"has-accent-color has-text-color has-medium-font-size\"><em><strong><a rel=\"noreferrer noopener\" href=\"https:\/\/isfd21-bue.infd.edu.ar\/sitio\/horario-de-atencion-en-preceptoria\/\" target=\"_blank\">HORARIOS DE PRECEPTOR\u00cdA<\/a><\/strong><\/em><\/p>\n\n\n\n<p class=\"has-medium-font-size\"><strong><a rel=\"noreferrer noopener\" href=\"https:\/\/isfd21-bue.infd.edu.ar\/sitio\/horario-de-biblioteca\/\" target=\"_blank\"><em> HORARIOS DE BIBLIOTECA<\/em><\/a><\/strong><\/p>\n\n\n\n<p><strong><em><a rel=\"noreferrer noopener\" href=\"https:\/\/isfd21-bue.infd.edu.ar\/sitio\/horario-fonoaudiologa\/\" target=\"_blank\">HORARIO FONOAUDIOLOG\u00cdA<\/a><\/em><\/strong><\/p>\n\n\n\n<p class=\"has-accent-color has-text-color has-medium-font-size\"><strong><em><a rel=\"noreferrer noopener\" href=\"https:\/\/isfd21-bue.infd.edu.ar\/sitio\/horario-equipo-directivo\/\" target=\"_blank\">HORARIO EQUIPO DIRECTIVO<\/a><\/em><\/strong><\/p>\n\n\n\n<p class=\"has-medium-font-size\"><strong><em><a rel=\"noreferrer noopener\" href=\"https:\/\/isfd21-bue.infd.edu.ar\/sitio\/horario-equipo-de-conduccion\/\" target=\"_blank\">HORARIO DE JEFATURA Y SECRETARIA (EQUIPO DE CONDUCCI\u00d3N)<\/a><\/em><\/strong><\/p>\n\n\n\n<p class=\"has-text-color has-medium-font-size\" style=\"color:#0b8cc4\"><\/p>\n\n\n\n<p class=\"has-text-color has-medium-font-size\" style=\"color:#0474a4\"><\/p>\n","protected":false},"excerpt":{"rendered":"<p>HORARIOS DE CARRERAS 2026 HORARIOS DE PRECEPTOR\u00cdA HORARIOS DE BIBLIOTECA HORARIO FONOAUDIOLOG\u00cdA HORARIO EQUIPO DIRECTIVO HORARIO DE JEFATURA Y SECRETARIA (EQUIPO DE CONDUCCI\u00d3N)<\/p>\n","protected":false},"author":4673,"featured_media":0,"parent":0,"menu_order":0,"comment_status":"closed","ping_status":"closed","template":"","meta":[],"acf":[],"_links":{"self":[{"href":"https:\/\/isfd21-bue.infd.edu.ar\/sitio\/wp-json\/wp\/v2\/pages\/5475"}],"collection":[{"href":"https:\/\/isfd21-bue.infd.edu.ar\/sitio\/wp-json\/wp\/v2\/pages"}],"about":[{"href":"https:\/\/isfd21-bue.infd.edu.ar\/sitio\/wp-json\/wp\/v2\/types\/page"}],"author":[{"embeddable":true,"href":"https:\/\/isfd21-bue.infd.edu.ar\/sitio\/wp-json\/wp\/v2\/users\/4673"}],"replies":[{"embeddable":true,"href":"https:\/\/isfd21-bue.infd.edu.ar\/sitio\/wp-json\/wp\/v2\/comments?post=5475"}],"version-history":[{"count":25,"href":"https:\/\/isfd21-bue.infd.edu.ar\/sitio\/wp-json\/wp\/v2\/pages\/5475\/revisions"}],"predecessor-version":[{"id":14194,"href":"https:\/\/isfd21-bue.infd.edu.ar\/sitio\/wp-json\/wp\/v2\/pages\/5475\/revisions\/14194"}],"wp:attachment":[{"href":"https:\/\/isfd21-bue.infd.edu.ar\/sitio\/wp-json\/wp\/v2\/media?parent=5475"}],"curies":[{"name":"wp","href":"https:\/\/api.w.org\/{rel}","templated":true}]}}