{"id":4933,"date":"2022-02-25T14:57:20","date_gmt":"2022-02-25T17:57:20","guid":{"rendered":"https:\/\/isfd21-bue.infd.edu.ar\/sitio\/?page_id=4933"},"modified":"2025-05-29T16:46:25","modified_gmt":"2025-05-29T19:46:25","slug":"tramites-2","status":"publish","type":"page","link":"https:\/\/isfd21-bue.infd.edu.ar\/sitio\/tramites-2\/","title":{"rendered":"TR\u00c1MITES"},"content":{"rendered":"\n<p class=\"has-accent-color has-text-color has-large-font-size\"><strong><em><a href=\"https:\/\/isfd21-bue.infd.edu.ar\/sitio\/ayudantias\/\" target=\"_blank\" rel=\"noreferrer noopener\">AYUDANT\u00cdAS<\/a><\/em><\/strong><\/p>\n\n\n\n<p style=\"font-size:30px\"><a rel=\"noreferrer noopener\" href=\"https:\/\/isfd21-bue.infd.edu.ar\/sitio\/?page_id=3608&amp;preview=true\" target=\"_blank\"><em><strong>PEDIDO DE CONSTANCIAS<\/strong><\/em><\/a><\/p>\n\n\n\n<p style=\"font-size:30px\"><em><a rel=\"noreferrer noopener\" href=\"https:\/\/isfd21-bue.infd.edu.ar\/sitio\/solicitud-de-titulo\/\" target=\"_blank\"><strong>REND\u00cd MI \u00daLTIMA MATERIA ,&nbsp;\u00bfQu\u00e9&nbsp;debo hacer?&nbsp;<\/strong><\/a><\/em><\/p>\n\n\n\n<p style=\"font-size:30px\"><em><strong><a rel=\"noreferrer noopener\" href=\"https:\/\/isfd21-bue.infd.edu.ar\/sitio\/equivalencias-2\/\" target=\"_blank\">PEDIDO DE EQUIVALENCIAS<\/a><\/strong><\/em><\/p>\n\n\n\n<p class=\"has-accent-color has-text-color\" style=\"font-size:30px\"><strong><em><a href=\"https:\/\/isfd21-bue.infd.edu.ar\/sitio\/certificacion-de-programas-de-nuestra-institucion\/\" target=\"_blank\" rel=\"noreferrer noopener\">PEDIDO DE CERTIFICACI\u00d3N DE PROGRAMAS (DE ESTA INSTITUCI\u00d3N)<\/a><\/em><\/strong><\/p>\n\n\n\n<p style=\"font-size:30px\"><strong><em><a href=\"https:\/\/isfd21-bue.infd.edu.ar\/sitio\/pedido-de-pase-a-esta-institucion\/\" target=\"_blank\" rel=\"noreferrer noopener\">PEDIDO DE PASE A ESTA INSTITUCI\u00d3N<\/a><\/em><\/strong><\/p>\n\n\n\n<p style=\"font-size:30px\"><a href=\"https:\/\/isfd21-bue.infd.edu.ar\/sitio\/?page_id=3478&amp;preview=true\"><strong><em>PEDIDO DE PASE A OTRA INSTITUCI\u00d3N<\/em><\/strong><\/a><\/p>\n\n\n\n<hr class=\"wp-block-separator has-css-opacity\"\/>\n\n\n\n<p style=\"font-size:30px\"><strong><a rel=\"noreferrer noopener\" href=\"https:\/\/isfd21-bue.infd.edu.ar\/sitio\/formularios-y-constancias\/\" target=\"_blank\"><em>FORMULARIOS Y CONSTANCIAS<\/em><\/a><\/strong><\/p>\n\n\n\n<p><\/p>\n\n\n\n<p><\/p>\n\n\n\n<h4 class=\"wp-block-heading\">CUE: 060643600<\/h4>\n\n\n\n<h4 class=\"wp-block-heading\">Regi\u00f3n IX<\/h4>\n\n\n\n<h4 class=\"wp-block-heading\">Distrito 073<\/h4>\n\n\n\n<p><\/p>\n","protected":false},"excerpt":{"rendered":"<p>AYUDANT\u00cdAS PEDIDO DE CONSTANCIAS REND\u00cd MI \u00daLTIMA MATERIA ,&nbsp;\u00bfQu\u00e9&nbsp;debo hacer?&nbsp; PEDIDO DE EQUIVALENCIAS PEDIDO DE CERTIFICACI\u00d3N DE PROGRAMAS (DE ESTA INSTITUCI\u00d3N) PEDIDO DE PASE A ESTA INSTITUCI\u00d3N PEDIDO DE PASE A OTRA INSTITUCI\u00d3N FORMULARIOS Y CONSTANCIAS CUE: 060643600 Regi\u00f3n IX Distrito 073<\/p>\n","protected":false},"author":4673,"featured_media":0,"parent":0,"menu_order":0,"comment_status":"closed","ping_status":"closed","template":"","meta":[],"acf":[],"_links":{"self":[{"href":"https:\/\/isfd21-bue.infd.edu.ar\/sitio\/wp-json\/wp\/v2\/pages\/4933"}],"collection":[{"href":"https:\/\/isfd21-bue.infd.edu.ar\/sitio\/wp-json\/wp\/v2\/pages"}],"about":[{"href":"https:\/\/isfd21-bue.infd.edu.ar\/sitio\/wp-json\/wp\/v2\/types\/page"}],"author":[{"embeddable":true,"href":"https:\/\/isfd21-bue.infd.edu.ar\/sitio\/wp-json\/wp\/v2\/users\/4673"}],"replies":[{"embeddable":true,"href":"https:\/\/isfd21-bue.infd.edu.ar\/sitio\/wp-json\/wp\/v2\/comments?post=4933"}],"version-history":[{"count":10,"href":"https:\/\/isfd21-bue.infd.edu.ar\/sitio\/wp-json\/wp\/v2\/pages\/4933\/revisions"}],"predecessor-version":[{"id":12982,"href":"https:\/\/isfd21-bue.infd.edu.ar\/sitio\/wp-json\/wp\/v2\/pages\/4933\/revisions\/12982"}],"wp:attachment":[{"href":"https:\/\/isfd21-bue.infd.edu.ar\/sitio\/wp-json\/wp\/v2\/media?parent=4933"}],"curies":[{"name":"wp","href":"https:\/\/api.w.org\/{rel}","templated":true}]}}