{"id":4453,"date":"2021-11-23T18:44:25","date_gmt":"2021-11-23T21:44:25","guid":{"rendered":"https:\/\/isfd21-bue.infd.edu.ar\/sitio\/?page_id=4453"},"modified":"2021-11-26T22:11:57","modified_gmt":"2021-11-27T01:11:57","slug":"titulo-secundario","status":"publish","type":"page","link":"https:\/\/isfd21-bue.infd.edu.ar\/sitio\/titulo-secundario\/","title":{"rendered":"T\u00cdTULO SECUNDARIO"},"content":{"rendered":"\n<p class=\"has-text-align-center has-white-color has-vivid-red-background-color has-text-color has-background\" style=\"font-size:32px\"><strong>IMPORTANTE: LA DOCUMENTACI\u00d3N DEBE SER LEGIBLE, SIN CORTES Y VERSE EN SU TOTALIDAD<\/strong><\/p>\n\n\n\n<div class=\"wp-block-columns is-layout-flex wp-container-5\">\n<div class=\"wp-block-column is-layout-flow\">\n<div class=\"wp-block-columns is-layout-flex wp-container-3\">\n<div class=\"wp-block-column is-layout-flow\" style=\"flex-basis:33.33%\">\n<p style=\"font-size:29px\"><strong><em>SI TU T\u00cdTULO SE EMITI\u00d3 ANTERIOR AL A\u00d1O 2010, DEBE TENER SELLO DEL MINISTERIO DEL INTERIOR Y SELLO DE CONSEJO ESCOLAR.  ENVIAR FRENTE Y DORSO DEL MISMO. <\/em><\/strong><\/p>\n<\/div>\n\n\n\n<div class=\"wp-block-column is-layout-flow\" style=\"flex-basis:66.66%\">\n<figure class=\"wp-block-image size-large\"><img decoding=\"async\" loading=\"lazy\" width=\"963\" height=\"727\" src=\"https:\/\/isfd21-bue.infd.edu.ar\/sitio\/wp-content\/uploads\/2021\/11\/Ashampoo_Snap_2021.11.26_22h08m20s_003_.png\" alt=\"\" class=\"wp-image-4523\" srcset=\"https:\/\/isfd21-bue.infd.edu.ar\/sitio\/wp-content\/uploads\/2021\/11\/Ashampoo_Snap_2021.11.26_22h08m20s_003_.png 963w, https:\/\/isfd21-bue.infd.edu.ar\/sitio\/wp-content\/uploads\/2021\/11\/Ashampoo_Snap_2021.11.26_22h08m20s_003_-768x580.png 768w\" sizes=\"(max-width: 963px) 100vw, 963px\" \/><\/figure>\n<\/div>\n<\/div>\n<\/div>\n<\/div>\n\n\n\n<hr class=\"wp-block-separator\"\/>\n\n\n\n<p style=\"font-size:26px\"><strong><em>SI TU T\u00cdTULO SECUNDARIO SE EXPIDI\u00d3 DE 2010 A 2016, DEBE TENER SELLO DE CONSEJO ESCOLAR. ENVIAR FRENTE Y DORSO DEL T\u00cdTULO (EL CHIQUITO) Y FRENTE Y DORSO DEL ANAL\u00cdTICO (GRANDE)<\/em><\/strong>:<\/p>\n\n\n\n<div class=\"wp-block-columns is-layout-flex wp-container-8\">\n<div class=\"wp-block-column is-layout-flow\">\n<figure class=\"wp-block-image size-large\"><img decoding=\"async\" loading=\"lazy\" width=\"1042\" height=\"396\" src=\"https:\/\/isfd21-bue.infd.edu.ar\/sitio\/wp-content\/uploads\/2021\/11\/Ashampoo_Snap_2021.11.23_18h16m56s_008_-1.png\" alt=\"\" class=\"wp-image-4454\" srcset=\"https:\/\/isfd21-bue.infd.edu.ar\/sitio\/wp-content\/uploads\/2021\/11\/Ashampoo_Snap_2021.11.23_18h16m56s_008_-1.png 1042w, https:\/\/isfd21-bue.infd.edu.ar\/sitio\/wp-content\/uploads\/2021\/11\/Ashampoo_Snap_2021.11.23_18h16m56s_008_-1-1000x380.png 1000w, https:\/\/isfd21-bue.infd.edu.ar\/sitio\/wp-content\/uploads\/2021\/11\/Ashampoo_Snap_2021.11.23_18h16m56s_008_-1-768x292.png 768w\" sizes=\"(max-width: 1042px) 100vw, 1042px\" \/><figcaption><strong>T\u00cdTULO<\/strong><\/figcaption><\/figure>\n<\/div>\n\n\n\n<div class=\"wp-block-column is-layout-flow\">\n<figure class=\"wp-block-image size-large\"><img decoding=\"async\" loading=\"lazy\" width=\"960\" height=\"839\" src=\"https:\/\/isfd21-bue.infd.edu.ar\/sitio\/wp-content\/uploads\/2021\/11\/Ashampoo_Snap_2021.11.25_16h12m20s_004_.png\" alt=\"\" class=\"wp-image-4487\" srcset=\"https:\/\/isfd21-bue.infd.edu.ar\/sitio\/wp-content\/uploads\/2021\/11\/Ashampoo_Snap_2021.11.25_16h12m20s_004_.png 960w, https:\/\/isfd21-bue.infd.edu.ar\/sitio\/wp-content\/uploads\/2021\/11\/Ashampoo_Snap_2021.11.25_16h12m20s_004_-768x671.png 768w\" sizes=\"(max-width: 960px) 100vw, 960px\" \/><figcaption><em><strong>ANAL\u00cdTICO<\/strong><\/em><\/figcaption><\/figure>\n<\/div>\n<\/div>\n\n\n\n<hr class=\"wp-block-separator\"\/>\n\n\n\n<div class=\"wp-block-columns is-layout-flex wp-container-11\">\n<div class=\"wp-block-column is-layout-flow\">\n<p style=\"font-size:31px\"><em><strong>SI TU T\u00cdTULO SE EXPIDI\u00d3 DE 2017 EN ADELANTE, <strong><em>DEBE TENER SELLO DE CONSEJO ESCOLAR.<\/em><\/strong> ENVIAR EL FRENTE Y DORSO DEL ANAL\u00cdTICO<\/strong><\/em><\/p>\n<\/div>\n\n\n\n<div class=\"wp-block-column is-layout-flow\">\n<figure class=\"wp-block-image size-large\"><img decoding=\"async\" loading=\"lazy\" width=\"963\" height=\"697\" src=\"https:\/\/isfd21-bue.infd.edu.ar\/sitio\/wp-content\/uploads\/2021\/11\/Ashampoo_Snap_2021.11.25_16h31m04s_007_.png\" alt=\"\" class=\"wp-image-4488\" srcset=\"https:\/\/isfd21-bue.infd.edu.ar\/sitio\/wp-content\/uploads\/2021\/11\/Ashampoo_Snap_2021.11.25_16h31m04s_007_.png 963w, https:\/\/isfd21-bue.infd.edu.ar\/sitio\/wp-content\/uploads\/2021\/11\/Ashampoo_Snap_2021.11.25_16h31m04s_007_-768x556.png 768w\" sizes=\"(max-width: 963px) 100vw, 963px\" \/><\/figure>\n<\/div>\n<\/div>\n\n\n\n<p><\/p>\n","protected":false},"excerpt":{"rendered":"<p>IMPORTANTE: LA DOCUMENTACI\u00d3N DEBE SER LEGIBLE, SIN CORTES Y VERSE EN SU TOTALIDAD SI TU T\u00cdTULO SE EMITI\u00d3 ANTERIOR AL A\u00d1O 2010, DEBE TENER SELLO DEL MINISTERIO DEL INTERIOR Y SELLO DE CONSEJO ESCOLAR. ENVIAR FRENTE Y DORSO DEL MISMO. SI TU T\u00cdTULO SECUNDARIO SE EXPIDI\u00d3 DE 2010 A 2016, DEBE TENER SELLO DE CONSEJO &#8230; <a title=\"T\u00cdTULO SECUNDARIO\" class=\"read-more\" href=\"https:\/\/isfd21-bue.infd.edu.ar\/sitio\/titulo-secundario\/\" aria-label=\"More on T\u00cdTULO SECUNDARIO\">[+]<\/a><\/p>\n","protected":false},"author":4673,"featured_media":0,"parent":0,"menu_order":0,"comment_status":"closed","ping_status":"closed","template":"","meta":[],"acf":[],"_links":{"self":[{"href":"https:\/\/isfd21-bue.infd.edu.ar\/sitio\/wp-json\/wp\/v2\/pages\/4453"}],"collection":[{"href":"https:\/\/isfd21-bue.infd.edu.ar\/sitio\/wp-json\/wp\/v2\/pages"}],"about":[{"href":"https:\/\/isfd21-bue.infd.edu.ar\/sitio\/wp-json\/wp\/v2\/types\/page"}],"author":[{"embeddable":true,"href":"https:\/\/isfd21-bue.infd.edu.ar\/sitio\/wp-json\/wp\/v2\/users\/4673"}],"replies":[{"embeddable":true,"href":"https:\/\/isfd21-bue.infd.edu.ar\/sitio\/wp-json\/wp\/v2\/comments?post=4453"}],"version-history":[{"count":6,"href":"https:\/\/isfd21-bue.infd.edu.ar\/sitio\/wp-json\/wp\/v2\/pages\/4453\/revisions"}],"predecessor-version":[{"id":4524,"href":"https:\/\/isfd21-bue.infd.edu.ar\/sitio\/wp-json\/wp\/v2\/pages\/4453\/revisions\/4524"}],"wp:attachment":[{"href":"https:\/\/isfd21-bue.infd.edu.ar\/sitio\/wp-json\/wp\/v2\/media?parent=4453"}],"curies":[{"name":"wp","href":"https:\/\/api.w.org\/{rel}","templated":true}]}}