{"id":4165,"date":"2021-10-18T22:06:01","date_gmt":"2021-10-19T01:06:01","guid":{"rendered":"https:\/\/isfd21-bue.infd.edu.ar\/sitio\/?page_id=4165"},"modified":"2021-11-07T00:34:44","modified_gmt":"2021-11-07T03:34:44","slug":"inscripcion-mesas-diciembre-2021","status":"publish","type":"page","link":"https:\/\/isfd21-bue.infd.edu.ar\/sitio\/inscripcion-mesas-diciembre-2021\/","title":{"rendered":"INSCRIPCI\u00d3N MESAS DICIEMBRE 2021"},"content":{"rendered":"\n<p class=\"has-white-color has-vivid-red-background-color has-text-color has-background\" style=\"font-size:37px\"><strong>INSCRIPCIONES A MESAS DEL 01\/11 AL 06\/11<\/strong><\/p>\n\n\n\n<h2 class=\"has-text-align-center wp-block-heading\"><em><strong>Fechas de turno de mesas de examen noviembre\/diciembre <\/strong><\/em>2021<em><strong>, del 15\/11 al 18\/12<\/strong><\/em>,    <\/h2>\n\n\n\n<h2 class=\"has-text-align-center wp-block-heading\">las mismas pueden tener modificaciones.  <em><strong><a rel=\"noreferrer noopener\" href=\"https:\/\/isfd21-bue.infd.edu.ar\/sitio\/mesas-de-examenes_turno-diciembre\/\" target=\"_blank\">CLIC AQU\u00cd&nbsp;<\/a><\/strong><\/em><\/h2>\n\n\n\n<div class=\"wp-block-columns is-layout-flex wp-container-3\">\n<div class=\"wp-block-column is-layout-flow\">\n<figure class=\"wp-block-image size-large\"><img decoding=\"async\" loading=\"lazy\" width=\"1343\" height=\"1900\" src=\"https:\/\/isfd21-bue.infd.edu.ar\/sitio\/wp-content\/uploads\/2021\/10\/1-1343x1900.jpg\" alt=\"\" class=\"wp-image-4322\" srcset=\"https:\/\/isfd21-bue.infd.edu.ar\/sitio\/wp-content\/uploads\/2021\/10\/1-1343x1900.jpg 1343w, https:\/\/isfd21-bue.infd.edu.ar\/sitio\/wp-content\/uploads\/2021\/10\/1-707x1000.jpg 707w, https:\/\/isfd21-bue.infd.edu.ar\/sitio\/wp-content\/uploads\/2021\/10\/1-768x1086.jpg 768w, https:\/\/isfd21-bue.infd.edu.ar\/sitio\/wp-content\/uploads\/2021\/10\/1-1086x1536.jpg 1086w, https:\/\/isfd21-bue.infd.edu.ar\/sitio\/wp-content\/uploads\/2021\/10\/1-1448x2048.jpg 1448w, https:\/\/isfd21-bue.infd.edu.ar\/sitio\/wp-content\/uploads\/2021\/10\/1.jpg 1587w\" sizes=\"(max-width: 1343px) 100vw, 1343px\" \/><\/figure>\n<\/div>\n\n\n\n<div class=\"wp-block-column is-layout-flow\">\n<figure class=\"wp-block-image size-large\"><img decoding=\"async\" loading=\"lazy\" width=\"1343\" height=\"1900\" src=\"https:\/\/isfd21-bue.infd.edu.ar\/sitio\/wp-content\/uploads\/2021\/10\/2-1343x1900.jpg\" alt=\"\" class=\"wp-image-4323\" srcset=\"https:\/\/isfd21-bue.infd.edu.ar\/sitio\/wp-content\/uploads\/2021\/10\/2-1343x1900.jpg 1343w, https:\/\/isfd21-bue.infd.edu.ar\/sitio\/wp-content\/uploads\/2021\/10\/2-707x1000.jpg 707w, https:\/\/isfd21-bue.infd.edu.ar\/sitio\/wp-content\/uploads\/2021\/10\/2-768x1086.jpg 768w, https:\/\/isfd21-bue.infd.edu.ar\/sitio\/wp-content\/uploads\/2021\/10\/2-1086x1536.jpg 1086w, https:\/\/isfd21-bue.infd.edu.ar\/sitio\/wp-content\/uploads\/2021\/10\/2-1448x2048.jpg 1448w, https:\/\/isfd21-bue.infd.edu.ar\/sitio\/wp-content\/uploads\/2021\/10\/2.jpg 1587w\" sizes=\"(max-width: 1343px) 100vw, 1343px\" \/><\/figure>\n<\/div>\n<\/div>\n\n\n\n<div class=\"wp-block-image\"><figure class=\"alignright size-large is-resized\"><img decoding=\"async\" loading=\"lazy\" src=\"https:\/\/isfd21-bue.infd.edu.ar\/sitio\/wp-content\/uploads\/2021\/10\/A-special-birthday-treat-for-you.jpg\" alt=\"\" class=\"wp-image-4169\" width=\"530\" height=\"530\" srcset=\"https:\/\/isfd21-bue.infd.edu.ar\/sitio\/wp-content\/uploads\/2021\/10\/A-special-birthday-treat-for-you.jpg 1080w, https:\/\/isfd21-bue.infd.edu.ar\/sitio\/wp-content\/uploads\/2021\/10\/A-special-birthday-treat-for-you-1000x1000.jpg 1000w, https:\/\/isfd21-bue.infd.edu.ar\/sitio\/wp-content\/uploads\/2021\/10\/A-special-birthday-treat-for-you-500x500.jpg 500w, https:\/\/isfd21-bue.infd.edu.ar\/sitio\/wp-content\/uploads\/2021\/10\/A-special-birthday-treat-for-you-768x768.jpg 768w\" sizes=\"(max-width: 530px) 100vw, 530px\" \/><\/figure><\/div>\n\n\n\n<h4 class=\"wp-block-heading\"><strong><em>La inscripci\u00f3n a ex\u00e1menes ha finalizado.<\/em><\/strong><\/h4>\n\n\n\n<p><\/p>\n\n\n\n<p><\/p>\n\n\n\n<p><\/p>\n\n\n\n<p><\/p>\n\n\n\n<p class=\"has-medium-font-size\"><\/p>\n\n\n\n<p><\/p>\n","protected":false},"excerpt":{"rendered":"<p>INSCRIPCIONES A MESAS DEL 01\/11 AL 06\/11 Fechas de turno de mesas de examen noviembre\/diciembre 2021, del 15\/11 al 18\/12, las mismas pueden tener modificaciones. CLIC AQU\u00cd&nbsp; La inscripci\u00f3n a ex\u00e1menes ha finalizado.<\/p>\n","protected":false},"author":4673,"featured_media":0,"parent":0,"menu_order":0,"comment_status":"closed","ping_status":"closed","template":"","meta":[],"acf":[],"_links":{"self":[{"href":"https:\/\/isfd21-bue.infd.edu.ar\/sitio\/wp-json\/wp\/v2\/pages\/4165"}],"collection":[{"href":"https:\/\/isfd21-bue.infd.edu.ar\/sitio\/wp-json\/wp\/v2\/pages"}],"about":[{"href":"https:\/\/isfd21-bue.infd.edu.ar\/sitio\/wp-json\/wp\/v2\/types\/page"}],"author":[{"embeddable":true,"href":"https:\/\/isfd21-bue.infd.edu.ar\/sitio\/wp-json\/wp\/v2\/users\/4673"}],"replies":[{"embeddable":true,"href":"https:\/\/isfd21-bue.infd.edu.ar\/sitio\/wp-json\/wp\/v2\/comments?post=4165"}],"version-history":[{"count":21,"href":"https:\/\/isfd21-bue.infd.edu.ar\/sitio\/wp-json\/wp\/v2\/pages\/4165\/revisions"}],"predecessor-version":[{"id":4387,"href":"https:\/\/isfd21-bue.infd.edu.ar\/sitio\/wp-json\/wp\/v2\/pages\/4165\/revisions\/4387"}],"wp:attachment":[{"href":"https:\/\/isfd21-bue.infd.edu.ar\/sitio\/wp-json\/wp\/v2\/media?parent=4165"}],"curies":[{"name":"wp","href":"https:\/\/api.w.org\/{rel}","templated":true}]}}