{"id":4140,"date":"2021-10-12T17:00:51","date_gmt":"2021-10-12T20:00:51","guid":{"rendered":"https:\/\/isfd21-bue.infd.edu.ar\/sitio\/?page_id=4140"},"modified":"2021-10-12T17:13:45","modified_gmt":"2021-10-12T20:13:45","slug":"asociacion-cooperadora","status":"publish","type":"page","link":"https:\/\/isfd21-bue.infd.edu.ar\/sitio\/asociacion-cooperadora\/","title":{"rendered":"ASOCIACI\u00d3N COOPERADORA"},"content":{"rendered":"\n<p class=\"has-text-align-center has-text-color has-medium-font-size\" style=\"color:#304d59\"><strong><em>\u00bfQu\u00e9 es una Asociaci\u00f3n Cooperadora?<br><\/em><\/strong>Una Cooperadora Escolar, es una asociaci\u00f3n sin fines de lucro que suma voluntades de todas\/os sus participantes, para fomentar, incentivar y articular distintas acciones para mejorar la calidad educativa .<br>Sus integrantes, que pueden ser padres, abuelos\/as, ex alumnos\/as o cualquier actor de la comunidad educativa, relacionado de alguna manera con el establecimiento, aportan su tiempo y energ\u00eda para trabajar por el bienestar de los ni\u00f1os y las ni\u00f1as.<br>Gracias al aporte de las familias, (cuota societaria, donaciones), la Cooperadora, colabora con el establecimiento, brindando recursos necesarios para el desarrollo de la actividad educativa.<br>Productos de limpieza, art\u00edculos de librer\u00eda, arreglos edilicios, y acompa\u00f1amiento en la trayectoria escolar del alumno (donaci\u00f3n de libros, ropa, etc.), son algunos de los aspectos en los que la Cooperadora participa.<br>Es notable la diferencia entre aquel establecimiento que tiene una Cooperadora funcionando correctamente, y aquel que no.<br>Sumado a estos beneficios, la Cooperadora Escolar ayuda a concientizar sobre el valor que tiene el establecimiento dentro de la comunidad, como as\u00ed tambi\u00e9n a crear, en alumnos\/as y familias, sentido de pertenencia, que favorecer\u00e1 tanto el cuidado del edificio como de las relaciones interpersonales.<br>No necesariamente debe cubrir las falencias que pueda tener la escuela, sino acompa\u00f1ar en los distintos momentos que atraviesa un establecimiento a lo largo del ciclo lectivo.<br>Una Asociaci\u00f3n Cooperadora reconocida por la Direcci\u00f3n de Cooperaci\u00f3n Escolar tiene la posibilidad de realizar distintos eventos, para acercarse a la comunidad educativa, como as\u00ed tambi\u00e9n para recaudar fondos (ferias del platos, festivales, bono contribuci\u00f3n, loter\u00eda familiar).<br>Puede colaborar en distintos proyectos educativos, aportar ideas y organizar jornadas de trabajo.<br>El primer antecedente que se registra en la Provincia de Buenos Aires sobre una Cooperadora Escolar, es hace 203 a\u00f1os aproximadamente, en el distrito de Chascom\u00fas, donde hubo una junta vecinal, que trabaj\u00f3 en un establecimiento educativo, con las bases de lo que hoy reconocemos como una Asociaci\u00f3n Cooperadora.<\/p>\n\n\n\n<p><\/p>\n\n\n\n<p class=\"has-medium-font-size\"><strong><em>Pod\u00e9s conocer m\u00e1s de una Asociaci\u00f3n Cooperadora accediendo a los documentos que abajo se adjuntan:<\/em><\/strong><\/p>\n\n\n\n<div class=\"wp-block-file\"><a href=\"https:\/\/isfd21-bue.infd.edu.ar\/sitio\/wp-content\/uploads\/2021\/10\/Modelo-INFORME-REVISORES-de-cuenta.docx\">Modelo-INFORME-REVISORES-de-cuenta<\/a><a href=\"https:\/\/isfd21-bue.infd.edu.ar\/sitio\/wp-content\/uploads\/2021\/10\/Modelo-INFORME-REVISORES-de-cuenta.docx\" class=\"wp-block-file__button\" download>Descarga<\/a><\/div>\n\n\n\n<div class=\"wp-block-file\"><a href=\"https:\/\/isfd21-bue.infd.edu.ar\/sitio\/wp-content\/uploads\/2021\/10\/DI-2021-16902908-GDEBA-DCEDGCYE.pdf\">DI-2021-16902908-GDEBA-DCEDGCYE<\/a><a href=\"https:\/\/isfd21-bue.infd.edu.ar\/sitio\/wp-content\/uploads\/2021\/10\/DI-2021-16902908-GDEBA-DCEDGCYE.pdf\" class=\"wp-block-file__button\" download>Descarga<\/a><\/div>\n\n\n\n<div class=\"wp-block-file\"><a href=\"https:\/\/isfd21-bue.infd.edu.ar\/sitio\/wp-content\/uploads\/2021\/10\/INSTRUCTIVO-SOBRE-ENVIO-DE-DOCUMENTACION-DE-ASAMBLEAS-2021-1.pdf\">INSTRUCTIVO-SOBRE-ENVIO-DE-DOCUMENTACION-DE-ASAMBLEAS-2021-1<\/a><a href=\"https:\/\/isfd21-bue.infd.edu.ar\/sitio\/wp-content\/uploads\/2021\/10\/INSTRUCTIVO-SOBRE-ENVIO-DE-DOCUMENTACION-DE-ASAMBLEAS-2021-1.pdf\" class=\"wp-block-file__button\" download>Descarga<\/a><\/div>\n\n\n\n<div class=\"wp-block-file\"><a href=\"https:\/\/isfd21-bue.infd.edu.ar\/sitio\/wp-content\/uploads\/2021\/10\/NOMINA-COMISION-DIRECTIVA-EDITABLE1.pdf\">NOMINA-COMISION-DIRECTIVA-EDITABLE1<\/a><a href=\"https:\/\/isfd21-bue.infd.edu.ar\/sitio\/wp-content\/uploads\/2021\/10\/NOMINA-COMISION-DIRECTIVA-EDITABLE1.pdf\" class=\"wp-block-file__button\" download>Descarga<\/a><\/div>\n\n\n\n<div class=\"wp-block-file\"><a href=\"https:\/\/isfd21-bue.infd.edu.ar\/sitio\/wp-content\/uploads\/2021\/10\/Manual-de-formacion-y-fortalecimiento-para-Cooperadoras-Escolares-2021.pdf\">Manual-de-formacion-y-fortalecimiento-para-Cooperadoras-Escolares-2021<\/a><a href=\"https:\/\/isfd21-bue.infd.edu.ar\/sitio\/wp-content\/uploads\/2021\/10\/Manual-de-formacion-y-fortalecimiento-para-Cooperadoras-Escolares-2021.pdf\" class=\"wp-block-file__button\" download>Descarga<\/a><\/div>\n\n\n\n<div class=\"wp-block-file\"><a href=\"https:\/\/isfd21-bue.infd.edu.ar\/sitio\/wp-content\/uploads\/2021\/10\/PIA-PLANILLA-DE-INFORMACION-ANUAL-EDITABLE1-1.pdf\">PIA-PLANILLA-DE-INFORMACION-ANUAL-EDITABLE1-1<\/a><a href=\"https:\/\/isfd21-bue.infd.edu.ar\/sitio\/wp-content\/uploads\/2021\/10\/PIA-PLANILLA-DE-INFORMACION-ANUAL-EDITABLE1-1.pdf\" class=\"wp-block-file__button\" download>Descarga<\/a><\/div>\n\n\n\n<div class=\"wp-block-file\"><a href=\"https:\/\/isfd21-bue.infd.edu.ar\/sitio\/wp-content\/uploads\/2021\/10\/ANEXO-I-PROTOCOLO-Asambleas-Presenciales-Cooperadoras-Escolares-1.pdf\">ANEXO-I-PROTOCOLO-Asambleas-Presenciales-Cooperadoras-Escolares-1<\/a><a href=\"https:\/\/isfd21-bue.infd.edu.ar\/sitio\/wp-content\/uploads\/2021\/10\/ANEXO-I-PROTOCOLO-Asambleas-Presenciales-Cooperadoras-Escolares-1.pdf\" class=\"wp-block-file__button\" download>Descarga<\/a><\/div>\n","protected":false},"excerpt":{"rendered":"<p>\u00bfQu\u00e9 es una Asociaci\u00f3n Cooperadora?Una Cooperadora Escolar, es una asociaci\u00f3n sin fines de lucro que suma voluntades de todas\/os sus participantes, para fomentar, incentivar y articular distintas acciones para mejorar la calidad educativa .Sus integrantes, que pueden ser padres, abuelos\/as, ex alumnos\/as o cualquier actor de la comunidad educativa, relacionado de alguna manera con el &#8230; <a title=\"ASOCIACI\u00d3N COOPERADORA\" class=\"read-more\" href=\"https:\/\/isfd21-bue.infd.edu.ar\/sitio\/asociacion-cooperadora\/\" aria-label=\"More on ASOCIACI\u00d3N COOPERADORA\">[+]<\/a><\/p>\n","protected":false},"author":4673,"featured_media":0,"parent":0,"menu_order":0,"comment_status":"closed","ping_status":"closed","template":"","meta":[],"acf":[],"_links":{"self":[{"href":"https:\/\/isfd21-bue.infd.edu.ar\/sitio\/wp-json\/wp\/v2\/pages\/4140"}],"collection":[{"href":"https:\/\/isfd21-bue.infd.edu.ar\/sitio\/wp-json\/wp\/v2\/pages"}],"about":[{"href":"https:\/\/isfd21-bue.infd.edu.ar\/sitio\/wp-json\/wp\/v2\/types\/page"}],"author":[{"embeddable":true,"href":"https:\/\/isfd21-bue.infd.edu.ar\/sitio\/wp-json\/wp\/v2\/users\/4673"}],"replies":[{"embeddable":true,"href":"https:\/\/isfd21-bue.infd.edu.ar\/sitio\/wp-json\/wp\/v2\/comments?post=4140"}],"version-history":[{"count":3,"href":"https:\/\/isfd21-bue.infd.edu.ar\/sitio\/wp-json\/wp\/v2\/pages\/4140\/revisions"}],"predecessor-version":[{"id":4154,"href":"https:\/\/isfd21-bue.infd.edu.ar\/sitio\/wp-json\/wp\/v2\/pages\/4140\/revisions\/4154"}],"wp:attachment":[{"href":"https:\/\/isfd21-bue.infd.edu.ar\/sitio\/wp-json\/wp\/v2\/media?parent=4140"}],"curies":[{"name":"wp","href":"https:\/\/api.w.org\/{rel}","templated":true}]}}