{"id":3668,"date":"2021-06-30T16:13:09","date_gmt":"2021-06-30T19:13:09","guid":{"rendered":"https:\/\/isfd21-bue.infd.edu.ar\/sitio\/?page_id=3668"},"modified":"2021-08-13T22:17:31","modified_gmt":"2021-08-14T01:17:31","slug":"cambios-de-fecha-reprogramaciones-correcciones-de-mesa","status":"publish","type":"page","link":"https:\/\/isfd21-bue.infd.edu.ar\/sitio\/cambios-de-fecha-reprogramaciones-correcciones-de-mesa\/","title":{"rendered":"CAMBIOS DE FECHA, REPROGRAMACIONES, CORRECCIONES DE MESA"},"content":{"rendered":"<p class=\"bi6gxh9e\"><span class=\"d2edcug0 hpfvmrgz qv66sw1b c1et5uql lr9zc1uh jq4qci2q a3bd9o3v knj5qynh oo9gr5id\"><b>AVISO IMPORTANTE SOBRE HORARIO DE MESAS DE EXAMENES DEL PROFESORADO DE INGLES 3\u00b02\u00b0 (PLAN VIEJO) Y DEL PROFESORADO DE LENGUA 2\u00b02\u00b0(PLAN VIEJO)<\/b><\/span><\/p>\n<p class=\"bi6gxh9e\"><span class=\"d2edcug0 hpfvmrgz qv66sw1b c1et5uql lr9zc1uh jq4qci2q a3bd9o3v knj5qynh oo9gr5id\"><span class=\"pq6dq46d tbxw36s4 knj5qynh kvgmc6g5 ditlmg2l oygrvhab nvdbi5me sf5mxxl7 gl3lb2sf hhz5lgdu\">*<\/span>LA MESA DE 2\u00b02\u00b0 P.\u00a0<b>DID\u00c1CTICA II\u00a0<\/b>DEL (PROFESORADO DE LENGUA DEL TURNO MA\u00d1ANA) SE VA A TOMAR EL 17\/8, A LAS\u00a0<b>18<\/b>\u00a0HS. TAL COMO FIGURA EN EL CRONOGRAMA . LA PROF. TITULAR DE LA MESA ES ISABEL AGAZZI.<\/span><\/p>\n<p class=\"bi6gxh9e\"><span class=\"d2edcug0 hpfvmrgz qv66sw1b c1et5uql lr9zc1uh jq4qci2q a3bd9o3v knj5qynh oo9gr5id\"><span class=\"pq6dq46d tbxw36s4 knj5qynh kvgmc6g5 ditlmg2l oygrvhab nvdbi5me sf5mxxl7 gl3lb2sf hhz5lgdu\">*<\/span>LA MESA DE 3\u00b02\u00b0 P-<b>PEDAGOGICO-FILOSOFICO-DIDACTICA<\/b>\u00a0(PROFESORADO DE INGLES- DEL TURNO VESPERTINO) SE VA A TOMAR EL 4\/8 , A LAS\u00a0<b>8<\/b>HS TAL COMO FIGURA EN EL CRONOGRAMA. LA PROFESORA TITULAR DE LA MESA ES ADRIANA JACOME.<\/span><\/p>\n<p>*<span class=\"d2edcug0 hpfvmrgz qv66sw1b c1et5uql lr9zc1uh o3w64lxj b2s5l15y knj5qynh oo9gr5id\"><b>ATENCI\u00d3N CARRERA INGL\u00c9S, CAMBIO DE FECHA EN MESAS DE EXAMEN:\u00a0<\/b><\/span><span class=\"d2edcug0 hpfvmrgz qv66sw1b c1et5uql lr9zc1uh jq4qci2q a3bd9o3v hnhda86s m9osqain\">MESA: 53.660 DE 1\u00ba 1ERO PDCE I GIRACCA PASA DEL MIERCOLES 3-8 AL S\u00c1BADO 7-8 C\/ MEDELA.<\/span><\/p>\n<p>*<span class=\"d2edcug0 hpfvmrgz qv66sw1b c1et5uql lr9zc1uh jq4qci2q a3bd9o3v knj5qynh oo9gr5id\"><b>AVISO IMPORTANTE SOBRE HORARIO DE MESAS DE EXAMENES DEL PROFESORADO DE INGLES 3\u00b02\u00b0 (PLAN VIEJO) Y DEL PROFESORADO DE LENGUA 2\u00b02\u00b0(PLAN VIEJO)<\/b><\/span><\/p>\n<p class=\"bi6gxh9e\"><span class=\"d2edcug0 hpfvmrgz qv66sw1b c1et5uql lr9zc1uh jq4qci2q a3bd9o3v knj5qynh oo9gr5id\">\u00a0LA MESA DE 2\u00b02\u00b0 P.\u00a0<b>DID\u00c1CTICA II\u00a0<\/b>DEL (PROFESORADO DE LENGUA DEL TURNO MA\u00d1ANA) SE VA A TOMAR EL 17\/8, A LAS\u00a0<b>18<\/b>\u00a0HS. TAL COMO FIGURA EN EL CRONOGRAMA . LA PROF. TITULAR DE LA MESA ES ISABEL AGAZZI.<\/span><\/p>\n<p class=\"bi6gxh9e\"><span class=\"d2edcug0 hpfvmrgz qv66sw1b c1et5uql lr9zc1uh jq4qci2q a3bd9o3v knj5qynh oo9gr5id\">LA MESA DE 3\u00b02\u00b0 P-<b>PEDAGOGICO-FILOSOFICO-DIDACTICA<\/b>\u00a0(PROFESORADO DE INGLES- DEL TURNO VESPERTINO) SE VA A TOMAR EL 4\/8 , A LAS\u00a0<b>8<\/b>HS TAL COMO FIGURA EN EL CRONOGRAMA. LA PROFESORA TITULAR DE LA MESA ES ADRIANA JACOME.<\/span><\/p>\n<div class=\"bi6gxh9e\"><span class=\"d2edcug0 hpfvmrgz qv66sw1b c1et5uql lr9zc1uh jq4qci2q a3bd9o3v knj5qynh oo9gr5id\">\u00a0<b>REPROGRAMACION MESA DE EXAMEN &#8211; PROFESORADO DE MATEM\u00c1TICA &#8211; TURNO MA\u00d1ANA<\/b><\/span><\/div>\n<div class=\"bi6gxh9e\"><span class=\"d2edcug0 hpfvmrgz qv66sw1b c1et5uql lr9zc1uh jq4qci2q a3bd9o3v knj5qynh oo9gr5id\">La mesa de Historia y Politica Argentina, de 2\u00b01\u00b0 a\u00f1o (Plan nuevo) se pasa del 6\/8 al\u00a0<b>20\/8<\/b>, a las 8:00hs. y la va a tomar la profesora\u00a0<b>Sandra Ocker<\/b>.<\/span><\/div>\n<div class=\"bi6gxh9e\"><span class=\"d2edcug0 hpfvmrgz qv66sw1b c1et5uql lr9zc1uh jq4qci2q a3bd9o3v knj5qynh oo9gr5id\">Se agradece difusi\u00f3n.<\/span><\/div>\n<div>\n<p class=\"gmql0nx0 l94mrbxd p1ri9a11 lzcic4wl n851cfcs\" dir=\"auto\"><span class=\"d2edcug0 hpfvmrgz qv66sw1b c1et5uql lr9zc1uh o3w64lxj b2s5l15y knj5qynh oo9gr5id\"><b>ATENCI\u00d3N PROFESORASO DE LENGUA Y LITERATURA_<\/b><\/span><span class=\"d2edcug0 hpfvmrgz qv66sw1b c1et5uql lr9zc1uh jq4qci2q a3bd9o3v hnhda86s m9osqain\"><b>PROF. DE LENGUA 3RO 1RA FILO Y EDUC MARTES 17\/8\u00a0<\/b><\/span><span class=\"d2edcug0 hpfvmrgz qv66sw1b c1et5uql lr9zc1uh jq4qci2q a3bd9o3v hnhda86s m9osqain\"><b>TEOR\u00cdAS LIT. DE 1 ERO 2 DA 18 HS 3\/8<\/b><\/span><\/p>\n<p class=\"gmql0nx0 l94mrbxd p1ri9a11 lzcic4wl n851cfcs\" dir=\"auto\"><span class=\"d2edcug0 hpfvmrgz qv66sw1b c1et5uql lr9zc1uh o3w64lxj b2s5l15y knj5qynh oo9gr5id\"><b>Atenci\u00f3n carrera de Lengua <\/b><\/span><span class=\"d2edcug0 hpfvmrgz qv66sw1b c1et5uql lr9zc1uh jq4qci2q a3bd9o3v hnhda86s m9osqain\">LAS MESAS DEL PROFESOR LANUTTI SE SUSPENDEN POR LICENCIA DEL MISMO<\/span><\/p>\n<p class=\"gmql0nx0 l94mrbxd p1ri9a11 lzcic4wl oud54xpy sqxagodl ku2m03ct\" dir=\"auto\"><span class=\"d2edcug0 hpfvmrgz qv66sw1b c1et5uql lr9zc1uh jq4qci2q a3bd9o3v hnhda86s m9osqain\">EN CUANTO SE CONOZCAN NUEVAS FECHAS SE COMPARTIR\u00c1 LA INFORMACI\u00d3N<\/span><\/p>\n<p class=\"gmql0nx0 l94mrbxd p1ri9a11 lzcic4wl oud54xpy sqxagodl ku2m03ct\" dir=\"auto\"><span class=\"d2edcug0 hpfvmrgz qv66sw1b c1et5uql lr9zc1uh jq4qci2q a3bd9o3v hnhda86s m9osqain\">2DO 1ERA DID DE LA LENGUA<\/span><\/p>\n<p class=\"gmql0nx0 l94mrbxd p1ri9a11 lzcic4wl oud54xpy sqxagodl ku2m03ct\" dir=\"auto\"><span class=\"d2edcug0 hpfvmrgz qv66sw1b c1et5uql lr9zc1uh jq4qci2q a3bd9o3v hnhda86s m9osqain\">3RO 1 ERA SEMI\u00d3TICA<\/span><\/p>\n<p class=\"gmql0nx0 l94mrbxd p1ri9a11 lzcic4wl oud54xpy sqxagodl ku2m03ct\" dir=\"auto\"><span class=\"d2edcug0 hpfvmrgz qv66sw1b c1et5uql lr9zc1uh jq4qci2q a3bd9o3v hnhda86s m9osqain\">1ERO1ERA LING\u00dc\u00cdSTICA 1<\/span><\/p>\n<p class=\"gmql0nx0 l94mrbxd p1ri9a11 lzcic4wl n851cfcs n1l5q3vz\" dir=\"auto\"><span class=\"d2edcug0 hpfvmrgz qv66sw1b c1et5uql lr9zc1uh o3w64lxj b2s5l15y knj5qynh oo9gr5id\"><b>Plan anterior Lengua<\/b><\/span><\/p>\n<p class=\"gmql0nx0 l94mrbxd p1ri9a11 lzcic4wl oud54xpy sqxagodl ku2m03ct\" dir=\"auto\"><span class=\"d2edcug0 hpfvmrgz qv66sw1b c1et5uql lr9zc1uh jq4qci2q a3bd9o3v hnhda86s m9osqain\">EDI INCLUSI\u00d3N PASA AL 23\/8 POR JUBILACI\u00d3N DE LA PROF LO TOMAR\u00c1 EL PROF ISRAEL SILVERIA<\/span><\/p>\n<p class=\"gmql0nx0 l94mrbxd p1ri9a11 lzcic4wl n851cfcs\" dir=\"auto\"><span class=\"d2edcug0 hpfvmrgz qv66sw1b c1et5uql lr9zc1uh o3w64lxj b2s5l15y knj5qynh oo9gr5id\"><b>Atenci\u00f3n carrera de Lengua: <\/b><\/span><span class=\"d2edcug0 hpfvmrgz qv66sw1b c1et5uql lr9zc1uh jq4qci2q a3bd9o3v hnhda86s m9osqain\">LAS MESAS DE SEMI\u00d3TICA Y DID DE LA LENGUA DEL PROFESOR LANUTTI SE TOMAN POR OTROS DOCENTES EL 12\/8 A LAS 18 HS.<\/span><\/p>\n<p dir=\"auto\">Reprogramaci\u00f3n de mesa- 1\u00b0 a\u00f1o, Profesorado de Educaci\u00f3n Especial: La mesa de Pr\u00e1ctica Docente I, ( prof. Guacci) pasa del 6 al 11\/8, 8 hs.<\/p>\n<p>Carrera de Lengua 3ro 1 era plan viejo persp filo-pedag did se reprograma al martes 17\/8 18 hs mismo enlace<\/p>\n<div class=\"bi6gxh9e\"><span class=\"d2edcug0 hpfvmrgz qv66sw1b c1et5uql lr9zc1uh jq4qci2q a3bd9o3v knj5qynh oo9gr5id\"><span class=\"pq6dq46d tbxw36s4 knj5qynh kvgmc6g5 ditlmg2l oygrvhab nvdbi5me sf5mxxl7 gl3lb2sf hhz5lgdu\"><img decoding=\"async\" loading=\"lazy\" src=\"https:\/\/static.xx.fbcdn.net\/images\/emoji.php\/v9\/tba\/1\/16\/1f4e3.png\" alt=\"&#x1f4e3;\" width=\"16\" height=\"16\" \/><\/span>\u00a0AVISOS IMPORTANTES DE MESAS DE EXAMEN DEL PROFESORADO DE EDUCACI\u00d3N ESPECIAL (leer atentamente):<\/span><\/div>\n<div class=\"bi6gxh9e\"><span class=\"d2edcug0 hpfvmrgz qv66sw1b c1et5uql lr9zc1uh jq4qci2q a3bd9o3v knj5qynh oo9gr5id\"><span class=\"pq6dq46d tbxw36s4 knj5qynh kvgmc6g5 ditlmg2l oygrvhab nvdbi5me sf5mxxl7 gl3lb2sf hhz5lgdu\"><img decoding=\"async\" loading=\"lazy\" src=\"https:\/\/static.xx.fbcdn.net\/images\/emoji.php\/v9\/t9e\/1\/16\/27a1.png\" alt=\"&#x27a1;&#xfe0f;\" width=\"16\" height=\"16\" \/><\/span><b>1\u00b0 a\u00f1o:\u00a0<\/b>mesa de Did\u00e1ctica de las Ciencias Sociales (Prof. Portillo) de hoy 9\/8 :\u00a0<b>SUSPENDIDA HASTA NUEVA REPROGRAMACI\u00d3N.<\/b><\/span><\/div>\n<div class=\"bi6gxh9e\"><span class=\"d2edcug0 hpfvmrgz qv66sw1b c1et5uql lr9zc1uh jq4qci2q a3bd9o3v knj5qynh oo9gr5id\"><span class=\"pq6dq46d tbxw36s4 knj5qynh kvgmc6g5 ditlmg2l oygrvhab nvdbi5me sf5mxxl7 gl3lb2sf hhz5lgdu\"><img decoding=\"async\" loading=\"lazy\" src=\"https:\/\/static.xx.fbcdn.net\/images\/emoji.php\/v9\/t9e\/1\/16\/27a1.png\" alt=\"&#x27a1;&#xfe0f;\" width=\"16\" height=\"16\" \/><\/span><b>4\u00b0 a\u00f1o<\/b>: la mesa de Interacciones Sociales\u00a0<b>pasa del 12\/8 al 19\/8<\/b>\u00a0, y la va a tomar la Profesora Rosana Alonso.<\/span><\/div>\n<div class=\"bi6gxh9e\"><span class=\"d2edcug0 hpfvmrgz qv66sw1b c1et5uql lr9zc1uh jq4qci2q a3bd9o3v knj5qynh oo9gr5id\"><span class=\"pq6dq46d tbxw36s4 knj5qynh kvgmc6g5 ditlmg2l oygrvhab nvdbi5me sf5mxxl7 gl3lb2sf hhz5lgdu\"><img decoding=\"async\" loading=\"lazy\" src=\"https:\/\/static.xx.fbcdn.net\/images\/emoji.php\/v9\/t9e\/1\/16\/27a1.png\" alt=\"&#x27a1;&#xfe0f;\" width=\"16\" height=\"16\" \/><\/span>\u00a0<b>4\u00b0 a\u00f1o<\/b>: la mesa de Psicopatologia del d\u00eda 17\/8 la va a tomar la profesora Alicia Iglesias.<\/span><\/div>\n<div><\/div>\n<div>\n<div class=\"bi6gxh9e\"><span class=\"d2edcug0 hpfvmrgz qv66sw1b c1et5uql lr9zc1uh jq4qci2q a3bd9o3v knj5qynh oo9gr5id\">AVISO IMPORTANTE DE MESA DE EXAMEN DEL PROFESORADO DE EDUCACI\u00d3N ESPECIAL:<\/span><\/div>\n<div class=\"bi6gxh9e\"><span class=\"d2edcug0 hpfvmrgz qv66sw1b c1et5uql lr9zc1uh jq4qci2q a3bd9o3v knj5qynh oo9gr5id\"><b>3\u00b0 a\u00f1o<\/b>: La mesa de\u00a0<b>Curriculum y discapacidad<\/b>\u00a0la va a tomar el Profesor Juan Pino, el d\u00eda 19 de agosto de 2021.<\/span><\/div>\n<div class=\"bi6gxh9e\"><span class=\"d2edcug0 hpfvmrgz qv66sw1b c1et5uql lr9zc1uh jq4qci2q a3bd9o3v knj5qynh oo9gr5id\">En breve se enviar\u00e1 el enlace para la videollamada.<\/span><\/div>\n<\/div>\n<div>\n<h5 class=\"gmql0nx0 l94mrbxd p1ri9a11 lzcic4wl n851cfcs\" dir=\"auto\"><span class=\"d2edcug0 hpfvmrgz qv66sw1b c1et5uql lr9zc1uh o3w64lxj b2s5l15y knj5qynh oo9gr5id\"><b><span class=\"pq6dq46d tbxw36s4 knj5qynh kvgmc6g5 ditlmg2l oygrvhab nvdbi5me sf5mxxl7 jnigpg78 odw8uiq3\"><img decoding=\"async\" loading=\"lazy\" src=\"https:\/\/www.facebook.com\/images\/emoji.php\/v9\/t85\/1\/20\/1f4cc.png\" alt=\"&#x1f4cc;\" width=\"20\" height=\"20\" \/><\/span>ATENCI\u00d3N CARRERA BIOLOG\u00cdA<span class=\"pq6dq46d tbxw36s4 knj5qynh kvgmc6g5 ditlmg2l oygrvhab nvdbi5me sf5mxxl7 jnigpg78 odw8uiq3\"><img decoding=\"async\" loading=\"lazy\" src=\"https:\/\/www.facebook.com\/images\/emoji.php\/v9\/t85\/1\/20\/1f4cc.png\" alt=\"&#x1f4cc;\" width=\"20\" height=\"20\" \/><\/span><\/b><\/span><\/h5>\n<h6 class=\"gmql0nx0 l94mrbxd p1ri9a11 lzcic4wl oud54xpy sqxagodl ku2m03ct\" dir=\"auto\"><span class=\"d2edcug0 hpfvmrgz qv66sw1b c1et5uql lr9zc1uh jq4qci2q a3bd9o3v hnhda86s m9osqain\">MESAS DEL D\u00cdA 11\/08 PASAN AL D\u00cdA 25\/08<\/span><\/h6>\n<div class=\"bi6gxh9e\"><span class=\"d2edcug0 hpfvmrgz qv66sw1b c1et5uql lr9zc1uh jq4qci2q a3bd9o3v knj5qynh oo9gr5id\"><i><b>LAS MISMAS SON:<\/b><\/i><\/span><\/div>\n<div class=\"bi6gxh9e\"><span class=\"d2edcug0 hpfvmrgz qv66sw1b c1et5uql lr9zc1uh jq4qci2q a3bd9o3v knj5qynh oo9gr5id\"><i><b>1\u00b0 1\u00b0F\u00edsica I<\/b><\/i><\/span><\/div>\n<div class=\"bi6gxh9e\"><span class=\"d2edcug0 hpfvmrgz qv66sw1b c1et5uql lr9zc1uh jq4qci2q a3bd9o3v knj5qynh oo9gr5id\"><i><b>1\u00b0 2\u00b0Filos\u00f3fico-Pedag\u00f3gico I<\/b><\/i><\/span><\/div>\n<div class=\"bi6gxh9e\"><span class=\"d2edcug0 hpfvmrgz qv66sw1b c1et5uql lr9zc1uh jq4qci2q a3bd9o3v knj5qynh oo9gr5id\"><i><b>2\u00b0 1\u00b0Pedag\u00f3gico-Did\u00e1ctica II<\/b><\/i><\/span><\/div>\n<div class=\"bi6gxh9e\"><span class=\"d2edcug0 hpfvmrgz qv66sw1b c1et5uql lr9zc1uh jq4qci2q a3bd9o3v knj5qynh oo9gr5id\"><i><b>3\u00b0 1\u00b0Pol\u00edtico Institucional<\/b><\/i><\/span><\/div>\n<div class=\"bi6gxh9e\"><span class=\"d2edcug0 hpfvmrgz qv66sw1b c1et5uql lr9zc1uh jq4qci2q a3bd9o3v knj5qynh oo9gr5id\"><i><b>4\u00b0 1\u00b0Evoluci\u00f3n<\/b><\/i><\/span><\/div>\n<div><\/div>\n<\/div>\n<div>\n<h6 class=\"gmql0nx0 l94mrbxd p1ri9a11 lzcic4wl n851cfcs\" dir=\"auto\"><span class=\"d2edcug0 hpfvmrgz qv66sw1b c1et5uql lr9zc1uh o3w64lxj b2s5l15y knj5qynh oo9gr5id\"><b><span class=\"pq6dq46d tbxw36s4 knj5qynh kvgmc6g5 ditlmg2l oygrvhab nvdbi5me sf5mxxl7 jnigpg78 odw8uiq3\"><img decoding=\"async\" loading=\"lazy\" src=\"https:\/\/static.xx.fbcdn.net\/images\/emoji.php\/v9\/t85\/1\/20\/1f4cc.png\" alt=\"&#x1f4cc;\" width=\"20\" height=\"20\" \/><\/span>ATENCI\u00d3N CARRERA GEOGRAF\u00cdA<span class=\"pq6dq46d tbxw36s4 knj5qynh kvgmc6g5 ditlmg2l oygrvhab nvdbi5me sf5mxxl7 jnigpg78 odw8uiq3\"><img decoding=\"async\" loading=\"lazy\" src=\"https:\/\/static.xx.fbcdn.net\/images\/emoji.php\/v9\/t85\/1\/20\/1f4cc.png\" alt=\"&#x1f4cc;\" width=\"20\" height=\"20\" \/><\/span><\/b><\/span><\/p>\n<p><span class=\"d2edcug0 hpfvmrgz qv66sw1b c1et5uql lr9zc1uh o3w64lxj b2s5l15y knj5qynh oo9gr5id\"><b>CAMBIO DE FECHAS EN MESAS<\/b><\/span><br \/>\n<span class=\"d2edcug0 hpfvmrgz qv66sw1b c1et5uql lr9zc1uh o3w64lxj b2s5l15y knj5qynh oo9gr5id\">1\u00ba Antropolog\u00eda <i>pasa al<\/i>\u00a019\/8<\/span><br \/>\n<span class=\"d2edcug0 hpfvmrgz qv66sw1b c1et5uql lr9zc1uh o3w64lxj b2s5l15y knj5qynh oo9gr5id\">2\u00ba Filo Peda II <i>pasa al<\/i>\u00a018\/8<\/span><br \/>\n<span class=\"d2edcug0 hpfvmrgz qv66sw1b c1et5uql lr9zc1uh o3w64lxj b2s5l15y knj5qynh oo9gr5id\">2\u00ba Ambiental I <i>pasa al<\/i>\u00a018\/8,<\/span><br \/>\n<span class=\"d2edcug0 hpfvmrgz qv66sw1b c1et5uql lr9zc1uh o3w64lxj b2s5l15y knj5qynh oo9gr5id\">3\u00ba Historia II <i>pasa al\u00a0<\/i>18\/8<\/span><br \/>\n<span class=\"d2edcug0 hpfvmrgz qv66sw1b c1et5uql lr9zc1uh o3w64lxj b2s5l15y knj5qynh oo9gr5id\">4\u00ba EDI <i>pasa al\u00a0<\/i>18\/8<\/span><\/h6>\n<\/div>\n<\/div>\n<div>\n<p dir=\"auto\">\n<\/div>\n","protected":false},"excerpt":{"rendered":"<p>AVISO IMPORTANTE SOBRE HORARIO DE MESAS DE EXAMENES DEL PROFESORADO DE INGLES 3\u00b02\u00b0 (PLAN VIEJO) Y DEL PROFESORADO DE LENGUA 2\u00b02\u00b0(PLAN VIEJO) *LA MESA DE 2\u00b02\u00b0 P.\u00a0DID\u00c1CTICA II\u00a0DEL (PROFESORADO DE LENGUA DEL TURNO MA\u00d1ANA) SE VA A TOMAR EL 17\/8, A LAS\u00a018\u00a0HS. TAL COMO FIGURA EN EL CRONOGRAMA . LA PROF. TITULAR DE LA MESA &#8230; <a title=\"CAMBIOS DE FECHA, REPROGRAMACIONES, CORRECCIONES DE MESA\" class=\"read-more\" href=\"https:\/\/isfd21-bue.infd.edu.ar\/sitio\/cambios-de-fecha-reprogramaciones-correcciones-de-mesa\/\" aria-label=\"More on CAMBIOS DE FECHA, REPROGRAMACIONES, CORRECCIONES DE MESA\">[+]<\/a><\/p>\n","protected":false},"author":4673,"featured_media":0,"parent":0,"menu_order":0,"comment_status":"closed","ping_status":"closed","template":"","meta":[],"acf":[],"_links":{"self":[{"href":"https:\/\/isfd21-bue.infd.edu.ar\/sitio\/wp-json\/wp\/v2\/pages\/3668"}],"collection":[{"href":"https:\/\/isfd21-bue.infd.edu.ar\/sitio\/wp-json\/wp\/v2\/pages"}],"about":[{"href":"https:\/\/isfd21-bue.infd.edu.ar\/sitio\/wp-json\/wp\/v2\/types\/page"}],"author":[{"embeddable":true,"href":"https:\/\/isfd21-bue.infd.edu.ar\/sitio\/wp-json\/wp\/v2\/users\/4673"}],"replies":[{"embeddable":true,"href":"https:\/\/isfd21-bue.infd.edu.ar\/sitio\/wp-json\/wp\/v2\/comments?post=3668"}],"version-history":[{"count":8,"href":"https:\/\/isfd21-bue.infd.edu.ar\/sitio\/wp-json\/wp\/v2\/pages\/3668\/revisions"}],"predecessor-version":[{"id":3864,"href":"https:\/\/isfd21-bue.infd.edu.ar\/sitio\/wp-json\/wp\/v2\/pages\/3668\/revisions\/3864"}],"wp:attachment":[{"href":"https:\/\/isfd21-bue.infd.edu.ar\/sitio\/wp-json\/wp\/v2\/media?parent=3668"}],"curies":[{"name":"wp","href":"https:\/\/api.w.org\/{rel}","templated":true}]}}