{"id":3608,"date":"2021-06-09T15:45:28","date_gmt":"2021-06-09T18:45:28","guid":{"rendered":"https:\/\/isfd21-bue.infd.edu.ar\/sitio\/?page_id=3608"},"modified":"2024-06-19T14:45:30","modified_gmt":"2024-06-19T17:45:30","slug":"pedido-de-constancias","status":"publish","type":"page","link":"https:\/\/isfd21-bue.infd.edu.ar\/sitio\/pedido-de-constancias\/","title":{"rendered":"PEDIDO DE CONSTANCIAS"},"content":{"rendered":"\n<p class=\"has-medium-font-size\"><strong>PUEDEN DEMORAR HASTA 72 HS H\u00c1BILES.<\/strong><\/p>\n\n\n<div class=\"kvgmc6g5 cxmmr5t8 oygrvhab hcukyx3x c1et5uql ii04i59q\">\n<pre><em>A partir del d\u00eda JUEVES 24\/02\/22 las constancias de alumno regular y porcentaje de materias, deber\u00e1n solicitarse de manera presencial en el Instituto.<\/em><\/pre>\n<p>1) Comprar el\/los formularios de constancias en el kiosco frente al Rojas.<\/p>\n<p>2) Completar con lapicera tinta color azul las constancias de alumno regular. EN LAS CONSTANCIAS DE PORCENTAJE DE MATERIAS, colocar en la parte de atr\u00e1s, con l\u00e1piz negro, apellido, nombre e ID o DNI. Las constancias no pueden tener tachaduras ni enmiendas.<\/p>\n<p>Ejemplo de c\u00f3mo completar la constancia de alumno regular:<img decoding=\"async\" loading=\"lazy\" class=\"aligncenter\" src=\"https:\/\/isfd21-bue.infd.edu.ar\/sitio\/wp-content\/uploads\/2022\/05\/RECORDATORIO.png\" width=\"516\" height=\"303\" \/><\/p>\n<p>Ejemplo de c\u00f3mo completar la constancia de porcentaje de materias:<\/p>\n<p><img decoding=\"async\" loading=\"lazy\" class=\"size-full wp-image-10110 aligncenter\" src=\"https:\/\/isfd21-bue.infd.edu.ar\/sitio\/wp-content\/uploads\/2024\/02\/427993359_1549137752552864_6342930845380798949_n-1.jpg\" alt=\"\" width=\"459\" height=\"600\" \/><\/p>\n<p>3) Dejar las constancias en la carpeta correspondiente a la carrera. Las carpetas estar\u00e1n a disposici\u00f3n en la galer\u00eda del instituto.<\/p>\n<p>4) Cuando est\u00e9n listas las constancias podr\u00e1n retirarlas de las carpetas \u00abpara retirar\u00bb correspondiente a la carrera. Las mismas estar\u00e1n en la galer\u00eda. La confecci\u00f3n de las constancias puede demorar hasta <em><strong>72 horas h\u00e1biles<\/strong><\/em>.<\/p>\n<p>ATENCI\u00d3N: ES IMPORTANTE ACLARAR QUE LA CONSTANCIA QUE COMPLETES DEBE SER LA CORRESPONDIENTE AL PLAN DE ESTUDIO CON EL QUE APROBASTE EL PRIMER EXAMEN FINAL DE LA CARRERA (VER CUADRO 1).<\/p>\n<p>EJEMPLO:\u00a0 <em>SOY DE LA CARRERA DE FILOSOF\u00cdA Y APROB\u00c9 MI PRIMER EXAMEN FINAL EN EL A\u00d1O 2011, ENTONCES, ME CORRESPONDE COMPLETAR LA CONSTANCIA DE FILOSOF\u00cdA CON NOMENCLATURA <strong><u>\u201cPROFESOR\/A DE EDUCACI\u00d3N SECUNDARIA EN FILOSOF\u00cdA\u201d<\/u><\/strong><\/em><\/p>\n<p><strong><em><u>\u00a0<\/u><\/em><\/strong><\/p>\n<p style=\"text-align: center;\"><strong><em>CUADRO 1<\/em><\/strong><\/p>\n<\/div>\n<p><!--more--><\/p>\n\n\n<figure class=\"wp-block-image size-full\"><img decoding=\"async\" loading=\"lazy\" width=\"849\" height=\"698\" src=\"https:\/\/isfd21-bue.infd.edu.ar\/sitio\/wp-content\/uploads\/2024\/06\/image.png\" alt=\"\" class=\"wp-image-10975\" srcset=\"https:\/\/isfd21-bue.infd.edu.ar\/sitio\/wp-content\/uploads\/2024\/06\/image.png 849w, https:\/\/isfd21-bue.infd.edu.ar\/sitio\/wp-content\/uploads\/2024\/06\/image-768x631.png 768w\" sizes=\"(max-width: 849px) 100vw, 849px\" \/><\/figure>\n","protected":false},"excerpt":{"rendered":"<p>PUEDEN DEMORAR HASTA 72 HS H\u00c1BILES. A partir del d\u00eda JUEVES 24\/02\/22 las constancias de alumno regular y porcentaje de materias, deber\u00e1n solicitarse de manera presencial en el Instituto. 1) Comprar el\/los formularios de constancias en el kiosco frente al Rojas. 2) Completar con lapicera tinta color azul las constancias de alumno regular. EN LAS &#8230; <a title=\"PEDIDO DE CONSTANCIAS\" class=\"read-more\" href=\"https:\/\/isfd21-bue.infd.edu.ar\/sitio\/pedido-de-constancias\/\" aria-label=\"More on PEDIDO DE CONSTANCIAS\">[+]<\/a><\/p>\n","protected":false},"author":4673,"featured_media":0,"parent":0,"menu_order":0,"comment_status":"closed","ping_status":"closed","template":"","meta":[],"acf":[],"_links":{"self":[{"href":"https:\/\/isfd21-bue.infd.edu.ar\/sitio\/wp-json\/wp\/v2\/pages\/3608"}],"collection":[{"href":"https:\/\/isfd21-bue.infd.edu.ar\/sitio\/wp-json\/wp\/v2\/pages"}],"about":[{"href":"https:\/\/isfd21-bue.infd.edu.ar\/sitio\/wp-json\/wp\/v2\/types\/page"}],"author":[{"embeddable":true,"href":"https:\/\/isfd21-bue.infd.edu.ar\/sitio\/wp-json\/wp\/v2\/users\/4673"}],"replies":[{"embeddable":true,"href":"https:\/\/isfd21-bue.infd.edu.ar\/sitio\/wp-json\/wp\/v2\/comments?post=3608"}],"version-history":[{"count":18,"href":"https:\/\/isfd21-bue.infd.edu.ar\/sitio\/wp-json\/wp\/v2\/pages\/3608\/revisions"}],"predecessor-version":[{"id":10979,"href":"https:\/\/isfd21-bue.infd.edu.ar\/sitio\/wp-json\/wp\/v2\/pages\/3608\/revisions\/10979"}],"wp:attachment":[{"href":"https:\/\/isfd21-bue.infd.edu.ar\/sitio\/wp-json\/wp\/v2\/media?parent=3608"}],"curies":[{"name":"wp","href":"https:\/\/api.w.org\/{rel}","templated":true}]}}