{"id":3538,"date":"2021-04-29T17:39:04","date_gmt":"2021-04-29T20:39:04","guid":{"rendered":"https:\/\/isfd21-bue.infd.edu.ar\/sitio\/?page_id=3538"},"modified":"2021-04-29T17:39:04","modified_gmt":"2021-04-29T20:39:04","slug":"matematica-2021","status":"publish","type":"page","link":"https:\/\/isfd21-bue.infd.edu.ar\/sitio\/matematica-2021\/","title":{"rendered":"MATEM\u00c1TICA 2021"},"content":{"rendered":"<p><a href=\"https:\/\/docs.google.com\/spreadsheets\/d\/17UZLFYktTYlHySWKvU9hn3NnwCgcvtwP4faT0R8E6rM\/edit?usp=sharing\" target=\"_blank\" rel=\"noopener\">MATEM\u00c1TICA PLAN ACTUAL-TURNO VESPERTINO-CURSADA VIRTUAL<\/a><\/p>\n<p><a href=\"https:\/\/docs.google.com\/spreadsheets\/d\/1b1KEvZgpMNmfSgnkh1lSy5lf9X8TDIHtxEqXO7V-3n8\/edit?usp=sharing\" target=\"_blank\" rel=\"noopener\">MATEM\u00c1TICA PLAN ACTUAL- TURNO MA\u00d1ANA- CURSADA VIRTUAL<\/a><\/p>\n<hr \/>\n<p><a href=\"https:\/\/docs.google.com\/spreadsheets\/d\/1peDryhM11ZSkm_0zSSSy4nCJ7wpgxHpM-TJQ1J3CRng\/edit?usp=sharing\" target=\"_blank\" rel=\"noopener\">MATEM\u00c1TICA PLAN ANTERIOR<\/a><\/p>\n","protected":false},"excerpt":{"rendered":"<p>MATEM\u00c1TICA PLAN ACTUAL-TURNO VESPERTINO-CURSADA VIRTUAL MATEM\u00c1TICA PLAN ACTUAL- TURNO MA\u00d1ANA- CURSADA VIRTUAL MATEM\u00c1TICA PLAN ANTERIOR<\/p>\n","protected":false},"author":4673,"featured_media":0,"parent":0,"menu_order":0,"comment_status":"closed","ping_status":"closed","template":"","meta":[],"acf":[],"_links":{"self":[{"href":"https:\/\/isfd21-bue.infd.edu.ar\/sitio\/wp-json\/wp\/v2\/pages\/3538"}],"collection":[{"href":"https:\/\/isfd21-bue.infd.edu.ar\/sitio\/wp-json\/wp\/v2\/pages"}],"about":[{"href":"https:\/\/isfd21-bue.infd.edu.ar\/sitio\/wp-json\/wp\/v2\/types\/page"}],"author":[{"embeddable":true,"href":"https:\/\/isfd21-bue.infd.edu.ar\/sitio\/wp-json\/wp\/v2\/users\/4673"}],"replies":[{"embeddable":true,"href":"https:\/\/isfd21-bue.infd.edu.ar\/sitio\/wp-json\/wp\/v2\/comments?post=3538"}],"version-history":[{"count":1,"href":"https:\/\/isfd21-bue.infd.edu.ar\/sitio\/wp-json\/wp\/v2\/pages\/3538\/revisions"}],"predecessor-version":[{"id":3539,"href":"https:\/\/isfd21-bue.infd.edu.ar\/sitio\/wp-json\/wp\/v2\/pages\/3538\/revisions\/3539"}],"wp:attachment":[{"href":"https:\/\/isfd21-bue.infd.edu.ar\/sitio\/wp-json\/wp\/v2\/media?parent=3538"}],"curies":[{"name":"wp","href":"https:\/\/api.w.org\/{rel}","templated":true}]}}