{"id":3531,"date":"2021-04-29T17:58:16","date_gmt":"2021-04-29T20:58:16","guid":{"rendered":"https:\/\/isfd21-bue.infd.edu.ar\/sitio\/?page_id=3531"},"modified":"2021-05-31T16:35:14","modified_gmt":"2021-05-31T19:35:14","slug":"acompanamiento-pedagogico-2021","status":"publish","type":"page","link":"https:\/\/isfd21-bue.infd.edu.ar\/sitio\/acompanamiento-pedagogico-2021\/","title":{"rendered":"ACOMPA\u00d1AMIENTO PEDAG\u00d3GICO 2021"},"content":{"rendered":"<h3><span style=\"color: #3366ff;\"><strong>\u00bfC\u00d3MO NOS CONECTAMOS?<\/strong><\/span><\/h3>\n<p>Hac\u00e9 clic en el nombre de tu carrera para obtener m\u00e1s informaci\u00f3n, gradualmente se ir\u00e1n publicando las formas de conectarse para cada carrera.<\/p>\n<p>Encontrar\u00e1n que en algunas asignaturas se encuentra un mail o un c\u00f3digo, ese c\u00f3digo es de acceso a Classroom. Dejamos un video tutorial de c\u00f3mo acceder a Classroom por primera vez:<\/p>\n<p>&nbsp;<\/p>\n<p><iframe loading=\"lazy\" title=\"YouTube video player\" src=\"https:\/\/www.youtube.com\/embed\/LRO6cdDN9Ts\" width=\"400\" height=\"300\" frameborder=\"0\" allowfullscreen=\"allowfullscreen\"><span data-mce-type=\"bookmark\" style=\"display: inline-block; width: 0px; overflow: hidden; line-height: 0;\" class=\"mce_SELRES_start\">\ufeff<\/span><span data-mce-type=\"bookmark\" style=\"display: inline-block; width: 0px; overflow: hidden; line-height: 0;\" class=\"mce_SELRES_start\">\ufeff<\/span><\/iframe><\/p>\n<p>&nbsp;<\/p>\n<p>En el caso que tengas que ingresar al aula virtual, pod\u00e9s mirar este videotutorial sobre el recorrido del aula:<\/p>\n<p><iframe loading=\"lazy\" title=\"YouTube video player\" src=\"https:\/\/www.youtube.com\/embed\/H-xIQQUhCsQ\" width=\"400\" height=\"300\" frameborder=\"0\" allowfullscreen=\"allowfullscreen\"><span data-mce-type=\"bookmark\" style=\"display: inline-block; width: 0px; overflow: hidden; line-height: 0;\" class=\"mce_SELRES_start\">\ufeff<\/span><\/iframe><\/p>\n<p>&nbsp;<\/p>\n<h4><span style=\"color: #3366ff;\"><strong><em>Recordamos que el d\u00eda lunes 3\/5 inicia el acompa\u00f1amiento pedag\u00f3gico virtual<\/em><\/strong><\/span><\/h4>\n<p>&nbsp;<\/p>\n<h3><em><span style=\"color: #859de6;\"><a style=\"color: #859de6;\" href=\"https:\/\/isfd21-bue.infd.edu.ar\/sitio\/ingles-2021\/\" target=\"_blank\" rel=\"noopener\"><strong>INGL\u00c9S<\/strong><\/a><strong>\u00a0\u00a0<\/strong><\/span><strong><span style=\"color: #3366ff;\">\u00a0\u00a0 \u00a0 \u00a0 \u00a0 \u00a0 \u00a0 \u00a0 \u00a0 \u00a0 \u00a0 \u00a0 \u00a0 \u00a0 \u00a0 \u00a0 \u00a0 \u00a0 \u00a0 \u00a0\u00a0<\/span><span style=\"color: #0000ff;\"><a href=\"https:\/\/docs.google.com\/spreadsheets\/d\/1XM8deawgnKyf71Kk9Y6XLdCH0Ry_qgpZvEuoqCXusC0\/edit?usp=sharing\" target=\"_blank\" rel=\"noopener\">BIOLOG\u00cdA<\/a>\u00a0\u00a0\u00a0 \u00a0 \u00a0 \u00a0 \u00a0 \u00a0 \u00a0 \u00a0 \u00a0 \u00a0 \u00a0 \u00a0 \u00a0\u00a0\u00a0<\/span><a href=\"https:\/\/docs.google.com\/spreadsheets\/d\/1H6WvxuicUdfSEGriVE2PxT_cqmqCjeWVjqjcnyrs4Bk\/edit?usp=sharing\" target=\"_blank\" rel=\"noopener\"><span style=\"color: #ff0000;\">FILOSOF\u00cdA<\/span><\/a><\/strong><\/em><\/h3>\n<h3><em><strong><span style=\"color: #ff9900;\"><span style=\"color: #ffff00;\"><a style=\"color: #ffff00;\" href=\"https:\/\/isfd21-bue.infd.edu.ar\/sitio\/matematica-2021\/\" target=\"_blank\" rel=\"noopener\"><span style=\"color: #ffcc00;\">MATEM\u00c1TICA<\/span><\/a>\u00a0\u00a0<\/span>\u00a0 \u00a0 \u00a0 \u00a0 \u00a0 \u00a0 \u00a0 \u00a0 \u00a0 \u00a0 \u00a0 \u00a0 \u00a0\u00a0\u00a0<\/span><span style=\"color: #800080;\"><a style=\"color: #800080;\" href=\"https:\/\/docs.google.com\/document\/d\/1HaJYfPZAkDnnOiMfxwuhQY05cKPZ2AAp9RXHXFbQU-o\/edit?usp=sharing\" target=\"_blank\" rel=\"noopener\">ESPECIAL<\/a>\u00a0\u00a0 \u00a0 \u00a0 \u00a0 \u00a0 \u00a0 \u00a0 \u00a0 \u00a0 \u00a0 \u00a0 \u00a0 \u00a0 \u00a0<\/span><a href=\"https:\/\/docs.google.com\/document\/d\/1CGTAZYfGMKAM6buCYb7IbTiNvrAYKM32alHXCpb-s60\/edit?usp=sharing\" target=\"_blank\" rel=\"noopener\"><span style=\"color: #000080;\">GEOGRAF\u00cdA<\/span><\/a><\/strong><\/em><\/h3>\n<h3><em><strong><span style=\"color: #008000;\"><a href=\"https:\/\/docs.google.com\/spreadsheets\/d\/1AZ5u7wtOprFx_pxnAK9GBmBzyOX-76FyWBSopsZX7EU\/edit?usp=sharing\" target=\"_blank\" rel=\"noopener\">PRIMARIA<\/a>\u00a0\u00a0\u00a0 \u00a0 \u00a0 \u00a0 \u00a0 \u00a0 \u00a0 \u00a0 \u00a0 \u00a0 \u00a0 \u00a0 \u00a0 \u00a0 \u00a0 \u00a0 \u00a0\u00a0<\/span><span style=\"color: #ff00ff;\"><a style=\"color: #ff00ff;\" href=\"https:\/\/isfd21-bue.infd.edu.ar\/sitio\/?page_id=3533&amp;preview=true\" target=\"_blank\" rel=\"noopener\">LENGUA<\/a>\u00a0 \u00a0\u00a0\u00a0 \u00a0 \u00a0 \u00a0 \u00a0 \u00a0 \u00a0 \u00a0 \u00a0 \u00a0 \u00a0 \u00a0 \u00a0 \u00a0 \u00a0<\/span><a href=\"https:\/\/docs.google.com\/document\/d\/1x69dpR1fjFX5DK66paiy0KF9XjQbamtGtfBs-mvh5c0\/edit?usp=sharing\" target=\"_blank\" rel=\"noopener\"><span style=\"color: #ff6600;\">HISTORIA<\/span><\/a><\/strong><\/em><\/h3>\n<p>&nbsp;<\/p>\n<p><a href=\"https:\/\/isfd21-bue.infd.edu.ar\/sitio\/ciclo-lectivo-2021\/\"><img decoding=\"async\" loading=\"lazy\" class=\"alignnone wp-image-2516\" src=\"https:\/\/isfd21-bue.infd.edu.ar\/sitio\/wp-content\/uploads\/2020\/09\/FLECHA.png\" alt=\"\" width=\"95\" height=\"98\" \/><\/a><\/p>\n","protected":false},"excerpt":{"rendered":"<p>\u00bfC\u00d3MO NOS CONECTAMOS? Hac\u00e9 clic en el nombre de tu carrera para obtener m\u00e1s informaci\u00f3n, gradualmente se ir\u00e1n publicando las formas de conectarse para cada carrera. Encontrar\u00e1n que en algunas asignaturas se encuentra un mail o un c\u00f3digo, ese c\u00f3digo es de acceso a Classroom. Dejamos un video tutorial de c\u00f3mo acceder a Classroom por &#8230; <a title=\"ACOMPA\u00d1AMIENTO PEDAG\u00d3GICO 2021\" class=\"read-more\" href=\"https:\/\/isfd21-bue.infd.edu.ar\/sitio\/acompanamiento-pedagogico-2021\/\" aria-label=\"More on ACOMPA\u00d1AMIENTO PEDAG\u00d3GICO 2021\">[+]<\/a><\/p>\n","protected":false},"author":4673,"featured_media":0,"parent":0,"menu_order":0,"comment_status":"closed","ping_status":"closed","template":"","meta":[],"acf":[],"_links":{"self":[{"href":"https:\/\/isfd21-bue.infd.edu.ar\/sitio\/wp-json\/wp\/v2\/pages\/3531"}],"collection":[{"href":"https:\/\/isfd21-bue.infd.edu.ar\/sitio\/wp-json\/wp\/v2\/pages"}],"about":[{"href":"https:\/\/isfd21-bue.infd.edu.ar\/sitio\/wp-json\/wp\/v2\/types\/page"}],"author":[{"embeddable":true,"href":"https:\/\/isfd21-bue.infd.edu.ar\/sitio\/wp-json\/wp\/v2\/users\/4673"}],"replies":[{"embeddable":true,"href":"https:\/\/isfd21-bue.infd.edu.ar\/sitio\/wp-json\/wp\/v2\/comments?post=3531"}],"version-history":[{"count":13,"href":"https:\/\/isfd21-bue.infd.edu.ar\/sitio\/wp-json\/wp\/v2\/pages\/3531\/revisions"}],"predecessor-version":[{"id":3602,"href":"https:\/\/isfd21-bue.infd.edu.ar\/sitio\/wp-json\/wp\/v2\/pages\/3531\/revisions\/3602"}],"wp:attachment":[{"href":"https:\/\/isfd21-bue.infd.edu.ar\/sitio\/wp-json\/wp\/v2\/media?parent=3531"}],"curies":[{"name":"wp","href":"https:\/\/api.w.org\/{rel}","templated":true}]}}