{"id":3478,"date":"2021-04-23T16:59:10","date_gmt":"2021-04-23T19:59:10","guid":{"rendered":"https:\/\/isfd21-bue.infd.edu.ar\/sitio\/?page_id=3478"},"modified":"2024-04-25T15:08:38","modified_gmt":"2024-04-25T18:08:38","slug":"como-tramito-el-pase-a-otra-institucion-de-manera-virtual","status":"publish","type":"page","link":"https:\/\/isfd21-bue.infd.edu.ar\/sitio\/como-tramito-el-pase-a-otra-institucion-de-manera-virtual\/","title":{"rendered":"PASE"},"content":{"rendered":"<h5><strong><em>Si decidiste realizar un pase a otra Instituci\u00f3n Educativa, debes acercarte a preceptor\u00eda, en la medida de lo posible, en tu turno con tu preceptor, junto a los requisitos que a continuaci\u00f3n se solicitan:<\/em><\/strong><\/h5>\n<ul>\n<li><strong><em>Informe interno de notas <\/em><\/strong><em>(solicitar al preceptor de tu carrera)<\/em><\/li>\n<li><strong><em>DNI<\/em><\/strong><em> (frente y dorso)<\/em><\/li>\n<li><strong><em>Constancia de vacante del Instituto destino<\/em><\/strong><em> o una constancia donde se soliciten los requisitos para efectuar el pase.<\/em><\/li>\n<\/ul>\n<ul>\n<li><strong><em>Nota con el pedido de pase<\/em><\/strong><em> que detalle instituci\u00f3n destino, datos personales, carrera cursada en el Instituto, datos de contacto (mail, tel\u00e9fono).<\/em><\/li>\n<\/ul>\n<p>Un preceptor controla todos los papeles e ingresa el tr\u00e1mite para dar curso a la petici\u00f3n.<\/p>\n<h4 style=\"text-align: center;\"><img decoding=\"async\" loading=\"lazy\" class=\"alignnone wp-image-3499\" src=\"https:\/\/isfd21-bue.infd.edu.ar\/sitio\/wp-content\/uploads\/2021\/04\/41395fedd4f90c4aeb1f27ec89442f06.gif\" alt=\"\" width=\"42\" height=\"50\" \/><strong><em>\u00bfC\u00d3MO LEER EL INFORME INTERNO DE NOTAS?<\/em><\/strong><img decoding=\"async\" loading=\"lazy\" class=\"alignnone wp-image-3499\" src=\"https:\/\/isfd21-bue.infd.edu.ar\/sitio\/wp-content\/uploads\/2021\/04\/41395fedd4f90c4aeb1f27ec89442f06.gif\" alt=\"\" width=\"42\" height=\"50\" \/><\/h4>\n<p><img decoding=\"async\" loading=\"lazy\" class=\"size-full wp-image-3495 alignleft\" src=\"https:\/\/isfd21-bue.infd.edu.ar\/sitio\/wp-content\/uploads\/2021\/04\/INFORME-INTERNO-DE-NOTAS.jpg\" alt=\"\" width=\"646\" height=\"580\" \/><\/p>\n<p><a href=\"https:\/\/isfd21-bue.infd.edu.ar\/sitio\/estudiantes\/\"><img decoding=\"async\" loading=\"lazy\" class=\"alignnone wp-image-1473\" src=\"https:\/\/isfd21-bue.infd.edu.ar\/sitio\/wp-content\/uploads\/2020\/03\/ir-a-inicio.png\" alt=\"\" width=\"129\" height=\"120\" \/><\/a><\/p>\n","protected":false},"excerpt":{"rendered":"<p>Si decidiste realizar un pase a otra Instituci\u00f3n Educativa, debes acercarte a preceptor\u00eda, en la medida de lo posible, en tu turno con tu preceptor, junto a los requisitos que a continuaci\u00f3n se solicitan: Informe interno de notas (solicitar al preceptor de tu carrera) DNI (frente y dorso) Constancia de vacante del Instituto destino o &#8230; <a title=\"PASE\" class=\"read-more\" href=\"https:\/\/isfd21-bue.infd.edu.ar\/sitio\/como-tramito-el-pase-a-otra-institucion-de-manera-virtual\/\" aria-label=\"More on PASE\">[+]<\/a><\/p>\n","protected":false},"author":4673,"featured_media":0,"parent":0,"menu_order":0,"comment_status":"closed","ping_status":"closed","template":"","meta":[],"acf":[],"_links":{"self":[{"href":"https:\/\/isfd21-bue.infd.edu.ar\/sitio\/wp-json\/wp\/v2\/pages\/3478"}],"collection":[{"href":"https:\/\/isfd21-bue.infd.edu.ar\/sitio\/wp-json\/wp\/v2\/pages"}],"about":[{"href":"https:\/\/isfd21-bue.infd.edu.ar\/sitio\/wp-json\/wp\/v2\/types\/page"}],"author":[{"embeddable":true,"href":"https:\/\/isfd21-bue.infd.edu.ar\/sitio\/wp-json\/wp\/v2\/users\/4673"}],"replies":[{"embeddable":true,"href":"https:\/\/isfd21-bue.infd.edu.ar\/sitio\/wp-json\/wp\/v2\/comments?post=3478"}],"version-history":[{"count":16,"href":"https:\/\/isfd21-bue.infd.edu.ar\/sitio\/wp-json\/wp\/v2\/pages\/3478\/revisions"}],"predecessor-version":[{"id":10592,"href":"https:\/\/isfd21-bue.infd.edu.ar\/sitio\/wp-json\/wp\/v2\/pages\/3478\/revisions\/10592"}],"wp:attachment":[{"href":"https:\/\/isfd21-bue.infd.edu.ar\/sitio\/wp-json\/wp\/v2\/media?parent=3478"}],"curies":[{"name":"wp","href":"https:\/\/api.w.org\/{rel}","templated":true}]}}