{"id":3316,"date":"2021-03-26T15:47:32","date_gmt":"2021-03-26T18:47:32","guid":{"rendered":"https:\/\/isfd21-bue.infd.edu.ar\/sitio\/?page_id=3316"},"modified":"2021-04-13T14:14:46","modified_gmt":"2021-04-13T17:14:46","slug":"inscripcion-2o-a-4o","status":"publish","type":"page","link":"https:\/\/isfd21-bue.infd.edu.ar\/sitio\/inscripcion-2o-a-4o\/","title":{"rendered":"INSCRIPCI\u00d3N 2\u00ba A 4\u00ba"},"content":{"rendered":"<h4><em>HACER CLIC SOBRE EL NOMBRE DE LA CARRERA<\/em><em> PARA ACCEDER AL FORMULARIO:<\/em><\/h4>\n<p><em><a href=\"https:\/\/isfd21-bue.infd.edu.ar\/sitio\/matematica-4\/\" target=\"_blank\" rel=\"noopener\">MATEM\u00c1TICA<\/a> <\/em><\/p>\n<p><a href=\"https:\/\/isfd21-bue.infd.edu.ar\/sitio\/inscripcion-2o-a-4o-lengua\/\" target=\"_blank\" rel=\"noopener\"><i>LENGUA<\/i><\/a><\/p>\n<p><a href=\"https:\/\/isfd21-bue.infd.edu.ar\/sitio\/ingles-3\/\"><em>INGL\u00c9S <\/em><\/a><\/p>\n<p><a href=\"https:\/\/forms.gle\/xGt5tFYT6kR87D46A\" target=\"_blank\" rel=\"noopener\"><em>ESPECIAL<\/em><\/a><\/p>\n<p><a href=\"https:\/\/isfd21-bue.infd.edu.ar\/sitio\/inscripcion-2o-a-4o-biologia\/\" target=\"_blank\" rel=\"noopener\"><em>BIOLOG\u00cdA<\/em><\/a><\/p>\n<p><em>PRIMARIA<\/em><\/p>\n<p><em>GEOGRAF\u00cdA<\/em><\/p>\n<p><a href=\"https:\/\/docs.google.com\/forms\/d\/e\/1FAIpQLSeLaBhpuCfTDhuf3mERK6RqUfhy8RvSnH3ZMyohUAn-e44eyQ\/viewform\" target=\"_blank\" rel=\"noopener\"><em>HISTORIA<\/em><\/a><\/p>\n<p><em>FILOSOF\u00cdA<\/em><\/p>\n","protected":false},"excerpt":{"rendered":"<p>HACER CLIC SOBRE EL NOMBRE DE LA CARRERA PARA ACCEDER AL FORMULARIO: MATEM\u00c1TICA LENGUA INGL\u00c9S ESPECIAL BIOLOG\u00cdA PRIMARIA GEOGRAF\u00cdA HISTORIA FILOSOF\u00cdA<\/p>\n","protected":false},"author":4673,"featured_media":3336,"parent":0,"menu_order":0,"comment_status":"closed","ping_status":"closed","template":"","meta":[],"acf":[],"_links":{"self":[{"href":"https:\/\/isfd21-bue.infd.edu.ar\/sitio\/wp-json\/wp\/v2\/pages\/3316"}],"collection":[{"href":"https:\/\/isfd21-bue.infd.edu.ar\/sitio\/wp-json\/wp\/v2\/pages"}],"about":[{"href":"https:\/\/isfd21-bue.infd.edu.ar\/sitio\/wp-json\/wp\/v2\/types\/page"}],"author":[{"embeddable":true,"href":"https:\/\/isfd21-bue.infd.edu.ar\/sitio\/wp-json\/wp\/v2\/users\/4673"}],"replies":[{"embeddable":true,"href":"https:\/\/isfd21-bue.infd.edu.ar\/sitio\/wp-json\/wp\/v2\/comments?post=3316"}],"version-history":[{"count":8,"href":"https:\/\/isfd21-bue.infd.edu.ar\/sitio\/wp-json\/wp\/v2\/pages\/3316\/revisions"}],"predecessor-version":[{"id":3405,"href":"https:\/\/isfd21-bue.infd.edu.ar\/sitio\/wp-json\/wp\/v2\/pages\/3316\/revisions\/3405"}],"wp:featuredmedia":[{"embeddable":true,"href":"https:\/\/isfd21-bue.infd.edu.ar\/sitio\/wp-json\/wp\/v2\/media\/3336"}],"wp:attachment":[{"href":"https:\/\/isfd21-bue.infd.edu.ar\/sitio\/wp-json\/wp\/v2\/media?parent=3316"}],"curies":[{"name":"wp","href":"https:\/\/api.w.org\/{rel}","templated":true}]}}