{"id":318,"date":"2016-10-31T14:20:44","date_gmt":"2016-10-31T17:20:44","guid":{"rendered":"https:\/\/isfd21-bue.infd.edu.ar\/sitio\/?page_id=318"},"modified":"2025-03-06T15:15:57","modified_gmt":"2025-03-06T18:15:57","slug":"contacto","status":"publish","type":"page","link":"https:\/\/isfd21-bue.infd.edu.ar\/sitio\/contacto\/","title":{"rendered":"CONTACTO"},"content":{"rendered":"<h2 style=\"text-align: center;\"><span style=\"color: #58c1db;\"><strong>Instituto Superior de Formaci\u00f3n Docente N\u00ba 21\u00a0<\/strong><\/span><\/h2>\n<h2 style=\"text-align: center;\"><span style=\"color: #58c1db;\"><strong>\u00abDr. Ricardo Rojas\u00bb<\/strong><\/span><\/h2>\n<h5>CUE: 060643600<\/h5>\n<h5>Regi\u00f3n IX<\/h5>\n<h5>Distrito 073<\/h5>\n<hr \/>\n<h2><\/h2>\n<h4 style=\"text-align: left;\"><span style=\"color: #58c1db;\"><strong><em>Direcci\u00f3n<\/em>:<\/strong> <span style=\"color: #000000;\">Merlo N\u00ba 2591- Moreno (CP 1744) \u00a0\u00a0\u00a0\u00a0<\/span><\/span><\/h4>\n<h4 style=\"text-align: left;\"><span style=\"color: #58c1db;\"><strong><em>\u00a0Horarios de\u00a0cursada:<\/em> <\/strong><\/span><\/h4>\n<p><strong>\u00a0 \u00a0 \u00a0 \u00a0 \u00a0 \u00a0 \u00a0 \u00a0 \u00a0 \u00a0 \u00a0 \u00a0 \u00a0 \u00a0Turno Ma\u00f1ana\u00a0<\/strong>Lunes a viernes de: 8:00 a 12:15 hs<\/p>\n<p style=\"text-align: left;\">\u00a0 \u00a0 \u00a0 \u00a0 \u00a0 \u00a0 \u00a0 \u00a0 \u00a0 \u00a0 \u00a0 \u00a0 \u00a0 \u00a0\u00a0<strong>Turno Tarde<\/strong> Lunes a viernes de 13: 00 a 17:15 hs<\/p>\n<p>\u00a0 \u00a0 \u00a0 \u00a0 \u00a0 \u00a0 \u00a0 \u00a0 \u00a0 \u00a0 \u00a0 \u00a0 \u00a0 \u00a0\u00a0<strong>Turno vespertino<\/strong> Lunes a viernes de 18:00 a 22:15 hs y<\/p>\n<p><strong>S\u00e1bados<\/strong> de 8 a 12:15<\/p>\n<p><strong><em>CONSULTAS ADMINISTRATIVAS SE REALIZAN DE MANERA PRESENCIAL EN EL INSTITUTO. RECOMENDAMOS ACERCARTE EN EL HORARIO DE CURSADA DE TU CARRERA PARA QUE TU PRECEPTOR PUEDA BRINDARTE UNA MEJOR ATENCI\u00d3N.<\/em><\/strong><\/p>\n<h4 style=\"text-align: left;\"><span style=\"color: #58c1db;\"><strong><em>Horario de atenci\u00f3n en preceptor\u00eda:<\/em><\/strong><\/span><\/h4>\n<p>Lunes, Mi\u00e9rcoles, Viernes y S\u00e1bado. Se aclara que el d\u00eda s\u00e1bado la atenci\u00f3n es por la ma\u00f1ana \u00fanicamente.<\/p>\n<p>Turno ma\u00f1ana: de 8 a12<\/p>\n<p>Turno tarde: de 13 a 17<\/p>\n<p>Turno vespertino de 17.45 a 21.30<\/p>\n<p><strong>CONTACTO CIPE\u00a0<\/strong><\/p>\n<p>cipes.rojas@gmail.com<\/p>\n<p><strong>CONSULTAS A BIBLIOTECA:<\/strong><br \/>\nisfd21biblioteca@gmail.com<\/p>\n<p><strong>CONSULTAS POR EQUIVALENCIAS:<\/strong><br \/>\nisfd21.equivalencias@gmail.com<\/p>\n<p><strong>CONSULTAS A T\u00cdTULO, LEGALIZACI\u00d3N DE PROGRAMAS Y CAJAS CURRICULARES:<\/strong><br \/>\ntitulosisfd21@gmail.com<\/p>\n<p><strong>CONSULTAS POR BECAS PROGRESAR:<\/strong><br \/>\nisfd21becas@gmail.com<\/p>\n<p><strong>MESA DE AYUDA DE BECAS PROGRESAR:<\/strong><br \/>\n08009991066 DE 8 A 20 HS. DE LUNES A VIERNES<\/p>\n<p><strong>\u00a0<\/strong><\/p>\n<p><span style=\"font-family: verdana; color: #000000; font-size: 10pt;\" data-mce-mark=\"1\">\u00a0 \u00a0\u00a0<\/span><\/p>\n<p><span style=\"font-family: verdana; color: #000000; font-size: 10pt;\">\u00a0 \u00a0 \u00a0 \u00a0 \u00a0<\/span><\/p>\n","protected":false},"excerpt":{"rendered":"<p>Instituto Superior de Formaci\u00f3n Docente N\u00ba 21\u00a0 \u00abDr. Ricardo Rojas\u00bb CUE: 060643600 Regi\u00f3n IX Distrito 073 Direcci\u00f3n: Merlo N\u00ba 2591- Moreno (CP 1744) \u00a0\u00a0\u00a0\u00a0 \u00a0Horarios de\u00a0cursada: \u00a0 \u00a0 \u00a0 \u00a0 \u00a0 \u00a0 \u00a0 \u00a0 \u00a0 \u00a0 \u00a0 \u00a0 \u00a0 \u00a0Turno Ma\u00f1ana\u00a0Lunes a viernes de: 8:00 a 12:15 hs \u00a0 \u00a0 \u00a0 \u00a0 \u00a0 \u00a0 \u00a0 &#8230; <a title=\"CONTACTO\" class=\"read-more\" href=\"https:\/\/isfd21-bue.infd.edu.ar\/sitio\/contacto\/\" aria-label=\"More on CONTACTO\">[+]<\/a><\/p>\n","protected":false},"author":1,"featured_media":0,"parent":0,"menu_order":0,"comment_status":"closed","ping_status":"closed","template":"","meta":[],"acf":[],"_links":{"self":[{"href":"https:\/\/isfd21-bue.infd.edu.ar\/sitio\/wp-json\/wp\/v2\/pages\/318"}],"collection":[{"href":"https:\/\/isfd21-bue.infd.edu.ar\/sitio\/wp-json\/wp\/v2\/pages"}],"about":[{"href":"https:\/\/isfd21-bue.infd.edu.ar\/sitio\/wp-json\/wp\/v2\/types\/page"}],"author":[{"embeddable":true,"href":"https:\/\/isfd21-bue.infd.edu.ar\/sitio\/wp-json\/wp\/v2\/users\/1"}],"replies":[{"embeddable":true,"href":"https:\/\/isfd21-bue.infd.edu.ar\/sitio\/wp-json\/wp\/v2\/comments?post=318"}],"version-history":[{"count":32,"href":"https:\/\/isfd21-bue.infd.edu.ar\/sitio\/wp-json\/wp\/v2\/pages\/318\/revisions"}],"predecessor-version":[{"id":12445,"href":"https:\/\/isfd21-bue.infd.edu.ar\/sitio\/wp-json\/wp\/v2\/pages\/318\/revisions\/12445"}],"wp:attachment":[{"href":"https:\/\/isfd21-bue.infd.edu.ar\/sitio\/wp-json\/wp\/v2\/media?parent=318"}],"curies":[{"name":"wp","href":"https:\/\/api.w.org\/{rel}","templated":true}]}}