{"id":2776,"date":"2020-09-18T20:15:23","date_gmt":"2020-09-18T23:15:23","guid":{"rendered":"https:\/\/isfd21-bue.infd.edu.ar\/sitio\/?page_id=2776"},"modified":"2022-08-09T15:31:09","modified_gmt":"2022-08-09T18:31:09","slug":"consejo-academico-institucional","status":"publish","type":"page","link":"https:\/\/isfd21-bue.infd.edu.ar\/sitio\/consejo-academico-institucional\/","title":{"rendered":"Consejo Acad\u00e9mico Institucional"},"content":{"rendered":"<p><strong>RESOLUCI\u00d3N N\u00ba 4044\/09<\/strong><\/p>\n<p><strong>ANEXO I (Res. 4044\/09)<\/strong><\/p>\n<p><strong>Marco Normativo del Consejo Acad\u00e9mico Institucional<\/strong><\/p>\n<p><strong>a. Naturaleza<\/strong><\/p>\n<p>Los Consejos Acad\u00e9micos Institucionales ser\u00e1n los \u00f3rganos colegiados de asesoramiento, propuesta, debate y decisi\u00f3n, para una gesti\u00f3n participativa, en el marco de la autonom\u00eda institucional en la unidad del sistema del nivel superior, dentro de las regulaciones de la pol\u00edtica educativa jurisdiccional y federal;<strong>\u00a0<\/strong><\/p>\n<p>Los Consejos Acad\u00e9micos Institucionales deber\u00e1n organizarse y se desarrollar\u00e1n conforme a los reglamentos internos que los mismos otorguen, en el marco de lo establecido en la presente reglamentaci\u00f3n.<\/p>\n<p>Las decisiones del CAI tendr\u00e1n car\u00e1cter vinculante para la Instituci\u00f3n en aquellos t\u00f3picos detallados en la presente y car\u00e1cter de asesoramiento en toda otra cuesti\u00f3n que trate a requerimiento de los equipos de conducci\u00f3n.<\/p>\n<p><strong>b. Integraci\u00f3n<\/strong><\/p>\n<p>El Consejo estar\u00e1 compuesto por un integrante del Equipo de Conducci\u00f3n del Establecimiento, por representantes del Claustro Docente, del Claustro de No Docentes y del Claustro de Estudiantes.<\/p>\n<p>El Director del Instituto preside el Consejo y puede ser sustituido, en\u00a0 ausencia, por su natural reemplazo en orden jer\u00e1rquico seg\u00fan la normativa vigente.<\/p>\n<p><b>Adjuntamos la Resoluci\u00f3n N\u00b0 4044\/09, para tener mayor informaci\u00f3n sobre la naturaleza, integraci\u00f3n, funciones, etc. del CAI en la presente normativa.\u00a0<a href=\"https:\/\/isfd21-bue.infd.edu.ar\/sitio\/wp-content\/uploads\/2020\/09\/Marco-Normativo-del-Consejo-Acad\u00e9mico-Institucional-Res.-4044-1.pdf\">Marco-Normativo-del-Consejo-Acad\u00e9mico-Institucional-Res.-4044 (1)<\/a><\/b><\/p>\n<h3 style=\"text-align: center;\"><strong>ELECCIONES MAYO 2022<\/strong><\/h3>\n<p>Pod\u00e9s ingresar nota dirigida al CAI, a la siguiente direcci\u00f3n de mail:\u00a0<b>comunicacioncai21@gmail.com<\/b><\/p>\n<p style=\"font-weight: 400;\"><strong>Consejerxs Titulares<\/strong><\/p>\n<p style=\"font-weight: 400;\"><strong>Adriana<\/strong>\u00a0<strong>J\u00e1come<\/strong>\u00a0(Profesorados de Biolog\u00eda, Lengua, Historia, Filosof\u00eda, Matem\u00e1tica, ingl\u00e9s)<\/p>\n<p style=\"font-weight: 400;\"><strong>Rosana Alonso<\/strong>\u00a0(Profesorado de Ed. Especial)<\/p>\n<p style=\"font-weight: 400;\"><strong>Mart\u00edn<\/strong>\u00a0<strong>Kosckwara<\/strong>\u00a0(Profesorado de Historia, ingl\u00e9s, Filosof\u00eda y Geograf\u00eda)<\/p>\n<p style=\"font-weight: 400;\"><strong>Claudia<\/strong>\u00a0<strong>Russo<\/strong>\u00a0(Profesorado de Ed. Especial)<\/p>\n<p style=\"font-weight: 400;\"><strong>Florencia<\/strong>\u00a0<strong>Meardi<\/strong>\u00a0(Profesorado de Lengua y Primaria)<\/p>\n<p style=\"font-weight: 400;\"><strong>Sara Halpern<\/strong>\u00a0(Profesorado de Ed. Primaria)<\/p>\n<p style=\"font-weight: 400;\"><strong>Muriel V\u00e1zquez\u00a0<\/strong>(Profesorado de Biolog\u00eda, Filosof\u00eda, Ed. Primaria)<\/p>\n<p style=\"font-weight: 400;\"><strong>Ayel\u00e9n Aguilar\u00a0<\/strong>(Profesorado de Lengua, ingl\u00e9s, Ed. Primaria y Ed. Especial)<\/p>\n<p style=\"font-weight: 400;\"><strong>Natalia Grise<\/strong>\u00a0(Profesorado de Lengua, Matem\u00e1tica, Ed. Primaria)<\/p>\n<p style=\"font-weight: 400;\"><strong>Hern\u00e1n Albornoz<\/strong>\u00a0(Profesorado de Primaria)<\/p>\n<p style=\"font-weight: 400;\"><strong>Fabian Romero<\/strong>\u00a0(Profesorado de Ed. Primaria y Especial)<\/p>\n<p style=\"font-weight: 400;\"><strong>Cristina<\/strong>\u00a0<strong>Granda<\/strong>\u00a0(Profesorado de Ingl\u00e9s y Lengua)<\/p>\n<p style=\"font-weight: 400;\"><strong>Laura<\/strong>\u00a0<strong>Diaz<\/strong>\u00a0(Profesorado de Historia y Geograf\u00eda)<\/p>\n<p style=\"font-weight: 400;\">\u00a0<\/p>\n<p style=\"font-weight: 400;\"><strong>Suplentes<\/strong><\/p>\n<p style=\"font-weight: 400;\"><strong>Luisa Vecino<\/strong>\u00a0(Profesorado de Historia, ingl\u00e9s, Matem\u00e1tica, Biolog\u00eda. Ed. Primaria, Ed Especial y Geograf\u00eda)<\/p>\n<p style=\"font-weight: 400;\"><strong>Cecilia Colombani<\/strong>\u00a0(Profesorado de Filosof\u00eda y Lengua))<\/p>\n<p style=\"font-weight: 400;\"><strong>Sergio Tedesco<\/strong>\u00a0(Profesorado de Biolog\u00eda y Ed. Especial)<\/p>\n<p style=\"font-weight: 400;\"><strong>Jorge Barreto<\/strong>\u00a0(Profesorado de Matem\u00e1tica y Ed. Primaria)<\/p>\n<p style=\"font-weight: 400;\"><strong>Diego Tassi<\/strong>\u00a0(Profesorado de Lengua)<\/p>\n<p style=\"font-weight: 400;\"><strong>Andr\u00e9s\u00a0 Flouch<\/strong>\u00a0(Profesorado de Geograf\u00eda)<\/p>\n<p style=\"font-weight: 400;\"><strong>Gabriel Pocovi<\/strong>\u00a0(Profesorado de Matem\u00e1tica)<\/p>\n\n\n<div class=\"wp-block-file\"><a href=\"https:\/\/isfd21-bue.infd.edu.ar\/sitio\/wp-content\/uploads\/2022\/08\/Comisiones-Claustro-Docente-CAI-2022.docx\"><strong><em>Comisiones-Claustro-Docente-CAI-2022<\/em><\/strong><\/a><a href=\"https:\/\/isfd21-bue.infd.edu.ar\/sitio\/wp-content\/uploads\/2022\/08\/Comisiones-Claustro-Docente-CAI-2022.docx\" class=\"wp-block-file__button\" download>Descarga<\/a><\/div>\n","protected":false},"excerpt":{"rendered":"<p>RESOLUCI\u00d3N N\u00ba 4044\/09 ANEXO I (Res. 4044\/09) Marco Normativo del Consejo Acad\u00e9mico Institucional a. Naturaleza Los Consejos Acad\u00e9micos Institucionales ser\u00e1n los \u00f3rganos colegiados de asesoramiento, propuesta, debate y decisi\u00f3n, para una gesti\u00f3n participativa, en el marco de la autonom\u00eda institucional en la unidad del sistema del nivel superior, dentro de las regulaciones de la pol\u00edtica &#8230; <a title=\"Consejo Acad\u00e9mico Institucional\" class=\"read-more\" href=\"https:\/\/isfd21-bue.infd.edu.ar\/sitio\/consejo-academico-institucional\/\" aria-label=\"More on Consejo Acad\u00e9mico Institucional\">[+]<\/a><\/p>\n","protected":false},"author":4665,"featured_media":0,"parent":0,"menu_order":0,"comment_status":"closed","ping_status":"closed","template":"","meta":[],"acf":[],"_links":{"self":[{"href":"https:\/\/isfd21-bue.infd.edu.ar\/sitio\/wp-json\/wp\/v2\/pages\/2776"}],"collection":[{"href":"https:\/\/isfd21-bue.infd.edu.ar\/sitio\/wp-json\/wp\/v2\/pages"}],"about":[{"href":"https:\/\/isfd21-bue.infd.edu.ar\/sitio\/wp-json\/wp\/v2\/types\/page"}],"author":[{"embeddable":true,"href":"https:\/\/isfd21-bue.infd.edu.ar\/sitio\/wp-json\/wp\/v2\/users\/4665"}],"replies":[{"embeddable":true,"href":"https:\/\/isfd21-bue.infd.edu.ar\/sitio\/wp-json\/wp\/v2\/comments?post=2776"}],"version-history":[{"count":7,"href":"https:\/\/isfd21-bue.infd.edu.ar\/sitio\/wp-json\/wp\/v2\/pages\/2776\/revisions"}],"predecessor-version":[{"id":6612,"href":"https:\/\/isfd21-bue.infd.edu.ar\/sitio\/wp-json\/wp\/v2\/pages\/2776\/revisions\/6612"}],"wp:attachment":[{"href":"https:\/\/isfd21-bue.infd.edu.ar\/sitio\/wp-json\/wp\/v2\/media?parent=2776"}],"curies":[{"name":"wp","href":"https:\/\/api.w.org\/{rel}","templated":true}]}}