{"id":2587,"date":"2020-09-07T17:52:19","date_gmt":"2020-09-07T20:52:19","guid":{"rendered":"https:\/\/isfd21-bue.infd.edu.ar\/sitio\/?page_id=2587"},"modified":"2026-04-22T15:28:33","modified_gmt":"2026-04-22T18:28:33","slug":"normativa-para-concurso","status":"publish","type":"page","link":"https:\/\/isfd21-bue.infd.edu.ar\/sitio\/normativa-para-concurso\/","title":{"rendered":"NORMATIVA PARA CONCURSO"},"content":{"rendered":"<p><a href=\"https:\/\/isfd21-bue.infd.edu.ar\/sitio\/wp-content\/uploads\/2025\/12\/RESOC-2025-6179-GDEBA-DGCYE.pdf\">RESOC-2025-6179-GDEBA-DGCYE<\/a> (NORMATIVA DE COBERTURA DE C\u00c1TEDRAS, EN VIGENCIA A PARTIR DEL 1\/1\/26)<\/p>\n<p><a href=\"https:\/\/isfd21-bue.infd.edu.ar\/sitio\/wp-content\/uploads\/2026\/04\/PV-Firma-Conjunta-2026-06605393-GDEBA-DPESUPDGCYE-Documento-de-implementacion-RESOC-2025-6179-GDEBA-DGCYE.pdf\">PV (Firma Conjunta)-2026-06605393-GDEBA-DPESUPDGCYE-\u201dDocumento de implementaci\u00f3n RESOC-2025-6179-GDEBA-DGCYE<\/a><\/p>\n<p><a href=\"https:\/\/isfd21-bue.infd.edu.ar\/sitio\/wp-content\/uploads\/2025\/12\/CC83R6179.pdf\">CC83R6179<\/a> (COMUNICACION DE COBERTURA DE C\u00c1TEDRAS, EN VIGENCIA A PARTIR DEL 1\/1\/26)<\/p>\n<p><a href=\"https:\/\/isfd21-bue.infd.edu.ar\/sitio\/wp-content\/uploads\/2020\/09\/Disposici%C3%B3n-30-05-Instructivo-confecci%C3%B3n-Proyectos-de-C%C3%A1tedra.pdf\">Disposici\u00f3n-30-05-Instructivo-confecci\u00f3n-Proyectos-de-C\u00e1tedra<\/a><\/p>\n","protected":false},"excerpt":{"rendered":"<p>RESOC-2025-6179-GDEBA-DGCYE (NORMATIVA DE COBERTURA DE C\u00c1TEDRAS, EN VIGENCIA A PARTIR DEL 1\/1\/26) PV (Firma Conjunta)-2026-06605393-GDEBA-DPESUPDGCYE-\u201dDocumento de implementaci\u00f3n RESOC-2025-6179-GDEBA-DGCYE CC83R6179 (COMUNICACION DE COBERTURA DE C\u00c1TEDRAS, EN VIGENCIA A PARTIR DEL 1\/1\/26) Disposici\u00f3n-30-05-Instructivo-confecci\u00f3n-Proyectos-de-C\u00e1tedra<\/p>\n","protected":false},"author":4665,"featured_media":0,"parent":0,"menu_order":0,"comment_status":"closed","ping_status":"closed","template":"","meta":[],"acf":[],"_links":{"self":[{"href":"https:\/\/isfd21-bue.infd.edu.ar\/sitio\/wp-json\/wp\/v2\/pages\/2587"}],"collection":[{"href":"https:\/\/isfd21-bue.infd.edu.ar\/sitio\/wp-json\/wp\/v2\/pages"}],"about":[{"href":"https:\/\/isfd21-bue.infd.edu.ar\/sitio\/wp-json\/wp\/v2\/types\/page"}],"author":[{"embeddable":true,"href":"https:\/\/isfd21-bue.infd.edu.ar\/sitio\/wp-json\/wp\/v2\/users\/4665"}],"replies":[{"embeddable":true,"href":"https:\/\/isfd21-bue.infd.edu.ar\/sitio\/wp-json\/wp\/v2\/comments?post=2587"}],"version-history":[{"count":5,"href":"https:\/\/isfd21-bue.infd.edu.ar\/sitio\/wp-json\/wp\/v2\/pages\/2587\/revisions"}],"predecessor-version":[{"id":14540,"href":"https:\/\/isfd21-bue.infd.edu.ar\/sitio\/wp-json\/wp\/v2\/pages\/2587\/revisions\/14540"}],"wp:attachment":[{"href":"https:\/\/isfd21-bue.infd.edu.ar\/sitio\/wp-json\/wp\/v2\/media?parent=2587"}],"curies":[{"name":"wp","href":"https:\/\/api.w.org\/{rel}","templated":true}]}}