{"id":2541,"date":"2020-09-03T18:23:08","date_gmt":"2020-09-03T21:23:08","guid":{"rendered":"https:\/\/isfd21-bue.infd.edu.ar\/sitio\/?page_id=2541"},"modified":"2025-10-21T16:59:05","modified_gmt":"2025-10-21T19:59:05","slug":"informacion-2","status":"publish","type":"page","link":"https:\/\/isfd21-bue.infd.edu.ar\/sitio\/informacion-2\/","title":{"rendered":"INFORMACI\u00d3N"},"content":{"rendered":"<h3 style=\"text-align: center;\"><strong><em>Pod\u00e9s acceder al libro: <\/em><\/strong><em><a href=\"https:\/\/isfd21-bue.infd.edu.ar\/sitio\/wp-content\/uploads\/2023\/07\/LIBRO_HISTORIA-DEL-ROJAS.pdf\">HAC\u00c9 CLIC AC\u00c1 (LIBRO HISTORIA DEL ROJAS<\/a>)<\/em><\/h3>\n<p>&nbsp;<\/p>\n<p><em><strong>PERSONAL DE PLANTA<\/strong><\/em><\/p>\n<p>Equipo Directivo<\/p>\n<p>Directora: Alderete, Mirta<\/p>\n<p>Vicedirectora: Viscarra, Karina\u00a0<\/p>\n<p>Regente: Ocker, Sandra<\/p>\n<p>Regente: Mouri\u00f1o, Omar<\/p>\n<p>Regente: Van Ysseldyk, Noem\u00ed\u00a0<\/p>\n<p>&nbsp;<\/p>\n<p>Equipo de conducci\u00f3n:<\/p>\n<p>Jefa de \u00e1rea de Ciencias Sociales: D\u00edaz, Laura<\/p>\n<p>Jefa de \u00e1rea de Biolog\u00eda: Gatelli, Mar\u00eda Cecilia<\/p>\n<p>Jefa de \u00e1rea de Ingl\u00e9s: Medela, Estela<\/p>\n<p>Jefa de \u00e1rea de Lengua y Literatura: Meardi, Florencia<\/p>\n<p>Jefe de \u00e1rea de Matem\u00e1tica: Soria, Marcelo<\/p>\n<p>Jefa de \u00e1rea de Primaria: Boero, Sof\u00eda.<\/p>\n<p>Secretaria: Sacaba, Cintia<\/p>\n<p>&nbsp;<\/p>\n<p>Bibliotecarios:<\/p>\n<p>Sequeira, Lorena<\/p>\n<p>Fajfer, Gladys<\/p>\n<p>Stehle, Alicia<\/p>\n<p>S\u00e1nchez, Evangelina<\/p>\n<p>&nbsp;<\/p>\n<p>Preceptores<\/p>\n<p>Ag\u00fcero, Mar\u00eda Rosa<br \/>Alexandre, Sebasti\u00e1n<br \/>Ar\u00e9valo Arellano, Myriam<br \/>Berken, Yamila<br \/>Bosch, Sandra<br \/>Carabajal, Romina<br \/>Gavilan, Mart\u00edn<br \/>Gonz\u00e1lez, Zunilda<br \/>Hern\u00e1ndez Despeyroux, Karen<br \/>Mart\u00ednez, Pablo<br \/>Najuk, Natalia<br \/>Ordo\u00f1ez, Cristina<br \/>Pasqua, Sergio<br \/>Perrotta, Carina<br \/>Ramos, Cristina<br \/>Sacaba, Cintia<br \/>Zajur, Mar\u00eda E<br \/>Delfino, Camila<br \/>Serna, Mirta<br \/>Tomatis, Natalia<br \/>Vel\u00e1zquez, Cecilia<\/p>\n<p>Auxiliares:<\/p>\n<p>D\u00edaz, Zulma<br \/>Gagliardo, Leonardo<br \/>Mezzapesa, Karina<br \/>Gauna, Monica<\/p>\n<p>Achar, Jorgelina<\/p>\n<p>Rodr\u00edguez, Roberto<br \/>Verdicchio, Silvia<br \/>Demichuk Carina<br \/>Gonz\u00e1lez, Roberto<br \/>S\u00e1nchez, \u00c1ngel<br \/>Meza, Vanesa<\/p>\n<p>&nbsp;<\/p>\n<p>&nbsp;<\/p>\n<p>&nbsp;<\/p>\n<p>&nbsp;<\/p>\n<p>&nbsp;<\/p>\n<h3><em>Tambi\u00e9n pod\u00e9s consultar :<\/em><\/h3>\n<h3><a href=\"https:\/\/isfd21-bue.infd.edu.ar\/sitio\/autoridades\" target=\"_blank\" rel=\"noopener\"><img decoding=\"async\" loading=\"lazy\" class=\"alignnone wp-image-2712\" src=\"https:\/\/isfd21-bue.infd.edu.ar\/sitio\/wp-content\/uploads\/2020\/09\/AUTORIDADES.png\" alt=\"\" width=\"157\" height=\"54\" \/><\/a><\/h3>\n<p><a href=\"https:\/\/isfd21-bue.infd.edu.ar\/sitio\/contacto\/\" target=\"_blank\" rel=\"noopener\"><img decoding=\"async\" loading=\"lazy\" class=\"alignnone wp-image-2713\" src=\"https:\/\/isfd21-bue.infd.edu.ar\/sitio\/wp-content\/uploads\/2020\/09\/CONTACTO.png\" alt=\"\" width=\"155\" height=\"77\" \/><\/a><\/p>\n<h4>CUE: 060643600<\/h4>\n<h4>Regi\u00f3n IX<\/h4>\n<h4>Distrito 073<\/h4>\n<p><center><\/center><\/p>\n","protected":false},"excerpt":{"rendered":"<p>Pod\u00e9s acceder al libro: HAC\u00c9 CLIC AC\u00c1 (LIBRO HISTORIA DEL ROJAS) &nbsp; PERSONAL DE PLANTA Equipo Directivo Directora: Alderete, Mirta Vicedirectora: Viscarra, Karina\u00a0 Regente: Ocker, Sandra Regente: Mouri\u00f1o, Omar Regente: Van Ysseldyk, Noem\u00ed\u00a0 &nbsp; Equipo de conducci\u00f3n: Jefa de \u00e1rea de Ciencias Sociales: D\u00edaz, Laura Jefa de \u00e1rea de Biolog\u00eda: Gatelli, Mar\u00eda Cecilia Jefa de &#8230; <a title=\"INFORMACI\u00d3N\" class=\"read-more\" href=\"https:\/\/isfd21-bue.infd.edu.ar\/sitio\/informacion-2\/\" aria-label=\"More on INFORMACI\u00d3N\">[+]<\/a><\/p>\n","protected":false},"author":4665,"featured_media":2710,"parent":0,"menu_order":0,"comment_status":"closed","ping_status":"closed","template":"","meta":[],"acf":[],"_links":{"self":[{"href":"https:\/\/isfd21-bue.infd.edu.ar\/sitio\/wp-json\/wp\/v2\/pages\/2541"}],"collection":[{"href":"https:\/\/isfd21-bue.infd.edu.ar\/sitio\/wp-json\/wp\/v2\/pages"}],"about":[{"href":"https:\/\/isfd21-bue.infd.edu.ar\/sitio\/wp-json\/wp\/v2\/types\/page"}],"author":[{"embeddable":true,"href":"https:\/\/isfd21-bue.infd.edu.ar\/sitio\/wp-json\/wp\/v2\/users\/4665"}],"replies":[{"embeddable":true,"href":"https:\/\/isfd21-bue.infd.edu.ar\/sitio\/wp-json\/wp\/v2\/comments?post=2541"}],"version-history":[{"count":78,"href":"https:\/\/isfd21-bue.infd.edu.ar\/sitio\/wp-json\/wp\/v2\/pages\/2541\/revisions"}],"predecessor-version":[{"id":13630,"href":"https:\/\/isfd21-bue.infd.edu.ar\/sitio\/wp-json\/wp\/v2\/pages\/2541\/revisions\/13630"}],"wp:featuredmedia":[{"embeddable":true,"href":"https:\/\/isfd21-bue.infd.edu.ar\/sitio\/wp-json\/wp\/v2\/media\/2710"}],"wp:attachment":[{"href":"https:\/\/isfd21-bue.infd.edu.ar\/sitio\/wp-json\/wp\/v2\/media?parent=2541"}],"curies":[{"name":"wp","href":"https:\/\/api.w.org\/{rel}","templated":true}]}}