{"id":2425,"date":"2020-09-01T14:48:19","date_gmt":"2020-09-01T17:48:19","guid":{"rendered":"https:\/\/isfd21-bue.infd.edu.ar\/sitio\/?page_id=2425"},"modified":"2024-12-11T15:39:42","modified_gmt":"2024-12-11T18:39:42","slug":"profesorado-de-educacion-especial_disc-int","status":"publish","type":"page","link":"https:\/\/isfd21-bue.infd.edu.ar\/sitio\/profesorado-de-educacion-especial_disc-int\/","title":{"rendered":"Profesorado de Educaci\u00f3n Especial con orientaci\u00f3n en Discapacidad Intelectual"},"content":{"rendered":"<p><img decoding=\"async\" loading=\"lazy\" class=\" wp-image-2505 aligncenter\" src=\"https:\/\/isfd21-bue.infd.edu.ar\/sitio\/wp-content\/uploads\/2020\/09\/Profesorado-de-Educaci\u00f3n-Especial-con-orientaci\u00f3n-en-Discapacidad-1000x563.jpg\" alt=\"\" width=\"897\" height=\"505\" srcset=\"https:\/\/isfd21-bue.infd.edu.ar\/sitio\/wp-content\/uploads\/2020\/09\/Profesorado-de-Educaci\u00f3n-Especial-con-orientaci\u00f3n-en-Discapacidad-1000x563.jpg 1000w, https:\/\/isfd21-bue.infd.edu.ar\/sitio\/wp-content\/uploads\/2020\/09\/Profesorado-de-Educaci\u00f3n-Especial-con-orientaci\u00f3n-en-Discapacidad-768x432.jpg 768w, https:\/\/isfd21-bue.infd.edu.ar\/sitio\/wp-content\/uploads\/2020\/09\/Profesorado-de-Educaci\u00f3n-Especial-con-orientaci\u00f3n-en-Discapacidad.jpg 1280w\" sizes=\"(max-width: 897px) 100vw, 897px\" \/>Pod\u00e9s cursar el Profesorado de Educaci\u00f3n Especial con orientaci\u00f3n en Discapacidad Intelectual \u00fanicamente en turno tarde.<\/p>\n<p>Turno tarde: 12 a 17.15 hs. (1\u00ba a 4\u00ba a\u00f1o)<\/p>\n<p>Cabe aclarar que pueden existir materias que se cursen en pre hora (17.15 a 18 hs.) o post hora (12.15 a 13 hs.), adem\u00e1s las cursadas de la Pr\u00e1ctica Docente en contra turno. Para m\u00e1s informaci\u00f3n sobre la propuesta formativa de la carrera y carga horaria, pod\u00e9s acceder al dise\u00f1o curricular :<\/p>\n<p><a href=\"https:\/\/isfd21-bue.infd.edu.ar\/sitio\/wp-content\/uploads\/sitio\/Ed.%20Especial%20ok.pdf\" target=\"_blank\" rel=\"noopener\">DISE\u00d1O CURRICULAR<\/a><\/p>\n<p><a href=\"https:\/\/isfd21-bue.infd.edu.ar\/sitio\/wp-content\/uploads\/2024\/02\/ESPECIAL.pdf\">CORRELATIVIDADES: COMUNICACI\u00d3N 109\/23 EDUCACI\u00d3N ESPECIAL<\/a><\/p>\n<p><a href=\"https:\/\/isfd21-bue.infd.edu.ar\/sitio\/propuestas-formativas\"><img decoding=\"async\" loading=\"lazy\" class=\"alignnone wp-image-2516\" src=\"https:\/\/isfd21-bue.infd.edu.ar\/sitio\/wp-content\/uploads\/2020\/09\/FLECHA.png\" alt=\"\" width=\"90\" height=\"92\" \/><\/a><\/p>\n","protected":false},"excerpt":{"rendered":"<p>Pod\u00e9s cursar el Profesorado de Educaci\u00f3n Especial con orientaci\u00f3n en Discapacidad Intelectual \u00fanicamente en turno tarde. Turno tarde: 12 a 17.15 hs. (1\u00ba a 4\u00ba a\u00f1o) Cabe aclarar que pueden existir materias que se cursen en pre hora (17.15 a 18 hs.) o post hora (12.15 a 13 hs.), adem\u00e1s las cursadas de la Pr\u00e1ctica &#8230; <a title=\"Profesorado de Educaci\u00f3n Especial con orientaci\u00f3n en Discapacidad Intelectual\" class=\"read-more\" href=\"https:\/\/isfd21-bue.infd.edu.ar\/sitio\/profesorado-de-educacion-especial_disc-int\/\" aria-label=\"More on Profesorado de Educaci\u00f3n Especial con orientaci\u00f3n en Discapacidad Intelectual\">[+]<\/a><\/p>\n","protected":false},"author":4665,"featured_media":0,"parent":0,"menu_order":0,"comment_status":"closed","ping_status":"closed","template":"","meta":[],"acf":[],"_links":{"self":[{"href":"https:\/\/isfd21-bue.infd.edu.ar\/sitio\/wp-json\/wp\/v2\/pages\/2425"}],"collection":[{"href":"https:\/\/isfd21-bue.infd.edu.ar\/sitio\/wp-json\/wp\/v2\/pages"}],"about":[{"href":"https:\/\/isfd21-bue.infd.edu.ar\/sitio\/wp-json\/wp\/v2\/types\/page"}],"author":[{"embeddable":true,"href":"https:\/\/isfd21-bue.infd.edu.ar\/sitio\/wp-json\/wp\/v2\/users\/4665"}],"replies":[{"embeddable":true,"href":"https:\/\/isfd21-bue.infd.edu.ar\/sitio\/wp-json\/wp\/v2\/comments?post=2425"}],"version-history":[{"count":11,"href":"https:\/\/isfd21-bue.infd.edu.ar\/sitio\/wp-json\/wp\/v2\/pages\/2425\/revisions"}],"predecessor-version":[{"id":12082,"href":"https:\/\/isfd21-bue.infd.edu.ar\/sitio\/wp-json\/wp\/v2\/pages\/2425\/revisions\/12082"}],"wp:attachment":[{"href":"https:\/\/isfd21-bue.infd.edu.ar\/sitio\/wp-json\/wp\/v2\/media?parent=2425"}],"curies":[{"name":"wp","href":"https:\/\/api.w.org\/{rel}","templated":true}]}}