{"id":2420,"date":"2020-08-31T17:18:41","date_gmt":"2020-08-31T20:18:41","guid":{"rendered":"https:\/\/isfd21-bue.infd.edu.ar\/sitio\/?page_id=2420"},"modified":"2025-02-19T17:06:29","modified_gmt":"2025-02-19T20:06:29","slug":"profesorado-educacion-secundaria-en-filosofia","status":"publish","type":"page","link":"https:\/\/isfd21-bue.infd.edu.ar\/sitio\/profesorado-educacion-secundaria-en-filosofia\/","title":{"rendered":"Profesorado Educaci\u00f3n Secundaria en Filosof\u00eda"},"content":{"rendered":"<p><img decoding=\"async\" loading=\"lazy\" class=\" wp-image-2504 aligncenter\" src=\"https:\/\/isfd21-bue.infd.edu.ar\/sitio\/wp-content\/uploads\/2020\/09\/Profesorado-de-Educaci\u00f3n-Secundaria-en-Filosof\u00eda-1000x563.jpg\" alt=\"\" width=\"904\" height=\"509\" srcset=\"https:\/\/isfd21-bue.infd.edu.ar\/sitio\/wp-content\/uploads\/2020\/09\/Profesorado-de-Educaci\u00f3n-Secundaria-en-Filosof\u00eda-1000x563.jpg 1000w, https:\/\/isfd21-bue.infd.edu.ar\/sitio\/wp-content\/uploads\/2020\/09\/Profesorado-de-Educaci\u00f3n-Secundaria-en-Filosof\u00eda-768x432.jpg 768w, https:\/\/isfd21-bue.infd.edu.ar\/sitio\/wp-content\/uploads\/2020\/09\/Profesorado-de-Educaci\u00f3n-Secundaria-en-Filosof\u00eda.jpg 1280w\" sizes=\"(max-width: 904px) 100vw, 904px\" \/><\/p>\n<p>\u00a0<\/p>\n<p>\u00a0<\/p>\n<center><\/center>\n<p>\u00a0<\/p>\n<p>Pod\u00e9s cursar el Profesorado de Educaci\u00f3n Secundaria en Filosof\u00eda \u00fanicamente\u00a0en turno turno vespertino.<\/p>\n<p>\u00a0<\/p>\n<p>Turno vespertino: 18 a 22.15 hs. (1\u00ba a 4\u00ba a\u00f1o)<\/p>\n<p>Cabe aclarar que pueden existir materias que se cursen en pre hora (17.15 a 18 hs.), adem\u00e1s las cursadas de la Pr\u00e1ctica Docente en contra turno. Para m\u00e1s informaci\u00f3n sobre la propuesta formativa de la carrera y carga horaria, pod\u00e9s acceder al dise\u00f1o curricular :<\/p>\n<p><a href=\"https:\/\/isfd21-bue.infd.edu.ar\/sitio\/wp-content\/uploads\/2022\/06\/Diseno-Curricular-Profesorado-de-Filosofia.pdf\">DISE\u00d1O CURRICULAR<\/a><\/p>\n<p><a href=\"https:\/\/isfd21-bue.infd.edu.ar\/sitio\/wp-content\/uploads\/2025\/02\/FILOSOFIA-TABLA-ORIENTATIVA-EQUIVALENCIAS-PLAN-ANTERIOR-Estudiantes.pdf\">FILOSOF\u00cdA -TABLA ORIENTATIVA EQUIVALENCIAS- PLAN ANTERIOR- Estudiantes<\/a><\/p>\n<p><a href=\"https:\/\/isfd21-bue.infd.edu.ar\/sitio\/wp-content\/uploads\/sitio\/filosofia%20origina_1.pdf\" target=\"_blank\" rel=\"noopener\">CAJA CURRICULAR<\/a><\/p>\n<p>\u00a0<\/p>\n\n\n<hr class=\"wp-block-separator has-alpha-channel-opacity\"\/>\n\n\n\n<hr class=\"wp-block-separator has-alpha-channel-opacity\"\/>\n\n\n\n<hr class=\"wp-block-separator has-alpha-channel-opacity\"\/>\n","protected":false},"excerpt":{"rendered":"<p>\u00a0 \u00a0 \u00a0 Pod\u00e9s cursar el Profesorado de Educaci\u00f3n Secundaria en Filosof\u00eda \u00fanicamente\u00a0en turno turno vespertino. \u00a0 Turno vespertino: 18 a 22.15 hs. (1\u00ba a 4\u00ba a\u00f1o) Cabe aclarar que pueden existir materias que se cursen en pre hora (17.15 a 18 hs.), adem\u00e1s las cursadas de la Pr\u00e1ctica Docente en contra turno. Para m\u00e1s &#8230; <a title=\"Profesorado Educaci\u00f3n Secundaria en Filosof\u00eda\" class=\"read-more\" href=\"https:\/\/isfd21-bue.infd.edu.ar\/sitio\/profesorado-educacion-secundaria-en-filosofia\/\" aria-label=\"More on Profesorado Educaci\u00f3n Secundaria en Filosof\u00eda\">[+]<\/a><\/p>\n","protected":false},"author":4665,"featured_media":0,"parent":0,"menu_order":0,"comment_status":"closed","ping_status":"closed","template":"","meta":[],"acf":[],"_links":{"self":[{"href":"https:\/\/isfd21-bue.infd.edu.ar\/sitio\/wp-json\/wp\/v2\/pages\/2420"}],"collection":[{"href":"https:\/\/isfd21-bue.infd.edu.ar\/sitio\/wp-json\/wp\/v2\/pages"}],"about":[{"href":"https:\/\/isfd21-bue.infd.edu.ar\/sitio\/wp-json\/wp\/v2\/types\/page"}],"author":[{"embeddable":true,"href":"https:\/\/isfd21-bue.infd.edu.ar\/sitio\/wp-json\/wp\/v2\/users\/4665"}],"replies":[{"embeddable":true,"href":"https:\/\/isfd21-bue.infd.edu.ar\/sitio\/wp-json\/wp\/v2\/comments?post=2420"}],"version-history":[{"count":19,"href":"https:\/\/isfd21-bue.infd.edu.ar\/sitio\/wp-json\/wp\/v2\/pages\/2420\/revisions"}],"predecessor-version":[{"id":12295,"href":"https:\/\/isfd21-bue.infd.edu.ar\/sitio\/wp-json\/wp\/v2\/pages\/2420\/revisions\/12295"}],"wp:attachment":[{"href":"https:\/\/isfd21-bue.infd.edu.ar\/sitio\/wp-json\/wp\/v2\/media?parent=2420"}],"curies":[{"name":"wp","href":"https:\/\/api.w.org\/{rel}","templated":true}]}}