{"id":2416,"date":"2020-08-31T17:13:08","date_gmt":"2020-08-31T20:13:08","guid":{"rendered":"https:\/\/isfd21-bue.infd.edu.ar\/sitio\/?page_id=2416"},"modified":"2025-02-19T17:04:32","modified_gmt":"2025-02-19T20:04:32","slug":"profesorado-de-educacion-secundaria-en-geografia","status":"publish","type":"page","link":"https:\/\/isfd21-bue.infd.edu.ar\/sitio\/profesorado-de-educacion-secundaria-en-geografia\/","title":{"rendered":"Profesorado de Educaci\u00f3n Secundaria en Geograf\u00eda"},"content":{"rendered":"<p><img decoding=\"async\" loading=\"lazy\" class=\" wp-image-2756 aligncenter\" src=\"https:\/\/isfd21-bue.infd.edu.ar\/sitio\/wp-content\/uploads\/2020\/09\/GEOGRAFIA-1-1000x563.jpg\" alt=\"\" width=\"844\" height=\"475\" srcset=\"https:\/\/isfd21-bue.infd.edu.ar\/sitio\/wp-content\/uploads\/2020\/09\/GEOGRAFIA-1-1000x563.jpg 1000w, https:\/\/isfd21-bue.infd.edu.ar\/sitio\/wp-content\/uploads\/2020\/09\/GEOGRAFIA-1-768x432.jpg 768w, https:\/\/isfd21-bue.infd.edu.ar\/sitio\/wp-content\/uploads\/2020\/09\/GEOGRAFIA-1.jpg 1280w\" sizes=\"(max-width: 844px) 100vw, 844px\" \/><\/p>\n<p><center><\/center>Podes cursar el Profesorado de Educaci\u00f3n Secundaria en Geograf\u00eda \u00fanicamente en turno turno vespertino.<\/p>\n<p>Turno vespertino: 18 a 22.15 hs. (1\u00ba a 4\u00ba a\u00f1o)<\/p>\n<p>Cabe aclarar que pueden existir materias que se cursen en pre hora (17.15 a 18 hs.), adem\u00e1s las cursadas de la Pr\u00e1ctica Docente en contra turno. Para m\u00e1s informaci\u00f3n sobre la propuesta formativa de la carrera y carga horaria, pod\u00e9s acceder al dise\u00f1o curricular :<\/p>\n<p><a href=\"https:\/\/isfd21-bue.infd.edu.ar\/sitio\/wp-content\/uploads\/2022\/09\/DC-geografia.pdf\">DISE\u00d1O CURRICULAR<\/a><\/p>\n<p><a href=\"https:\/\/isfd21-bue.infd.edu.ar\/sitio\/wp-content\/uploads\/2025\/02\/GEOGRAFIA-TABLA-ORIENTATIVA-EQUIVALENCIAS-PA-ESTUDIANTES.pdf\">GEOGRAF\u00cdA -TABLA ORIENTATIVA EQUIVALENCIAS- PA-ESTUDIANTES<\/a><\/p>\n<p><a href=\"https:\/\/isfd21-bue.infd.edu.ar\/sitio\/wp-content\/uploads\/sitio\/geografia%20ok.pdf\">CAJA CURRICULAR<\/a><\/p>\n<h4><\/h4>\n<p><a href=\"https:\/\/isfd21-bue.infd.edu.ar\/sitio\/propuestas-formativas\"><img decoding=\"async\" loading=\"lazy\" class=\"alignnone wp-image-2516\" src=\"https:\/\/isfd21-bue.infd.edu.ar\/sitio\/wp-content\/uploads\/2020\/09\/FLECHA.png\" alt=\"\" width=\"90\" height=\"92\" \/><\/a><\/p>\n","protected":false},"excerpt":{"rendered":"<p>Podes cursar el Profesorado de Educaci\u00f3n Secundaria en Geograf\u00eda \u00fanicamente en turno turno vespertino. Turno vespertino: 18 a 22.15 hs. (1\u00ba a 4\u00ba a\u00f1o) Cabe aclarar que pueden existir materias que se cursen en pre hora (17.15 a 18 hs.), adem\u00e1s las cursadas de la Pr\u00e1ctica Docente en contra turno. Para m\u00e1s informaci\u00f3n sobre la &#8230; <a title=\"Profesorado de Educaci\u00f3n Secundaria en Geograf\u00eda\" class=\"read-more\" href=\"https:\/\/isfd21-bue.infd.edu.ar\/sitio\/profesorado-de-educacion-secundaria-en-geografia\/\" aria-label=\"More on Profesorado de Educaci\u00f3n Secundaria en Geograf\u00eda\">[+]<\/a><\/p>\n","protected":false},"author":4665,"featured_media":0,"parent":0,"menu_order":0,"comment_status":"closed","ping_status":"closed","template":"","meta":[],"acf":[],"_links":{"self":[{"href":"https:\/\/isfd21-bue.infd.edu.ar\/sitio\/wp-json\/wp\/v2\/pages\/2416"}],"collection":[{"href":"https:\/\/isfd21-bue.infd.edu.ar\/sitio\/wp-json\/wp\/v2\/pages"}],"about":[{"href":"https:\/\/isfd21-bue.infd.edu.ar\/sitio\/wp-json\/wp\/v2\/types\/page"}],"author":[{"embeddable":true,"href":"https:\/\/isfd21-bue.infd.edu.ar\/sitio\/wp-json\/wp\/v2\/users\/4665"}],"replies":[{"embeddable":true,"href":"https:\/\/isfd21-bue.infd.edu.ar\/sitio\/wp-json\/wp\/v2\/comments?post=2416"}],"version-history":[{"count":14,"href":"https:\/\/isfd21-bue.infd.edu.ar\/sitio\/wp-json\/wp\/v2\/pages\/2416\/revisions"}],"predecessor-version":[{"id":12292,"href":"https:\/\/isfd21-bue.infd.edu.ar\/sitio\/wp-json\/wp\/v2\/pages\/2416\/revisions\/12292"}],"wp:attachment":[{"href":"https:\/\/isfd21-bue.infd.edu.ar\/sitio\/wp-json\/wp\/v2\/media?parent=2416"}],"curies":[{"name":"wp","href":"https:\/\/api.w.org\/{rel}","templated":true}]}}