{"id":2411,"date":"2020-08-31T17:03:15","date_gmt":"2020-08-31T20:03:15","guid":{"rendered":"https:\/\/isfd21-bue.infd.edu.ar\/sitio\/?page_id=2411"},"modified":"2025-02-19T17:03:26","modified_gmt":"2025-02-19T20:03:26","slug":"profesorado-de-educacion-secundaria-en-historia","status":"publish","type":"page","link":"https:\/\/isfd21-bue.infd.edu.ar\/sitio\/profesorado-de-educacion-secundaria-en-historia\/","title":{"rendered":"Profesorado de Educaci\u00f3n Secundaria en Historia"},"content":{"rendered":"<p><img decoding=\"async\" loading=\"lazy\" class=\" wp-image-2757 aligncenter\" src=\"https:\/\/isfd21-bue.infd.edu.ar\/sitio\/wp-content\/uploads\/2020\/09\/HISTORIA-1-1000x563.jpg\" alt=\"\" width=\"824\" height=\"464\" srcset=\"https:\/\/isfd21-bue.infd.edu.ar\/sitio\/wp-content\/uploads\/2020\/09\/HISTORIA-1-1000x563.jpg 1000w, https:\/\/isfd21-bue.infd.edu.ar\/sitio\/wp-content\/uploads\/2020\/09\/HISTORIA-1-768x432.jpg 768w, https:\/\/isfd21-bue.infd.edu.ar\/sitio\/wp-content\/uploads\/2020\/09\/HISTORIA-1.jpg 1280w\" sizes=\"(max-width: 824px) 100vw, 824px\" \/><\/p>\n<p><center><\/center>Pod\u00e9s elegir cursar el Profesorado de Educaci\u00f3n Secundaria en Historia en turno ma\u00f1ana o turno vespertino, hasta 2\u00ba a\u00f1o, luego la cursada solo es en turno vespertino.<\/p>\n<p>Turno ma\u00f1ana: 8 a 12.15 hs. (1\u00ba y\u00a0 2\u00ba a\u00f1o)<\/p>\n<p>Turno vespertino: 18 a 22.15 hs. (1\u00ba a 4\u00ba a\u00f1o)<\/p>\n<p>Cabe aclarar que pueden existir materias que se cursen en pre hora (17.15 a 18 hs.) o post hora (12.15 a 13 hs.), adem\u00e1s las cursadas de la Pr\u00e1ctica Docente en contraturno. Para m\u00e1s informaci\u00f3n sobre la propuesta formativa de la carrera y carga horaria, podes acceder al dise\u00f1o curricular vigente:<\/p>\n<p><strong><a href=\"https:\/\/isfd21-bue.infd.edu.ar\/sitio\/wp-content\/uploads\/2022\/09\/DC-historia.pdf\">DISE\u00d1O CURRICULAR<\/a><\/strong><\/p>\n<p><a href=\"https:\/\/isfd21-bue.infd.edu.ar\/sitio\/wp-content\/uploads\/2025\/02\/HISTORIA-TABLA-ORIENTATIVA-EQUIVALENCIAS-PA-ESTUDIANTES.pdf\">HISTORIA -TABLA ORIENTATIVA EQUIVALENCIAS- PA-ESTUDIANTES<\/a><\/p>\n<p><em><a href=\"https:\/\/isfd21-bue.infd.edu.ar\/sitio\/wp-content\/uploads\/sitio\/Historia.pdf\" target=\"_blank\" rel=\"noopener\">Caja curricular<\/a><\/em><\/p>\n<p><a href=\"https:\/\/isfd21-bue.infd.edu.ar\/sitio\/propuestas-formativas\"><img decoding=\"async\" loading=\"lazy\" class=\"alignnone wp-image-2516\" src=\"https:\/\/isfd21-bue.infd.edu.ar\/sitio\/wp-content\/uploads\/2020\/09\/FLECHA.png\" alt=\"\" width=\"90\" height=\"92\" \/><\/a><\/p>\n","protected":false},"excerpt":{"rendered":"<p>Pod\u00e9s elegir cursar el Profesorado de Educaci\u00f3n Secundaria en Historia en turno ma\u00f1ana o turno vespertino, hasta 2\u00ba a\u00f1o, luego la cursada solo es en turno vespertino. Turno ma\u00f1ana: 8 a 12.15 hs. (1\u00ba y\u00a0 2\u00ba a\u00f1o) Turno vespertino: 18 a 22.15 hs. (1\u00ba a 4\u00ba a\u00f1o) Cabe aclarar que pueden existir materias que se &#8230; <a title=\"Profesorado de Educaci\u00f3n Secundaria en Historia\" class=\"read-more\" href=\"https:\/\/isfd21-bue.infd.edu.ar\/sitio\/profesorado-de-educacion-secundaria-en-historia\/\" aria-label=\"More on Profesorado de Educaci\u00f3n Secundaria en Historia\">[+]<\/a><\/p>\n","protected":false},"author":4665,"featured_media":0,"parent":0,"menu_order":0,"comment_status":"closed","ping_status":"closed","template":"","meta":[],"acf":[],"_links":{"self":[{"href":"https:\/\/isfd21-bue.infd.edu.ar\/sitio\/wp-json\/wp\/v2\/pages\/2411"}],"collection":[{"href":"https:\/\/isfd21-bue.infd.edu.ar\/sitio\/wp-json\/wp\/v2\/pages"}],"about":[{"href":"https:\/\/isfd21-bue.infd.edu.ar\/sitio\/wp-json\/wp\/v2\/types\/page"}],"author":[{"embeddable":true,"href":"https:\/\/isfd21-bue.infd.edu.ar\/sitio\/wp-json\/wp\/v2\/users\/4665"}],"replies":[{"embeddable":true,"href":"https:\/\/isfd21-bue.infd.edu.ar\/sitio\/wp-json\/wp\/v2\/comments?post=2411"}],"version-history":[{"count":14,"href":"https:\/\/isfd21-bue.infd.edu.ar\/sitio\/wp-json\/wp\/v2\/pages\/2411\/revisions"}],"predecessor-version":[{"id":12290,"href":"https:\/\/isfd21-bue.infd.edu.ar\/sitio\/wp-json\/wp\/v2\/pages\/2411\/revisions\/12290"}],"wp:attachment":[{"href":"https:\/\/isfd21-bue.infd.edu.ar\/sitio\/wp-json\/wp\/v2\/media?parent=2411"}],"curies":[{"name":"wp","href":"https:\/\/api.w.org\/{rel}","templated":true}]}}