{"id":2405,"date":"2020-08-31T16:51:32","date_gmt":"2020-08-31T19:51:32","guid":{"rendered":"https:\/\/isfd21-bue.infd.edu.ar\/sitio\/?page_id=2405"},"modified":"2024-12-11T15:41:33","modified_gmt":"2024-12-11T18:41:33","slug":"profesorado-de-educacion-secundaria-en-matematica","status":"publish","type":"page","link":"https:\/\/isfd21-bue.infd.edu.ar\/sitio\/profesorado-de-educacion-secundaria-en-matematica\/","title":{"rendered":"Profesorado de Educaci\u00f3n Secundaria en Matem\u00e1tica"},"content":{"rendered":"<p><img decoding=\"async\" loading=\"lazy\" class=\"size-medium wp-image-1645 aligncenter\" src=\"https:\/\/isfd21-bue.infd.edu.ar\/sitio\/wp-content\/uploads\/2020\/03\/PROFESORADO-DE-EDUCACI\u00d3N-SECUNDARIA-EN-MATEM\u00c1TICA-1000x563.jpg\" alt=\"\" width=\"1000\" height=\"563\" srcset=\"https:\/\/isfd21-bue.infd.edu.ar\/sitio\/wp-content\/uploads\/2020\/03\/PROFESORADO-DE-EDUCACI\u00d3N-SECUNDARIA-EN-MATEM\u00c1TICA-1000x563.jpg 1000w, https:\/\/isfd21-bue.infd.edu.ar\/sitio\/wp-content\/uploads\/2020\/03\/PROFESORADO-DE-EDUCACI\u00d3N-SECUNDARIA-EN-MATEM\u00c1TICA-768x432.jpg 768w, https:\/\/isfd21-bue.infd.edu.ar\/sitio\/wp-content\/uploads\/2020\/03\/PROFESORADO-DE-EDUCACI\u00d3N-SECUNDARIA-EN-MATEM\u00c1TICA.jpg 1280w\" sizes=\"(max-width: 1000px) 100vw, 1000px\" \/><\/p>\n<p><center><\/center>Ten\u00e9s la posibilidad de elegir cursar el Profesorado de Educaci\u00f3n Secundaria en Matem\u00e1tica en turno ma\u00f1ana o turno vespertino, hasta 2\u00ba a\u00f1o, luego la cursada solo puede hacerse en turno ma\u00f1ana.<\/p>\n<p>Turno ma\u00f1ana: 8 a 12.15 hs. (1\u00ba a 4\u00ba a\u00f1o)<\/p>\n<p>Turno vespertino: 18 a 22.15 hs. (1\u00ba y 2\u00ba a\u00f1o)<\/p>\n<p>Cabe aclarar que pueden existir materias que se cursen en pre hora (17.15 a 18 hs.) o post hora (12.15 a 13 hs.), adem\u00e1s las cursadas de la Pr\u00e1ctica Docente en contra turno. Para m\u00e1s informaci\u00f3n sobre la propuesta formativa d ela carrera y carga horaria, pod\u00e9s acceder al dise\u00f1o curricular:<\/p>\n<p><strong><a href=\"https:\/\/isfd21-bue.infd.edu.ar\/sitio\/wp-content\/uploads\/2020\/02\/Prof._de__matematica.pdf\">DISE\u00d1O CURRICULAR<\/a><\/strong><\/p>\n<p><strong><a href=\"https:\/\/isfd21-bue.infd.edu.ar\/sitio\/wp-content\/uploads\/2024\/02\/MATEMATICA.pdf\" target=\"_blank\" rel=\"noopener\">CORRLEATIVIDADES: COMUNICACI\u00d3N 109\/23 MATEMATICA<\/a><\/strong><\/p>\n<h3><\/h3>\n<p><a href=\"https:\/\/isfd21-bue.infd.edu.ar\/sitio\/propuestas-formativas\"><img decoding=\"async\" loading=\"lazy\" class=\"alignnone wp-image-2516\" src=\"https:\/\/isfd21-bue.infd.edu.ar\/sitio\/wp-content\/uploads\/2020\/09\/FLECHA.png\" alt=\"\" width=\"90\" height=\"92\" \/><\/a><\/p>\n","protected":false},"excerpt":{"rendered":"<p>Ten\u00e9s la posibilidad de elegir cursar el Profesorado de Educaci\u00f3n Secundaria en Matem\u00e1tica en turno ma\u00f1ana o turno vespertino, hasta 2\u00ba a\u00f1o, luego la cursada solo puede hacerse en turno ma\u00f1ana. Turno ma\u00f1ana: 8 a 12.15 hs. (1\u00ba a 4\u00ba a\u00f1o) Turno vespertino: 18 a 22.15 hs. (1\u00ba y 2\u00ba a\u00f1o) Cabe aclarar que pueden &#8230; <a title=\"Profesorado de Educaci\u00f3n Secundaria en Matem\u00e1tica\" class=\"read-more\" href=\"https:\/\/isfd21-bue.infd.edu.ar\/sitio\/profesorado-de-educacion-secundaria-en-matematica\/\" aria-label=\"More on Profesorado de Educaci\u00f3n Secundaria en Matem\u00e1tica\">[+]<\/a><\/p>\n","protected":false},"author":4665,"featured_media":0,"parent":0,"menu_order":0,"comment_status":"closed","ping_status":"closed","template":"","meta":[],"acf":[],"_links":{"self":[{"href":"https:\/\/isfd21-bue.infd.edu.ar\/sitio\/wp-json\/wp\/v2\/pages\/2405"}],"collection":[{"href":"https:\/\/isfd21-bue.infd.edu.ar\/sitio\/wp-json\/wp\/v2\/pages"}],"about":[{"href":"https:\/\/isfd21-bue.infd.edu.ar\/sitio\/wp-json\/wp\/v2\/types\/page"}],"author":[{"embeddable":true,"href":"https:\/\/isfd21-bue.infd.edu.ar\/sitio\/wp-json\/wp\/v2\/users\/4665"}],"replies":[{"embeddable":true,"href":"https:\/\/isfd21-bue.infd.edu.ar\/sitio\/wp-json\/wp\/v2\/comments?post=2405"}],"version-history":[{"count":17,"href":"https:\/\/isfd21-bue.infd.edu.ar\/sitio\/wp-json\/wp\/v2\/pages\/2405\/revisions"}],"predecessor-version":[{"id":12084,"href":"https:\/\/isfd21-bue.infd.edu.ar\/sitio\/wp-json\/wp\/v2\/pages\/2405\/revisions\/12084"}],"wp:attachment":[{"href":"https:\/\/isfd21-bue.infd.edu.ar\/sitio\/wp-json\/wp\/v2\/media?parent=2405"}],"curies":[{"name":"wp","href":"https:\/\/api.w.org\/{rel}","templated":true}]}}