{"id":2315,"date":"2020-08-27T20:32:14","date_gmt":"2020-08-27T23:32:14","guid":{"rendered":"https:\/\/isfd21-bue.infd.edu.ar\/sitio\/?page_id=2315"},"modified":"2020-08-27T20:50:32","modified_gmt":"2020-08-27T23:50:32","slug":"cuanto-tarda-en-confeccionarse-el-pase","status":"publish","type":"page","link":"https:\/\/isfd21-bue.infd.edu.ar\/sitio\/cuanto-tarda-en-confeccionarse-el-pase\/","title":{"rendered":"\u00bfCu\u00e1nto tarda en confeccionarse el pase?"},"content":{"rendered":"<p>Puede llegar a tardar 2 semanas si es para una instituci\u00f3n de gesti\u00f3n p\u00fablica y 3 semanas para una instituci\u00f3n de gesti\u00f3n privada.<\/p>\n<p><a href=\"https:\/\/isfd21-bue.infd.edu.ar\/sitio\/estudiantes\/\"><img decoding=\"async\" loading=\"lazy\" class=\"alignnone wp-image-1473\" src=\"https:\/\/isfd21-bue.infd.edu.ar\/sitio\/wp-content\/uploads\/2020\/03\/ir-a-inicio.png\" alt=\"\" width=\"129\" height=\"120\" \/><\/a><\/p>\n","protected":false},"excerpt":{"rendered":"<p>Puede llegar a tardar 2 semanas si es para una instituci\u00f3n de gesti\u00f3n p\u00fablica y 3 semanas para una instituci\u00f3n de gesti\u00f3n privada.<\/p>\n","protected":false},"author":4665,"featured_media":0,"parent":0,"menu_order":0,"comment_status":"closed","ping_status":"closed","template":"","meta":[],"acf":[],"_links":{"self":[{"href":"https:\/\/isfd21-bue.infd.edu.ar\/sitio\/wp-json\/wp\/v2\/pages\/2315"}],"collection":[{"href":"https:\/\/isfd21-bue.infd.edu.ar\/sitio\/wp-json\/wp\/v2\/pages"}],"about":[{"href":"https:\/\/isfd21-bue.infd.edu.ar\/sitio\/wp-json\/wp\/v2\/types\/page"}],"author":[{"embeddable":true,"href":"https:\/\/isfd21-bue.infd.edu.ar\/sitio\/wp-json\/wp\/v2\/users\/4665"}],"replies":[{"embeddable":true,"href":"https:\/\/isfd21-bue.infd.edu.ar\/sitio\/wp-json\/wp\/v2\/comments?post=2315"}],"version-history":[{"count":2,"href":"https:\/\/isfd21-bue.infd.edu.ar\/sitio\/wp-json\/wp\/v2\/pages\/2315\/revisions"}],"predecessor-version":[{"id":2334,"href":"https:\/\/isfd21-bue.infd.edu.ar\/sitio\/wp-json\/wp\/v2\/pages\/2315\/revisions\/2334"}],"wp:attachment":[{"href":"https:\/\/isfd21-bue.infd.edu.ar\/sitio\/wp-json\/wp\/v2\/media?parent=2315"}],"curies":[{"name":"wp","href":"https:\/\/api.w.org\/{rel}","templated":true}]}}