{"id":2312,"date":"2020-08-27T20:31:09","date_gmt":"2020-08-27T23:31:09","guid":{"rendered":"https:\/\/isfd21-bue.infd.edu.ar\/sitio\/?page_id=2312"},"modified":"2024-04-25T15:08:35","modified_gmt":"2024-04-25T18:08:35","slug":"necesito-hacer-un-pase-como-hago-para-tramitarlo","status":"publish","type":"page","link":"https:\/\/isfd21-bue.infd.edu.ar\/sitio\/necesito-hacer-un-pase-como-hago-para-tramitarlo\/","title":{"rendered":"Necesito hacer un pase , \u00bfC\u00f3mo hago para tramitarlo?"},"content":{"rendered":"<p>Si decidiste realizar un pase a otra Instituci\u00f3n Educativa, deb\u00e9s acercarte a preceptor\u00eda, en la medida de lo posible, en tu turno con tu preceptor, junto a los requisitos que a continuaci\u00f3n se solicitan:<\/p>\n<ul>\n<li><strong><em>Informe interno de notas <\/em><\/strong><em>(solicitar al preceptor de tu carrera)<\/em><\/li>\n<li><strong><em>DNI<\/em><\/strong><em> (frente y dorso)<\/em><\/li>\n<li><strong><em>Constancia de vacante del Instituto destino<\/em><\/strong><em> o una constancia donde se soliciten los requisitos para efectuar el pase.<\/em><\/li>\n<\/ul>\n<ul>\n<li><strong><em>Nota con el pedido de pase<\/em><\/strong><em> que detalle instituci\u00f3n destino, datos personales, carrera cursada en el Instituto, datos de contacto (mail, tel\u00e9fono).<\/em><\/li>\n<\/ul>\n<p>Un preceptor controla todos los papeles e ingresa el tr\u00e1mite para dar curso a la petici\u00f3n.<\/p>\n<p><a href=\"https:\/\/isfd21-bue.infd.edu.ar\/sitio\/estudiantes\/\"><img decoding=\"async\" loading=\"lazy\" class=\"alignnone wp-image-1473\" src=\"https:\/\/isfd21-bue.infd.edu.ar\/sitio\/wp-content\/uploads\/2020\/03\/ir-a-inicio.png\" alt=\"\" width=\"129\" height=\"120\" \/><\/a><\/p>\n","protected":false},"excerpt":{"rendered":"<p>Si decidiste realizar un pase a otra Instituci\u00f3n Educativa, deb\u00e9s acercarte a preceptor\u00eda, en la medida de lo posible, en tu turno con tu preceptor, junto a los requisitos que a continuaci\u00f3n se solicitan: Informe interno de notas (solicitar al preceptor de tu carrera) DNI (frente y dorso) Constancia de vacante del Instituto destino o &#8230; <a title=\"Necesito hacer un pase , \u00bfC\u00f3mo hago para tramitarlo?\" class=\"read-more\" href=\"https:\/\/isfd21-bue.infd.edu.ar\/sitio\/necesito-hacer-un-pase-como-hago-para-tramitarlo\/\" aria-label=\"More on Necesito hacer un pase , \u00bfC\u00f3mo hago para tramitarlo?\">[+]<\/a><\/p>\n","protected":false},"author":4665,"featured_media":0,"parent":0,"menu_order":0,"comment_status":"closed","ping_status":"closed","template":"","meta":[],"acf":[],"_links":{"self":[{"href":"https:\/\/isfd21-bue.infd.edu.ar\/sitio\/wp-json\/wp\/v2\/pages\/2312"}],"collection":[{"href":"https:\/\/isfd21-bue.infd.edu.ar\/sitio\/wp-json\/wp\/v2\/pages"}],"about":[{"href":"https:\/\/isfd21-bue.infd.edu.ar\/sitio\/wp-json\/wp\/v2\/types\/page"}],"author":[{"embeddable":true,"href":"https:\/\/isfd21-bue.infd.edu.ar\/sitio\/wp-json\/wp\/v2\/users\/4665"}],"replies":[{"embeddable":true,"href":"https:\/\/isfd21-bue.infd.edu.ar\/sitio\/wp-json\/wp\/v2\/comments?post=2312"}],"version-history":[{"count":4,"href":"https:\/\/isfd21-bue.infd.edu.ar\/sitio\/wp-json\/wp\/v2\/pages\/2312\/revisions"}],"predecessor-version":[{"id":10591,"href":"https:\/\/isfd21-bue.infd.edu.ar\/sitio\/wp-json\/wp\/v2\/pages\/2312\/revisions\/10591"}],"wp:attachment":[{"href":"https:\/\/isfd21-bue.infd.edu.ar\/sitio\/wp-json\/wp\/v2\/media?parent=2312"}],"curies":[{"name":"wp","href":"https:\/\/api.w.org\/{rel}","templated":true}]}}