{"id":2309,"date":"2020-08-27T20:30:36","date_gmt":"2020-08-27T23:30:36","guid":{"rendered":"https:\/\/isfd21-bue.infd.edu.ar\/sitio\/?page_id=2309"},"modified":"2026-04-28T16:34:27","modified_gmt":"2026-04-28T19:34:27","slug":"obtencion-titulo","status":"publish","type":"page","link":"https:\/\/isfd21-bue.infd.edu.ar\/sitio\/obtencion-titulo\/","title":{"rendered":"\u00bfC\u00f3mo obtengo mi t\u00edtulo?"},"content":{"rendered":"\n<p>Desde noviembre de 2023 cada vez que se emite un titulo, se descarga desde el Registro Federal de Egresos y a partir de enero de 2025 se puede visualizar desde MI ARGENTINA.<\/p>\n\n\n\n<p>En el Bolet\u00edn Oficial se public\u00f3 la Disposici\u00f3n 15\/25 de la Direcci\u00f3n Nacional de T\u00edtulos y Estudios que establece que los ciudadanos que hayan gestionado sus titulos de egreso desde el 1 de noviembre de 2023 en adelante y posean acceso a MI ARGENTINA, tales usuarios podr\u00e1n descargar y visualizar sus t\u00edtulos desde \u201cMI ARGENTINA\u201d. El contenido de las descargas incluir\u00e1 el c\u00f3digo QR, cuya lectura permitir\u00e1 la verificaci\u00f3n en tiempo real de la autenticidad de los documentos digitales a trav\u00e9s de su confronte con el REGISTRO FEDERAL DE EGRESOS (ReFE).<\/p>\n\n\n\n<p>Compartimos el bolet\u00edn oficial: <\/p>\n\n\n\n<div class=\"wp-block-file\"><object class=\"wp-block-file__embed\" data=\"https:\/\/isfd21-bue.infd.edu.ar\/sitio\/wp-content\/uploads\/2026\/04\/disposicion-15.pdf\" type=\"application\/pdf\" style=\"width:100%;height:600px\" aria-label=\"Incrustado de disposicion-15.\"><\/object><a id=\"wp-block-file--media-504130bf-49e7-42d5-9a3e-47cfae2e491c\" href=\"https:\/\/isfd21-bue.infd.edu.ar\/sitio\/wp-content\/uploads\/2026\/04\/disposicion-15.pdf\">disposicion-15<\/a><a href=\"https:\/\/isfd21-bue.infd.edu.ar\/sitio\/wp-content\/uploads\/2026\/04\/disposicion-15.pdf\" class=\"wp-block-file__button wp-element-button\" download aria-describedby=\"wp-block-file--media-504130bf-49e7-42d5-9a3e-47cfae2e491c\">Descarga<\/a><\/div>\n\n\n\n<figure class=\"wp-block-image size-full\"><img decoding=\"async\" loading=\"lazy\" width=\"591\" height=\"599\" src=\"https:\/\/isfd21-bue.infd.edu.ar\/sitio\/wp-content\/uploads\/2026\/04\/image.png\" alt=\"\" class=\"wp-image-14642\"\/><\/figure>\n\n\n<p>\u00a0<\/p>\n<p>\u00a0<\/p>\n<p>\u00a0<\/p>\n<p><a href=\"https:\/\/isfd21-bue.infd.edu.ar\/sitio\/estudiantes\/\"><img decoding=\"async\" loading=\"lazy\" class=\"alignnone wp-image-1473\" src=\"https:\/\/isfd21-bue.infd.edu.ar\/sitio\/wp-content\/uploads\/2020\/03\/ir-a-inicio.png\" alt=\"\" width=\"129\" height=\"120\" \/><\/a><\/p>","protected":false},"excerpt":{"rendered":"<p>Desde noviembre de 2023 cada vez que se emite un titulo, se descarga desde el Registro Federal de Egresos y a partir de enero de 2025 se puede visualizar desde MI ARGENTINA. En el Bolet\u00edn Oficial se public\u00f3 la Disposici\u00f3n 15\/25 de la Direcci\u00f3n Nacional de T\u00edtulos y Estudios que establece que los ciudadanos que &#8230; <a title=\"\u00bfC\u00f3mo obtengo mi t\u00edtulo?\" class=\"read-more\" href=\"https:\/\/isfd21-bue.infd.edu.ar\/sitio\/obtencion-titulo\/\" aria-label=\"More on \u00bfC\u00f3mo obtengo mi t\u00edtulo?\">[+]<\/a><\/p>\n","protected":false},"author":4665,"featured_media":0,"parent":0,"menu_order":0,"comment_status":"closed","ping_status":"closed","template":"","meta":[],"acf":[],"_links":{"self":[{"href":"https:\/\/isfd21-bue.infd.edu.ar\/sitio\/wp-json\/wp\/v2\/pages\/2309"}],"collection":[{"href":"https:\/\/isfd21-bue.infd.edu.ar\/sitio\/wp-json\/wp\/v2\/pages"}],"about":[{"href":"https:\/\/isfd21-bue.infd.edu.ar\/sitio\/wp-json\/wp\/v2\/types\/page"}],"author":[{"embeddable":true,"href":"https:\/\/isfd21-bue.infd.edu.ar\/sitio\/wp-json\/wp\/v2\/users\/4665"}],"replies":[{"embeddable":true,"href":"https:\/\/isfd21-bue.infd.edu.ar\/sitio\/wp-json\/wp\/v2\/comments?post=2309"}],"version-history":[{"count":4,"href":"https:\/\/isfd21-bue.infd.edu.ar\/sitio\/wp-json\/wp\/v2\/pages\/2309\/revisions"}],"predecessor-version":[{"id":14644,"href":"https:\/\/isfd21-bue.infd.edu.ar\/sitio\/wp-json\/wp\/v2\/pages\/2309\/revisions\/14644"}],"wp:attachment":[{"href":"https:\/\/isfd21-bue.infd.edu.ar\/sitio\/wp-json\/wp\/v2\/media?parent=2309"}],"curies":[{"name":"wp","href":"https:\/\/api.w.org\/{rel}","templated":true}]}}