{"id":2294,"date":"2020-08-27T20:27:30","date_gmt":"2020-08-27T23:27:30","guid":{"rendered":"https:\/\/isfd21-bue.infd.edu.ar\/sitio\/?page_id=2294"},"modified":"2020-08-27T20:45:40","modified_gmt":"2020-08-27T23:45:40","slug":"como-me-inscribo-a-un-final-de-cursada-presencial","status":"publish","type":"page","link":"https:\/\/isfd21-bue.infd.edu.ar\/sitio\/como-me-inscribo-a-un-final-de-cursada-presencial\/","title":{"rendered":"\u00bfC\u00f3mo me inscribo a un final de cursada presencial?"},"content":{"rendered":"<p>Una vez que aprobaste la materia cursada, est\u00e1s en condiciones de inscribirte para rendir final. Para hacerlo, deber\u00e1s inscribirte en la carpeta correspondiente a tu carrera, dentro de ella encontrar\u00e1s que se encuentra dividida por llamados (1\u00b0 y 2\u00b0), y por a\u00f1os (de 1\u00b0 a 4\u00b0) y en cada a\u00f1o las materias. Deber\u00e1s colocar los datos que la planilla te solicita, remarcamos que es sumamente importante para los preceptores que est\u00e9n TODOS los datos con letra CLARA y LEGIBLE. La planilla te solicitar\u00e1:<\/p>\n<p>N\u00famero de libro y folio, ID (n\u00famero identificatorio), apellido y nombre, a\u00f1o de aprobaci\u00f3n y firma. Recomendamos que los datos de libro y folio y de ID los registren como un contacto en su tel\u00e9fono celular para que puedan consultarlo cuando los necesiten, porque muchas veces les sucede que no recuerdan su ID o no tienen la libreta a mano. El n\u00famero ID es de suma importancia para el estudiante, es el n\u00famero identificatorio dentro del instituto.<\/p>\n<p>&nbsp;<\/p>\n<p>&nbsp;<\/p>\n<p><a href=\"https:\/\/isfd21-bue.infd.edu.ar\/sitio\/estudiantes\/\"><img decoding=\"async\" loading=\"lazy\" class=\"alignnone wp-image-1473\" src=\"https:\/\/isfd21-bue.infd.edu.ar\/sitio\/wp-content\/uploads\/2020\/03\/ir-a-inicio.png\" alt=\"\" width=\"129\" height=\"120\" \/><\/a><\/p>\n","protected":false},"excerpt":{"rendered":"<p>Una vez que aprobaste la materia cursada, est\u00e1s en condiciones de inscribirte para rendir final. Para hacerlo, deber\u00e1s inscribirte en la carpeta correspondiente a tu carrera, dentro de ella encontrar\u00e1s que se encuentra dividida por llamados (1\u00b0 y 2\u00b0), y por a\u00f1os (de 1\u00b0 a 4\u00b0) y en cada a\u00f1o las materias. Deber\u00e1s colocar los &#8230; <a title=\"\u00bfC\u00f3mo me inscribo a un final de cursada presencial?\" class=\"read-more\" href=\"https:\/\/isfd21-bue.infd.edu.ar\/sitio\/como-me-inscribo-a-un-final-de-cursada-presencial\/\" aria-label=\"More on \u00bfC\u00f3mo me inscribo a un final de cursada presencial?\">[+]<\/a><\/p>\n","protected":false},"author":4665,"featured_media":0,"parent":0,"menu_order":0,"comment_status":"closed","ping_status":"closed","template":"","meta":[],"acf":[],"_links":{"self":[{"href":"https:\/\/isfd21-bue.infd.edu.ar\/sitio\/wp-json\/wp\/v2\/pages\/2294"}],"collection":[{"href":"https:\/\/isfd21-bue.infd.edu.ar\/sitio\/wp-json\/wp\/v2\/pages"}],"about":[{"href":"https:\/\/isfd21-bue.infd.edu.ar\/sitio\/wp-json\/wp\/v2\/types\/page"}],"author":[{"embeddable":true,"href":"https:\/\/isfd21-bue.infd.edu.ar\/sitio\/wp-json\/wp\/v2\/users\/4665"}],"replies":[{"embeddable":true,"href":"https:\/\/isfd21-bue.infd.edu.ar\/sitio\/wp-json\/wp\/v2\/comments?post=2294"}],"version-history":[{"count":3,"href":"https:\/\/isfd21-bue.infd.edu.ar\/sitio\/wp-json\/wp\/v2\/pages\/2294\/revisions"}],"predecessor-version":[{"id":2326,"href":"https:\/\/isfd21-bue.infd.edu.ar\/sitio\/wp-json\/wp\/v2\/pages\/2294\/revisions\/2326"}],"wp:attachment":[{"href":"https:\/\/isfd21-bue.infd.edu.ar\/sitio\/wp-json\/wp\/v2\/media?parent=2294"}],"curies":[{"name":"wp","href":"https:\/\/api.w.org\/{rel}","templated":true}]}}