{"id":2285,"date":"2020-08-27T18:22:19","date_gmt":"2020-08-27T21:22:19","guid":{"rendered":"https:\/\/isfd21-bue.infd.edu.ar\/sitio\/?page_id=2285"},"modified":"2022-11-08T15:53:12","modified_gmt":"2022-11-08T18:53:12","slug":"organismos-de-coparticipacion-academica","status":"publish","type":"page","link":"https:\/\/isfd21-bue.infd.edu.ar\/sitio\/organismos-de-coparticipacion-academica\/","title":{"rendered":"ORGANISMOS DE COPARTICIPACI\u00d3N ACAD\u00c9MICA"},"content":{"rendered":"<h4><span style=\"color: #000000;\"><em>Hac\u00e9 clic en los links <\/em><\/span><\/h4>\n<h4><span style=\"color: #000000;\"><em>para acceder a<\/em><\/span><\/h4>\n<h4><span style=\"color: #000000;\"><em> m\u00e1s informaci\u00f3n:<\/em><\/span><\/h4>\n<p><span style=\"color: #000000;\">\u00a0 \u00a0<\/span><\/p>\n<h4>\u00a0<\/h4>\n<h4>\u00a0<\/h4>\n<ul>\n<li>\n<h5><span style=\"color: #000000;\"><a style=\"color: #000000;\" href=\"https:\/\/isfd21-bue.infd.edu.ar\/sitio\/?page_id=2776&amp;preview=true\" target=\"_blank\" rel=\"noopener\"><em><strong>CONSEJO ACAD\u00c9MICO <\/strong><\/em><\/a><\/span><\/h5>\n<\/li>\n<\/ul>\n<h5><span style=\"color: #000000;\"><strong><a style=\"color: #000000;\" href=\"https:\/\/isfd21-bue.infd.edu.ar\/sitio\/?page_id=2776&amp;preview=true\"><em>INSTITUCIONAL<\/em><\/a><\/strong><\/span><\/h5>\n<p>&nbsp;<\/p>\n<p>&nbsp;<\/p>\n<ul>\n<li>\n<h5><a href=\"https:\/\/isfd21-bue.infd.edu.ar\/sitio\/cipe\/\"><strong><span style=\"color: #000000;\"><em>CIPE<\/em><\/span><\/strong><\/a><\/h5>\n<\/li>\n<\/ul>\n<p><span style=\"color: #000000;\">\u00a0 \u00a0<\/span><\/p>\n<p>&nbsp;<\/p>\n<ul>\n<li>\n<h5><a href=\"https:\/\/isfd21-bue.infd.edu.ar\/sitio\/asociacion-cooperadora\/\" target=\"_blank\" rel=\"noopener\"><span style=\"color: #000000;\"><strong><em>ASOCIACI\u00d3N <\/em><\/strong><\/span><\/a><\/h5>\n<\/li>\n<\/ul>\n<h5><a href=\"https:\/\/isfd21-bue.infd.edu.ar\/sitio\/asociacion-cooperadora\/\" target=\"_blank\" rel=\"noopener\"><span style=\"color: #000000;\"><strong><em>COOPERADORA<\/em><\/strong><\/span><\/a><\/h5>\n<h4>\u00a0<\/h4>\n<p><span style=\"color: #000000;\">\u00a0 \u00a0<\/span><\/p>\n<p>&nbsp;<\/p>\n<ul>\n<li>\n<h5><a href=\"https:\/\/isfd21-bue.infd.edu.ar\/sitio\/centro-de-estudiantes\/\"><span style=\"color: #000000;\"><strong><em>CENTRO DE <\/em><\/strong><\/span><\/a><\/h5>\n<\/li>\n<\/ul>\n<h5><a href=\"https:\/\/isfd21-bue.infd.edu.ar\/sitio\/centro-de-estudiantes\/\"><span style=\"color: #000000;\"><strong><em>ESTUDIANTES<\/em><\/strong><\/span><\/a><\/h5>\n","protected":false},"excerpt":{"rendered":"<p>Hac\u00e9 clic en los links para acceder a m\u00e1s informaci\u00f3n: \u00a0 \u00a0 \u00a0 \u00a0 CONSEJO ACAD\u00c9MICO INSTITUCIONAL &nbsp; &nbsp; CIPE \u00a0 \u00a0 &nbsp; ASOCIACI\u00d3N COOPERADORA \u00a0 \u00a0 \u00a0 &nbsp; CENTRO DE ESTUDIANTES<\/p>\n","protected":false},"author":4665,"featured_media":0,"parent":0,"menu_order":0,"comment_status":"closed","ping_status":"closed","template":"","meta":[],"acf":[],"_links":{"self":[{"href":"https:\/\/isfd21-bue.infd.edu.ar\/sitio\/wp-json\/wp\/v2\/pages\/2285"}],"collection":[{"href":"https:\/\/isfd21-bue.infd.edu.ar\/sitio\/wp-json\/wp\/v2\/pages"}],"about":[{"href":"https:\/\/isfd21-bue.infd.edu.ar\/sitio\/wp-json\/wp\/v2\/types\/page"}],"author":[{"embeddable":true,"href":"https:\/\/isfd21-bue.infd.edu.ar\/sitio\/wp-json\/wp\/v2\/users\/4665"}],"replies":[{"embeddable":true,"href":"https:\/\/isfd21-bue.infd.edu.ar\/sitio\/wp-json\/wp\/v2\/comments?post=2285"}],"version-history":[{"count":26,"href":"https:\/\/isfd21-bue.infd.edu.ar\/sitio\/wp-json\/wp\/v2\/pages\/2285\/revisions"}],"predecessor-version":[{"id":7631,"href":"https:\/\/isfd21-bue.infd.edu.ar\/sitio\/wp-json\/wp\/v2\/pages\/2285\/revisions\/7631"}],"wp:attachment":[{"href":"https:\/\/isfd21-bue.infd.edu.ar\/sitio\/wp-json\/wp\/v2\/media?parent=2285"}],"curies":[{"name":"wp","href":"https:\/\/api.w.org\/{rel}","templated":true}]}}