{"id":2247,"date":"2020-08-24T20:25:19","date_gmt":"2020-08-24T23:25:19","guid":{"rendered":"https:\/\/isfd21-bue.infd.edu.ar\/sitio\/?page_id=2247"},"modified":"2025-12-17T15:57:33","modified_gmt":"2025-12-17T18:57:33","slug":"profesores","status":"publish","type":"page","link":"https:\/\/isfd21-bue.infd.edu.ar\/sitio\/profesores\/","title":{"rendered":"PROFESORES"},"content":{"rendered":"<h1><strong>HACER CLIC EN LOS LINKS PARA ACCEDER A LA INFORMACI\u00d3N:<\/strong><\/h1>\n<ul>\n<li>\n<h2><span style=\"color: #000000;\"><a style=\"color: #000000;\" href=\"https:\/\/www.youtube.com\/watch?v=JGUPPTzdW3I\" target=\"_blank\" rel=\"noopener\"><em>\u00bfC\u00f3mo registrarse en el Portal ABC?<\/em><\/a><\/span><\/h2>\n<\/li>\n<li>\n<h2><a href=\"https:\/\/isfd21-bue.infd.edu.ar\/sitio\/wp-content\/uploads\/2021\/05\/C\u00d3MO-VISUALIZAR-EL-NOMENCLADOR-DE-SUPERIOR.pdf\"><em>\u00bfC\u00f3mo visualizar el nomenclador de Nivel Superior?<\/em><\/a><\/h2>\n<\/li>\n<li>\n<h2><a href=\"https:\/\/drive.google.com\/drive\/folders\/1PQw2Ifur9A_puRFLpr4TkEcvqKPrqtz5?usp=sharing\"><i>Consulta de concursos (horas vacantes)<\/i><\/a><\/h2>\n<\/li>\n<li>\n<h2><a href=\"https:\/\/isfd21-bue.infd.edu.ar\/sitio\/comunicados-de-consejo-escolar\/\"><i>Comunicaciones de Consejo Escolar<\/i><\/a><\/h2>\n<\/li>\n<li>\n<h2><span style=\"color: #000000;\"><em><a style=\"color: #000000;\" href=\"https:\/\/isfd21-bue.infd.edu.ar\/sitio\/wp-content\/uploads\/2020\/09\/Declaracion-Jurada-Horas-Cargos.xls\">Declaraci\u00f3n-Jurada-Horas-Cargos<\/a><\/em><\/span><\/h2>\n<\/li>\n<li>\n<h2><span style=\"color: #000000;\"><em><a style=\"color: #000000;\" href=\"https:\/\/isfd21-bue.infd.edu.ar\/sitio\/wp-content\/uploads\/2020\/09\/set4.doc\">Set 4, calificaci\u00f3n docente<\/a><\/em><\/span><\/h2>\n<\/li>\n<li>\n<h2><span style=\"color: #000000;\"><em><a style=\"color: #000000;\" href=\"http:\/\/servicios.abc.gov.ar\/servicios\/\" target=\"_blank\" rel=\"noopener\">ABC Docente<\/a><\/em><\/span><\/h2>\n<\/li>\n<li>\n<h2><span style=\"color: #000000;\"><em><a style=\"color: #000000;\" href=\"http:\/\/servicios.abc.gov.ar\/servaddo\/listado.oficial\/\" target=\"_blank\" rel=\"noopener\">Listado oficial<\/a><\/em><\/span><\/h2>\n<\/li>\n<li>\n<h2><span style=\"color: #000000;\"><em><a style=\"color: #000000;\" href=\"http:\/\/servicios.abc.gov.ar\/escuelas\/consultas\/establecimiento\/default.cfm\" target=\"_blank\" rel=\"noopener\">Consulta de datos de establecimientos<\/a><\/em><\/span><\/h2>\n<\/li>\n<li>\n<h2><span style=\"color: #000000;\"><em><a style=\"color: #000000;\" href=\"https:\/\/isfd21-bue.infd.edu.ar\/sitio\/cue\/\">N\u00famero de CUE (Clave \u00danica del Establecimiento)<\/a><\/em><\/span><\/h2>\n<\/li>\n<li>\n<h2><span style=\"color: #000000;\"><a style=\"color: #000000;\" href=\"https:\/\/red.infd.edu.ar\/\" target=\"_blank\" rel=\"noopener\"><em>INFOD<\/em><\/a><\/span><\/h2>\n<\/li>\n<li>\n<h2><span style=\"color: #000000;\"><a style=\"color: #000000;\" href=\"http:\/\/servicios2.abc.gov.ar\/escuelas\/consultas\/establecimiento\/\" target=\"_blank\" rel=\"noopener\"><em>Buscador de escuelas<\/em><\/a><\/span><\/h2>\n<\/li>\n<li>\n<h2><span style=\"color: #000000;\"><a style=\"color: #000000;\" href=\"https:\/\/isfd21-bue.infd.edu.ar\/sitio\/material-de-lectura\/\" target=\"_blank\" rel=\"noopener\"><em>Material de lectura<\/em><\/a><\/span><\/h2>\n<\/li>\n<li>\n<h2><span style=\"color: #000000;\"><a style=\"color: #000000;\" href=\"http:\/\/www.abc.gov.ar\/rrhh\/licencias\" target=\"_blank\" rel=\"noopener\"><em>Licencias<\/em><\/a><\/span><\/h2>\n<\/li>\n<li>\n<h2><span style=\"color: #000000;\"><a style=\"color: #000000;\" href=\"http:\/\/abc.gov.ar\/jubilaciones\/\" target=\"_blank\" rel=\"noopener\"><em>Jubilaci\u00f3n digital<\/em><\/a><\/span><\/h2>\n<\/li>\n<li>\n<h2><span style=\"color: #000000;\"><a style=\"color: #000000;\" href=\"https:\/\/isfd21-bue.infd.edu.ar\/sitio\/?page_id=2776&amp;preview=true\" target=\"_blank\" rel=\"noopener\"><em>Consejo Acad\u00e9mico Institucional<\/em><\/a><\/span><\/h2>\n<\/li>\n<li>\n<h2><em><a href=\"https:\/\/isfd21-bue.infd.edu.ar\/sitio\/wp-content\/uploads\/2021\/06\/FICHA-AFILIADOS-OBLIGATORIOS.pdf\">Planilla de afiliaci\u00f3n a IOMA<\/a><\/em><\/h2>\n<\/li>\n<li>\n<h3><strong><em><a href=\"https:\/\/www.facebook.com\/ciie.moreno.3\">CIIE<\/a><\/em><\/strong><\/h3>\n<\/li>\n<\/ul>\n<p><a href=\"https:\/\/isfd21-bue.infd.edu.ar\/sitio\/\"><img decoding=\"async\" loading=\"lazy\" class=\"alignnone wp-image-1473\" src=\"https:\/\/isfd21-bue.infd.edu.ar\/sitio\/wp-content\/uploads\/2020\/03\/ir-a-inicio.png\" alt=\"\" width=\"129\" height=\"120\" \/><\/a><\/p>\n","protected":false},"excerpt":{"rendered":"<p>HACER CLIC EN LOS LINKS PARA ACCEDER A LA INFORMACI\u00d3N: \u00bfC\u00f3mo registrarse en el Portal ABC? \u00bfC\u00f3mo visualizar el nomenclador de Nivel Superior? Consulta de concursos (horas vacantes) Comunicaciones de Consejo Escolar Declaraci\u00f3n-Jurada-Horas-Cargos Set 4, calificaci\u00f3n docente ABC Docente Listado oficial Consulta de datos de establecimientos N\u00famero de CUE (Clave \u00danica del Establecimiento) INFOD Buscador &#8230; <a title=\"PROFESORES\" class=\"read-more\" href=\"https:\/\/isfd21-bue.infd.edu.ar\/sitio\/profesores\/\" aria-label=\"More on PROFESORES\">[+]<\/a><\/p>\n","protected":false},"author":4665,"featured_media":0,"parent":0,"menu_order":0,"comment_status":"closed","ping_status":"closed","template":"","meta":[],"acf":[],"_links":{"self":[{"href":"https:\/\/isfd21-bue.infd.edu.ar\/sitio\/wp-json\/wp\/v2\/pages\/2247"}],"collection":[{"href":"https:\/\/isfd21-bue.infd.edu.ar\/sitio\/wp-json\/wp\/v2\/pages"}],"about":[{"href":"https:\/\/isfd21-bue.infd.edu.ar\/sitio\/wp-json\/wp\/v2\/types\/page"}],"author":[{"embeddable":true,"href":"https:\/\/isfd21-bue.infd.edu.ar\/sitio\/wp-json\/wp\/v2\/users\/4665"}],"replies":[{"embeddable":true,"href":"https:\/\/isfd21-bue.infd.edu.ar\/sitio\/wp-json\/wp\/v2\/comments?post=2247"}],"version-history":[{"count":56,"href":"https:\/\/isfd21-bue.infd.edu.ar\/sitio\/wp-json\/wp\/v2\/pages\/2247\/revisions"}],"predecessor-version":[{"id":13975,"href":"https:\/\/isfd21-bue.infd.edu.ar\/sitio\/wp-json\/wp\/v2\/pages\/2247\/revisions\/13975"}],"wp:attachment":[{"href":"https:\/\/isfd21-bue.infd.edu.ar\/sitio\/wp-json\/wp\/v2\/media?parent=2247"}],"curies":[{"name":"wp","href":"https:\/\/api.w.org\/{rel}","templated":true}]}}