{"id":2150,"date":"2020-06-29T13:42:20","date_gmt":"2020-06-29T16:42:20","guid":{"rendered":"https:\/\/isfd21-bue.infd.edu.ar\/sitio\/?page_id=2150"},"modified":"2026-04-02T11:17:18","modified_gmt":"2026-04-02T14:17:18","slug":"solicitud-de-titulo","status":"publish","type":"page","link":"https:\/\/isfd21-bue.infd.edu.ar\/sitio\/solicitud-de-titulo\/","title":{"rendered":"SOLICITUD DE T\u00cdTULO"},"content":{"rendered":"<p><em><strong>A partir del 21\/03\/22 los t\u00edtulos se tramitan de manera presencial en preceptor\u00eda:<\/strong><\/em><\/p>\n<p>Primero, \u00a1\u00a1\u00a1FELICITACIONES!!!. Habiendo rendido la totalidad de los finales correspondientes a tu carrera, deb\u00e9s acercarte a preceptor\u00eda, en la medida de lo posible, en tu turno con tu preceptor, junto a los requisitos que a continuaci\u00f3n se solicitan:<\/p>\n<p>*Original y copia de t\u00edtulo secundario, DNI y partida de nacimiento.<br \/>\n*Solicitud de t\u00edtulo, constancia de t\u00edtulo en tr\u00e1mite, constancia de ingreso a la docencia, constancia de libre deuda de biblioteca que debe ser sellado en Biblioteca (en el kiosco frente al Rojas, ped\u00eds los papeles para solicitar el t\u00edtulo y te entregan todos los formularios). Todas las constancias deben estar completadas en tinta azul.<br \/>\n*Libreta de estudiante para controlar las calificaciones y se le otorga un informe interno de calificaciones para que al momento de ingresar la documentaci\u00f3n firme en conformidad pos revisi\u00f3n de las mismas.<\/p>\n<p>El preceptor de la carrera y turno, y s\u00f3lo en caso de su ausencia o excepci\u00f3n a el estudiante de no poder acercarse en el turno correspondiente otro preceptor puede controlar la documentaci\u00f3n y verificar el libro matriz correspondiente ingresa e ingresa el tr\u00e1mite para dar curso a la petici\u00f3n.<br \/>\nLas constancias de t\u00edtulo en tr\u00e1mite e ingreso a la docencia tardan entre 3 y 4 d\u00edas h\u00e1biles ya que deben ser firmadas por dos autoridades institucionales. Para retirarlas, lo haces desde una carpeta que se encuentra en preceptor\u00eda, la constancia de ingreso a la docencia con las firmas de la directora y la secretaria debe ser llevada para que la firme el\/la Inspector\/a Jefe Distrital de Moreno cito en calle Intendente Corvalan 1150.<br \/>\nPor \u00faltimo, en cuanto llegu\u00e9 tu t\u00edtulo se te har\u00e1 llegar por correo electr\u00f3nico ya que actualmente el mismo se entrega de manera digital, por lo cual es importante que detalles tu casilla de correo con letra clara y legible.<\/p>\n<p><em><strong>YA NO ES NECESARIO PRESENTAR LOS FORMULARIOS DE INGRESO A LA DOCENCIA Y T\u00cdTULO EN TR\u00c1MITE, LOS MISMOS SER\u00c1N CONFECCIONADOS POR\u00a0<\/strong><\/em><\/p>\n<p>INFORMACI\u00d3N ACTUALIZADA AL 02\/04\/26<\/p>\n<p><a href=\"https:\/\/isfd21-bue.infd.edu.ar\/sitio\/estudiantes\/\"><img decoding=\"async\" loading=\"lazy\" class=\"alignnone wp-image-1473\" src=\"https:\/\/isfd21-bue.infd.edu.ar\/sitio\/wp-content\/uploads\/2020\/03\/ir-a-inicio.png\" alt=\"\" width=\"129\" height=\"120\" \/><\/a><\/p>\n","protected":false},"excerpt":{"rendered":"<p>A partir del 21\/03\/22 los t\u00edtulos se tramitan de manera presencial en preceptor\u00eda: Primero, \u00a1\u00a1\u00a1FELICITACIONES!!!. Habiendo rendido la totalidad de los finales correspondientes a tu carrera, deb\u00e9s acercarte a preceptor\u00eda, en la medida de lo posible, en tu turno con tu preceptor, junto a los requisitos que a continuaci\u00f3n se solicitan: *Original y copia de &#8230; <a title=\"SOLICITUD DE T\u00cdTULO\" class=\"read-more\" href=\"https:\/\/isfd21-bue.infd.edu.ar\/sitio\/solicitud-de-titulo\/\" aria-label=\"More on SOLICITUD DE T\u00cdTULO\">[+]<\/a><\/p>\n","protected":false},"author":4665,"featured_media":0,"parent":0,"menu_order":0,"comment_status":"closed","ping_status":"closed","template":"","meta":[],"acf":[],"_links":{"self":[{"href":"https:\/\/isfd21-bue.infd.edu.ar\/sitio\/wp-json\/wp\/v2\/pages\/2150"}],"collection":[{"href":"https:\/\/isfd21-bue.infd.edu.ar\/sitio\/wp-json\/wp\/v2\/pages"}],"about":[{"href":"https:\/\/isfd21-bue.infd.edu.ar\/sitio\/wp-json\/wp\/v2\/types\/page"}],"author":[{"embeddable":true,"href":"https:\/\/isfd21-bue.infd.edu.ar\/sitio\/wp-json\/wp\/v2\/users\/4665"}],"replies":[{"embeddable":true,"href":"https:\/\/isfd21-bue.infd.edu.ar\/sitio\/wp-json\/wp\/v2\/comments?post=2150"}],"version-history":[{"count":26,"href":"https:\/\/isfd21-bue.infd.edu.ar\/sitio\/wp-json\/wp\/v2\/pages\/2150\/revisions"}],"predecessor-version":[{"id":14385,"href":"https:\/\/isfd21-bue.infd.edu.ar\/sitio\/wp-json\/wp\/v2\/pages\/2150\/revisions\/14385"}],"wp:attachment":[{"href":"https:\/\/isfd21-bue.infd.edu.ar\/sitio\/wp-json\/wp\/v2\/media?parent=2150"}],"curies":[{"name":"wp","href":"https:\/\/api.w.org\/{rel}","templated":true}]}}