{"id":1470,"date":"2020-03-02T15:25:22","date_gmt":"2020-03-02T18:25:22","guid":{"rendered":"https:\/\/isfd21-bue.infd.edu.ar\/sitio\/?page_id=1470"},"modified":"2024-04-26T13:47:06","modified_gmt":"2024-04-26T16:47:06","slug":"becas-progresar","status":"publish","type":"page","link":"https:\/\/isfd21-bue.infd.edu.ar\/sitio\/becas-progresar\/","title":{"rendered":"BECAS PROGRESAR"},"content":{"rendered":"<div class=\"kvgmc6g5 cxmmr5t8 oygrvhab hcukyx3x c1et5uql ii04i59q\">\n<div dir=\"auto\">\n<h4><\/h4>\n<h4 class=\"wp-block-heading\"><strong>ABRE LA INSCRIPCI\u00d3N A BECAS PROGRESAR PARA NIVEL SUPERIOR<\/strong><\/h4>\n<h4> <\/h4>\n<h4 class=\"wp-block-heading\"><strong>DEL 10 AL 30 DE ABRIL DE 2024<\/strong><\/h4>\n<h4> <\/h4>\n<h5 class=\"wp-block-heading\"><strong>M\u00c1S INFORMACI\u00d3N EN:<\/strong><\/h5>\n<h4> <\/h4>\n<a href=\"https:\/\/www.argentina.gob.ar\/noticias\/abre-la-convocatoria-progresar-2024\">https:\/\/www.argentina.gob.ar\/noticias\/abre-la-convocatoria-progresar-2024<\/a>\n<h4> <\/h4>\n<h5 class=\"wp-block-heading\"><strong>TUTORIAL DE INSCRIPCI\u00d3N:<\/strong><\/h5>\n<h4> <\/h4>\n<a href=\"https:\/\/isfd21-bue.infd.edu.ar\/sitio\/wp-content\/uploads\/2024\/04\/Tutorial-de-inscripcion-Progresar-Superior-1.pdf\">https:\/\/isfd21-bue.infd.edu.ar\/sitio\/wp-content\/uploads\/2024\/04\/Tutorial-de-inscripcion-Progresar-Superior-1.pdf<\/a>\n<h4> <\/h4>\n<p class=\"has-medium-font-size\"><a href=\"https:\/\/www.argentina.gob.ar\/noticias\/abre-la-convocatoria-progresar-2024\"><strong><em>https:\/\/www.argentina.gob.ar\/noticias\/abre-la-convocatoria-progresar-2024<\/em><\/strong><\/a><\/p>\n\n<h4> <\/h4>\n<figure class=\"wp-block-gallery has-nested-images columns-default is-cropped wp-block-gallery-1 is-layout-flex\">\n<figure class=\"wp-block-image size-large\"><img decoding=\"async\" loading=\"lazy\" width=\"1900\" height=\"1900\" data-id=\"10434\"  class=\"wp-image-10434\" src=\"https:\/\/isfd21-bue.infd.edu.ar\/sitio\/wp-content\/uploads\/2024\/04\/Placas-FEED-Progresar-2024_4-1900x1900.jpg\" alt=\"\" srcset=\"https:\/\/isfd21-bue.infd.edu.ar\/sitio\/wp-content\/uploads\/2024\/04\/Placas-FEED-Progresar-2024_4-1900x1900.jpg 1900w, https:\/\/isfd21-bue.infd.edu.ar\/sitio\/wp-content\/uploads\/2024\/04\/Placas-FEED-Progresar-2024_4-1000x1000.jpg 1000w, https:\/\/isfd21-bue.infd.edu.ar\/sitio\/wp-content\/uploads\/2024\/04\/Placas-FEED-Progresar-2024_4-500x500.jpg 500w, https:\/\/isfd21-bue.infd.edu.ar\/sitio\/wp-content\/uploads\/2024\/04\/Placas-FEED-Progresar-2024_4-768x768.jpg 768w, https:\/\/isfd21-bue.infd.edu.ar\/sitio\/wp-content\/uploads\/2024\/04\/Placas-FEED-Progresar-2024_4-1536x1536.jpg 1536w, https:\/\/isfd21-bue.infd.edu.ar\/sitio\/wp-content\/uploads\/2024\/04\/Placas-FEED-Progresar-2024_4-2048x2048.jpg 2048w\" sizes=\"(max-width: 1900px) 100vw, 1900px\" \/><\/figure>\n \n<figure class=\"wp-block-image size-large\"><img decoding=\"async\" loading=\"lazy\" width=\"1900\" height=\"1900\" data-id=\"10435\"  class=\"wp-image-10435\" src=\"https:\/\/isfd21-bue.infd.edu.ar\/sitio\/wp-content\/uploads\/2024\/04\/Placas-FEED-Progresar-2024_1-1900x1900.jpg\" alt=\"\" srcset=\"https:\/\/isfd21-bue.infd.edu.ar\/sitio\/wp-content\/uploads\/2024\/04\/Placas-FEED-Progresar-2024_1-1900x1900.jpg 1900w, https:\/\/isfd21-bue.infd.edu.ar\/sitio\/wp-content\/uploads\/2024\/04\/Placas-FEED-Progresar-2024_1-1000x1000.jpg 1000w, https:\/\/isfd21-bue.infd.edu.ar\/sitio\/wp-content\/uploads\/2024\/04\/Placas-FEED-Progresar-2024_1-500x500.jpg 500w, https:\/\/isfd21-bue.infd.edu.ar\/sitio\/wp-content\/uploads\/2024\/04\/Placas-FEED-Progresar-2024_1-768x768.jpg 768w, https:\/\/isfd21-bue.infd.edu.ar\/sitio\/wp-content\/uploads\/2024\/04\/Placas-FEED-Progresar-2024_1-1536x1536.jpg 1536w, https:\/\/isfd21-bue.infd.edu.ar\/sitio\/wp-content\/uploads\/2024\/04\/Placas-FEED-Progresar-2024_1-2048x2048.jpg 2048w\" sizes=\"(max-width: 1900px) 100vw, 1900px\" \/><\/figure>\n<\/figure>\n<h4><\/h4>\n<h4><\/h4>\n<\/div>\n<\/div>\n<a href=\"https:\/\/isfd21-bue.infd.edu.ar\/sitio\/\"><img decoding=\"async\" loading=\"lazy\" class=\"alignnone wp-image-1473\" src=\"https:\/\/isfd21-bue.infd.edu.ar\/sitio\/wp-content\/uploads\/2020\/03\/ir-a-inicio.png\" alt=\"\" width=\"129\" height=\"120\" \/><\/a>","protected":false},"excerpt":{"rendered":"<p>ABRE LA INSCRIPCI\u00d3N A BECAS PROGRESAR PARA NIVEL SUPERIOR DEL 10 AL 30 DE ABRIL DE 2024 M\u00c1S INFORMACI\u00d3N EN: https:\/\/www.argentina.gob.ar\/noticias\/abre-la-convocatoria-progresar-2024 TUTORIAL DE INSCRIPCI\u00d3N: https:\/\/isfd21-bue.infd.edu.ar\/sitio\/wp-content\/uploads\/2024\/04\/Tutorial-de-inscripcion-Progresar-Superior-1.pdf https:\/\/www.argentina.gob.ar\/noticias\/abre-la-convocatoria-progresar-2024<\/p>\n","protected":false},"author":4665,"featured_media":0,"parent":0,"menu_order":0,"comment_status":"closed","ping_status":"closed","template":"","meta":[],"acf":[],"_links":{"self":[{"href":"https:\/\/isfd21-bue.infd.edu.ar\/sitio\/wp-json\/wp\/v2\/pages\/1470"}],"collection":[{"href":"https:\/\/isfd21-bue.infd.edu.ar\/sitio\/wp-json\/wp\/v2\/pages"}],"about":[{"href":"https:\/\/isfd21-bue.infd.edu.ar\/sitio\/wp-json\/wp\/v2\/types\/page"}],"author":[{"embeddable":true,"href":"https:\/\/isfd21-bue.infd.edu.ar\/sitio\/wp-json\/wp\/v2\/users\/4665"}],"replies":[{"embeddable":true,"href":"https:\/\/isfd21-bue.infd.edu.ar\/sitio\/wp-json\/wp\/v2\/comments?post=1470"}],"version-history":[{"count":14,"href":"https:\/\/isfd21-bue.infd.edu.ar\/sitio\/wp-json\/wp\/v2\/pages\/1470\/revisions"}],"predecessor-version":[{"id":10603,"href":"https:\/\/isfd21-bue.infd.edu.ar\/sitio\/wp-json\/wp\/v2\/pages\/1470\/revisions\/10603"}],"wp:attachment":[{"href":"https:\/\/isfd21-bue.infd.edu.ar\/sitio\/wp-json\/wp\/v2\/media?parent=1470"}],"curies":[{"name":"wp","href":"https:\/\/api.w.org\/{rel}","templated":true}]}}