{"id":14490,"date":"2026-04-17T16:07:11","date_gmt":"2026-04-17T19:07:11","guid":{"rendered":"https:\/\/isfd21-bue.infd.edu.ar\/sitio\/?page_id=14490"},"modified":"2026-04-24T16:31:05","modified_gmt":"2026-04-24T19:31:05","slug":"14490-2","status":"publish","type":"page","link":"https:\/\/isfd21-bue.infd.edu.ar\/sitio\/14490-2\/","title":{"rendered":"IMAG\u00c9NES DE ACTIVIDADES INSTITUCIONALES"},"content":{"rendered":"\n<div class=\"wp-block-query is-layout-flow\"><ul class=\"wp-block-post-template is-layout-flow\"><li class=\"wp-block-post post-14602 post type-post status-publish format-standard hentry category-imagenes-de-actividades-institucionales infinite-scroll-item masonry-post generate-columns tablet-grid-50 mobile-grid-100 grid-parent grid-50\">\n<div class=\"wp-block-post-date has-large-font-size\"><time datetime=\"2026-04-16T14:56:48-03:00\">16 abril, 2026<\/time><\/div>\n\n<h2 class=\"wp-block-post-title\">&#x1f4f8;Compartimos im\u00e1genes de la actividad del d\u00eda de hoy, jueves 16, realizada por el Profesorado de Educaci\u00f3n Especial esta ma\u00f1ana.<\/h2>\n\n<div class=\"entry-content wp-block-post-content is-layout-flow\">\n<figure class=\"wp-block-gallery has-nested-images columns-default is-cropped wp-block-gallery-1 is-layout-flex\">\n<figure class=\"wp-block-image size-large\"><img decoding=\"async\" loading=\"lazy\" width=\"1600\" height=\"1204\" data-id=\"14603\"  src=\"https:\/\/isfd21-bue.infd.edu.ar\/sitio\/wp-content\/uploads\/2026\/04\/WhatsApp-Image-2026-04-16-at-13.42.15-2.jpeg\" alt=\"\" class=\"wp-image-14603\" srcset=\"https:\/\/isfd21-bue.infd.edu.ar\/sitio\/wp-content\/uploads\/2026\/04\/WhatsApp-Image-2026-04-16-at-13.42.15-2.jpeg 1600w, https:\/\/isfd21-bue.infd.edu.ar\/sitio\/wp-content\/uploads\/2026\/04\/WhatsApp-Image-2026-04-16-at-13.42.15-2-1000x753.jpeg 1000w, https:\/\/isfd21-bue.infd.edu.ar\/sitio\/wp-content\/uploads\/2026\/04\/WhatsApp-Image-2026-04-16-at-13.42.15-2-768x578.jpeg 768w, https:\/\/isfd21-bue.infd.edu.ar\/sitio\/wp-content\/uploads\/2026\/04\/WhatsApp-Image-2026-04-16-at-13.42.15-2-1536x1156.jpeg 1536w\" sizes=\"(max-width: 1600px) 100vw, 1600px\" \/><\/figure>\n\n\n\n<figure class=\"wp-block-image size-large\"><img decoding=\"async\" loading=\"lazy\" width=\"1600\" height=\"1204\" data-id=\"14604\"  src=\"https:\/\/isfd21-bue.infd.edu.ar\/sitio\/wp-content\/uploads\/2026\/04\/WhatsApp-Image-2026-04-16-at-13.42.15-1.jpeg\" alt=\"\" class=\"wp-image-14604\" srcset=\"https:\/\/isfd21-bue.infd.edu.ar\/sitio\/wp-content\/uploads\/2026\/04\/WhatsApp-Image-2026-04-16-at-13.42.15-1.jpeg 1600w, https:\/\/isfd21-bue.infd.edu.ar\/sitio\/wp-content\/uploads\/2026\/04\/WhatsApp-Image-2026-04-16-at-13.42.15-1-1000x753.jpeg 1000w, https:\/\/isfd21-bue.infd.edu.ar\/sitio\/wp-content\/uploads\/2026\/04\/WhatsApp-Image-2026-04-16-at-13.42.15-1-768x578.jpeg 768w, https:\/\/isfd21-bue.infd.edu.ar\/sitio\/wp-content\/uploads\/2026\/04\/WhatsApp-Image-2026-04-16-at-13.42.15-1-1536x1156.jpeg 1536w\" sizes=\"(max-width: 1600px) 100vw, 1600px\" \/><\/figure>\n\n\n\n<figure class=\"wp-block-image size-large\"><img decoding=\"async\" loading=\"lazy\" width=\"1600\" height=\"1200\" data-id=\"14605\"  src=\"https:\/\/isfd21-bue.infd.edu.ar\/sitio\/wp-content\/uploads\/2026\/04\/WhatsApp-Image-2026-04-16-at-13.42.15.jpeg\" alt=\"\" class=\"wp-image-14605\" srcset=\"https:\/\/isfd21-bue.infd.edu.ar\/sitio\/wp-content\/uploads\/2026\/04\/WhatsApp-Image-2026-04-16-at-13.42.15.jpeg 1600w, https:\/\/isfd21-bue.infd.edu.ar\/sitio\/wp-content\/uploads\/2026\/04\/WhatsApp-Image-2026-04-16-at-13.42.15-1000x750.jpeg 1000w, https:\/\/isfd21-bue.infd.edu.ar\/sitio\/wp-content\/uploads\/2026\/04\/WhatsApp-Image-2026-04-16-at-13.42.15-768x576.jpeg 768w, https:\/\/isfd21-bue.infd.edu.ar\/sitio\/wp-content\/uploads\/2026\/04\/WhatsApp-Image-2026-04-16-at-13.42.15-1536x1152.jpeg 1536w\" sizes=\"(max-width: 1600px) 100vw, 1600px\" \/><\/figure>\n\n\n\n<figure class=\"wp-block-image size-large\"><img decoding=\"async\" loading=\"lazy\" width=\"1600\" height=\"1204\" data-id=\"14607\"  src=\"https:\/\/isfd21-bue.infd.edu.ar\/sitio\/wp-content\/uploads\/2026\/04\/WhatsApp-Image-2026-04-16-at-13.42.14-2.jpeg\" alt=\"\" class=\"wp-image-14607\" srcset=\"https:\/\/isfd21-bue.infd.edu.ar\/sitio\/wp-content\/uploads\/2026\/04\/WhatsApp-Image-2026-04-16-at-13.42.14-2.jpeg 1600w, https:\/\/isfd21-bue.infd.edu.ar\/sitio\/wp-content\/uploads\/2026\/04\/WhatsApp-Image-2026-04-16-at-13.42.14-2-1000x753.jpeg 1000w, https:\/\/isfd21-bue.infd.edu.ar\/sitio\/wp-content\/uploads\/2026\/04\/WhatsApp-Image-2026-04-16-at-13.42.14-2-768x578.jpeg 768w, https:\/\/isfd21-bue.infd.edu.ar\/sitio\/wp-content\/uploads\/2026\/04\/WhatsApp-Image-2026-04-16-at-13.42.14-2-1536x1156.jpeg 1536w\" sizes=\"(max-width: 1600px) 100vw, 1600px\" \/><\/figure>\n\n\n\n<figure class=\"wp-block-image size-large\"><img decoding=\"async\" loading=\"lazy\" width=\"1599\" height=\"899\" data-id=\"14608\"  src=\"https:\/\/isfd21-bue.infd.edu.ar\/sitio\/wp-content\/uploads\/2026\/04\/WhatsApp-Image-2026-04-16-at-13.42.14-1.jpeg\" alt=\"\" class=\"wp-image-14608\" srcset=\"https:\/\/isfd21-bue.infd.edu.ar\/sitio\/wp-content\/uploads\/2026\/04\/WhatsApp-Image-2026-04-16-at-13.42.14-1.jpeg 1599w, https:\/\/isfd21-bue.infd.edu.ar\/sitio\/wp-content\/uploads\/2026\/04\/WhatsApp-Image-2026-04-16-at-13.42.14-1-1000x562.jpeg 1000w, https:\/\/isfd21-bue.infd.edu.ar\/sitio\/wp-content\/uploads\/2026\/04\/WhatsApp-Image-2026-04-16-at-13.42.14-1-768x432.jpeg 768w, https:\/\/isfd21-bue.infd.edu.ar\/sitio\/wp-content\/uploads\/2026\/04\/WhatsApp-Image-2026-04-16-at-13.42.14-1-1536x864.jpeg 1536w\" sizes=\"(max-width: 1599px) 100vw, 1599px\" \/><\/figure>\n\n\n\n<figure class=\"wp-block-image size-large\"><img decoding=\"async\" loading=\"lazy\" width=\"1600\" height=\"1204\" data-id=\"14606\"  src=\"https:\/\/isfd21-bue.infd.edu.ar\/sitio\/wp-content\/uploads\/2026\/04\/WhatsApp-Image-2026-04-16-at-13.42.14.jpeg\" alt=\"\" class=\"wp-image-14606\" srcset=\"https:\/\/isfd21-bue.infd.edu.ar\/sitio\/wp-content\/uploads\/2026\/04\/WhatsApp-Image-2026-04-16-at-13.42.14.jpeg 1600w, https:\/\/isfd21-bue.infd.edu.ar\/sitio\/wp-content\/uploads\/2026\/04\/WhatsApp-Image-2026-04-16-at-13.42.14-1000x753.jpeg 1000w, https:\/\/isfd21-bue.infd.edu.ar\/sitio\/wp-content\/uploads\/2026\/04\/WhatsApp-Image-2026-04-16-at-13.42.14-768x578.jpeg 768w, https:\/\/isfd21-bue.infd.edu.ar\/sitio\/wp-content\/uploads\/2026\/04\/WhatsApp-Image-2026-04-16-at-13.42.14-1536x1156.jpeg 1536w\" sizes=\"(max-width: 1600px) 100vw, 1600px\" \/><\/figure>\n<\/figure>\n<\/div>\n\n\n\n\n<hr class=\"wp-block-separator has-alpha-channel-opacity\"\/>\n\n<\/li><li class=\"wp-block-post post-14594 post type-post status-publish format-standard hentry category-imagenes-de-actividades-institucionales infinite-scroll-item masonry-post generate-columns tablet-grid-50 mobile-grid-100 grid-parent grid-50\">\n<div class=\"wp-block-post-date has-large-font-size\"><time datetime=\"2026-04-16T14:43:55-03:00\">16 abril, 2026<\/time><\/div>\n\n<h2 class=\"wp-block-post-title\">Compartimos algunas im\u00e1genes del taller y la presentaci\u00f3n del libro \u201cAprender a evaluar desde el profesorado\u201d, una propuesta inclusiva desde las Ciencias Naturales.<\/h2>\n\n<div class=\"entry-content wp-block-post-content is-layout-flow\">\n<h4 class=\"wp-block-heading\"><em>Agradecemos a su autora, Mar\u00eda Ruina, por compartir sus conocimientos y enriquecer este encuentro de aprendizaje.<\/em><\/h4>\n\n\n\n<figure class=\"wp-block-gallery has-nested-images columns-default is-cropped wp-block-gallery-4 is-layout-flex\">\n<figure class=\"wp-block-image size-large\"><img decoding=\"async\" loading=\"lazy\" width=\"1600\" height=\"1200\" data-id=\"14596\"  src=\"https:\/\/isfd21-bue.infd.edu.ar\/sitio\/wp-content\/uploads\/2026\/04\/WhatsApp-Image-2026-04-15-at-15.24.13-5.jpeg\" alt=\"\" class=\"wp-image-14596\" srcset=\"https:\/\/isfd21-bue.infd.edu.ar\/sitio\/wp-content\/uploads\/2026\/04\/WhatsApp-Image-2026-04-15-at-15.24.13-5.jpeg 1600w, https:\/\/isfd21-bue.infd.edu.ar\/sitio\/wp-content\/uploads\/2026\/04\/WhatsApp-Image-2026-04-15-at-15.24.13-5-1000x750.jpeg 1000w, https:\/\/isfd21-bue.infd.edu.ar\/sitio\/wp-content\/uploads\/2026\/04\/WhatsApp-Image-2026-04-15-at-15.24.13-5-768x576.jpeg 768w, https:\/\/isfd21-bue.infd.edu.ar\/sitio\/wp-content\/uploads\/2026\/04\/WhatsApp-Image-2026-04-15-at-15.24.13-5-1536x1152.jpeg 1536w\" sizes=\"(max-width: 1600px) 100vw, 1600px\" \/><\/figure>\n\n\n\n<figure class=\"wp-block-image size-large\"><img decoding=\"async\" loading=\"lazy\" width=\"1600\" height=\"1200\" data-id=\"14595\"  src=\"https:\/\/isfd21-bue.infd.edu.ar\/sitio\/wp-content\/uploads\/2026\/04\/WhatsApp-Image-2026-04-15-at-15.24.13-4.jpeg\" alt=\"\" class=\"wp-image-14595\" srcset=\"https:\/\/isfd21-bue.infd.edu.ar\/sitio\/wp-content\/uploads\/2026\/04\/WhatsApp-Image-2026-04-15-at-15.24.13-4.jpeg 1600w, https:\/\/isfd21-bue.infd.edu.ar\/sitio\/wp-content\/uploads\/2026\/04\/WhatsApp-Image-2026-04-15-at-15.24.13-4-1000x750.jpeg 1000w, https:\/\/isfd21-bue.infd.edu.ar\/sitio\/wp-content\/uploads\/2026\/04\/WhatsApp-Image-2026-04-15-at-15.24.13-4-768x576.jpeg 768w, https:\/\/isfd21-bue.infd.edu.ar\/sitio\/wp-content\/uploads\/2026\/04\/WhatsApp-Image-2026-04-15-at-15.24.13-4-1536x1152.jpeg 1536w\" sizes=\"(max-width: 1600px) 100vw, 1600px\" \/><\/figure>\n\n\n\n<figure class=\"wp-block-image size-large\"><img decoding=\"async\" loading=\"lazy\" width=\"1200\" height=\"1600\" data-id=\"14599\"  src=\"https:\/\/isfd21-bue.infd.edu.ar\/sitio\/wp-content\/uploads\/2026\/04\/WhatsApp-Image-2026-04-15-at-15.24.13-3.jpeg\" alt=\"\" class=\"wp-image-14599\" srcset=\"https:\/\/isfd21-bue.infd.edu.ar\/sitio\/wp-content\/uploads\/2026\/04\/WhatsApp-Image-2026-04-15-at-15.24.13-3.jpeg 1200w, https:\/\/isfd21-bue.infd.edu.ar\/sitio\/wp-content\/uploads\/2026\/04\/WhatsApp-Image-2026-04-15-at-15.24.13-3-750x1000.jpeg 750w, https:\/\/isfd21-bue.infd.edu.ar\/sitio\/wp-content\/uploads\/2026\/04\/WhatsApp-Image-2026-04-15-at-15.24.13-3-768x1024.jpeg 768w, https:\/\/isfd21-bue.infd.edu.ar\/sitio\/wp-content\/uploads\/2026\/04\/WhatsApp-Image-2026-04-15-at-15.24.13-3-1152x1536.jpeg 1152w\" sizes=\"(max-width: 1200px) 100vw, 1200px\" \/><\/figure>\n\n\n\n<figure class=\"wp-block-image size-large\"><img decoding=\"async\" loading=\"lazy\" width=\"1600\" height=\"1200\" data-id=\"14597\"  src=\"https:\/\/isfd21-bue.infd.edu.ar\/sitio\/wp-content\/uploads\/2026\/04\/WhatsApp-Image-2026-04-15-at-15.24.13-2.jpeg\" alt=\"\" class=\"wp-image-14597\" srcset=\"https:\/\/isfd21-bue.infd.edu.ar\/sitio\/wp-content\/uploads\/2026\/04\/WhatsApp-Image-2026-04-15-at-15.24.13-2.jpeg 1600w, https:\/\/isfd21-bue.infd.edu.ar\/sitio\/wp-content\/uploads\/2026\/04\/WhatsApp-Image-2026-04-15-at-15.24.13-2-1000x750.jpeg 1000w, https:\/\/isfd21-bue.infd.edu.ar\/sitio\/wp-content\/uploads\/2026\/04\/WhatsApp-Image-2026-04-15-at-15.24.13-2-768x576.jpeg 768w, https:\/\/isfd21-bue.infd.edu.ar\/sitio\/wp-content\/uploads\/2026\/04\/WhatsApp-Image-2026-04-15-at-15.24.13-2-1536x1152.jpeg 1536w\" sizes=\"(max-width: 1600px) 100vw, 1600px\" \/><\/figure>\n\n\n\n<figure class=\"wp-block-image size-large\"><img decoding=\"async\" loading=\"lazy\" width=\"1600\" height=\"1200\" data-id=\"14600\"  src=\"https:\/\/isfd21-bue.infd.edu.ar\/sitio\/wp-content\/uploads\/2026\/04\/WhatsApp-Image-2026-04-15-at-15.24.13-1.jpeg\" alt=\"\" class=\"wp-image-14600\" srcset=\"https:\/\/isfd21-bue.infd.edu.ar\/sitio\/wp-content\/uploads\/2026\/04\/WhatsApp-Image-2026-04-15-at-15.24.13-1.jpeg 1600w, https:\/\/isfd21-bue.infd.edu.ar\/sitio\/wp-content\/uploads\/2026\/04\/WhatsApp-Image-2026-04-15-at-15.24.13-1-1000x750.jpeg 1000w, https:\/\/isfd21-bue.infd.edu.ar\/sitio\/wp-content\/uploads\/2026\/04\/WhatsApp-Image-2026-04-15-at-15.24.13-1-768x576.jpeg 768w, https:\/\/isfd21-bue.infd.edu.ar\/sitio\/wp-content\/uploads\/2026\/04\/WhatsApp-Image-2026-04-15-at-15.24.13-1-1536x1152.jpeg 1536w\" sizes=\"(max-width: 1600px) 100vw, 1600px\" \/><\/figure>\n\n\n\n<figure class=\"wp-block-image size-large\"><img decoding=\"async\" loading=\"lazy\" width=\"1600\" height=\"1200\" data-id=\"14598\"  src=\"https:\/\/isfd21-bue.infd.edu.ar\/sitio\/wp-content\/uploads\/2026\/04\/WhatsApp-Image-2026-04-15-at-15.24.13.jpeg\" alt=\"\" class=\"wp-image-14598\" srcset=\"https:\/\/isfd21-bue.infd.edu.ar\/sitio\/wp-content\/uploads\/2026\/04\/WhatsApp-Image-2026-04-15-at-15.24.13.jpeg 1600w, https:\/\/isfd21-bue.infd.edu.ar\/sitio\/wp-content\/uploads\/2026\/04\/WhatsApp-Image-2026-04-15-at-15.24.13-1000x750.jpeg 1000w, https:\/\/isfd21-bue.infd.edu.ar\/sitio\/wp-content\/uploads\/2026\/04\/WhatsApp-Image-2026-04-15-at-15.24.13-768x576.jpeg 768w, https:\/\/isfd21-bue.infd.edu.ar\/sitio\/wp-content\/uploads\/2026\/04\/WhatsApp-Image-2026-04-15-at-15.24.13-1536x1152.jpeg 1536w\" sizes=\"(max-width: 1600px) 100vw, 1600px\" \/><\/figure>\n<\/figure>\n<\/div>\n\n<div class=\"wp-block-post-excerpt\"><p class=\"wp-block-post-excerpt__excerpt\">Agradecemos a su autora, Mar\u00eda Ruina, por compartir sus conocimientos y enriquecer este encuentro de aprendizaje. <\/p><\/div>\n\n\n<hr class=\"wp-block-separator has-alpha-channel-opacity\"\/>\n\n<\/li><li class=\"wp-block-post post-14592 post type-post status-publish format-standard hentry category-imagenes-de-actividades-institucionales infinite-scroll-item masonry-post generate-columns tablet-grid-50 mobile-grid-100 grid-parent grid-50\">\n<div class=\"wp-block-post-date has-large-font-size\"><time datetime=\"2026-04-15T14:35:56-03:00\">15 abril, 2026<\/time><\/div>\n\n<h2 class=\"wp-block-post-title\">As\u00ed se vivi\u00f3 nuestra Feria de Emprendedores<\/h2>\n\n<div class=\"entry-content wp-block-post-content is-layout-flow\">\n<h4 class=\"wp-block-heading\"><strong><em>Un espacio lleno de creatividad y compromiso.<\/em><\/strong><\/h4>\n\n\n\n<h4 class=\"wp-block-heading\"><strong><em>Gracias a todos los que participaron y apoyaron estos proyectos<\/em><\/strong><\/h4>\n\n\n\n<figure class=\"wp-block-gallery has-nested-images columns-default is-cropped wp-block-gallery-7 is-layout-flex\">\n<figure class=\"wp-block-image size-large\"><img decoding=\"async\" loading=\"lazy\" width=\"1600\" height=\"1200\" data-id=\"14443\"  src=\"https:\/\/isfd21-bue.infd.edu.ar\/sitio\/wp-content\/uploads\/2026\/04\/WhatsApp-Image-2026-04-15-at-15.24.25.jpeg\" alt=\"\" class=\"wp-image-14443\" srcset=\"https:\/\/isfd21-bue.infd.edu.ar\/sitio\/wp-content\/uploads\/2026\/04\/WhatsApp-Image-2026-04-15-at-15.24.25.jpeg 1600w, https:\/\/isfd21-bue.infd.edu.ar\/sitio\/wp-content\/uploads\/2026\/04\/WhatsApp-Image-2026-04-15-at-15.24.25-1000x750.jpeg 1000w, https:\/\/isfd21-bue.infd.edu.ar\/sitio\/wp-content\/uploads\/2026\/04\/WhatsApp-Image-2026-04-15-at-15.24.25-768x576.jpeg 768w, https:\/\/isfd21-bue.infd.edu.ar\/sitio\/wp-content\/uploads\/2026\/04\/WhatsApp-Image-2026-04-15-at-15.24.25-1536x1152.jpeg 1536w\" sizes=\"(max-width: 1600px) 100vw, 1600px\" \/><\/figure>\n\n\n\n<figure class=\"wp-block-image size-large\"><img decoding=\"async\" loading=\"lazy\" width=\"1600\" height=\"1200\" data-id=\"14442\"  src=\"https:\/\/isfd21-bue.infd.edu.ar\/sitio\/wp-content\/uploads\/2026\/04\/WhatsApp-Image-2026-04-15-at-15.24.44.jpeg\" alt=\"\" class=\"wp-image-14442\" srcset=\"https:\/\/isfd21-bue.infd.edu.ar\/sitio\/wp-content\/uploads\/2026\/04\/WhatsApp-Image-2026-04-15-at-15.24.44.jpeg 1600w, https:\/\/isfd21-bue.infd.edu.ar\/sitio\/wp-content\/uploads\/2026\/04\/WhatsApp-Image-2026-04-15-at-15.24.44-1000x750.jpeg 1000w, https:\/\/isfd21-bue.infd.edu.ar\/sitio\/wp-content\/uploads\/2026\/04\/WhatsApp-Image-2026-04-15-at-15.24.44-768x576.jpeg 768w, https:\/\/isfd21-bue.infd.edu.ar\/sitio\/wp-content\/uploads\/2026\/04\/WhatsApp-Image-2026-04-15-at-15.24.44-1536x1152.jpeg 1536w\" sizes=\"(max-width: 1600px) 100vw, 1600px\" \/><\/figure>\n\n\n\n<figure class=\"wp-block-image size-large\"><img decoding=\"async\" loading=\"lazy\" width=\"1600\" height=\"1200\" data-id=\"14440\"  src=\"https:\/\/isfd21-bue.infd.edu.ar\/sitio\/wp-content\/uploads\/2026\/04\/WhatsApp-Image-2026-04-15-at-15.24.39.jpeg\" alt=\"\" class=\"wp-image-14440\" srcset=\"https:\/\/isfd21-bue.infd.edu.ar\/sitio\/wp-content\/uploads\/2026\/04\/WhatsApp-Image-2026-04-15-at-15.24.39.jpeg 1600w, https:\/\/isfd21-bue.infd.edu.ar\/sitio\/wp-content\/uploads\/2026\/04\/WhatsApp-Image-2026-04-15-at-15.24.39-1000x750.jpeg 1000w, https:\/\/isfd21-bue.infd.edu.ar\/sitio\/wp-content\/uploads\/2026\/04\/WhatsApp-Image-2026-04-15-at-15.24.39-768x576.jpeg 768w, https:\/\/isfd21-bue.infd.edu.ar\/sitio\/wp-content\/uploads\/2026\/04\/WhatsApp-Image-2026-04-15-at-15.24.39-1536x1152.jpeg 1536w\" sizes=\"(max-width: 1600px) 100vw, 1600px\" \/><\/figure>\n\n\n\n<figure class=\"wp-block-image size-large\"><img decoding=\"async\" loading=\"lazy\" width=\"1600\" height=\"1200\" data-id=\"14439\"  src=\"https:\/\/isfd21-bue.infd.edu.ar\/sitio\/wp-content\/uploads\/2026\/04\/WhatsApp-Image-2026-04-15-at-15.24.53-1.jpeg\" alt=\"\" class=\"wp-image-14439\" srcset=\"https:\/\/isfd21-bue.infd.edu.ar\/sitio\/wp-content\/uploads\/2026\/04\/WhatsApp-Image-2026-04-15-at-15.24.53-1.jpeg 1600w, https:\/\/isfd21-bue.infd.edu.ar\/sitio\/wp-content\/uploads\/2026\/04\/WhatsApp-Image-2026-04-15-at-15.24.53-1-1000x750.jpeg 1000w, https:\/\/isfd21-bue.infd.edu.ar\/sitio\/wp-content\/uploads\/2026\/04\/WhatsApp-Image-2026-04-15-at-15.24.53-1-768x576.jpeg 768w, https:\/\/isfd21-bue.infd.edu.ar\/sitio\/wp-content\/uploads\/2026\/04\/WhatsApp-Image-2026-04-15-at-15.24.53-1-1536x1152.jpeg 1536w\" sizes=\"(max-width: 1600px) 100vw, 1600px\" \/><\/figure>\n\n\n\n<figure class=\"wp-block-image size-large\"><img decoding=\"async\" loading=\"lazy\" width=\"1600\" height=\"1200\" data-id=\"14438\"  src=\"https:\/\/isfd21-bue.infd.edu.ar\/sitio\/wp-content\/uploads\/2026\/04\/WhatsApp-Image-2026-04-15-at-15.24.54-1.jpeg\" alt=\"\" class=\"wp-image-14438\" srcset=\"https:\/\/isfd21-bue.infd.edu.ar\/sitio\/wp-content\/uploads\/2026\/04\/WhatsApp-Image-2026-04-15-at-15.24.54-1.jpeg 1600w, https:\/\/isfd21-bue.infd.edu.ar\/sitio\/wp-content\/uploads\/2026\/04\/WhatsApp-Image-2026-04-15-at-15.24.54-1-1000x750.jpeg 1000w, https:\/\/isfd21-bue.infd.edu.ar\/sitio\/wp-content\/uploads\/2026\/04\/WhatsApp-Image-2026-04-15-at-15.24.54-1-768x576.jpeg 768w, https:\/\/isfd21-bue.infd.edu.ar\/sitio\/wp-content\/uploads\/2026\/04\/WhatsApp-Image-2026-04-15-at-15.24.54-1-1536x1152.jpeg 1536w\" sizes=\"(max-width: 1600px) 100vw, 1600px\" \/><\/figure>\n\n\n\n<figure class=\"wp-block-image size-large\"><img decoding=\"async\" loading=\"lazy\" width=\"1600\" height=\"1200\" data-id=\"14437\"  src=\"https:\/\/isfd21-bue.infd.edu.ar\/sitio\/wp-content\/uploads\/2026\/04\/WhatsApp-Image-2026-04-15-at-15.24.54.jpeg\" alt=\"\" class=\"wp-image-14437\" srcset=\"https:\/\/isfd21-bue.infd.edu.ar\/sitio\/wp-content\/uploads\/2026\/04\/WhatsApp-Image-2026-04-15-at-15.24.54.jpeg 1600w, https:\/\/isfd21-bue.infd.edu.ar\/sitio\/wp-content\/uploads\/2026\/04\/WhatsApp-Image-2026-04-15-at-15.24.54-1000x750.jpeg 1000w, https:\/\/isfd21-bue.infd.edu.ar\/sitio\/wp-content\/uploads\/2026\/04\/WhatsApp-Image-2026-04-15-at-15.24.54-768x576.jpeg 768w, https:\/\/isfd21-bue.infd.edu.ar\/sitio\/wp-content\/uploads\/2026\/04\/WhatsApp-Image-2026-04-15-at-15.24.54-1536x1152.jpeg 1536w\" sizes=\"(max-width: 1600px) 100vw, 1600px\" \/><\/figure>\n\n\n\n<figure class=\"wp-block-image size-large\"><img decoding=\"async\" loading=\"lazy\" width=\"1600\" height=\"1200\" data-id=\"14436\"  src=\"https:\/\/isfd21-bue.infd.edu.ar\/sitio\/wp-content\/uploads\/2026\/04\/WhatsApp-Image-2026-04-15-at-15.24.59.jpeg\" alt=\"\" class=\"wp-image-14436\" srcset=\"https:\/\/isfd21-bue.infd.edu.ar\/sitio\/wp-content\/uploads\/2026\/04\/WhatsApp-Image-2026-04-15-at-15.24.59.jpeg 1600w, https:\/\/isfd21-bue.infd.edu.ar\/sitio\/wp-content\/uploads\/2026\/04\/WhatsApp-Image-2026-04-15-at-15.24.59-1000x750.jpeg 1000w, https:\/\/isfd21-bue.infd.edu.ar\/sitio\/wp-content\/uploads\/2026\/04\/WhatsApp-Image-2026-04-15-at-15.24.59-768x576.jpeg 768w, https:\/\/isfd21-bue.infd.edu.ar\/sitio\/wp-content\/uploads\/2026\/04\/WhatsApp-Image-2026-04-15-at-15.24.59-1536x1152.jpeg 1536w\" sizes=\"(max-width: 1600px) 100vw, 1600px\" \/><\/figure>\n\n\n\n<figure class=\"wp-block-image size-large\"><img decoding=\"async\" loading=\"lazy\" width=\"1600\" height=\"1200\" data-id=\"14435\"  src=\"https:\/\/isfd21-bue.infd.edu.ar\/sitio\/wp-content\/uploads\/2026\/04\/WhatsApp-Image-2026-04-15-at-15.24.59-1.jpeg\" alt=\"\" class=\"wp-image-14435\" srcset=\"https:\/\/isfd21-bue.infd.edu.ar\/sitio\/wp-content\/uploads\/2026\/04\/WhatsApp-Image-2026-04-15-at-15.24.59-1.jpeg 1600w, https:\/\/isfd21-bue.infd.edu.ar\/sitio\/wp-content\/uploads\/2026\/04\/WhatsApp-Image-2026-04-15-at-15.24.59-1-1000x750.jpeg 1000w, https:\/\/isfd21-bue.infd.edu.ar\/sitio\/wp-content\/uploads\/2026\/04\/WhatsApp-Image-2026-04-15-at-15.24.59-1-768x576.jpeg 768w, https:\/\/isfd21-bue.infd.edu.ar\/sitio\/wp-content\/uploads\/2026\/04\/WhatsApp-Image-2026-04-15-at-15.24.59-1-1536x1152.jpeg 1536w\" sizes=\"(max-width: 1600px) 100vw, 1600px\" \/><\/figure>\n\n\n\n<figure class=\"wp-block-image size-large\"><img decoding=\"async\" loading=\"lazy\" width=\"1600\" height=\"1200\" data-id=\"14434\"  src=\"https:\/\/isfd21-bue.infd.edu.ar\/sitio\/wp-content\/uploads\/2026\/04\/WhatsApp-Image-2026-04-15-at-15.24.59-3.jpeg\" alt=\"\" class=\"wp-image-14434\" srcset=\"https:\/\/isfd21-bue.infd.edu.ar\/sitio\/wp-content\/uploads\/2026\/04\/WhatsApp-Image-2026-04-15-at-15.24.59-3.jpeg 1600w, https:\/\/isfd21-bue.infd.edu.ar\/sitio\/wp-content\/uploads\/2026\/04\/WhatsApp-Image-2026-04-15-at-15.24.59-3-1000x750.jpeg 1000w, https:\/\/isfd21-bue.infd.edu.ar\/sitio\/wp-content\/uploads\/2026\/04\/WhatsApp-Image-2026-04-15-at-15.24.59-3-768x576.jpeg 768w, https:\/\/isfd21-bue.infd.edu.ar\/sitio\/wp-content\/uploads\/2026\/04\/WhatsApp-Image-2026-04-15-at-15.24.59-3-1536x1152.jpeg 1536w\" sizes=\"(max-width: 1600px) 100vw, 1600px\" \/><\/figure>\n\n\n\n<figure class=\"wp-block-image size-large\"><img decoding=\"async\" loading=\"lazy\" width=\"1600\" height=\"1200\" data-id=\"14433\"  src=\"https:\/\/isfd21-bue.infd.edu.ar\/sitio\/wp-content\/uploads\/2026\/04\/WhatsApp-Image-2026-04-15-at-15.25.00.jpeg\" alt=\"\" class=\"wp-image-14433\" srcset=\"https:\/\/isfd21-bue.infd.edu.ar\/sitio\/wp-content\/uploads\/2026\/04\/WhatsApp-Image-2026-04-15-at-15.25.00.jpeg 1600w, https:\/\/isfd21-bue.infd.edu.ar\/sitio\/wp-content\/uploads\/2026\/04\/WhatsApp-Image-2026-04-15-at-15.25.00-1000x750.jpeg 1000w, https:\/\/isfd21-bue.infd.edu.ar\/sitio\/wp-content\/uploads\/2026\/04\/WhatsApp-Image-2026-04-15-at-15.25.00-768x576.jpeg 768w, https:\/\/isfd21-bue.infd.edu.ar\/sitio\/wp-content\/uploads\/2026\/04\/WhatsApp-Image-2026-04-15-at-15.25.00-1536x1152.jpeg 1536w\" sizes=\"(max-width: 1600px) 100vw, 1600px\" \/><\/figure>\n\n\n\n<figure class=\"wp-block-image size-large\"><img decoding=\"async\" loading=\"lazy\" width=\"1600\" height=\"1200\" data-id=\"14432\"  src=\"https:\/\/isfd21-bue.infd.edu.ar\/sitio\/wp-content\/uploads\/2026\/04\/WhatsApp-Image-2026-04-15-at-15.25.00-1.jpeg\" alt=\"\" class=\"wp-image-14432\" srcset=\"https:\/\/isfd21-bue.infd.edu.ar\/sitio\/wp-content\/uploads\/2026\/04\/WhatsApp-Image-2026-04-15-at-15.25.00-1.jpeg 1600w, https:\/\/isfd21-bue.infd.edu.ar\/sitio\/wp-content\/uploads\/2026\/04\/WhatsApp-Image-2026-04-15-at-15.25.00-1-1000x750.jpeg 1000w, https:\/\/isfd21-bue.infd.edu.ar\/sitio\/wp-content\/uploads\/2026\/04\/WhatsApp-Image-2026-04-15-at-15.25.00-1-768x576.jpeg 768w, https:\/\/isfd21-bue.infd.edu.ar\/sitio\/wp-content\/uploads\/2026\/04\/WhatsApp-Image-2026-04-15-at-15.25.00-1-1536x1152.jpeg 1536w\" sizes=\"(max-width: 1600px) 100vw, 1600px\" \/><\/figure>\n\n\n\n<figure class=\"wp-block-image size-large\"><img decoding=\"async\" loading=\"lazy\" width=\"857\" height=\"442\" data-id=\"14431\"  src=\"https:\/\/isfd21-bue.infd.edu.ar\/sitio\/wp-content\/uploads\/2026\/04\/WhatsApp-Image-2026-04-15-at-15.24.42.jpeg\" alt=\"\" class=\"wp-image-14431\" srcset=\"https:\/\/isfd21-bue.infd.edu.ar\/sitio\/wp-content\/uploads\/2026\/04\/WhatsApp-Image-2026-04-15-at-15.24.42.jpeg 857w, https:\/\/isfd21-bue.infd.edu.ar\/sitio\/wp-content\/uploads\/2026\/04\/WhatsApp-Image-2026-04-15-at-15.24.42-768x396.jpeg 768w\" sizes=\"(max-width: 857px) 100vw, 857px\" \/><\/figure>\n<\/figure>\n<\/div>\n\n<div class=\"wp-block-post-excerpt\"><p class=\"wp-block-post-excerpt__excerpt\">Un espacio lleno de creatividad y compromiso. Gracias a todos los que participaron y apoyaron estos proyectos <\/p><\/div>\n\n\n<hr class=\"wp-block-separator has-alpha-channel-opacity\"\/>\n\n<\/li><\/ul>\n\n\n<hr class=\"wp-block-separator has-alpha-channel-opacity\"\/>\n\n\n<nav class=\"wp-block-query-pagination is-layout-flex\" aria-label=\"Paginaci\u00f3n\">\n\n\n<div class=\"wp-block-query-pagination-numbers\"><span aria-current=\"page\" class=\"page-numbers current\">1<\/span>\n<a class=\"page-numbers\" href=\"?query-13-page=2\">2<\/a><\/div>\n\n<a href=\"\/sitio\/wp-json\/wp\/v2\/pages\/14490?query-13-page=2\" class=\"wp-block-query-pagination-next\">P\u00e1gina siguiente<\/a>\n<\/nav>\n\n<\/div>\n","protected":false},"excerpt":{"rendered":"","protected":false},"author":9269,"featured_media":0,"parent":0,"menu_order":0,"comment_status":"closed","ping_status":"closed","template":"","meta":[],"acf":[],"_links":{"self":[{"href":"https:\/\/isfd21-bue.infd.edu.ar\/sitio\/wp-json\/wp\/v2\/pages\/14490"}],"collection":[{"href":"https:\/\/isfd21-bue.infd.edu.ar\/sitio\/wp-json\/wp\/v2\/pages"}],"about":[{"href":"https:\/\/isfd21-bue.infd.edu.ar\/sitio\/wp-json\/wp\/v2\/types\/page"}],"author":[{"embeddable":true,"href":"https:\/\/isfd21-bue.infd.edu.ar\/sitio\/wp-json\/wp\/v2\/users\/9269"}],"replies":[{"embeddable":true,"href":"https:\/\/isfd21-bue.infd.edu.ar\/sitio\/wp-json\/wp\/v2\/comments?post=14490"}],"version-history":[{"count":11,"href":"https:\/\/isfd21-bue.infd.edu.ar\/sitio\/wp-json\/wp\/v2\/pages\/14490\/revisions"}],"predecessor-version":[{"id":14618,"href":"https:\/\/isfd21-bue.infd.edu.ar\/sitio\/wp-json\/wp\/v2\/pages\/14490\/revisions\/14618"}],"wp:attachment":[{"href":"https:\/\/isfd21-bue.infd.edu.ar\/sitio\/wp-json\/wp\/v2\/media?parent=14490"}],"curies":[{"name":"wp","href":"https:\/\/api.w.org\/{rel}","templated":true}]}}