{"id":14156,"date":"2026-03-10T16:53:35","date_gmt":"2026-03-10T19:53:35","guid":{"rendered":"https:\/\/isfd21-bue.infd.edu.ar\/sitio\/?page_id=14156"},"modified":"2026-04-27T17:26:33","modified_gmt":"2026-04-27T20:26:33","slug":"avisos-importantes","status":"publish","type":"page","link":"https:\/\/isfd21-bue.infd.edu.ar\/sitio\/avisos-importantes\/","title":{"rendered":"AVISOS IMPORTANTES"},"content":{"rendered":"<form role=\"search\" method=\"get\" action=\"https:\/\/isfd21-bue.infd.edu.ar\/sitio\/\" class=\"wp-block-search__button-outside wp-block-search__text-button wp-block-search\"><label for=\"wp-block-search__input-1\" class=\"wp-block-search__label\" >Buscar<\/label><div class=\"wp-block-search__inside-wrapper \" ><input type=\"search\" id=\"wp-block-search__input-1\" class=\"wp-block-search__input\" name=\"s\" value=\"\" placeholder=\"ULTIMA\"  required \/><button type=\"submit\" class=\"wp-block-search__button wp-element-button\"  >Buscar<\/button><\/div><\/form>\n\n\n<div class=\"wp-block-query is-layout-flow\"><ul class=\"wp-block-post-template is-layout-flow\"><li class=\"wp-block-post post-14731 post type-post status-publish format-standard hentry category-avisos-importantes infinite-scroll-item masonry-post generate-columns tablet-grid-50 mobile-grid-100 grid-parent grid-50\">\n<div class=\"wp-block-post-date has-large-font-size\"><time datetime=\"2026-05-11T14:51:44-03:00\">11 mayo, 2026<\/time><\/div>\n\n<h2 class=\"wp-block-post-title\">&#x1f534;ASAMBLEA ANUAL DE LA ASOCIACI\u00d3N COOPERADORA<\/h2>\n\n<div class=\"entry-content wp-block-post-content is-layout-flow\">\n<figure class=\"wp-block-image size-full\"><img decoding=\"async\" loading=\"lazy\" width=\"1024\" height=\"1536\" src=\"https:\/\/isfd21-bue.infd.edu.ar\/sitio\/wp-content\/uploads\/2026\/05\/WhatsApp-Image-2026-05-11-at-14.32.46.jpeg\" alt=\"\" class=\"wp-image-14732\" srcset=\"https:\/\/isfd21-bue.infd.edu.ar\/sitio\/wp-content\/uploads\/2026\/05\/WhatsApp-Image-2026-05-11-at-14.32.46.jpeg 1024w, https:\/\/isfd21-bue.infd.edu.ar\/sitio\/wp-content\/uploads\/2026\/05\/WhatsApp-Image-2026-05-11-at-14.32.46-667x1000.jpeg 667w, https:\/\/isfd21-bue.infd.edu.ar\/sitio\/wp-content\/uploads\/2026\/05\/WhatsApp-Image-2026-05-11-at-14.32.46-768x1152.jpeg 768w\" sizes=\"(max-width: 1024px) 100vw, 1024px\" \/><\/figure>\n<\/div>\n\n\n<hr class=\"wp-block-separator has-alpha-channel-opacity\"\/>\n\n<\/li><li class=\"wp-block-post post-14661 post type-post status-publish format-standard hentry category-avisos-importantes infinite-scroll-item masonry-post generate-columns tablet-grid-50 mobile-grid-100 grid-parent grid-50\">\n<div class=\"wp-block-post-date has-large-font-size\"><time datetime=\"2026-04-30T16:17:41-03:00\">30 abril, 2026<\/time><\/div>\n\n<h2 class=\"wp-block-post-title\">COMPARTIMOS INSTAGRAM DE CIPEs https:\/\/www.instagram.com\/cipesrojas<\/h2>\n\n<div class=\"entry-content wp-block-post-content is-layout-flow\">\n<figure class=\"wp-block-image size-full\"><img decoding=\"async\" loading=\"lazy\" width=\"1080\" height=\"1080\" src=\"https:\/\/isfd21-bue.infd.edu.ar\/sitio\/wp-content\/uploads\/2026\/04\/Post-de-Instagram-Logo-circular-bienes-raices-simple-blanco-y-negro-17.jpg\" alt=\"\" class=\"wp-image-14662\" srcset=\"https:\/\/isfd21-bue.infd.edu.ar\/sitio\/wp-content\/uploads\/2026\/04\/Post-de-Instagram-Logo-circular-bienes-raices-simple-blanco-y-negro-17.jpg 1080w, https:\/\/isfd21-bue.infd.edu.ar\/sitio\/wp-content\/uploads\/2026\/04\/Post-de-Instagram-Logo-circular-bienes-raices-simple-blanco-y-negro-17-1000x1000.jpg 1000w, https:\/\/isfd21-bue.infd.edu.ar\/sitio\/wp-content\/uploads\/2026\/04\/Post-de-Instagram-Logo-circular-bienes-raices-simple-blanco-y-negro-17-500x500.jpg 500w, https:\/\/isfd21-bue.infd.edu.ar\/sitio\/wp-content\/uploads\/2026\/04\/Post-de-Instagram-Logo-circular-bienes-raices-simple-blanco-y-negro-17-768x768.jpg 768w\" sizes=\"(max-width: 1080px) 100vw, 1080px\" \/><\/figure>\n<\/div>\n\n\n<hr class=\"wp-block-separator has-alpha-channel-opacity\"\/>\n\n<\/li><li class=\"wp-block-post post-14634 post type-post status-publish format-standard hentry category-avisos-importantes infinite-scroll-item masonry-post generate-columns tablet-grid-50 mobile-grid-100 grid-parent grid-50\">\n<div class=\"wp-block-post-date has-large-font-size\"><time datetime=\"2026-04-27T17:04:59-03:00\">27 abril, 2026<\/time><\/div>\n\n<h2 class=\"wp-block-post-title\">&#x1f534;Estimada comunidad educativa:<\/h2>\n\n<div class=\"entry-content wp-block-post-content is-layout-flow\">\n<h3 class=\"wp-block-heading\"><em>\u200bQueremos informarles que el mi\u00e9rcoles pasado el Consejo Escolar de Moreno se comunic\u00f3 con la instituci\u00f3n para informar que esta semana, entre el martes y el mi\u00e9rcoles, se iniciar\u00e1n los arreglos de sanitarios y el recambio de luminarias.<\/em><\/h3>\n\n\n\n<h3 class=\"wp-block-heading\"><em>\u200bAl respecto, el jueves pasado recibimos la visita de dos inspectores de infraestructura para realizar los relevamientos correspondientes. La empresa designada es Ottal, la cual ya ha efectuado la inspecci\u00f3n t\u00e9cnica y el listado de repuestos necesarios para la obra.<\/em><\/h3>\n\n\n\n<h3 class=\"wp-block-heading\"><em>\u200bMantendremos a la comunidad informada ante cualquier novedad.<\/em><\/h3>\n\n\n\n<h3 class=\"wp-block-heading\"><em>\u200bAtentamente,<\/em><\/h3>\n\n\n\n<h3 class=\"wp-block-heading\"><em>\u200bEquipo Directivo<\/em><\/h3>\n<\/div>\n\n\n<hr class=\"wp-block-separator has-alpha-channel-opacity\"\/>\n\n<\/li><\/ul>\n\n<nav class=\"wp-block-query-pagination is-layout-flex\" aria-label=\"Paginaci\u00f3n\">\n\n\n<div class=\"wp-block-query-pagination-numbers\"><span aria-current=\"page\" class=\"page-numbers current\">1<\/span>\n<a class=\"page-numbers\" href=\"?query-1-page=2\">2<\/a>\n<a class=\"page-numbers\" href=\"?query-1-page=3\">3<\/a>\n<span class=\"page-numbers dots\">&hellip;<\/span>\n<a class=\"page-numbers\" href=\"?query-1-page=10\">10<\/a><\/div>\n\n<a href=\"\/sitio\/wp-json\/wp\/v2\/pages\/14156?query-1-page=2\" class=\"wp-block-query-pagination-next\">P\u00e1gina siguiente<\/a>\n<\/nav>\n\n<\/div>\n","protected":false},"excerpt":{"rendered":"","protected":false},"author":4673,"featured_media":0,"parent":0,"menu_order":0,"comment_status":"closed","ping_status":"closed","template":"","meta":[],"acf":[],"_links":{"self":[{"href":"https:\/\/isfd21-bue.infd.edu.ar\/sitio\/wp-json\/wp\/v2\/pages\/14156"}],"collection":[{"href":"https:\/\/isfd21-bue.infd.edu.ar\/sitio\/wp-json\/wp\/v2\/pages"}],"about":[{"href":"https:\/\/isfd21-bue.infd.edu.ar\/sitio\/wp-json\/wp\/v2\/types\/page"}],"author":[{"embeddable":true,"href":"https:\/\/isfd21-bue.infd.edu.ar\/sitio\/wp-json\/wp\/v2\/users\/4673"}],"replies":[{"embeddable":true,"href":"https:\/\/isfd21-bue.infd.edu.ar\/sitio\/wp-json\/wp\/v2\/comments?post=14156"}],"version-history":[{"count":36,"href":"https:\/\/isfd21-bue.infd.edu.ar\/sitio\/wp-json\/wp\/v2\/pages\/14156\/revisions"}],"predecessor-version":[{"id":14639,"href":"https:\/\/isfd21-bue.infd.edu.ar\/sitio\/wp-json\/wp\/v2\/pages\/14156\/revisions\/14639"}],"wp:attachment":[{"href":"https:\/\/isfd21-bue.infd.edu.ar\/sitio\/wp-json\/wp\/v2\/media?parent=14156"}],"curies":[{"name":"wp","href":"https:\/\/api.w.org\/{rel}","templated":true}]}}