{"id":13948,"date":"2025-12-16T15:34:44","date_gmt":"2025-12-16T18:34:44","guid":{"rendered":"https:\/\/isfd21-bue.infd.edu.ar\/sitio\/?page_id=13948"},"modified":"2025-12-16T15:53:19","modified_gmt":"2025-12-16T18:53:19","slug":"mesa-de-examen-febrero-2026","status":"publish","type":"page","link":"https:\/\/isfd21-bue.infd.edu.ar\/sitio\/mesa-de-examen-febrero-2026\/","title":{"rendered":"MESA DE EXAMEN FEBRERO 2026"},"content":{"rendered":"\n<div class=\"wp-block-group is-vertical is-layout-flex wp-container-1\">\n<p class=\"has-large-font-size\"><strong>Podr\u00e1n inscribirse del 11\/02\/26 y hasta el 05\/03\/26 de lunes a viernes de 8 a 21:30 hs y s\u00e1bado de 8 a 12 hs<\/strong><\/p>\n\n\n\n<p><\/p>\n<\/div>\n\n\n\n<p><strong>VER CRONOGRAMA<\/strong><\/p>\n\n\n\n<div class=\"wp-block-file\"><a id=\"wp-block-file--media-be6448ba-336e-48df-8cd5-b4c0c44b1141\" href=\"https:\/\/isfd21-bue.infd.edu.ar\/sitio\/wp-content\/uploads\/2025\/12\/2026-Cronograma-mesas-de-Febrero-Marzo.pdf\">2026-Cronograma-mesas-de-Febrero-Marzo<\/a><a href=\"https:\/\/isfd21-bue.infd.edu.ar\/sitio\/wp-content\/uploads\/2025\/12\/2026-Cronograma-mesas-de-Febrero-Marzo.pdf\" class=\"wp-block-file__button wp-element-button\" download aria-describedby=\"wp-block-file--media-be6448ba-336e-48df-8cd5-b4c0c44b1141\">Descarga<\/a><\/div>\n\n\n\n<p><\/p>\n\n\n\n<p><strong>HAC\u00c9 CLIC EN LA OPCI\u00d3N QUE DESEAS CONSULTAR<em>:<\/em><\/strong><a rel=\"noreferrer noopener\" href=\"https:\/\/isfd21-bue.infd.edu.ar\/#facebook\" target=\"_blank\"><\/a><\/p>\n\n\n\n<div class=\"wp-block-columns is-layout-flex wp-container-5\">\n<div class=\"wp-block-column is-layout-flow\">\n<p class=\"has-text-align-center has-pale-pink-background-color has-background\" style=\"font-size:17px\"><a href=\"https:\/\/isfd21-bue.infd.edu.ar\/sitio\/como-me-inscribo\/\" target=\"_blank\" rel=\"noreferrer noopener\"><strong>\u00bfC\u00d3MO COMPLETO LA PLANILLA DE INSCRIPCI\u00d3N A MESAS DE EXAMEN?<\/strong>   <\/a> <\/p>\n<\/div>\n\n\n\n<div class=\"wp-block-column is-vertically-aligned-center is-layout-flow\">\n<p class=\"has-text-align-center has-pale-cyan-blue-background-color has-background has-medium-font-size\">                                                                                                                                                                                  <strong><a rel=\"noreferrer noopener\" href=\"https:\/\/isfd21-bue.infd.edu.ar\/sitio\/indicaciones-y-recomendaciones\/\" target=\"_blank\">INDICACIONES Y    RECOMENDACIONES<\/a><\/strong>                                                                       <\/p>\n<\/div>\n\n\n\n<div class=\"wp-block-column is-layout-flow\">\n<p class=\"has-text-align-center has-luminous-vivid-amber-background-color has-background has-medium-font-size\">                                                                        <strong><a href=\"https:\/\/drive.google.com\/drive\/folders\/14mWulTB81CQIbI2YndasmP2D7wP2Wab-?usp=sharing\" target=\"_blank\" rel=\"noreferrer noopener\">FECHAS DE MESAS DE                                              EXAMEN<\/a><\/strong>                                                       <strong>   <\/strong><\/p>\n<\/div>\n<\/div>\n\n\n\n<div class=\"wp-block-columns is-layout-flex wp-container-9\">\n<div class=\"wp-block-column is-layout-flow\">\n<p class=\"has-text-align-center has-background\" style=\"background-color:#d1cbf4;font-size:21px\">    <strong><a rel=\"noreferrer noopener\" href=\"https:\/\/isfd21-bue.infd.edu.ar\/sitio\/consulta-id\/\" target=\"_blank\">CONSULTAR TU  N\u00daMERO ID<\/a><\/strong>     <\/p>\n<\/div>\n\n\n\n<div class=\"wp-block-column is-layout-flow\">\n<p class=\"has-text-align-center has-cyan-bluish-gray-background-color has-background\" style=\"font-size:21px\"> <a href=\"https:\/\/isfd21-bue.infd.edu.ar\/sitio\/wp-content\/uploads\/2025\/12\/2026-Cronograma-mesas-de-Febrero-Marzo.pdf\" target=\"_blank\" rel=\"noreferrer noopener\"> <strong>CRONOGRAMA DE INSCRIPCI\u00d3N<\/strong> <\/a><\/p>\n<\/div>\n\n\n\n<div class=\"wp-block-column is-layout-flow\">\n<p class=\"has-text-align-center has-light-green-cyan-background-color has-background\" style=\"font-size:21px\"><strong><a href=\"https:\/\/docs.google.com\/spreadsheets\/d\/1UtJ1z1t3fr_HmWe-Z82gyAdddPdRdGDa_kpJO88_wdo\/edit?usp=sharing\" target=\"_blank\" rel=\"noreferrer noopener\">MODIFICACIONES DE MESAS<\/a><\/strong><\/p>\n<\/div>\n<\/div>\n\n\n\n<div class=\"wp-block-buttons is-layout-flex\">\n<div class=\"wp-block-button has-custom-width wp-block-button__width-25 has-custom-font-size is-style-fill has-medium-font-size\"><a class=\"wp-block-button__link wp-element-button\" href=\"https:\/\/docs.google.com\/spreadsheets\/d\/1TbDr_Kn11J3A2yGfvaQhfZN1dtB21IDSDTbz6o3AAbc\/edit?usp=sharing\" style=\"border-radius:12px\" target=\"_blank\" rel=\"noreferrer noopener\"><strong>MATERIAS PROMOCIONADAS LIBROS Y FOLIOS<\/strong><\/a><\/div>\n<\/div>\n\n\n\n<p><\/p>\n","protected":false},"excerpt":{"rendered":"<p>Podr\u00e1n inscribirse del 11\/02\/26 y hasta el 05\/03\/26 de lunes a viernes de 8 a 21:30 hs y s\u00e1bado de 8 a 12 hs VER CRONOGRAMA HAC\u00c9 CLIC EN LA OPCI\u00d3N QUE DESEAS CONSULTAR: \u00bfC\u00d3MO COMPLETO LA PLANILLA DE INSCRIPCI\u00d3N A MESAS DE EXAMEN? INDICACIONES Y RECOMENDACIONES FECHAS DE MESAS DE EXAMEN CONSULTAR TU N\u00daMERO &#8230; <a title=\"MESA DE EXAMEN FEBRERO 2026\" class=\"read-more\" href=\"https:\/\/isfd21-bue.infd.edu.ar\/sitio\/mesa-de-examen-febrero-2026\/\" aria-label=\"More on MESA DE EXAMEN FEBRERO 2026\">[+]<\/a><\/p>\n","protected":false},"author":9269,"featured_media":0,"parent":0,"menu_order":0,"comment_status":"closed","ping_status":"closed","template":"","meta":[],"acf":[],"_links":{"self":[{"href":"https:\/\/isfd21-bue.infd.edu.ar\/sitio\/wp-json\/wp\/v2\/pages\/13948"}],"collection":[{"href":"https:\/\/isfd21-bue.infd.edu.ar\/sitio\/wp-json\/wp\/v2\/pages"}],"about":[{"href":"https:\/\/isfd21-bue.infd.edu.ar\/sitio\/wp-json\/wp\/v2\/types\/page"}],"author":[{"embeddable":true,"href":"https:\/\/isfd21-bue.infd.edu.ar\/sitio\/wp-json\/wp\/v2\/users\/9269"}],"replies":[{"embeddable":true,"href":"https:\/\/isfd21-bue.infd.edu.ar\/sitio\/wp-json\/wp\/v2\/comments?post=13948"}],"version-history":[{"count":2,"href":"https:\/\/isfd21-bue.infd.edu.ar\/sitio\/wp-json\/wp\/v2\/pages\/13948\/revisions"}],"predecessor-version":[{"id":13952,"href":"https:\/\/isfd21-bue.infd.edu.ar\/sitio\/wp-json\/wp\/v2\/pages\/13948\/revisions\/13952"}],"wp:attachment":[{"href":"https:\/\/isfd21-bue.infd.edu.ar\/sitio\/wp-json\/wp\/v2\/media?parent=13948"}],"curies":[{"name":"wp","href":"https:\/\/api.w.org\/{rel}","templated":true}]}}