{"id":13799,"date":"2025-11-12T16:38:43","date_gmt":"2025-11-12T19:38:43","guid":{"rendered":"https:\/\/isfd21-bue.infd.edu.ar\/sitio\/?page_id=13799"},"modified":"2025-12-01T15:04:51","modified_gmt":"2025-12-01T18:04:51","slug":"mesas-diciembre-2025","status":"publish","type":"page","link":"https:\/\/isfd21-bue.infd.edu.ar\/sitio\/mesas-diciembre-2025\/","title":{"rendered":"MESAS DE EXAMEN DICIEMBRE 2025"},"content":{"rendered":"\n<div class=\"wp-block-group is-vertical is-layout-flex wp-container-1\">\n<p><strong>PODR\u00c1N INSCRIBIRSE A PARTIR DEL 19\/11\/25 Y HASTA EL 17\/12\/25 DE LUNES A VIERNES DE 8 A 21:30 HS. <\/strong><\/p>\n\n\n\n<p><strong>Y S\u00c1BADO DE 8 A 12 HS.<\/strong>&nbsp;<\/p>\n<\/div>\n\n\n\n<p><strong>VER CRONOGRAMA<\/strong><\/p>\n\n\n\n<div class=\"wp-block-file\"><a id=\"wp-block-file--media-be6448ba-336e-48df-8cd5-b4c0c44b1141\" href=\"https:\/\/isfd21-bue.infd.edu.ar\/sitio\/wp-content\/uploads\/2025\/11\/CRONOGRAMA-DICIEMBRE-3.jpg\">CRONOGRAMA-DICIEMBRE-3<\/a><a href=\"https:\/\/isfd21-bue.infd.edu.ar\/sitio\/wp-content\/uploads\/2025\/11\/CRONOGRAMA-DICIEMBRE-3.jpg\" class=\"wp-block-file__button wp-element-button\" download aria-describedby=\"wp-block-file--media-be6448ba-336e-48df-8cd5-b4c0c44b1141\">Descarga<\/a><\/div>\n\n\n\n<p><\/p>\n\n\n\n<p><strong>HAC\u00c9 CLIC EN LA OPCI\u00d3N QUE DESEAS CONSULTAR<em>:<\/em><\/strong><a rel=\"noreferrer noopener\" href=\"https:\/\/isfd21-bue.infd.edu.ar\/#facebook\" target=\"_blank\"><\/a><\/p>\n\n\n\n<div class=\"wp-block-columns is-layout-flex wp-container-5\">\n<div class=\"wp-block-column is-layout-flow\">\n<p class=\"has-text-align-center has-pale-pink-background-color has-background\" style=\"font-size:17px\"><a href=\"https:\/\/isfd21-bue.infd.edu.ar\/sitio\/como-me-inscribo\/\" target=\"_blank\" rel=\"noreferrer noopener\"><strong>\u00bfC\u00d3MO COMPLETO LA PLANILLA DE INSCRIPCI\u00d3N A MESAS DE EXAMEN?<\/strong>   <\/a> <\/p>\n<\/div>\n\n\n\n<div class=\"wp-block-column is-vertically-aligned-center is-layout-flow\">\n<p class=\"has-text-align-center has-pale-cyan-blue-background-color has-background has-medium-font-size\">                                                                                                                                                                                  <strong><a rel=\"noreferrer noopener\" href=\"https:\/\/isfd21-bue.infd.edu.ar\/sitio\/indicaciones-y-recomendaciones\/\" target=\"_blank\">INDICACIONES Y    RECOMENDACIONES<\/a><\/strong>                                                                       <\/p>\n<\/div>\n\n\n\n<div class=\"wp-block-column is-layout-flow\">\n<p class=\"has-text-align-center has-luminous-vivid-amber-background-color has-background has-medium-font-size\">                                                                        <a href=\"https:\/\/drive.google.com\/drive\/folders\/1ZNiPjQzApXR6-bso6Zarz-XteDemaHcM?usp=sharing\" target=\"_blank\" rel=\"noreferrer noopener\"><strong>FECHAS DE MESAS DE                                              EXAMEN<\/strong>   <\/a>                                                    <strong>   <\/strong><\/p>\n<\/div>\n<\/div>\n\n\n\n<div class=\"wp-block-columns is-layout-flex wp-container-9\">\n<div class=\"wp-block-column is-layout-flow\">\n<p class=\"has-text-align-center has-background\" style=\"background-color:#d1cbf4;font-size:21px\">    <strong><a rel=\"noreferrer noopener\" href=\"https:\/\/isfd21-bue.infd.edu.ar\/sitio\/consulta-id\/\" target=\"_blank\">CONSULTAR TU  N\u00daMERO ID<\/a><\/strong>     <\/p>\n<\/div>\n\n\n\n<div class=\"wp-block-column is-layout-flow\">\n<p class=\"has-text-align-center has-cyan-bluish-gray-background-color has-background\" style=\"font-size:21px\">  <strong><a href=\"https:\/\/isfd21-bue.infd.edu.ar\/sitio\/13803-2\/\" target=\"_blank\" rel=\"noreferrer noopener\">CRONOGRAMA <\/a><\/strong><a href=\"https:\/\/isfd21-bue.infd.edu.ar\/sitio\/13803-2\/\" target=\"_blank\" rel=\"noreferrer noopener\"><strong>DE INSCRIPCI\u00d3N<\/strong> <\/a><\/p>\n<\/div>\n\n\n\n<div class=\"wp-block-column is-layout-flow\">\n<p class=\"has-text-align-center has-light-green-cyan-background-color has-background\" style=\"font-size:21px\"><strong><a href=\"https:\/\/docs.google.com\/spreadsheets\/d\/1UtJ1z1t3fr_HmWe-Z82gyAdddPdRdGDa_kpJO88_wdo\/edit?usp=sharing\">MODIFICACIONES DE MESAS<\/a><\/strong><\/p>\n<\/div>\n<\/div>\n\n\n\n<div class=\"wp-block-buttons is-layout-flex\">\n<div class=\"wp-block-button has-custom-width wp-block-button__width-25 has-custom-font-size is-style-fill has-medium-font-size\"><a class=\"wp-block-button__link wp-element-button\" href=\"https:\/\/docs.google.com\/spreadsheets\/d\/1TbDr_Kn11J3A2yGfvaQhfZN1dtB21IDSDTbz6o3AAbc\/edit?usp=sharing\" style=\"border-radius:12px\" target=\"_blank\" rel=\"noreferrer noopener\"><strong>MATERIAS PROMOCIONADAS LIBROS Y FOLIOS<\/strong><\/a><\/div>\n<\/div>\n\n\n\n<p><\/p>\n","protected":false},"excerpt":{"rendered":"<p>PODR\u00c1N INSCRIBIRSE A PARTIR DEL 19\/11\/25 Y HASTA EL 17\/12\/25 DE LUNES A VIERNES DE 8 A 21:30 HS. Y S\u00c1BADO DE 8 A 12 HS.&nbsp; VER CRONOGRAMA HAC\u00c9 CLIC EN LA OPCI\u00d3N QUE DESEAS CONSULTAR: \u00bfC\u00d3MO COMPLETO LA PLANILLA DE INSCRIPCI\u00d3N A MESAS DE EXAMEN? INDICACIONES Y RECOMENDACIONES FECHAS DE MESAS DE EXAMEN CONSULTAR &#8230; <a title=\"MESAS DE EXAMEN DICIEMBRE 2025\" class=\"read-more\" href=\"https:\/\/isfd21-bue.infd.edu.ar\/sitio\/mesas-diciembre-2025\/\" aria-label=\"More on MESAS DE EXAMEN DICIEMBRE 2025\">[+]<\/a><\/p>\n","protected":false},"author":9269,"featured_media":0,"parent":0,"menu_order":0,"comment_status":"closed","ping_status":"closed","template":"","meta":[],"acf":[],"_links":{"self":[{"href":"https:\/\/isfd21-bue.infd.edu.ar\/sitio\/wp-json\/wp\/v2\/pages\/13799"}],"collection":[{"href":"https:\/\/isfd21-bue.infd.edu.ar\/sitio\/wp-json\/wp\/v2\/pages"}],"about":[{"href":"https:\/\/isfd21-bue.infd.edu.ar\/sitio\/wp-json\/wp\/v2\/types\/page"}],"author":[{"embeddable":true,"href":"https:\/\/isfd21-bue.infd.edu.ar\/sitio\/wp-json\/wp\/v2\/users\/9269"}],"replies":[{"embeddable":true,"href":"https:\/\/isfd21-bue.infd.edu.ar\/sitio\/wp-json\/wp\/v2\/comments?post=13799"}],"version-history":[{"count":7,"href":"https:\/\/isfd21-bue.infd.edu.ar\/sitio\/wp-json\/wp\/v2\/pages\/13799\/revisions"}],"predecessor-version":[{"id":13898,"href":"https:\/\/isfd21-bue.infd.edu.ar\/sitio\/wp-json\/wp\/v2\/pages\/13799\/revisions\/13898"}],"wp:attachment":[{"href":"https:\/\/isfd21-bue.infd.edu.ar\/sitio\/wp-json\/wp\/v2\/media?parent=13799"}],"curies":[{"name":"wp","href":"https:\/\/api.w.org\/{rel}","templated":true}]}}