{"id":13168,"date":"2025-07-08T14:20:42","date_gmt":"2025-07-08T17:20:42","guid":{"rendered":"https:\/\/isfd21-bue.infd.edu.ar\/sitio\/?page_id=13168"},"modified":"2025-07-08T16:17:10","modified_gmt":"2025-07-08T19:17:10","slug":"examenes-julio-agosto-2025","status":"publish","type":"page","link":"https:\/\/isfd21-bue.infd.edu.ar\/sitio\/examenes-julio-agosto-2025\/","title":{"rendered":"PUBLICAMOS LAS FECHAS DE LAS MESAS CORRESPONDIENTES AL TURNO DE EXAMENES JULIO\/AGOSTO 2025"},"content":{"rendered":"\n<p><a rel=\"noreferrer noopener\" href=\"https:\/\/isfd21-bue.infd.edu.ar\/#facebook\" target=\"_blank\"><\/a><\/p>\n\n\n\n<div class=\"wp-block-group is-vertical is-layout-flex wp-container-1\">\n<p><strong>PODR\u00c1N INSCRIBIRSE A PARTIR DEL 14\/07\/25 Y HASTA EL 20\/08\/25 DE LUNES A VIERNES DE 8 A 21:30 HS. <\/strong><\/p>\n\n\n\n<p><strong>Y S\u00c1BADO DE 8 A 12 HS.<\/strong>&nbsp;<\/p>\n<\/div>\n\n\n\n<div class=\"wp-block-file\"><a id=\"wp-block-file--media-2e729952-bc2e-4d28-8f00-fe91ff75ae4e\" href=\"https:\/\/isfd21-bue.infd.edu.ar\/sitio\/wp-content\/uploads\/2025\/07\/CRONOGRAMA.jpg\"><strong>VER CRONOGRAMA<\/strong><\/a><a href=\"https:\/\/isfd21-bue.infd.edu.ar\/sitio\/wp-content\/uploads\/2025\/07\/CRONOGRAMA.jpg\" class=\"wp-block-file__button wp-element-button\" download aria-describedby=\"wp-block-file--media-2e729952-bc2e-4d28-8f00-fe91ff75ae4e\">Descarga<\/a><\/div>\n\n\n\n<p><\/p>\n\n\n\n<p><strong>HAC\u00c9 CLIC EN LA OPCI\u00d3N QUE DESEAS CONSULTAR<em>:<\/em><\/strong><a rel=\"noreferrer noopener\" href=\"https:\/\/isfd21-bue.infd.edu.ar\/#facebook\" target=\"_blank\"><\/a><\/p>\n\n\n\n<div class=\"wp-block-columns is-layout-flex wp-container-5\">\n<div class=\"wp-block-column is-layout-flow\">\n<p class=\"has-text-align-center has-pale-pink-background-color has-background\" style=\"font-size:17px\"><a href=\"https:\/\/isfd21-bue.infd.edu.ar\/sitio\/como-me-inscribo\/\" target=\"_blank\" rel=\"noreferrer noopener\"><strong>\u00bfC\u00d3MO COMPLETO LA PLANILLA DE INSCRIPCI\u00d3N A MESAS DE EXAMEN?<\/strong>   <\/a> <\/p>\n<\/div>\n\n\n\n<div class=\"wp-block-column is-vertically-aligned-center is-layout-flow\">\n<p class=\"has-text-align-center has-pale-cyan-blue-background-color has-background\">                                                                                                                                                                                  <strong><a rel=\"noreferrer noopener\" href=\"https:\/\/isfd21-bue.infd.edu.ar\/sitio\/indicaciones-y-recomendaciones\/\" target=\"_blank\">INDICACIONES Y    RECOMENDACIONES<\/a><\/strong>                                                                       <\/p>\n<\/div>\n\n\n\n<div class=\"wp-block-column is-layout-flow\">\n<p class=\"has-text-align-center has-luminous-vivid-amber-background-color has-background\">                                                                        <a href=\"https:\/\/drive.google.com\/drive\/folders\/1yxr5o6_Fu0iIaIgGecDcVc3MxUkf9Tb5?usp=sharing\" target=\"_blank\" rel=\"noreferrer noopener\"><strong>FECHAS DE MESAS DE                                              EXAMEN<\/strong>   <\/a>                                                    <strong>   <\/strong><\/p>\n<\/div>\n<\/div>\n\n\n\n<div class=\"wp-block-columns is-layout-flex wp-container-9\">\n<div class=\"wp-block-column is-layout-flow\">\n<p class=\"has-text-align-center has-background\" style=\"background-color:#d1cbf4;font-size:21px\">    <strong><a rel=\"noreferrer noopener\" href=\"https:\/\/isfd21-bue.infd.edu.ar\/sitio\/consulta-id\/\" target=\"_blank\">CONSULTAR TU  N\u00daMERO ID<\/a><\/strong>     <\/p>\n<\/div>\n\n\n\n<div class=\"wp-block-column is-layout-flow\">\n<p class=\"has-text-align-center has-cyan-bluish-gray-background-color has-background\" style=\"font-size:21px\">  <strong><a href=\"https:\/\/isfd21-bue.infd.edu.ar\/sitio\/13172-2\/\" target=\"_blank\" rel=\"noreferrer noopener\">CRONOGRAMA DE INSCRIPCI\u00d3N<\/a><\/strong> <\/p>\n<\/div>\n\n\n\n<div class=\"wp-block-column is-layout-flow\">\n<p class=\"has-text-align-center has-light-green-cyan-background-color has-background\" style=\"font-size:21px\"><strong><a href=\"https:\/\/docs.google.com\/spreadsheets\/d\/1UtJ1z1t3fr_HmWe-Z82gyAdddPdRdGDa_kpJO88_wdo\/edit?usp=sharing\">MODIFICACIONES DE MESAS<\/a><\/strong><\/p>\n<\/div>\n<\/div>\n\n\n\n<p><\/p>\n\n\n\n<p><\/p>\n","protected":false},"excerpt":{"rendered":"<p>PODR\u00c1N INSCRIBIRSE A PARTIR DEL 14\/07\/25 Y HASTA EL 20\/08\/25 DE LUNES A VIERNES DE 8 A 21:30 HS. Y S\u00c1BADO DE 8 A 12 HS.&nbsp; HAC\u00c9 CLIC EN LA OPCI\u00d3N QUE DESEAS CONSULTAR: \u00bfC\u00d3MO COMPLETO LA PLANILLA DE INSCRIPCI\u00d3N A MESAS DE EXAMEN? INDICACIONES Y RECOMENDACIONES FECHAS DE MESAS DE EXAMEN CONSULTAR TU N\u00daMERO &#8230; <a title=\"PUBLICAMOS LAS FECHAS DE LAS MESAS CORRESPONDIENTES AL TURNO DE EXAMENES JULIO\/AGOSTO 2025\" class=\"read-more\" href=\"https:\/\/isfd21-bue.infd.edu.ar\/sitio\/examenes-julio-agosto-2025\/\" aria-label=\"More on PUBLICAMOS LAS FECHAS DE LAS MESAS CORRESPONDIENTES AL TURNO DE EXAMENES JULIO\/AGOSTO 2025\">[+]<\/a><\/p>\n","protected":false},"author":9269,"featured_media":0,"parent":0,"menu_order":0,"comment_status":"closed","ping_status":"closed","template":"","meta":[],"acf":[],"_links":{"self":[{"href":"https:\/\/isfd21-bue.infd.edu.ar\/sitio\/wp-json\/wp\/v2\/pages\/13168"}],"collection":[{"href":"https:\/\/isfd21-bue.infd.edu.ar\/sitio\/wp-json\/wp\/v2\/pages"}],"about":[{"href":"https:\/\/isfd21-bue.infd.edu.ar\/sitio\/wp-json\/wp\/v2\/types\/page"}],"author":[{"embeddable":true,"href":"https:\/\/isfd21-bue.infd.edu.ar\/sitio\/wp-json\/wp\/v2\/users\/9269"}],"replies":[{"embeddable":true,"href":"https:\/\/isfd21-bue.infd.edu.ar\/sitio\/wp-json\/wp\/v2\/comments?post=13168"}],"version-history":[{"count":2,"href":"https:\/\/isfd21-bue.infd.edu.ar\/sitio\/wp-json\/wp\/v2\/pages\/13168\/revisions"}],"predecessor-version":[{"id":13181,"href":"https:\/\/isfd21-bue.infd.edu.ar\/sitio\/wp-json\/wp\/v2\/pages\/13168\/revisions\/13181"}],"wp:attachment":[{"href":"https:\/\/isfd21-bue.infd.edu.ar\/sitio\/wp-json\/wp\/v2\/media?parent=13168"}],"curies":[{"name":"wp","href":"https:\/\/api.w.org\/{rel}","templated":true}]}}