{"id":13090,"date":"2025-06-24T16:47:44","date_gmt":"2025-06-24T19:47:44","guid":{"rendered":"https:\/\/isfd21-bue.infd.edu.ar\/sitio\/?page_id=13090"},"modified":"2025-06-24T17:14:01","modified_gmt":"2025-06-24T20:14:01","slug":"13090-2","status":"publish","type":"page","link":"https:\/\/isfd21-bue.infd.edu.ar\/sitio\/13090-2\/","title":{"rendered":"ASISTENCIA"},"content":{"rendered":"\n<p class=\"has-large-font-size\"><strong>5.3<\/strong>_ Se entiende por asistencia la participaci\u00f3n en clases presenciales en el IS y en encuentros sincr\u00f3nicos mediados por tecnolog\u00edas definidas en la propuesta de c\u00e1tedra.<br><strong>5.4<\/strong>_ Sobre los porcentajes de asistencia requeridos para aprobar la cursada:<br>\u25cf Para unidades curriculares con formato asignatura y modalidad presencialidad plena se deber\u00e1 cumplimentar un 60% de asistencia seg\u00fan la cantidad de clases establecidas por calendario acad\u00e9mico.<br>\u25cf Para unidades curriculares con formato asignatura y modalidad presencialidad con Propuestas Pedag\u00f3gicas Combinadas, se deber\u00e1 cumplimentar un 80% de<br>asistencia seg\u00fan la cantidad de clases establecidas por calendario acad\u00e9mico.<br>\u25cf Para el Campo de la Pr\u00e1ctica Docente, la Pr\u00e1ctica Profesionalizante y unidades curriculares con formato Taller, Seminario, Ateneo, Laboratorio se deber\u00e1 cumplimentar el 80% de asistencia seg\u00fan la cantidad de clases establecidas<br>por calendario acad\u00e9mico.<\/p>\n\n\n\n<p class=\"has-large-font-size\">Las y los estudiantes matriculados en Contextos de Encierro podr\u00e1n justificar la inasistencia cuando est\u00e9 condicionada por situaciones espec\u00edficas (comparendos, citaci\u00f3n judicial, traslados).<br><br><strong>5.5_<\/strong> Se establece un r\u00e9gimen especial de inasistencias justificadas, no computables, para personas gestantes y estudiantes en condici\u00f3n de paternidad, que cursen<br>estudios en IS de gesti\u00f3n estatal o privada dependientes de la Direcci\u00f3n General de Cultura y Educaci\u00f3n.<br>Este r\u00e9gimen se aplica a solicitud de la o el estudiante en situaci\u00f3n de acogerse al mismo. La condici\u00f3n de embarazo se acreditar\u00e1 con la presentaci\u00f3n de certificado m\u00e9dico y la condici\u00f3n de paternidad con la presentaci\u00f3n de la constataci\u00f3n de parto o inscripci\u00f3n de nacimiento.<br>El r\u00e9gimen especial de inasistencias justificadas comprender\u00e1, en el caso de personas gestantes, un plazo m\u00e1ximo de treinta (30) d\u00edas h\u00e1biles, durante el embarazo o despu\u00e9s del nacimiento, de forma continua o fraccionada.<br>En el caso de estudiantes en condici\u00f3n de paternidad, el plazo m\u00e1ximo comprender\u00e1 quince (15) d\u00edas h\u00e1biles, despu\u00e9s del nacimiento, de forma continua o fraccionada.<br>Para las Pr\u00e1cticas Profesionalizantes, pr\u00e1cticas docentes y unidades curriculares que signifiquen un riesgo para el embarazo, se requerir\u00e1 autorizaci\u00f3n expresa del m\u00e9dico<br>obstetra para la continuidad de la cursada.<br>Por cuestiones de salud prenatal, para la Pr\u00e1ctica Docente y Profesionalizante se establece que deber\u00e1 suspender la asistencia 30 d\u00edas antes de la fecha probable de parto. Cada equipo directivo y docente analizar\u00e1 de manera particular cada situaci\u00f3n y determinar\u00e1, junto a la estudiante, la posibilidad de continuidad acad\u00e9mica en la unidad curricular para ese ciclo lectivo luego del parto.<\/p>\n","protected":false},"excerpt":{"rendered":"<p>5.3_ Se entiende por asistencia la participaci\u00f3n en clases presenciales en el IS y en encuentros sincr\u00f3nicos mediados por tecnolog\u00edas definidas en la propuesta de c\u00e1tedra.5.4_ Sobre los porcentajes de asistencia requeridos para aprobar la cursada:\u25cf Para unidades curriculares con formato asignatura y modalidad presencialidad plena se deber\u00e1 cumplimentar un 60% de asistencia seg\u00fan la &#8230; <a title=\"ASISTENCIA\" class=\"read-more\" href=\"https:\/\/isfd21-bue.infd.edu.ar\/sitio\/13090-2\/\" aria-label=\"More on ASISTENCIA\">[+]<\/a><\/p>\n","protected":false},"author":9269,"featured_media":0,"parent":0,"menu_order":0,"comment_status":"closed","ping_status":"closed","template":"","meta":[],"acf":[],"_links":{"self":[{"href":"https:\/\/isfd21-bue.infd.edu.ar\/sitio\/wp-json\/wp\/v2\/pages\/13090"}],"collection":[{"href":"https:\/\/isfd21-bue.infd.edu.ar\/sitio\/wp-json\/wp\/v2\/pages"}],"about":[{"href":"https:\/\/isfd21-bue.infd.edu.ar\/sitio\/wp-json\/wp\/v2\/types\/page"}],"author":[{"embeddable":true,"href":"https:\/\/isfd21-bue.infd.edu.ar\/sitio\/wp-json\/wp\/v2\/users\/9269"}],"replies":[{"embeddable":true,"href":"https:\/\/isfd21-bue.infd.edu.ar\/sitio\/wp-json\/wp\/v2\/comments?post=13090"}],"version-history":[{"count":3,"href":"https:\/\/isfd21-bue.infd.edu.ar\/sitio\/wp-json\/wp\/v2\/pages\/13090\/revisions"}],"predecessor-version":[{"id":13095,"href":"https:\/\/isfd21-bue.infd.edu.ar\/sitio\/wp-json\/wp\/v2\/pages\/13090\/revisions\/13095"}],"wp:attachment":[{"href":"https:\/\/isfd21-bue.infd.edu.ar\/sitio\/wp-json\/wp\/v2\/media?parent=13090"}],"curies":[{"name":"wp","href":"https:\/\/api.w.org\/{rel}","templated":true}]}}