{"id":12952,"date":"2025-05-22T17:01:33","date_gmt":"2025-05-22T20:01:33","guid":{"rendered":"https:\/\/isfd21-bue.infd.edu.ar\/sitio\/?page_id=12952"},"modified":"2025-06-03T14:24:11","modified_gmt":"2025-06-03T17:24:11","slug":"certificacion-de-programas-de-nuestra-institucion","status":"publish","type":"page","link":"https:\/\/isfd21-bue.infd.edu.ar\/sitio\/certificacion-de-programas-de-nuestra-institucion\/","title":{"rendered":"CERTIFICACI\u00d3N DE PROGRAMAS (de nuestra Instituci\u00f3n)"},"content":{"rendered":"\n<p>El tr\u00e1mite debe realizarse en Preceptor\u00eda por mesa de entrada, presentando:<\/p>\n\n\n\n<ul>\n<li>Programas impresos de los espacios curriculares que se requieran.<\/li>\n\n\n\n<li>1 sobre de papel madera.<\/li>\n\n\n\n<li>Si la cantidad de programas supera las 20 hojas, colocarle un nepaco.<\/li>\n\n\n\n<li>Nota con formulario \u00abmodelo de nota\u00bb (se puede comprar en el kiosco frente al Rojas) y completarlo con letra clara y legible.<\/li>\n<\/ul>\n\n\n\n<p>Un preceptor recibe el tr\u00e1mite y le asigna un n\u00famero de orden para que siga su curso.<\/p>\n\n\n\n<p class=\"has-medium-font-size\"><strong>El tr\u00e1mite puede llegar a tardar entre 10 y 15 d\u00edas.<\/strong><\/p>\n","protected":false},"excerpt":{"rendered":"<p>El tr\u00e1mite debe realizarse en Preceptor\u00eda por mesa de entrada, presentando: Un preceptor recibe el tr\u00e1mite y le asigna un n\u00famero de orden para que siga su curso. El tr\u00e1mite puede llegar a tardar entre 10 y 15 d\u00edas.<\/p>\n","protected":false},"author":9269,"featured_media":0,"parent":0,"menu_order":0,"comment_status":"closed","ping_status":"closed","template":"","meta":[],"acf":[],"_links":{"self":[{"href":"https:\/\/isfd21-bue.infd.edu.ar\/sitio\/wp-json\/wp\/v2\/pages\/12952"}],"collection":[{"href":"https:\/\/isfd21-bue.infd.edu.ar\/sitio\/wp-json\/wp\/v2\/pages"}],"about":[{"href":"https:\/\/isfd21-bue.infd.edu.ar\/sitio\/wp-json\/wp\/v2\/types\/page"}],"author":[{"embeddable":true,"href":"https:\/\/isfd21-bue.infd.edu.ar\/sitio\/wp-json\/wp\/v2\/users\/9269"}],"replies":[{"embeddable":true,"href":"https:\/\/isfd21-bue.infd.edu.ar\/sitio\/wp-json\/wp\/v2\/comments?post=12952"}],"version-history":[{"count":5,"href":"https:\/\/isfd21-bue.infd.edu.ar\/sitio\/wp-json\/wp\/v2\/pages\/12952\/revisions"}],"predecessor-version":[{"id":12999,"href":"https:\/\/isfd21-bue.infd.edu.ar\/sitio\/wp-json\/wp\/v2\/pages\/12952\/revisions\/12999"}],"wp:attachment":[{"href":"https:\/\/isfd21-bue.infd.edu.ar\/sitio\/wp-json\/wp\/v2\/media?parent=12952"}],"curies":[{"name":"wp","href":"https:\/\/api.w.org\/{rel}","templated":true}]}}