{"id":12240,"date":"2025-02-19T14:16:59","date_gmt":"2025-02-19T17:16:59","guid":{"rendered":"https:\/\/isfd21-bue.infd.edu.ar\/sitio\/?page_id=12240"},"modified":"2025-02-19T14:48:20","modified_gmt":"2025-02-19T17:48:20","slug":"12240-2","status":"publish","type":"page","link":"https:\/\/isfd21-bue.infd.edu.ar\/sitio\/12240-2\/","title":{"rendered":"VENCIMIENTOS DE CURSADAS"},"content":{"rendered":"\n<p class=\"has-medium-font-size\"><strong>SITUACI\u00d3N 1: PLANES ANTERIORES<\/strong><\/p>\n\n\n\n<p>BIOLOG\u00cdA, Res 13271\/99, 13297\/99, 31\/03, 2789\/09<\/p>\n\n\n\n<p>GEOGRAF\u00cdA, Res 13271\/99, 13259\/99, 26\/03, 2789\/09<\/p>\n\n\n\n<p>HISTORIA, Res 13271\/99, 13259\/99, 25\/03, 2789\/09<\/p>\n\n\n\n<p>FILOSOF\u00cdA, Res 13271\/99, 13297\/99, 37\/03, 2789\/09<\/p>\n\n\n\n<figure class=\"wp-block-image size-full\"><img decoding=\"async\" loading=\"lazy\" width=\"1023\" height=\"377\" src=\"https:\/\/isfd21-bue.infd.edu.ar\/sitio\/wp-content\/uploads\/2025\/02\/image-8.png\" alt=\"\" class=\"wp-image-12241\" srcset=\"https:\/\/isfd21-bue.infd.edu.ar\/sitio\/wp-content\/uploads\/2025\/02\/image-8.png 1023w, https:\/\/isfd21-bue.infd.edu.ar\/sitio\/wp-content\/uploads\/2025\/02\/image-8-1000x369.png 1000w, https:\/\/isfd21-bue.infd.edu.ar\/sitio\/wp-content\/uploads\/2025\/02\/image-8-768x283.png 768w\" sizes=\"(max-width: 1023px) 100vw, 1023px\" \/><\/figure>\n\n\n\n<p class=\"has-medium-font-size\"><strong>SITUACI\u00d3N 2: PLANES NUEVOS CON CURSADAS APROBADAS HASTA EL 2024 INCLUSIVE.<\/strong><\/p>\n\n\n\n<figure class=\"wp-block-image size-full\"><img decoding=\"async\" loading=\"lazy\" width=\"1023\" height=\"325\" src=\"https:\/\/isfd21-bue.infd.edu.ar\/sitio\/wp-content\/uploads\/2025\/02\/image-9.png\" alt=\"\" class=\"wp-image-12242\" srcset=\"https:\/\/isfd21-bue.infd.edu.ar\/sitio\/wp-content\/uploads\/2025\/02\/image-9.png 1023w, https:\/\/isfd21-bue.infd.edu.ar\/sitio\/wp-content\/uploads\/2025\/02\/image-9-1000x318.png 1000w, https:\/\/isfd21-bue.infd.edu.ar\/sitio\/wp-content\/uploads\/2025\/02\/image-9-768x244.png 768w\" sizes=\"(max-width: 1023px) 100vw, 1023px\" \/><\/figure>\n\n\n\n<p><strong>RAM 4196\/24<\/strong><\/p>\n\n\n\n<p class=\"has-medium-font-size\"><strong>CAPITULO 8-EVALUACI\u00d3N. CONDICIONES DE APROBACI\u00d3N Y ACREDITACI\u00d3N<\/strong><\/p>\n\n\n\n<p>8.3.1 DE LA VALIDEZ DE LA CURSADA DE UNA UC (UNIDAD CURRICULAR)<\/p>\n\n\n\n<p>Las unidades curriculares anuales y cuatrimestrales aprobadas y pendientes de acreditaci\u00f3n tendr\u00e1n una validez de ocho turnos de acreditaci\u00f3n final consecutivos.<\/p>\n\n\n\n<p>Estos se contabilizaran a partir del primer turno disponible posterior a la aprobaci\u00f3n de la cursada, seg\u00fan lo establecido en el apartado 8.7.1.<\/p>\n\n\n\n<p>Vencido este plazo, se deber\u00e1 recursar la unidad curricular.<\/p>\n\n\n\n<p>*En el caso de que la o el estudiante se presente en cuatro oportunidades y no acredite deber\u00e1 recursar la unidad curricular.<\/p>\n\n\n\n<p><strong>IMPORTANTE: ESTA VALIDEZ DE CURSADAS SON PARA LOS ESPACIOS CURRICULARES QUE SE APRUEBEN DESDE EL 2025.<\/strong><\/p>\n\n\n\n<p><em>EJEMPLO: <strong>UC CUATRIMESTRAL DEL 1\u00b0 CUATRIMESTRE<\/strong>: TENDR\u00c9 LOS SIGUIENTES LLAMADOS*<\/em><\/p>\n\n\n\n<p>1\u00b0Agosto 2025<\/p>\n\n\n\n<p>2\u00b0 Noviembre \/Diciembre 2025<\/p>\n\n\n\n<p>3\u00b0 Febrero\/marzo 2026<\/p>\n\n\n\n<p>4\u00b0 Agosto 2026<\/p>\n\n\n\n<p>5\u00b0 Noviembre\/Diciembre 2026<\/p>\n\n\n\n<p>6\u00b0 Febrero\/marzo 2027<\/p>\n\n\n\n<p>7\u00b0 Agosto 2027<\/p>\n\n\n\n<p>8\u00b0 Noviembre\/Diciembre 2027<\/p>\n\n\n\n<p><em>EJEMPLO: UC <strong>ANUAL, O UC CUATRIMESTRAL DEL 2\u00b0 CUATRIMESTRE<\/strong>: TENDR\u00c9 LOS SIGUIENTES LLAMADOS:<\/em><\/p>\n\n\n\n<p>1\u00b0 Noviembre\/ Diciembre 2025<\/p>\n\n\n\n<p>2\u00b0 Febrero\/ Marzo 2026<\/p>\n\n\n\n<p>3\u00b0 Agosto 2026<\/p>\n\n\n\n<p>4\u00b0 Noviembre\/ Diciembre 2026<\/p>\n\n\n\n<p>5\u00b0 Febrero\/ Marzo 2027<\/p>\n\n\n\n<p>6\u00b0 Agosto 2027<\/p>\n\n\n\n<p>7\u00b0 Noviembre\/ diciembre 2027<\/p>\n\n\n\n<p>8\u00b0 Febrero\/ marzo 2028<\/p>\n\n\n\n<p>*En el caso de que el\/la estudiante se presente en cuatro oportunidades y no acredite deber\u00e1 recursar la unidad curricular.<\/p>\n\n\n\n<hr class=\"wp-block-separator has-alpha-channel-opacity\"\/>\n\n\n\n<p class=\"has-medium-font-size\"><strong>VENCIMIENTO DE MATERIAS POR TRAMO<\/strong><\/p>\n\n\n\n<p><strong><em>PARA LOS PROFESORADOS DE LENGUA, MATEM\u00c1TICA E INGL\u00c9S<\/em><\/strong><\/p>\n\n\n\n<p><em>EL TIEMPO ESTIPULADO PARA COMPLETAR LA CURSADA DE LAS UNIDADES CURRICULARES POR TRAMOS ES DE 2 A\u00d1OS.<\/em><\/p>\n\n\n\n<p>EJEMPLO: SI EN EL A\u00d1O 2024 CURSA UN ESPACIO CURRICULAR QUE TIENE TRAMO Y QUEDARA PENDIENTE LA CURSADA DEL SIGUIENTE TRAMO AL SIGUIENTE A\u00d1O (2025), DEBE CURSAR ESE TRAMO PENDIENTE Y COMPLETAR LA UNIDAD CURRICULAR. LA VIGENCIA DE LA CURSADA APROBADA DE LA UNIDAD CURRICULAR SER\u00c1 DE 5 A\u00d1OS, A PARTIR DEL MOMENTO DE HABER ACREDITADO LOS DOS TRAMOS.<\/p>\n","protected":false},"excerpt":{"rendered":"<p>SITUACI\u00d3N 1: PLANES ANTERIORES BIOLOG\u00cdA, Res 13271\/99, 13297\/99, 31\/03, 2789\/09 GEOGRAF\u00cdA, Res 13271\/99, 13259\/99, 26\/03, 2789\/09 HISTORIA, Res 13271\/99, 13259\/99, 25\/03, 2789\/09 FILOSOF\u00cdA, Res 13271\/99, 13297\/99, 37\/03, 2789\/09 SITUACI\u00d3N 2: PLANES NUEVOS CON CURSADAS APROBADAS HASTA EL 2024 INCLUSIVE. RAM 4196\/24 CAPITULO 8-EVALUACI\u00d3N. CONDICIONES DE APROBACI\u00d3N Y ACREDITACI\u00d3N 8.3.1 DE LA VALIDEZ DE LA CURSADA &#8230; <a title=\"VENCIMIENTOS DE CURSADAS\" class=\"read-more\" href=\"https:\/\/isfd21-bue.infd.edu.ar\/sitio\/12240-2\/\" aria-label=\"More on VENCIMIENTOS DE CURSADAS\">[+]<\/a><\/p>\n","protected":false},"author":9269,"featured_media":0,"parent":0,"menu_order":0,"comment_status":"closed","ping_status":"closed","template":"","meta":[],"acf":[],"_links":{"self":[{"href":"https:\/\/isfd21-bue.infd.edu.ar\/sitio\/wp-json\/wp\/v2\/pages\/12240"}],"collection":[{"href":"https:\/\/isfd21-bue.infd.edu.ar\/sitio\/wp-json\/wp\/v2\/pages"}],"about":[{"href":"https:\/\/isfd21-bue.infd.edu.ar\/sitio\/wp-json\/wp\/v2\/types\/page"}],"author":[{"embeddable":true,"href":"https:\/\/isfd21-bue.infd.edu.ar\/sitio\/wp-json\/wp\/v2\/users\/9269"}],"replies":[{"embeddable":true,"href":"https:\/\/isfd21-bue.infd.edu.ar\/sitio\/wp-json\/wp\/v2\/comments?post=12240"}],"version-history":[{"count":3,"href":"https:\/\/isfd21-bue.infd.edu.ar\/sitio\/wp-json\/wp\/v2\/pages\/12240\/revisions"}],"predecessor-version":[{"id":12262,"href":"https:\/\/isfd21-bue.infd.edu.ar\/sitio\/wp-json\/wp\/v2\/pages\/12240\/revisions\/12262"}],"wp:attachment":[{"href":"https:\/\/isfd21-bue.infd.edu.ar\/sitio\/wp-json\/wp\/v2\/media?parent=12240"}],"curies":[{"name":"wp","href":"https:\/\/api.w.org\/{rel}","templated":true}]}}