{"id":12229,"date":"2025-02-18T16:33:52","date_gmt":"2025-02-18T19:33:52","guid":{"rendered":"https:\/\/isfd21-bue.infd.edu.ar\/sitio\/?page_id=12229"},"modified":"2025-02-18T16:33:53","modified_gmt":"2025-02-18T19:33:53","slug":"cursadas","status":"publish","type":"page","link":"https:\/\/isfd21-bue.infd.edu.ar\/sitio\/cursadas\/","title":{"rendered":"CURSADAS"},"content":{"rendered":"\n<p><strong>1-Matriculaci\u00f3n:<\/strong> Las y los estudiantes se inscribir\u00e1n para cursar como regulares al inicio del ciclo lectivo. Para las unidades curriculares del segundo cuatrimestre, se abrir\u00e1 un per\u00edodo de inscripci\u00f3n antes del receso de invierno.<\/p>\n\n\n\n<p><strong>2-Formatos de cursadas<\/strong>: Asignaturas, Ateneos, Seminarios, Talleres y Laboratorios.<\/p>\n\n\n\n<p><strong>3-Modalidad de la cursada<\/strong>: la modalidad de cursada presencial puede asumir dos modalidades:<\/p>\n\n\n\n<ul>\n<li>Presencialidad Plena (PP)<\/li>\n\n\n\n<li>Presencialidad con Propuestas Pedag\u00f3gicas Combinadas. (PPC)<\/li>\n<\/ul>\n\n\n\n<p><strong>4-Condiciones de Aprobaci\u00f3n y Acreditaci\u00f3n:<\/strong><\/p>\n\n\n<div class=\"wp-block-image\">\n<figure class=\"aligncenter size-full is-resized\"><img decoding=\"async\" loading=\"lazy\" src=\"https:\/\/isfd21-bue.infd.edu.ar\/sitio\/wp-content\/uploads\/2025\/02\/image-6.png\" alt=\"\" class=\"wp-image-12230\" width=\"555\" height=\"645\"\/><\/figure><\/div>\n\n\n<p><strong>5-Evaluaci\u00f3n, condiciones de aprobaci\u00f3n y acreditaci\u00f3n:<\/strong><\/p>\n\n\n<div class=\"wp-block-image\">\n<figure class=\"aligncenter size-full is-resized\"><img decoding=\"async\" loading=\"lazy\" src=\"https:\/\/isfd21-bue.infd.edu.ar\/sitio\/wp-content\/uploads\/2025\/02\/image-7.png\" alt=\"\" class=\"wp-image-12231\" width=\"559\" height=\"648\"\/><\/figure><\/div>","protected":false},"excerpt":{"rendered":"<p>1-Matriculaci\u00f3n: Las y los estudiantes se inscribir\u00e1n para cursar como regulares al inicio del ciclo lectivo. Para las unidades curriculares del segundo cuatrimestre, se abrir\u00e1 un per\u00edodo de inscripci\u00f3n antes del receso de invierno. 2-Formatos de cursadas: Asignaturas, Ateneos, Seminarios, Talleres y Laboratorios. 3-Modalidad de la cursada: la modalidad de cursada presencial puede asumir dos &#8230; <a title=\"CURSADAS\" class=\"read-more\" href=\"https:\/\/isfd21-bue.infd.edu.ar\/sitio\/cursadas\/\" aria-label=\"More on CURSADAS\">[+]<\/a><\/p>\n","protected":false},"author":9269,"featured_media":0,"parent":0,"menu_order":0,"comment_status":"closed","ping_status":"closed","template":"","meta":[],"acf":[],"_links":{"self":[{"href":"https:\/\/isfd21-bue.infd.edu.ar\/sitio\/wp-json\/wp\/v2\/pages\/12229"}],"collection":[{"href":"https:\/\/isfd21-bue.infd.edu.ar\/sitio\/wp-json\/wp\/v2\/pages"}],"about":[{"href":"https:\/\/isfd21-bue.infd.edu.ar\/sitio\/wp-json\/wp\/v2\/types\/page"}],"author":[{"embeddable":true,"href":"https:\/\/isfd21-bue.infd.edu.ar\/sitio\/wp-json\/wp\/v2\/users\/9269"}],"replies":[{"embeddable":true,"href":"https:\/\/isfd21-bue.infd.edu.ar\/sitio\/wp-json\/wp\/v2\/comments?post=12229"}],"version-history":[{"count":1,"href":"https:\/\/isfd21-bue.infd.edu.ar\/sitio\/wp-json\/wp\/v2\/pages\/12229\/revisions"}],"predecessor-version":[{"id":12232,"href":"https:\/\/isfd21-bue.infd.edu.ar\/sitio\/wp-json\/wp\/v2\/pages\/12229\/revisions\/12232"}],"wp:attachment":[{"href":"https:\/\/isfd21-bue.infd.edu.ar\/sitio\/wp-json\/wp\/v2\/media?parent=12229"}],"curies":[{"name":"wp","href":"https:\/\/api.w.org\/{rel}","templated":true}]}}