{"id":12228,"date":"2025-02-18T16:34:42","date_gmt":"2025-02-18T19:34:42","guid":{"rendered":"https:\/\/isfd21-bue.infd.edu.ar\/sitio\/?page_id=12228"},"modified":"2025-06-24T17:13:57","modified_gmt":"2025-06-24T20:13:57","slug":"importante-2","status":"publish","type":"page","link":"https:\/\/isfd21-bue.infd.edu.ar\/sitio\/importante-2\/","title":{"rendered":"IMPORTANTE"},"content":{"rendered":"\n<p class=\"has-large-font-size\"><a rel=\"noreferrer noopener\" href=\"https:\/\/isfd21-bue.infd.edu.ar\/sitio\/regimen-academico-marco\/\" target=\"_blank\">*<strong>REGLAMENTO ACAD\u00c9MICO MARCO (RAM)<\/strong><\/a><\/p>\n\n\n\n<p class=\"has-accent-color has-text-color has-large-font-size\"><strong><a href=\"https:\/\/isfd21-bue.infd.edu.ar\/sitio\/13090-2\/\" target=\"_blank\" rel=\"noreferrer noopener\">*ASISTENCIA<\/a><\/strong><\/p>\n\n\n\n<p class=\"has-large-font-size\"><a href=\"https:\/\/isfd21-bue.infd.edu.ar\/sitio\/12240-2\/\" target=\"_blank\" rel=\"noreferrer noopener\"><strong>*<\/strong><\/a><a rel=\"noreferrer noopener\" href=\"https:\/\/isfd21-bue.infd.edu.ar\/sitio\/12240-2\/\" target=\"_blank\"><strong>VENCIMIENTO DE CURSADAS<\/strong><\/a><\/p>\n\n\n\n<p class=\"has-large-font-size\"><a href=\"https:\/\/isfd21-bue.infd.edu.ar\/sitio\/cuando-vencen-los-programas-de-las-materias\/\" target=\"_blank\" rel=\"noreferrer noopener\">*<strong>VENCIMIENTO DE PROGRAMAS<\/strong><\/a><\/p>\n\n\n\n<p class=\"has-large-font-size\">*<a rel=\"noreferrer noopener\" href=\"https:\/\/isfd21-bue.infd.edu.ar\/sitio\/cursadas\/\" target=\"_blank\"><strong>MATRICULACI\u00d3N, CURSADA, ACREDITACI\u00d3N Y EVALUACI\u00d3N<\/strong><\/a><\/p>\n\n\n\n<p class=\"has-large-font-size\"><strong>*<a href=\"https:\/\/isfd21-bue.infd.edu.ar\/sitio\/propuestas-formativas\/\" target=\"_blank\" rel=\"noreferrer noopener\">CORRELATIVAS <\/a><\/strong><\/p>\n","protected":false},"excerpt":{"rendered":"<p>*REGLAMENTO ACAD\u00c9MICO MARCO (RAM) *ASISTENCIA *VENCIMIENTO DE CURSADAS *VENCIMIENTO DE PROGRAMAS *MATRICULACI\u00d3N, CURSADA, ACREDITACI\u00d3N Y EVALUACI\u00d3N *CORRELATIVAS<\/p>\n","protected":false},"author":9269,"featured_media":0,"parent":0,"menu_order":0,"comment_status":"closed","ping_status":"closed","template":"","meta":[],"acf":[],"_links":{"self":[{"href":"https:\/\/isfd21-bue.infd.edu.ar\/sitio\/wp-json\/wp\/v2\/pages\/12228"}],"collection":[{"href":"https:\/\/isfd21-bue.infd.edu.ar\/sitio\/wp-json\/wp\/v2\/pages"}],"about":[{"href":"https:\/\/isfd21-bue.infd.edu.ar\/sitio\/wp-json\/wp\/v2\/types\/page"}],"author":[{"embeddable":true,"href":"https:\/\/isfd21-bue.infd.edu.ar\/sitio\/wp-json\/wp\/v2\/users\/9269"}],"replies":[{"embeddable":true,"href":"https:\/\/isfd21-bue.infd.edu.ar\/sitio\/wp-json\/wp\/v2\/comments?post=12228"}],"version-history":[{"count":7,"href":"https:\/\/isfd21-bue.infd.edu.ar\/sitio\/wp-json\/wp\/v2\/pages\/12228\/revisions"}],"predecessor-version":[{"id":13093,"href":"https:\/\/isfd21-bue.infd.edu.ar\/sitio\/wp-json\/wp\/v2\/pages\/12228\/revisions\/13093"}],"wp:attachment":[{"href":"https:\/\/isfd21-bue.infd.edu.ar\/sitio\/wp-json\/wp\/v2\/media?parent=12228"}],"curies":[{"name":"wp","href":"https:\/\/api.w.org\/{rel}","templated":true}]}}