{"id":12012,"date":"2024-12-05T15:41:33","date_gmt":"2024-12-05T18:41:33","guid":{"rendered":"https:\/\/isfd21-bue.infd.edu.ar\/sitio\/?page_id=12012"},"modified":"2024-12-11T14:55:15","modified_gmt":"2024-12-11T17:55:15","slug":"hace-clic-en-la-carrera-correspondiente-para-acceder-al-contenido","status":"publish","type":"page","link":"https:\/\/isfd21-bue.infd.edu.ar\/sitio\/hace-clic-en-la-carrera-correspondiente-para-acceder-al-contenido\/","title":{"rendered":"HAC\u00c9 CLIC EN LA CARRERA CORRESPONDIENTE PARA ACCEDER AL CONTENIDO"},"content":{"rendered":"\n<figure class=\"wp-block-table has-large-font-size\"><table class=\"has-accent-color has-text-color has-background\" style=\"background:radial-gradient(rgb(238,238,238) 0%,rgb(169,184,195) 100%)\"><tbody><tr><td class=\"has-text-align-center\" data-align=\"center\"><br><strong>MATEM\u00c1TICA<\/strong><br><\/td><td class=\"has-text-align-center\" data-align=\"center\"><strong>BIOLOG\u00cdA<\/strong><\/td><td class=\"has-text-align-center\" data-align=\"center\"><strong>INGL\u00c9S<\/strong><\/td><\/tr><tr><td class=\"has-text-align-center\" data-align=\"center\"><br><strong>LENGUA Y LITERATURA<\/strong><br><\/td><td class=\"has-text-align-center\" data-align=\"center\"><strong>EDUCACI\u00d3N ESPECIAL<\/strong><\/td><td class=\"has-text-align-center\" data-align=\"center\"><strong>EDUCACI\u00d3N PRIMARIA<\/strong><\/td><\/tr><tr><td class=\"has-text-align-center\" data-align=\"center\"><br><a href=\"https:\/\/isfd21-bue.infd.edu.ar\/sitio\/profesorado-de-filosofia\/\"><strong>FILOSOF\u00cdA<\/strong><br><\/a><\/td><td class=\"has-text-align-center\" data-align=\"center\"><strong>GEOGRAF\u00cdA<\/strong><\/td><td class=\"has-text-align-center\" data-align=\"center\"><strong><a href=\"https:\/\/isfd21-bue.infd.edu.ar\/sitio\/12013-2\/\" target=\"_blank\" rel=\"noreferrer noopener\">HISTORIA<\/a><\/strong><\/td><\/tr><\/tbody><\/table><\/figure>\n","protected":false},"excerpt":{"rendered":"<p>MATEM\u00c1TICA BIOLOG\u00cdA INGL\u00c9S LENGUA Y LITERATURA EDUCACI\u00d3N ESPECIAL EDUCACI\u00d3N PRIMARIA FILOSOF\u00cdA GEOGRAF\u00cdA HISTORIA<\/p>\n","protected":false},"author":9269,"featured_media":0,"parent":0,"menu_order":0,"comment_status":"closed","ping_status":"closed","template":"","meta":[],"acf":[],"_links":{"self":[{"href":"https:\/\/isfd21-bue.infd.edu.ar\/sitio\/wp-json\/wp\/v2\/pages\/12012"}],"collection":[{"href":"https:\/\/isfd21-bue.infd.edu.ar\/sitio\/wp-json\/wp\/v2\/pages"}],"about":[{"href":"https:\/\/isfd21-bue.infd.edu.ar\/sitio\/wp-json\/wp\/v2\/types\/page"}],"author":[{"embeddable":true,"href":"https:\/\/isfd21-bue.infd.edu.ar\/sitio\/wp-json\/wp\/v2\/users\/9269"}],"replies":[{"embeddable":true,"href":"https:\/\/isfd21-bue.infd.edu.ar\/sitio\/wp-json\/wp\/v2\/comments?post=12012"}],"version-history":[{"count":2,"href":"https:\/\/isfd21-bue.infd.edu.ar\/sitio\/wp-json\/wp\/v2\/pages\/12012\/revisions"}],"predecessor-version":[{"id":12064,"href":"https:\/\/isfd21-bue.infd.edu.ar\/sitio\/wp-json\/wp\/v2\/pages\/12012\/revisions\/12064"}],"wp:attachment":[{"href":"https:\/\/isfd21-bue.infd.edu.ar\/sitio\/wp-json\/wp\/v2\/media?parent=12012"}],"curies":[{"name":"wp","href":"https:\/\/api.w.org\/{rel}","templated":true}]}}