{"id":11889,"date":"2024-11-20T17:14:27","date_gmt":"2024-11-20T20:14:27","guid":{"rendered":"https:\/\/isfd21-bue.infd.edu.ar\/sitio\/?page_id=11889"},"modified":"2025-08-19T17:10:02","modified_gmt":"2025-08-19T20:10:02","slug":"11889-2","status":"publish","type":"page","link":"https:\/\/isfd21-bue.infd.edu.ar\/sitio\/11889-2\/","title":{"rendered":""},"content":{"rendered":"\n<div class=\"wp-block-columns is-layout-flex wp-container-4\">\n<div class=\"wp-block-column is-layout-flow\">\n<figure class=\"wp-block-image size-full is-resized is-style-default\"><img decoding=\"async\" src=\"https:\/\/isfd21-bue.infd.edu.ar\/sitio\/wp-content\/uploads\/2024\/11\/image-11-1.png\" alt=\"\" class=\"wp-image-11891\" width=\"141\"\/><\/figure>\n<\/div>\n\n\n\n<div class=\"wp-block-column is-vertically-aligned-center is-layout-flow\" style=\"flex-basis:150px\">\n<p><em><strong>Cecilia Colombani<\/strong><\/em><\/p>\n<\/div>\n\n\n\n<div class=\"wp-block-column is-vertically-aligned-center is-layout-flow\" style=\"flex-basis:650px\">\n<p><em><strong>T\u00cdTULO: IMPUREZAS: TRAZOS DE UNA ANTROPOLOG\u00cdA FILOS\u00d3FICA<\/strong><\/em>.\u00a0<strong><em>AUTORES: GUIDO FERN\u00c1NDEZ PARMO,\u00a0MAR\u00cdA CECILIA COLOMBANI.\u00a0<\/em><\/strong><em><strong>Editor:\u00a0<\/strong><\/em><strong><em>AMAZON DIGITAL SERVICES LLC \u2013 KDP PRINT US, 2021<\/em><\/strong>.\u00a0<\/p>\n\n\n\n<p><strong><em>ENLACE A ESCRITOS: <a href=\"https:\/\/drive.google.com\/drive\/folders\/1nNzRYnVOrDI-KZD2_ZlMdFBJB055g3MS?usp=sharing\">https:\/\/drive.google.com\/drive\/folders\/1nNzRYnVOrDI-KZD2_ZlMdFBJB055g3MS?usp=sharing<\/a><\/em><\/strong><\/p>\n<\/div>\n<\/div>\n\n\n\n<hr class=\"wp-block-separator has-alpha-channel-opacity\"\/>\n\n\n\n<div class=\"wp-block-columns is-layout-flex wp-container-8\">\n<div class=\"wp-block-column is-layout-flow\">\n<figure class=\"wp-block-image size-full is-resized\"><img decoding=\"async\" loading=\"lazy\" src=\"https:\/\/isfd21-bue.infd.edu.ar\/sitio\/wp-content\/uploads\/2024\/11\/PATRICIA-ERCOLI-246x246-1.jpg\" alt=\"\" class=\"wp-image-11892\" width=\"141\" height=\"141\"\/><\/figure>\n<\/div>\n\n\n\n<div class=\"wp-block-column is-vertically-aligned-center is-layout-flow\" style=\"flex-basis:150px\">\n<p><strong><em>Patricia \u00c9rcoli<\/em><\/strong><\/p>\n<\/div>\n\n\n\n<div class=\"wp-block-column is-layout-flow\" style=\"flex-basis:650px\">\n<p><em><strong>T\u00cdTULO: BIOLOGIA IV. AUTORES: DIAZ, MARTIN \/ ERCOLI, PATRICIA \/ GAIHOU<\/strong><\/em>,&nbsp;<strong><em>CAROLINA<\/em><\/strong><em><strong>\/TEDESCO, SERGIO. EDITORIAL: MAIPUE [SEGUNDA EDICION] (NOVEDAD 2020)<\/strong><\/em><\/p>\n\n\n\n<p><em><strong>T\u00cdTULO: BIOLOGIA V. AUTORES: MAR\u00cdA DE LOS \u00c1NGELES MAIDANA,&nbsp;PATRICIA ERCOLI EDITORIAL: MAIPUE [SEGUNDA EDICION] (NOVEDAD 2020).&nbsp;<\/strong><\/em><\/p>\n<\/div>\n<\/div>\n\n\n\n<hr class=\"wp-block-separator has-alpha-channel-opacity\"\/>\n\n\n\n<div class=\"wp-block-columns is-layout-flex wp-container-12\">\n<div class=\"wp-block-column is-layout-flow\">\n<figure class=\"wp-block-image size-full is-resized\"><img decoding=\"async\" loading=\"lazy\" src=\"https:\/\/isfd21-bue.infd.edu.ar\/sitio\/wp-content\/uploads\/2024\/11\/12186755_10208326407546518_5987616202903645871_o.jpg\" alt=\"\" class=\"wp-image-11893\" width=\"141\" height=\"141\"\/><\/figure>\n<\/div>\n\n\n\n<div class=\"wp-block-column is-vertically-aligned-center is-layout-flow\" style=\"flex-basis:150px\">\n<p><em><strong>Ermosi, D\u00e9bora<\/strong><\/em><\/p>\n<\/div>\n\n\n\n<div class=\"wp-block-column is-layout-flow\" style=\"flex-basis:650px\">\n<p><strong><em>T\u00cdTULO: ENSE\u00d1AR FILOSOF\u00cdA EN LOS L\u00cdMITES. AUTORES: AUTOR:GUSTAVO RUGGIERO,&nbsp;RUB\u00c9N GHIBAUDI,&nbsp;ALEJANDRO CERLETTI,&nbsp;CARLA D\u00b4AVILA,&nbsp;JUAN NESPR\u00cdAS,&nbsp;DIANA G\u00d3MEZ,&nbsp;D\u00c9BORA ERMOSI,&nbsp;CINTIA C\u00d3RDOBA,&nbsp;MAR\u00cdA NATALIA CANTARELLI. EDITORIAL:&nbsp;UNIVERSIDAD NACIONAL DE GENERAL SARMIENTO. A\u00d1O 2010<\/em><\/strong><\/p>\n<\/div>\n<\/div>\n\n\n\n<hr class=\"wp-block-separator has-alpha-channel-opacity\"\/>\n\n\n\n<div class=\"wp-block-columns is-layout-flex wp-container-16\">\n<div class=\"wp-block-column is-layout-flow\">\n<figure class=\"wp-block-image size-full is-resized\"><img decoding=\"async\" loading=\"lazy\" src=\"https:\/\/isfd21-bue.infd.edu.ar\/sitio\/wp-content\/uploads\/2024\/11\/image-9.png\" alt=\"\" class=\"wp-image-11894\" width=\"141\" height=\"141\"\/><\/figure>\n<\/div>\n\n\n\n<div class=\"wp-block-column is-vertically-aligned-center is-layout-flow\" style=\"flex-basis:150px\">\n<p><em><strong>Fern\u00e1ndez Parmo, Guido<\/strong><\/em><\/p>\n<\/div>\n\n\n\n<div class=\"wp-block-column is-layout-flow\" style=\"flex-basis:650px\">\n<p><em><strong>T\u00cdTULO: IMPUREZAS: TRAZOS DE UNA ANTROPOLOG\u00cdA FILOS\u00d3FICA<\/strong><\/em>.&nbsp;<strong><em>AUTORES:&nbsp;<\/em><\/strong><strong><em>GUIDO FERN\u00c1NDEZ PARMO,&nbsp;MAR\u00cdA CECILIA COLOMBANI.&nbsp;<\/em><\/strong><em><strong>Editor:&nbsp;<\/strong><\/em><strong><em>AMAZON DIGITAL SERVICES LLC \u2013 KDP PRINT US, 2021<\/em><\/strong>.&nbsp;<\/p>\n<\/div>\n<\/div>\n\n\n\n<hr class=\"wp-block-separator has-alpha-channel-opacity\"\/>\n\n\n\n<div class=\"wp-block-columns is-layout-flex wp-container-20\">\n<div class=\"wp-block-column is-layout-flow\">\n<figure class=\"wp-block-image size-full is-resized\"><img decoding=\"async\" loading=\"lazy\" src=\"https:\/\/isfd21-bue.infd.edu.ar\/sitio\/wp-content\/uploads\/2024\/12\/WhatsApp-Image-2022-06-06-at-9.59.29-AM.jpeg\" alt=\"\" class=\"wp-image-11991\" width=\"141\" height=\"141\"\/><\/figure>\n<\/div>\n\n\n\n<div class=\"wp-block-column is-vertically-aligned-center is-layout-flow\" style=\"flex-basis:150px\">\n<p><strong><em>Maidana, Mar\u00eda de los \u00c1ngeles<\/em><\/strong><\/p>\n<\/div>\n\n\n\n<div class=\"wp-block-column is-layout-flow\" style=\"flex-basis:650px\">\n<p><em><strong>T\u00cdTULO: BIOLOGIA V. AUTORES: MAR\u00cdA DE LOS \u00c1NGELES MAIDANA,&nbsp;PATRICIA ERCOLI EDITORIAL: MAIPUE [SEGUNDA EDICION] (NOVEDAD 2020).&nbsp;<\/strong><\/em><\/p>\n<\/div>\n<\/div>\n\n\n\n<hr class=\"wp-block-separator has-alpha-channel-opacity\"\/>\n\n\n\n<div class=\"wp-block-columns is-layout-flex wp-container-24\">\n<div class=\"wp-block-column is-layout-flow\">\n<figure class=\"wp-block-image size-full is-resized\"><img decoding=\"async\" loading=\"lazy\" src=\"https:\/\/isfd21-bue.infd.edu.ar\/sitio\/wp-content\/uploads\/2024\/12\/MEARDI2.jpg\" alt=\"\" class=\"wp-image-11992\" width=\"141\" height=\"141\"\/><\/figure>\n<\/div>\n\n\n\n<div class=\"wp-block-column is-vertically-aligned-center is-layout-flow\" style=\"flex-basis:150px\">\n<p><em><strong>Meardi, Florencia<\/strong><\/em><\/p>\n<\/div>\n\n\n\n<div class=\"wp-block-column is-layout-flow\" style=\"flex-basis:650px\">\n<p><strong><strong><em>T\u00cdTULO: CULTURA Y PEDAGOG\u00cdA EN EL TARDOANTIGUO. CLAVES DE LECTURA SOBRE LOS COMENTARIOS DE SERVIO A LA ENEIDA. AUTORES: LILIANA P\u00c9GOLO (DIRECTORA)JULIETA CARDIGNI, FLORENCIA MEARDI, CRISTIAN RAM\u00cdREZ Y ULISES ROMERO. EDITOR: EDITORIAL DE LA FACULTAD DE FILOSOF\u00cdA Y LETRAS. UNIVERSIDAD DE BUENOS AIRES.<\/em><\/strong><\/strong>&nbsp;<strong><em>A\u00d1O: 2010<\/em><\/strong><\/p>\n<\/div>\n<\/div>\n\n\n\n<hr class=\"wp-block-separator has-alpha-channel-opacity\"\/>\n\n\n\n<div class=\"wp-block-columns is-layout-flex wp-container-28\">\n<div class=\"wp-block-column is-vertically-aligned-center is-layout-flow\">\n<figure class=\"wp-block-image size-full is-resized\"><img decoding=\"async\" loading=\"lazy\" src=\"https:\/\/isfd21-bue.infd.edu.ar\/sitio\/wp-content\/uploads\/2024\/12\/126219511_10222583186002295_3271729398008152224_n-1.jpg\" alt=\"\" class=\"wp-image-11995\" width=\"141\" height=\"141\"\/><\/figure>\n<\/div>\n\n\n\n<div class=\"wp-block-column is-vertically-aligned-center is-layout-flow\" style=\"flex-basis:150px\">\n<p><em><strong><em><strong>Ruggiero, Gustavo<\/strong><\/em><\/strong><\/em><\/p>\n<\/div>\n\n\n\n<div class=\"wp-block-column is-layout-flow\" style=\"flex-basis:650px\">\n<p><strong><em>T\u00cdTULO: ENSE\u00d1AR FILOSOF\u00cdA EN LOS L\u00cdMITES. AUTORES: AUTOR:GUSTAVO RUGGIERO,&nbsp;RUB\u00c9N GHIBAUDI,&nbsp;ALEJANDRO CERLETTI,&nbsp;CARLA D\u00b4AVILA,&nbsp;JUAN NESPR\u00cdAS,&nbsp;DIANA G\u00d3MEZ,&nbsp;D\u00c9BORA ERMOSI,&nbsp;CINTIA C\u00d3RDOBA,&nbsp;MAR\u00cdA NATALIA CANTARELLI. EDITORIAL:&nbsp;UNIVERSIDAD NACIONAL DE GENERAL SARMIENTO. A\u00d1O 2010<\/em><\/strong><\/p>\n\n\n\n<p><strong><em>T\u00cdTULO: LAS UNIVERSIDADES FRENTE AL PROBLEMA DE COMUNICAR LA CIENCIA. AUTORES: Marcela Bello,&nbsp;Gustavo Ruggiero.&nbsp;<strong>EDITORIAL:&nbsp;UNIVERSIDAD NACIONAL DE GENERAL SARMIENTO. A\u00d1O 2015<\/strong><\/em><\/strong><\/p>\n\n\n\n<p><strong><em>T\u00cdTULO: TRAMAS DE LA FILOSOF\u00cdA. \u00c1NGEL, ROMINA;&nbsp;CERLETTI, ALEJANDRO;&nbsp;C\u00d3RDOBA, CINTIA;&nbsp;GARC\u00cdA, VICTORIA;&nbsp;GUINDI, PATRICIA;&nbsp;GORDILLO, IGNACIO;&nbsp;NESPR\u00cdAS, JUAN;&nbsp;RUGGIERO, GUSTAVO;&nbsp;PERALTA, DAR\u00cdO. EDITORIAL:&nbsp;UNIVERSIDAD NACIONAL DE GENERAL SARMIENTO. A\u00d1O 2020<\/em><\/strong><\/p>\n\n\n\n<p><strong><em>T\u00cdTULO: PAULO FREIRE LA PEDAGOG\u00cdA REBELDE. AUTOR:GUSTAVO RUGGIERO. EDITORIAL:&nbsp;UNIVERSIDAD NACIONAL DE GENERAL SARMIENTO. A\u00d1O 2021<\/em><\/strong><\/p>\n\n\n\n<p><strong><em>T\u00cdTULO: EDUCACI\u00d3N, EMANCIPACI\u00d3N Y AUTONOM\u00cdA. AUTORES:&nbsp;<strong><em>GUSTAVO RUGGIERO<\/em><\/strong>. EDITORIAL:&nbsp;UNIVERSIDAD NACIONAL DE GENERAL SARMIENTO. A\u00d1O 2022<\/em><\/strong><\/p>\n<\/div>\n<\/div>\n\n\n\n<hr class=\"wp-block-separator has-alpha-channel-opacity\"\/>\n\n\n\n<div class=\"wp-block-columns is-layout-flex wp-container-32\">\n<div class=\"wp-block-column is-layout-flow\">\n<figure class=\"wp-block-image size-full is-resized\"><img decoding=\"async\" loading=\"lazy\" src=\"https:\/\/isfd21-bue.infd.edu.ar\/sitio\/wp-content\/uploads\/2024\/12\/ROMERO.jpg\" alt=\"\" class=\"wp-image-11996\" width=\"141\" height=\"141\"\/><\/figure>\n<\/div>\n\n\n\n<div class=\"wp-block-column is-vertically-aligned-center is-layout-flow\" style=\"flex-basis:150px\">\n<p><em><strong><em><strong>Romero, Ulises<\/strong><\/em><\/strong><\/em><\/p>\n<\/div>\n\n\n\n<div class=\"wp-block-column is-vertically-aligned-center is-layout-flow\" style=\"flex-basis:650px\">\n<p><strong><strong><em>T\u00cdTULO: CULTURA Y PEDAGOG\u00cdA EN EL TARDOANTIGUO. CLAVES DE LECTURA SOBRE LOS COMENTARIOS DE SERVIO A LA ENEIDA. AUTORES: LILIANA P\u00c9GOLO (DIRECTORA)JULIETA CARDIGNI, FLORENCIA MEARDI, CRISTIAN RAM\u00cdREZ Y ULISES ROMERO. EDITOR: EDITORIAL DE LA FACULTAD DE FILOSOF\u00cdA Y LETRAS. UNIVERSIDAD DE BUENOS AIRES.<\/em><\/strong><\/strong>&nbsp;<strong><em>A\u00d1O: 2010<\/em><\/strong><\/p>\n<\/div>\n<\/div>\n\n\n\n<hr class=\"wp-block-separator has-alpha-channel-opacity\"\/>\n\n\n\n<div class=\"wp-block-columns is-layout-flex wp-container-36\">\n<div class=\"wp-block-column is-layout-flow\">\n<figure class=\"wp-block-image size-full is-resized\"><img decoding=\"async\" loading=\"lazy\" src=\"https:\/\/isfd21-bue.infd.edu.ar\/sitio\/wp-content\/uploads\/2024\/12\/image-10.png\" alt=\"\" class=\"wp-image-11997\" width=\"141\" height=\"141\"\/><\/figure>\n<\/div>\n\n\n\n<div class=\"wp-block-column is-vertically-aligned-center is-layout-flow\" style=\"flex-basis:150px\">\n<p><em><strong><em><strong>Simonetti, Ver\u00f3nica<\/strong><\/em><\/strong><\/em><\/p>\n<\/div>\n\n\n\n<div class=\"wp-block-column is-vertically-aligned-center is-layout-flow\" style=\"flex-basis:650px\">\n<p><strong><em>T\u00cdTULO: CUENTOS DE MUJER AZUL, 38 CUENTOS CORTOS. AUTORA: SIMONETTI, VER\u00d3NICA.&nbsp; EDITOR: LIBRER\u00cdA \u00abHADAS LIBROS\u00bb, ASCONAPE 139, MORENO. A\u00d1O: 2022.<\/em><\/strong><\/p>\n<\/div>\n<\/div>\n\n\n\n<hr class=\"wp-block-separator has-alpha-channel-opacity\"\/>\n\n\n\n<div class=\"wp-block-columns is-layout-flex wp-container-40\">\n<div class=\"wp-block-column is-layout-flow\">\n<figure class=\"wp-block-image size-full is-resized\"><img decoding=\"async\" loading=\"lazy\" src=\"https:\/\/isfd21-bue.infd.edu.ar\/sitio\/wp-content\/uploads\/2024\/12\/image-4.png\" alt=\"\" class=\"wp-image-11998\" width=\"141\" height=\"141\"\/><\/figure>\n<\/div>\n\n\n\n<div class=\"wp-block-column is-vertically-aligned-center is-layout-flow\" style=\"flex-basis:150px\">\n<p><em><strong><em><strong>Tedesco, Sergio<\/strong><\/em><\/strong><\/em><\/p>\n<\/div>\n\n\n\n<div class=\"wp-block-column is-layout-flow\" style=\"flex-basis:650px\">\n<p><em><strong>T\u00cdTULO: BIOLOG\u00cdA II. AUTORES: LILIANA MOSSO,&nbsp;SERGIO TEDESCO. EDITORIAL: MAIPUE, 2018.&nbsp;<\/strong><\/em><\/p>\n\n\n\n<p><em><strong>T\u00cdTULO: BIOLOG\u00cdA III. AUTORES: LILIANA MOSSO,&nbsp;SERGIO TEDESCO. EDITORIAL: MAIPUE, 2018<\/strong><\/em><\/p>\n\n\n\n<p><em><strong>T\u00cdTULO: BIOLOGIA IV. AUTORES: DIAZ, MARTIN \/ ERCOLI, PATRICIA \/ GAIHOU<\/strong><\/em>,&nbsp;<strong><em>CAROLINA<\/em><\/strong><em><strong>\/TEDESCO, SERGIO. EDITORIAL: MAIPUE [SEGUNDA EDICION] (NOVEDAD 2020)<\/strong><\/em><\/p>\n<\/div>\n<\/div>\n\n\n\n<hr class=\"wp-block-separator has-alpha-channel-opacity\"\/>\n\n\n\n<div class=\"wp-block-columns is-layout-flex wp-container-44\">\n<div class=\"wp-block-column is-vertically-aligned-top is-layout-flow\">\n<figure class=\"wp-block-image size-full\"><img decoding=\"async\" loading=\"lazy\" width=\"614\" height=\"723\" src=\"https:\/\/isfd21-bue.infd.edu.ar\/sitio\/wp-content\/uploads\/2024\/12\/10479898_10152870499178770_62253407468387977_o-1.jpg\" alt=\"\" class=\"wp-image-12001\"\/><\/figure>\n<\/div>\n\n\n\n<div class=\"wp-block-column is-vertically-aligned-top is-layout-flow\" style=\"flex-basis:150px\">\n<p><em><strong><em><strong>V\u00e1zquez, Muriel<\/strong><\/em><\/strong><\/em><\/p>\n<\/div>\n\n\n\n<div class=\"wp-block-column is-layout-flow\" style=\"flex-basis:650px\">\n<p><strong><em>CAP\u00cdTULO DE LIBRO<\/em><\/strong><\/p>\n\n\n\n<p><strong><em>2020 Cerletti, A. y Coul\u00f3, A. (orgs.).&nbsp;La formaci\u00f3n docente&nbsp;universitaria en&nbsp;filosof\u00eda&nbsp;(ISBN: 978-987-538-751-5). Buenos Aires: Noveduc.&nbsp;Cap\u00edtulo 7:\u201cOrientaciones pedag\u00f3gicas en la ense\u00f1anza universitaria de la filosof\u00eda. Un<\/em><\/strong><\/p>\n\n\n\n<p><strong><em>diagn\u00f3stico sobre los aspectos did\u00e1cticos en el profesorado de la universidad&nbsp;de&nbsp;Buenos Aires\u201d.&nbsp;Pag 157<\/em><\/strong><\/p>\n\n\n\n<p><strong><em>ART\u00cdCULOS CIENT\u00cdFICOS<\/em><\/strong><\/p>\n\n\n\n<p><strong><em>\u2013&nbsp;2019 Galazzi, L., G\u00f3mez, D., &amp; V\u00e1zquez, M. Pol\u00edticas mundializadas de&nbsp;formaci\u00f3n docente: propuestas para una lectura filos\u00f3fica.&nbsp;Praxis &amp; Saber,&nbsp;10(22), 19&nbsp;\u2013&nbsp;43.&nbsp;<a href=\"https:\/\/doi.org\/10.19053\/22160159.v10.n22.2019.9308\" target=\"_blank\" rel=\"noreferrer noopener\">https:\/\/doi.org\/10.19053\/22160159.v10.n22.2019.9308<\/a><\/em><\/strong><\/p>\n\n\n\n<p><\/p>\n\n\n\n<p><strong><em>\u2013&nbsp;2016&nbsp;\u201cCine-debate&nbsp;con&nbsp;abordaje&nbsp;filos\u00f3fico:&nbsp;Hacia&nbsp;la&nbsp;posibilidad&nbsp;de&nbsp;una&nbsp;metodolog\u00eda did\u00e1ctica\u201d. IXTLI&nbsp;\u2013&nbsp;Revista Latinoamericana de Filosof\u00eda de la&nbsp;Educaci\u00f3n&nbsp;(ISSN 2408-4751).&nbsp;Volumen 3&nbsp;\u2013&nbsp;N\u00famero 5&nbsp;\u2013&nbsp;2016 pp. 139&nbsp;-151.<\/em><\/strong><\/p>\n\n\n\n<p><strong><em>Disponible en&nbsp;<a href=\"http:\/\/ixtli.org\/revista\/index.php\/ixtli\/article\/view\/55\" target=\"_blank\" rel=\"noreferrer noopener\">http:\/\/ixtli.org\/revista\/index.php\/ixtli\/article\/view\/55<\/a><\/em><\/strong><\/p>\n\n\n\n<p><\/p>\n<\/div>\n<\/div>\n\n\n\n<hr class=\"wp-block-separator has-alpha-channel-opacity\"\/>\n\n\n\n<div class=\"wp-block-columns is-layout-flex wp-container-48\">\n<div class=\"wp-block-column is-vertically-aligned-top is-layout-flow\">\n<figure class=\"wp-block-image size-full\"><img decoding=\"async\" loading=\"lazy\" width=\"246\" height=\"246\" src=\"https:\/\/isfd21-bue.infd.edu.ar\/sitio\/wp-content\/uploads\/2024\/12\/Captura-e1711397653222.jpg\" alt=\"\" class=\"wp-image-12004\"\/><\/figure>\n<\/div>\n\n\n\n<div class=\"wp-block-column is-vertically-aligned-top is-layout-flow\" style=\"flex-basis:150px\">\n<p><em><strong><em><strong><em><strong>Garc\u00eda, Carolina<\/strong><\/em><\/strong><\/em><\/strong><\/em><\/p>\n<\/div>\n\n\n\n<div class=\"wp-block-column is-layout-flow\" style=\"flex-basis:650px\">\n<p><strong><em>AAVV. Ciencias sociales 4, EP, edici\u00f3n 2014, versi\u00f3n Bonaerense, versi\u00f3n CABA y versi\u00f3n Naci\u00f3n, Editorial EDEBE.<\/em><\/strong><br><strong><em>AAVV. Ciencias sociales 5, EP, edici\u00f3n 2014, versi\u00f3n Bonaerense, versi\u00f3n CABA y versi\u00f3n Naci\u00f3n, Editorial EDEBE.<\/em><\/strong><br><strong><em>AAVV. Ciencias sociales 6, EP, edici\u00f3n 2014, versi\u00f3n Bonaerense, versi\u00f3n CABA y versi\u00f3n Naci\u00f3n, Editorial EDEBE.<\/em><\/strong><br><strong><em>AAVV. Ciencias sociales 7, EP, edici\u00f3n 2014, versi\u00f3n CABA, Editorial EDEBE.<\/em><\/strong><br><strong><em>AAVV. Ciencias sociales 4, EP provincia de C\u00f3rdoba, edici\u00f3n 2014, Editorial EDEBE.<\/em><\/strong><br><strong><em>AAVV. Geograf\u00eda 1 NES CABA, Serie Huellas, ES, edici\u00f3n 2014, Editorial Estrada.<\/em><\/strong><br><strong><em>Garc\u00eda, Carolina. Saber Hacer, Geograf\u00eda 1 NES CABA, Serie Huellas, edici\u00f3n 2014, Editorial Estrada.<\/em><\/strong><br><strong><em>AAVV. Geograf\u00eda de Argentina y Am\u00e9rica NES CABA, Serie Huellas, edici\u00f3n 2015, Editorial Estrada.<\/em><\/strong><br><strong><em>Garc\u00eda, Carolina. Saber Hacer, Geograf\u00eda de Argentina y Am\u00e9rica NES CABA, Serie Huellas, edici\u00f3n 2015, Editorial Estrada.<\/em><\/strong><br><strong><em>AAVV. Geograf\u00eda de la Argentina, edici\u00f3n 2015, Editorial Edelvives.<\/em><\/strong><br><strong><em>AAVV. Geograf\u00eda 1 NES CABA, Serie Huellas, ES, edici\u00f3n 2016, Editorial Estrada.<\/em><\/strong><br><strong><em>Garc\u00eda, Carolina. Saber Hacer, Geograf\u00eda 1 NES CABA, Serie Huellas, edici\u00f3n 2016, Editorial Estrada.<\/em><\/strong><br><strong><em>AAVV. Geograf\u00eda 2 NES CABA, Serie Huellas, ES, edici\u00f3n 2016, Editorial Estrada.<\/em><\/strong><br><strong><em>Garc\u00eda, Carolina. Saber Hacer, Geograf\u00eda 2 NES CABA, Serie Huellas, edici\u00f3n 2016, Editorial Estrada.<\/em><\/strong><br><strong><em>AAVV. Manual Estrada 4, Provincia de C\u00f3rdoba, edici\u00f3n 2018, Editorial Estrada<\/em><\/strong><br><strong><em>AAVV. Manual Estrada 5, Bonaerense, edici\u00f3n 2018, Editorial Estrada<\/em><\/strong><br><strong><em>AAVV. Manual Estrada 6, Bonaerense, edici\u00f3n 2018, Editorial Estrada<\/em><\/strong><br><strong><em>AAVV. Geograf\u00eda 4 ES Nueva Edici\u00f3n, Serie Huellas, edici\u00f3n 2019, Editorial Estrada.<\/em><\/strong><br><strong><em>AAVV. Ciencias Sociales 1 ES, Serie Fundamentales, edici\u00f3n 2022, Editorial Estrada.<\/em><\/strong><br><strong><em>AAVV. Biciencias 4 CABA, edici\u00f3n 2022, Editorial Estrada.<\/em><\/strong><br><strong><em>Carolina Garc\u00eda y Sebasti\u00e1n Na\u00f3n. Geograf\u00eda I, Serie Fundamentales, edici\u00f3n 2023, Editorial Estrada.<\/em><\/strong><\/p>\n<\/div>\n<\/div>\n\n\n\n<hr class=\"wp-block-separator has-alpha-channel-opacity\"\/>\n\n\n\n<p><em><strong>NUESTROS DOCENTES JUBILADOS<\/strong><\/em><\/p>\n\n\n\n<div class=\"wp-block-columns is-layout-flex wp-container-52\">\n<div class=\"wp-block-column is-layout-flow\">\n<figure class=\"wp-block-image size-thumbnail is-resized\"><img decoding=\"async\" loading=\"lazy\" src=\"https:\/\/isfd21-bue.infd.edu.ar\/sitio\/wp-content\/uploads\/2024\/11\/CARO-GAILHOU-1-500x500.jpg\" alt=\"\" class=\"wp-image-11895\" width=\"141\" height=\"141\"\/><\/figure>\n<\/div>\n\n\n\n<div class=\"wp-block-column is-vertically-aligned-center is-layout-flow\" style=\"flex-basis:150px\">\n<p><em><strong>Gailhou, Carolina<\/strong><\/em><\/p>\n<\/div>\n\n\n\n<div class=\"wp-block-column is-layout-flow\" style=\"flex-basis:650px\">\n<p><em><strong>T\u00cdTULO: BIOLOGIA IV. AUTORES: DIAZ, MARTIN \/ ERCOLI, PATRICIA \/ GAIHOU<\/strong><\/em>,&nbsp;<strong><em>CAROLINA<\/em><\/strong><em><strong>\/TEDESCO, SERGIO. EDITORIAL: MAIPUE [SEGUNDA EDICION] (NOVEDAD 2020)<\/strong><\/em><\/p>\n<\/div>\n<\/div>\n\n\n\n<hr class=\"wp-block-separator has-alpha-channel-opacity\"\/>\n","protected":false},"excerpt":{"rendered":"<p>Cecilia Colombani T\u00cdTULO: IMPUREZAS: TRAZOS DE UNA ANTROPOLOG\u00cdA FILOS\u00d3FICA.\u00a0AUTORES: GUIDO FERN\u00c1NDEZ PARMO,\u00a0MAR\u00cdA CECILIA COLOMBANI.\u00a0Editor:\u00a0AMAZON DIGITAL SERVICES LLC \u2013 KDP PRINT US, 2021.\u00a0 ENLACE A ESCRITOS: https:\/\/drive.google.com\/drive\/folders\/1nNzRYnVOrDI-KZD2_ZlMdFBJB055g3MS?usp=sharing Patricia \u00c9rcoli T\u00cdTULO: BIOLOGIA IV. AUTORES: DIAZ, MARTIN \/ ERCOLI, PATRICIA \/ GAIHOU,&nbsp;CAROLINA\/TEDESCO, SERGIO. EDITORIAL: MAIPUE [SEGUNDA EDICION] (NOVEDAD 2020) T\u00cdTULO: BIOLOGIA V. AUTORES: MAR\u00cdA DE LOS \u00c1NGELES MAIDANA,&nbsp;PATRICIA &#8230; <a title=\"\" class=\"read-more\" href=\"https:\/\/isfd21-bue.infd.edu.ar\/sitio\/11889-2\/\" aria-label=\"More on \">[+]<\/a><\/p>\n","protected":false},"author":9269,"featured_media":0,"parent":0,"menu_order":0,"comment_status":"closed","ping_status":"closed","template":"","meta":[],"acf":[],"_links":{"self":[{"href":"https:\/\/isfd21-bue.infd.edu.ar\/sitio\/wp-json\/wp\/v2\/pages\/11889"}],"collection":[{"href":"https:\/\/isfd21-bue.infd.edu.ar\/sitio\/wp-json\/wp\/v2\/pages"}],"about":[{"href":"https:\/\/isfd21-bue.infd.edu.ar\/sitio\/wp-json\/wp\/v2\/types\/page"}],"author":[{"embeddable":true,"href":"https:\/\/isfd21-bue.infd.edu.ar\/sitio\/wp-json\/wp\/v2\/users\/9269"}],"replies":[{"embeddable":true,"href":"https:\/\/isfd21-bue.infd.edu.ar\/sitio\/wp-json\/wp\/v2\/comments?post=11889"}],"version-history":[{"count":11,"href":"https:\/\/isfd21-bue.infd.edu.ar\/sitio\/wp-json\/wp\/v2\/pages\/11889\/revisions"}],"predecessor-version":[{"id":13305,"href":"https:\/\/isfd21-bue.infd.edu.ar\/sitio\/wp-json\/wp\/v2\/pages\/11889\/revisions\/13305"}],"wp:attachment":[{"href":"https:\/\/isfd21-bue.infd.edu.ar\/sitio\/wp-json\/wp\/v2\/media?parent=11889"}],"curies":[{"name":"wp","href":"https:\/\/api.w.org\/{rel}","templated":true}]}}