{"id":11883,"date":"2024-11-20T17:14:44","date_gmt":"2024-11-20T20:14:44","guid":{"rendered":"https:\/\/isfd21-bue.infd.edu.ar\/sitio\/?page_id=11883"},"modified":"2024-12-09T13:35:09","modified_gmt":"2024-12-09T16:35:09","slug":"nuestros-docentes-publican-2","status":"publish","type":"page","link":"https:\/\/isfd21-bue.infd.edu.ar\/sitio\/nuestros-docentes-publican-2\/","title":{"rendered":"NUESTROS DOCENTES PUBLICAN"},"content":{"rendered":"\n<p class=\"has-large-font-size\"><strong><em>En este espacio encontrar\u00e1n publicaciones de \u00edndole acad\u00e9mico y educativo.<\/em><\/strong> <strong><em>Promovemos la divulgaci\u00f3n de las investigaciones y l\u00edneas de estudio de nuestros docentes.<\/em><\/strong><\/p>\n\n\n\n<div class=\"wp-block-columns is-layout-flex wp-container-3\">\n<div class=\"wp-block-column is-layout-flow\">\n<figure class=\"wp-block-image size-full\"><a href=\"https:\/\/isfd21-bue.infd.edu.ar\/sitio\/11889-2\/\"><img decoding=\"async\" loading=\"lazy\" width=\"500\" height=\"500\" src=\"https:\/\/isfd21-bue.infd.edu.ar\/sitio\/wp-content\/uploads\/2024\/11\/Verde-Oscuro-y-Dorado-Elegante-Hoteleria-Logo-de-Hotel.jpg\" alt=\"\" class=\"wp-image-11888\"\/><\/a><\/figure>\n<\/div>\n\n\n\n<div class=\"wp-block-column is-layout-flow\">\n<figure class=\"wp-block-image size-full\"><a href=\"https:\/\/isfd21-bue.infd.edu.ar\/sitio\/hace-clic-en-la-carrera-correspondiente-para-acceder-al-contenido\/\"><img decoding=\"async\" loading=\"lazy\" width=\"500\" height=\"500\" src=\"https:\/\/isfd21-bue.infd.edu.ar\/sitio\/wp-content\/uploads\/2024\/12\/Verde-Oscuro-y-Dorado-Elegante-Hoteleria-Logo-de-Hotel-2-1.jpg\" alt=\"\" class=\"wp-image-12009\"\/><\/a><\/figure>\n<\/div>\n<\/div>\n","protected":false},"excerpt":{"rendered":"<p>En este espacio encontrar\u00e1n publicaciones de \u00edndole acad\u00e9mico y educativo. Promovemos la divulgaci\u00f3n de las investigaciones y l\u00edneas de estudio de nuestros docentes.<\/p>\n","protected":false},"author":9269,"featured_media":0,"parent":0,"menu_order":0,"comment_status":"closed","ping_status":"closed","template":"","meta":[],"acf":[],"_links":{"self":[{"href":"https:\/\/isfd21-bue.infd.edu.ar\/sitio\/wp-json\/wp\/v2\/pages\/11883"}],"collection":[{"href":"https:\/\/isfd21-bue.infd.edu.ar\/sitio\/wp-json\/wp\/v2\/pages"}],"about":[{"href":"https:\/\/isfd21-bue.infd.edu.ar\/sitio\/wp-json\/wp\/v2\/types\/page"}],"author":[{"embeddable":true,"href":"https:\/\/isfd21-bue.infd.edu.ar\/sitio\/wp-json\/wp\/v2\/users\/9269"}],"replies":[{"embeddable":true,"href":"https:\/\/isfd21-bue.infd.edu.ar\/sitio\/wp-json\/wp\/v2\/comments?post=11883"}],"version-history":[{"count":3,"href":"https:\/\/isfd21-bue.infd.edu.ar\/sitio\/wp-json\/wp\/v2\/pages\/11883\/revisions"}],"predecessor-version":[{"id":12032,"href":"https:\/\/isfd21-bue.infd.edu.ar\/sitio\/wp-json\/wp\/v2\/pages\/11883\/revisions\/12032"}],"wp:attachment":[{"href":"https:\/\/isfd21-bue.infd.edu.ar\/sitio\/wp-json\/wp\/v2\/media?parent=11883"}],"curies":[{"name":"wp","href":"https:\/\/api.w.org\/{rel}","templated":true}]}}